{"id":1885,"date":"2015-05-19T11:02:13","date_gmt":"2015-05-19T09:02:13","guid":{"rendered":"http:\/\/pages.pedf.cuni.cz\/uvrv\/?page_id=1885"},"modified":"2015-08-02T15:23:08","modified_gmt":"2015-08-02T13:23:08","slug":"schooltrackingconference2015","status":"publish","type":"page","link":"https:\/\/pages.pedf.cuni.cz\/uvrv\/schooltrackingconference2015\/","title":{"rendered":"School Tracking Conference 2015"},"content":{"rendered":"<h1 style=\"text-align: center\"><strong><img loading=\"lazy\" decoding=\"async\" class=\" alignleft\" src=\"https:\/\/pages.pedf.cuni.cz\/uvrv\/files\/2015\/05\/Pecet-UK-3_RGB-e1432049571619.jpg\" alt=\"\" width=\"100\" height=\"100\" \/><img loading=\"lazy\" decoding=\"async\" class=\" alignleft\" src=\"https:\/\/pages.pedf.cuni.cz\/uvrv\/files\/2015\/05\/Znak_UK_Pedf_u\u017eitn\u00fd_2.png\" alt=\"\" width=\"100\" height=\"100\" \/><\/strong><\/h1>\n<p style=\"text-align: center\"><img loading=\"lazy\" decoding=\"async\" class=\" alignright\" src=\"https:\/\/pages.pedf.cuni.cz\/uvrv\/files\/2014\/11\/AJ-final-e1414867368950.jpg\" alt=\"\" width=\"249\" height=\"90\" \/><\/p>\n<p>&nbsp;<br \/>\n&nbsp;<br \/>\n&nbsp;<\/p>\n<h1 style=\"text-align: center\"><\/h1>\n<h1 style=\"text-align: center\"><strong>School Tracking:<\/strong><\/h1>\n<h1 style=\"text-align: center\"><strong> Diverse mechanisms, effects and policy responses<\/strong><\/h1>\n<p style=\"text-align: center\"><strong><em>\u00a0<\/em><\/strong><\/p>\n<p style=\"text-align: center\"><span style=\"font-size: 15pt\"><strong><em>26 \u2013 27 May 2015<\/em><\/strong><\/span><\/p>\n<p style=\"text-align: center\"><span style=\"font-size: 15pt\"><strong><em>Faculty of Education, Charles University in Prague <\/em><\/strong><\/span><\/p>\n<p style=\"text-align: center\"><span style=\"font-size: 13pt\"><strong><em>Venue: M. D. Rettigov\u00e9 4, Great Hall\/Velk\u00fd s\u00e1l (basement)<\/em><\/strong><\/span><\/p>\n<p style=\"text-align: center\"><span style=\"font-size: 11pt\"><em>(typical presentation expects ~40 min + 10 min discussant + 10 discussion)<\/em><\/span><\/p>\n<p>&nbsp;<\/p>\n<h2 style=\"text-align: center\">Conference programme<\/h2>\n<p style=\"text-align: center\"><strong>\u00a0<span style=\"font-size: 14pt\"><span class=\"collapseomatic \" id=\"id69e468755684d\"  tabindex=\"0\" title=\"Tuesday, 26 May 2015\"    >Tuesday, 26 May 2015<\/span><div id=\"target-id69e468755684d\" class=\"collapseomatic_content \"><\/span><\/strong><\/p>\n<ul style=\"text-align: center\">\n<li style=\"text-align: left\">8:30 &#8211; 9:00 <strong>Registration<\/strong> and informal get together <em><em>coffee &amp; cake<\/em><\/em><\/li>\n<\/ul>\n<ul style=\"text-align: center\">\n<li style=\"text-align: left\">9:00 \u2013 9:30 <strong>Welcome &amp; Introduction &amp; Instructions<\/strong> (Faculty representatives and David Greger)<\/li>\n<\/ul>\n<ul style=\"text-align: center\">\n<li style=\"text-align: left\">9:30 \u2013 11:00 <strong><em><a href=\"https:\/\/pages.pedf.cuni.cz\/uvrv\/abstractgamoran\/\">Tracking, De-Tracking, and Student Achievement: Is There A Better Way?<\/a><\/em><\/strong> <u>Adam Gamoran<\/u><em><em> \u2013 keynote talk<\/em><\/em><\/li>\n<\/ul>\n<ul style=\"text-align: center\">\n<li style=\"text-align: left\">11:00 \u2013 12:00 <strong><a href=\"https:\/\/pages.pedf.cuni.cz\/uvrv\/abstractveselkova\/\"><em>From Selectivity to Universalism: How Macro-Level Policy Narratives <\/em><\/a><em><a href=\"https:\/\/pages.pedf.cuni.cz\/uvrv\/abstractveselkova\/\">Shape Meso-Level Policy Outcomes?<\/a> <\/em><\/strong><u>Marcela Veselkov\u00e1<\/u>, Miroslav Beblav\u00fd Discussant: Arno\u0161t Vesel\u00fd<\/li>\n<\/ul>\n<ul style=\"text-align: center\">\n<li style=\"text-align: left\">12:00 \u2013 14:00 <strong>LUNCH <\/strong>(in front of the meeting room + individual administrative issues)<\/li>\n<\/ul>\n<ul style=\"text-align: center\">\n<li style=\"text-align: left\">14:00 \u2013 15:00 <strong><em><a href=\"https:\/\/pages.pedf.cuni.cz\/uvrv\/abstractgreger\">Assessing \u201eBig Fish Little Pond Effect\u201c in the context of early tracking in the Czech Republic<\/a><\/em><\/strong> <u>David Greger<\/u>, Petr Soukup Discussant: Lore Van Praag<\/li>\n<\/ul>\n<ul style=\"text-align: center\">\n<li style=\"text-align: left\">15:00 \u2013 16:00 <a href=\"https:\/\/pages.pedf.cuni.cz\/uvrv\/abstractbecker\"><strong><em>Recent developments in school tracking practices in Germany: <\/em><em>An overview and an empirical example from a de-tracking reform<\/em><\/strong><\/a> <u>Michael Becker<\/u>, Hanna Dumont, &amp; Marko Neumann Discussant: David Greger<\/li>\n<\/ul>\n<ul style=\"text-align: center\">\n<li style=\"text-align: left\">16:00 \u2013 17:00 <strong><a href=\"https:\/\/pages.pedf.cuni.cz\/uvrv\/abstractvanpraag\"><em>Tracks and subjective feelings of success in secondary education: <\/em><\/a><em><a href=\"https:\/\/pages.pedf.cuni.cz\/uvrv\/abstractvanpraag\">A qualitative study in Flanders<\/a> <\/em><\/strong><u>Lore Van Praag<\/u>, Jannick Demanet, Peter Stevens and Mieke Van Houtte Discussant: Jaroslava Simonov\u00e1<\/li>\n<\/ul>\n<p style=\"text-align: center\"><\/div>\n<p style=\"text-align: center\"><span style=\"font-size: 14pt\"><strong><span class=\"collapseomatic \" id=\"id69e468755691c\"  tabindex=\"0\" title=\"Wednesday, 27 May 2015\"    >Wednesday, 27 May 2015<\/span><div id=\"target-id69e468755691c\" class=\"collapseomatic_content \"><\/strong><\/span><\/p>\n<ul>\n<li style=\"text-align: left\">08:30 &#8211; 09:00 <strong><em>Coffee &amp; cake gathering<\/em><\/strong><\/li>\n<\/ul>\n<ul>\n<li style=\"text-align: left\">09:00 &#8211; 10:00 <u>Hana Vo\u0148kov\u00e1<\/u>, Jan Hrab\u00e1k <strong><em><a href=\"https:\/\/pages.pedf.cuni.cz\/uvrv\/abstractvonkova\">The (in) comparability of ICT knowledge and skill self-assessments among upper secondary school students: The use of the anchoring vignette method<\/a> <\/em><\/strong>Discussant: Petr Soukup<\/li>\n<\/ul>\n<ul>\n<li style=\"text-align: left\">10:00 \u2013 11:00 <u>Filip Pertold <\/u><em><strong><a href=\"https:\/\/pages.pedf.cuni.cz\/uvrv\/abstractpertold\/\">Sorting into Secondary Education and Peer Effects in Smoking<\/a><\/strong> <\/em>Discussant: Hana Vo\u0148kov\u00e1<\/li>\n<\/ul>\n<ul>\n<li style=\"text-align: left\">11:00 &#8211; 12:00 <u>Daniel M\u00fcnich <\/u><em><strong><a href=\"https:\/\/pages.pedf.cuni.cz\/uvrv\/abstractmunich\">Inefficient School Matching Mechanisms: The Case of The Czech Republic<\/a><\/strong> <\/em>Discussant: Jana Strakov\u00e1<\/li>\n<\/ul>\n<ul>\n<li style=\"text-align: left\">12:00 &#8211; 13:30 <strong>LUNCH <\/strong>(in front of the meeting room)<\/li>\n<\/ul>\n<ul>\n<li style=\"text-align: left\">13:30 &#8211; 14:30 <u>Jana Strakov\u00e1 <\/u><a href=\"https:\/\/pages.pedf.cuni.cz\/uvrv\/abstractstrakova\/\"><strong><em>Strong vocational education \u2013 a safe way to the labour market? <\/em><\/strong><\/a><em><a href=\"https:\/\/pages.pedf.cuni.cz\/uvrv\/abstractstrakova\/\"><strong>A case study of the Czech Republic<\/strong><\/a> <\/em>Discussant: Dominik Dvo\u0159\u00e1k<\/li>\n<\/ul>\n<ul>\n<li style=\"text-align: left\">14:30 \u2013 15:30 <u>Mark\u00e9ta Holubov\u00e1 <\/u><strong><em><a href=\"https:\/\/pages.pedf.cuni.cz\/uvrv\/abstractholubova\/\">Evaluating De-tracking Reform in the USA and Their Transfer into the Czech Education System<\/a> <\/em><\/strong>Discussant: Marcela Veselkov\u00e1<\/li>\n<\/ul>\n<ul>\n<li style=\"text-align: left\">15:30 &#8211; 16:00 <em><strong>Concluding notes<\/strong><\/em><\/li>\n<\/ul>\n<ul>\n<li style=\"text-align: left\">from 17:00 Guided sightseeing tour in Prague (Dominik Dvo\u0159\u00e1k)<\/li>\n<\/ul>\n<p style=\"text-align: center\"><\/div>\n<p style=\"text-align: center\">\u00a0<span style=\"font-size: 14pt\"><strong><span class=\"collapseomatic \" id=\"id69e4687556960\"  tabindex=\"0\" title=\"Thursday, 28 May 2015\"    >Thursday, 28 May 2015<\/span><div id=\"target-id69e4687556960\" class=\"collapseomatic_content \"><\/strong><\/span><\/p>\n<p style=\"text-align: center\">Public keynote talk by<\/p>\n<p style=\"text-align: center\"><span style=\"font-size: 14pt\"><strong> Adam Gamoran <\/strong><\/span><\/p>\n<p style=\"text-align: center\"><strong><span style=\"font-size: 14pt\">(William T. Grant Foundation, president)<\/span> <\/strong><\/p>\n<p style=\"text-align: center\"><strong><em>\u00a0<\/em><\/strong><\/p>\n<h1 style=\"text-align: center\"><strong><em>Inequality is the problem: <\/em><\/strong><\/h1>\n<h1 style=\"text-align: center\"><strong><em>What<\/em><\/strong><strong><em>\u2019s our response?<\/em><\/strong><\/h1>\n<p style=\"text-align: center\"><strong><em>American center, Tr\u017ei\u0161t\u011b 13, Praha 1, 1st floor<\/em><\/strong><\/p>\n<p style=\"text-align: center\"><strong><a href=\"https:\/\/pages.pedf.cuni.cz\/uvrv\/photogallery-gamoran\/\">Photogallery<\/a> <\/strong><\/p>\n<p style=\"text-align: center\"><a href=\"https:\/\/pages.pedf.cuni.cz\/uvrv\/adam-gamoran-inequality\/\">Video<\/a><\/p>\n<p style=\"text-align: center\"><strong>Organized in cooperation with U.S. Embassy and J. W. Fulbright Commission<\/strong><\/p>\n<p style=\"text-align: center\"><img loading=\"lazy\" decoding=\"async\" class=\" aligncenter\" src=\"https:\/\/pages.pedf.cuni.cz\/uvrv\/files\/2015\/05\/LogoAmericanCenter.gif\" alt=\"\" width=\"298\" height=\"100\" \/><img loading=\"lazy\" decoding=\"async\" class=\" aligncenter\" src=\"https:\/\/pages.pedf.cuni.cz\/uvrv\/files\/2015\/05\/logoFulbright.gif\" alt=\"\" width=\"109\" height=\"108\" \/><\/div>\n<p style=\"text-align: center\"><span class=\"collapseomatic \" id=\"id69e468755699d\"  tabindex=\"0\" title=\"List of active participants\"    >List of active participants<\/span><div id=\"target-id69e468755699d\" class=\"collapseomatic_content \">\n<table width=\"200\" align=\"center\">\n<tbody>\n<tr>\n<td style=\"text-align: right\" width=\"100\">Michael Becker<\/td>\n<td style=\"text-align: left\" width=\"100\"><a href=\"mailto:becker@dipf.de\">becker@dipf.de<\/a><\/td>\n<\/tr>\n<tr>\n<td style=\"text-align: right\" width=\"100\">Dominik Dvo\u0159\u00e1k<\/td>\n<td style=\"text-align: left\" width=\"100\"><a href=\"mailto:dominik.dvorak@pedf.cuni.cz\">dominik.dvorak@pedf.cuni.cz<\/a><\/td>\n<\/tr>\n<tr>\n<td style=\"text-align: right\" width=\"100\">Adam Gamoran<\/td>\n<td style=\"text-align: left\" width=\"100\"><a href=\"mailto:agamoran@Wtgrantfdn.org\">agamoran@Wtgrantfdn.org<\/a><\/td>\n<\/tr>\n<tr>\n<td style=\"text-align: right\" width=\"100\">David Greger<\/td>\n<td style=\"text-align: left\" width=\"100\"><a href=\"mailto:david.greger@pedf.cuni.cz\">david.greger@pedf.cuni.cz<\/a><\/td>\n<\/tr>\n<tr>\n<td style=\"text-align: right\" width=\"100\">Mark\u00e9ta Holubov\u00e1<\/td>\n<td style=\"text-align: left\" width=\"100\"><a href=\"mailto:holubovamarket@seznam.cz\">holubovamarket@seznam.cz<\/a><\/td>\n<\/tr>\n<tr>\n<td style=\"text-align: right\" width=\"100\">Daniel M\u00fcnich<\/td>\n<td style=\"text-align: left\" width=\"100\"><a href=\"mailto:daniel.munich@cerge-ei.cz\">daniel.munich@cerge-ei.cz<\/a><\/td>\n<\/tr>\n<tr>\n<td style=\"text-align: right\" width=\"100\">Filip Pertold<\/td>\n<td style=\"text-align: left\" width=\"100\"><a href=\"mailto:fpertold@gmail.com\">fpertold@gmail.com<\/a><\/td>\n<\/tr>\n<tr>\n<td style=\"text-align: right\" width=\"100\">Jaroslava Simonov\u00e1<\/td>\n<td style=\"text-align: left\" width=\"100\"><a href=\"mailto:jaroslava.simonova@pedf.cuni.cz\">jaroslava.simonova@pedf.cuni.cz<\/a><\/td>\n<\/tr>\n<tr>\n<td style=\"text-align: right\" width=\"100\">Petr Soukup<\/td>\n<td style=\"text-align: left\" width=\"100\"><a href=\"mailto:petr.soukup@fsv.cuni.cz\">petr.soukup@fsv.cuni.cz<\/a><\/td>\n<\/tr>\n<tr>\n<td style=\"text-align: right\" width=\"100\">Jana Strakov\u00e1<\/td>\n<td style=\"text-align: left\" width=\"100\"><a href=\"mailto:jana.strakova@pedf.cuni.cz\">jana.strakova@pedf.cuni.cz<\/a><\/td>\n<\/tr>\n<tr>\n<td style=\"text-align: right\" width=\"100\">Lore Van Praag<\/td>\n<td style=\"text-align: left\" width=\"100\"><a href=\"mailto:Lore.VanPraag@UGent.be\">Lore.VanPraag@UGent.be<\/a><\/td>\n<\/tr>\n<tr>\n<td style=\"text-align: right\" width=\"100\">Marcela Veselkov\u00e1<\/td>\n<td style=\"text-align: left\" width=\"100\"><a href=\"mailto:marcela.veselkova@gmail.com\">marcela.veselkova@gmail.com<\/a><\/td>\n<\/tr>\n<tr>\n<td style=\"text-align: right\" width=\"100\">Arno\u0161t Vesel\u00fd<\/td>\n<td style=\"text-align: left\" width=\"100\"><a href=\"mailto:arnost.vesely@fsv.cuni.cz\">arnost.vesely@fsv.cuni.cz<\/a><\/td>\n<\/tr>\n<tr>\n<td style=\"text-align: right\" width=\"100\">Hana Vo\u0148kov\u00e1<\/td>\n<td style=\"text-align: left\" width=\"100\"><a href=\"mailto:hana.vonkova@pedf.cuni.cz\">hana.vonkova@pedf.cuni.cz<\/a><\/td>\n<\/tr>\n<\/tbody>\n<\/table>\n<p style=\"text-align: center\"><\/div>\n<p>&nbsp;<br \/>\n&nbsp;<\/p>\n<p style=\"text-align: center\">Draft papers\/presentations available for <a href=\"https:\/\/pages.pedf.cuni.cz\/uvrv\/downloads\">download<\/a><\/p>\n<p style=\"text-align: center\">Download <a href=\"https:\/\/pages.pedf.cuni.cz\/uvrv\/files\/2015\/05\/Conference_program_SchoolTacking-26-28May2015.pdf\" target=\"_blank\">conference programme<\/a><\/p>\n<p style=\"text-align: center\">Conference photogallery <a href=\"https:\/\/pages.pedf.cuni.cz\/uvrv\/photogallery-gamoran\/\">download<\/a><\/p>\n<p style=\"text-align: center\">Conference <a href=\"https:\/\/pages.pedf.cuni.cz\/uvrv\/adam-gamoran-inequality\/\">video<\/a><\/p>\n<p style=\"text-align: center\">\n<p style=\"text-align: center\"><span style=\"font-size: 12pt\">\u00a0<\/span><\/p>\n<p style=\"text-align: center\"><strong>Organized in cooperation with <\/strong><\/p>\n<h1 style=\"text-align: center\"><strong><img loading=\"lazy\" decoding=\"async\" class=\" alignleft\" src=\"https:\/\/pages.pedf.cuni.cz\/uvrv\/files\/2015\/05\/NVFlogo.jpg\" alt=\"\" width=\"148\" height=\"93\" \/><\/strong><\/h1>\n<h1 style=\"text-align: center\"><strong><img loading=\"lazy\" decoding=\"async\" class=\" alignright\" src=\"https:\/\/pages.pedf.cuni.cz\/uvrv\/files\/2015\/05\/CERGE.png\" alt=\"\" width=\"200\" height=\"76\" \/><\/strong><\/h1>\n<h1 style=\"text-align: center\"><\/h1>\n<h1 style=\"text-align: center\"><strong><img loading=\"lazy\" decoding=\"async\" class=\" aligncenter\" src=\"https:\/\/pages.pedf.cuni.cz\/uvrv\/files\/2015\/05\/close_colour.png\" alt=\"\" width=\"219\" height=\"87\" \/><\/strong><\/h1>\n<h1 style=\"text-align: center\"><\/h1>\n<p style=\"text-align: center\">Supported by GA \u010cR (National Science Foundation) within a project \u201eThe relationships between skills, schooling and labor market outcomes: A longitudinal study\u201c (No. P402\/12\/G130)<\/p>\n<p style=\"text-align: center\"><img loading=\"lazy\" decoding=\"async\" class=\" aligncenter\" src=\"https:\/\/pages.pedf.cuni.cz\/uvrv\/files\/2015\/05\/GaCR.jpg\" alt=\"\" width=\"192\" height=\"83\" \/><\/p>\n","protected":false},"excerpt":{"rendered":"<p>&nbsp; &nbsp; &nbsp; School Tracking: Diverse mechanisms, effects and policy responses \u00a0 26 \u2013 27 May 2015 Faculty of Education, Charles University in Prague Venue: M. D. Rettigov\u00e9 4, Great Hall\/Velk\u00fd s\u00e1l (basement) (typical presentation expects ~40 min + 10 min discussant + 10 discussion) &nbsp; Conference programme \u00a0 \u00a0 &nbsp; &nbsp; Draft papers\/presentations available <a href='https:\/\/pages.pedf.cuni.cz\/uvrv\/schooltrackingconference2015\/' class='excerpt-more'>[&#8230;]<\/a><\/p>\n","protected":false},"author":387,"featured_media":0,"parent":0,"menu_order":0,"comment_status":"closed","ping_status":"closed","template":"","meta":{"_monsterinsights_skip_tracking":false,"_monsterinsights_sitenote_active":false,"_monsterinsights_sitenote_note":"","_monsterinsights_sitenote_category":0,"footnotes":""},"class_list":["post-1885","page","type-page","status-publish","hentry","post-seq-1","post-parity-odd","meta-position-corners","fix"],"_links":{"self":[{"href":"https:\/\/pages.pedf.cuni.cz\/uvrv\/wp-json\/wp\/v2\/pages\/1885","targetHints":{"allow":["GET"]}}],"collection":[{"href":"https:\/\/pages.pedf.cuni.cz\/uvrv\/wp-json\/wp\/v2\/pages"}],"about":[{"href":"https:\/\/pages.pedf.cuni.cz\/uvrv\/wp-json\/wp\/v2\/types\/page"}],"author":[{"embeddable":true,"href":"https:\/\/pages.pedf.cuni.cz\/uvrv\/wp-json\/wp\/v2\/users\/387"}],"replies":[{"embeddable":true,"href":"https:\/\/pages.pedf.cuni.cz\/uvrv\/wp-json\/wp\/v2\/comments?post=1885"}],"version-history":[{"count":0,"href":"https:\/\/pages.pedf.cuni.cz\/uvrv\/wp-json\/wp\/v2\/pages\/1885\/revisions"}],"wp:attachment":[{"href":"https:\/\/pages.pedf.cuni.cz\/uvrv\/wp-json\/wp\/v2\/media?parent=1885"}],"curies":[{"name":"wp","href":"https:\/\/api.w.org\/{rel}","templated":true}]}}