{"id":2252,"date":"2015-10-19T12:36:57","date_gmt":"2015-10-19T10:36:57","guid":{"rendered":"http:\/\/pages.pedf.cuni.cz\/uvrv\/?page_id=2252"},"modified":"2018-04-17T14:34:10","modified_gmt":"2018-04-17T12:34:10","slug":"vyzkum","status":"publish","type":"page","link":"https:\/\/pages.pedf.cuni.cz\/uvrv\/vyzkum\/","title":{"rendered":"V\u00fdzkum"},"content":{"rendered":"<ul>\n<li><a href=\"https:\/\/pages.pedf.cuni.cz\/uvrv\/projekty\/\">V\u00fdzkumn\u00e9 projekty<\/a><\/li>\n<li><a href=\"https:\/\/pages.pedf.cuni.cz\/uvrv\/prispevky-v-casopisech\/\">P\u0159\u00edsp\u011bvky v \u010dasopisech<\/a><\/li>\n<li><a href=\"https:\/\/pages.pedf.cuni.cz\/uvrv\/publikace\/\">Kni\u017en\u00ed publikace<\/a><\/li>\n<li><a href=\"https:\/\/pages.pedf.cuni.cz\/uvrv\/vedecke-konference\/\">V\u011bdeck\u00e9 konference<\/a><\/li>\n<\/ul>\n","protected":false},"excerpt":{"rendered":"<p>V\u00fdzkumn\u00e9 projekty P\u0159\u00edsp\u011bvky v \u010dasopisech Kni\u017en\u00ed publikace V\u011bdeck\u00e9 konference<\/p>\n","protected":false},"author":387,"featured_media":0,"parent":0,"menu_order":0,"comment_status":"closed","ping_status":"closed","template":"","meta":{"_monsterinsights_skip_tracking":false,"_monsterinsights_sitenote_active":false,"_monsterinsights_sitenote_note":"","_monsterinsights_sitenote_category":0,"footnotes":""},"class_list":["post-2252","page","type-page","status-publish","hentry","post-seq-1","post-parity-odd","meta-position-corners","fix"],"_links":{"self":[{"href":"https:\/\/pages.pedf.cuni.cz\/uvrv\/wp-json\/wp\/v2\/pages\/2252","targetHints":{"allow":["GET"]}}],"collection":[{"href":"https:\/\/pages.pedf.cuni.cz\/uvrv\/wp-json\/wp\/v2\/pages"}],"about":[{"href":"https:\/\/pages.pedf.cuni.cz\/uvrv\/wp-json\/wp\/v2\/types\/page"}],"author":[{"embeddable":true,"href":"https:\/\/pages.pedf.cuni.cz\/uvrv\/wp-json\/wp\/v2\/users\/387"}],"replies":[{"embeddable":true,"href":"https:\/\/pages.pedf.cuni.cz\/uvrv\/wp-json\/wp\/v2\/comments?post=2252"}],"version-history":[{"count":2,"href":"https:\/\/pages.pedf.cuni.cz\/uvrv\/wp-json\/wp\/v2\/pages\/2252\/revisions"}],"predecessor-version":[{"id":5465,"href":"https:\/\/pages.pedf.cuni.cz\/uvrv\/wp-json\/wp\/v2\/pages\/2252\/revisions\/5465"}],"wp:attachment":[{"href":"https:\/\/pages.pedf.cuni.cz\/uvrv\/wp-json\/wp\/v2\/media?parent=2252"}],"curies":[{"name":"wp","href":"https:\/\/api.w.org\/{rel}","templated":true}]}}