{"id":2301,"date":"2015-11-19T05:45:02","date_gmt":"2015-11-19T04:45:02","guid":{"rendered":"http:\/\/pages.pedf.cuni.cz\/uvrv\/?page_id=2301"},"modified":"2016-04-28T13:14:38","modified_gmt":"2016-04-28T11:14:38","slug":"marie-paleckova","status":"publish","type":"page","link":"https:\/\/pages.pedf.cuni.cz\/uvrv\/marie-paleckova\/","title":{"rendered":"Marie Pale\u010dkov\u00e1"},"content":{"rendered":"<p><img loading=\"lazy\" decoding=\"async\" class=\"alignleft\" src=\"https:\/\/pages.pedf.cuni.cz\/uvrv\/files\/2015\/11\/MP_foto.jpg\" alt=\"\" width=\"113\" height=\"155\" \/><\/p>\n<table class=\" aligncenter\" style=\"height: 114px\" border=\"0\" width=\"539\">\n<tbody>\n<tr>\n<td>Email:<\/td>\n<td><a href=\"mailto:marie.paleckova@gmail.com\">marie.paleckova@gmail.com<\/a><\/td>\n<\/tr>\n<tr>\n<td>Kancel\u00e1\u0159:<\/td>\n<td>Mysl\u00edkova 7, \u010d. 106<\/td>\n<\/tr>\n<tr>\n<td>Telefon:<\/td>\n<td>221 900 527<\/td>\n<\/tr>\n<tr>\n<td>Konzultace:<\/td>\n<td>dle dohody e-mailem<\/td>\n<\/tr>\n<\/tbody>\n<\/table>\n<p>&nbsp;<\/p>\n<h5 class=\"collapseomatic highlight\" id=\"id6a06118e3c691\"  tabindex=\"0\" title=\"Ph.D. studium\"    >Ph.D. studium<\/h5><div id=\"target-id6a06118e3c691\" class=\"collapseomatic_content \">\n<p><strong>N\u00e1zev diserta\u010dn\u00ed pr\u00e1ce: <\/strong><\/p>\n<ul>\n<li>Problematika za\u010dle\u0148ov\u00e1n\u00ed d\u011bt\u00ed ze soci\u00e1ln\u011b vylou\u010den\u00fdch lokalit do mate\u0159sk\u00fdch \u0161kol<\/li>\n<\/ul>\n<p><strong>\u0160kolitel:<\/strong><\/p>\n<ul>\n<li>PhDr. Karel Star\u00fd, Ph.D.<\/li>\n<\/ul>\n<\/div>\n<h5 class=\"collapseomatic highlight\" id=\"id6a06118e3c740\"  tabindex=\"0\" title=\"Vzd\u011bl\u00e1n\u00ed\"    >Vzd\u011bl\u00e1n\u00ed<\/h5><div id=\"target-id6a06118e3c740\" class=\"collapseomatic_content \">\n<ul>\n<li><strong>2011 \u2013 2015<\/strong><br \/>\nDopl\u0148kov\u00e9 studium k z\u00edsk\u00e1n\u00ed pedagogick\u00e9 zp\u016fsobilosti<br \/>\nP\u0159\u00edrodov\u011bdeck\u00e1 fakulta Univerzity Karlovy<\/li>\n<li><strong>2010 \u2013 2014<\/strong><br \/>\nMagistersk\u00e9 studium, obor Zoologie,\u00a0 zam\u011b\u0159en\u00ed \u00a0Ekologie a etologie<br \/>\nP\u0159\u00edrodov\u011bdeck\u00e1 fakulta Univerzity Karlovy<\/li>\n<li><strong>2007-2010<\/strong><br \/>\nBakal\u00e1\u0159sk\u00e9 studium, obor Biologie<br \/>\nP\u0159\u00edrodov\u011bdeck\u00e1 fakulta Univerzity Karlovy<\/li>\n<\/ul>\n<\/div>\n<h5 class=\"collapseomatic highlight\" id=\"id6a06118e3c77c\"  tabindex=\"0\" title=\"Zam\u011bstn\u00e1n\u00ed\"    >Zam\u011bstn\u00e1n\u00ed<\/h5><div id=\"target-id6a06118e3c77c\" class=\"collapseomatic_content \">\n<ul>\n<li>Tosara, z.s.\u00a0<\/div><\/li>\n<\/ul>\n<h5 class=\"collapseomatic highlight\" id=\"id6a06118e3c7ae\"  tabindex=\"0\" title=\"Publikace\"    >Publikace<\/h5><div id=\"target-id6a06118e3c7ae\" class=\"collapseomatic_content \">\n<ul>\n<li style=\"text-align: left\">\u0160pinka, M., Pale\u010dkov\u00e1, M., &amp; \u0158eh\u00e1kov\u00e1, M. (2015 in press). Metacommunication in social play: the meaning of aggression-like elements is modified by place faces in Hanuman langurs (<em>Semnopithecus entellus<\/em>).\u00a0<em>Behaviour.\u00a0<\/em><a href=\"http:\/\/dx.doi.org\/10.1163\/1568539X-00003327\" target=\"_blank\" rel=\"noreferrer\">http:\/\/dx.doi.org\/10.1163\/1568539X-00003327<\/a><\/li>\n<li style=\"text-align: justify\">Autorka n\u011bkter\u00fdch p\u0159\u00edrodov\u011bdn\u00fdch \u00faloh v publikaci<br \/>\nHejn\u00fd, M., Houfkov\u00e1, J., Jirotkov\u00e1, D., Laufkov\u00e1, V., Mand\u00edkov\u00e1, D., Star\u00fd, K. a kol. (2013): \u010cten\u00e1\u0159sk\u00e9, matematick\u00e9 a p\u0159\u00edrodov\u011bdn\u00e9 \u00falohy pro prvn\u00ed stupe\u0148 z\u00e1kladn\u00edho vzd\u011bl\u00e1v\u00e1n\u00ed. Praha: \u010c\u0160I.<\/li>\n<\/ul>\n<\/div>\n","protected":false},"excerpt":{"rendered":"<p>Email: marie.paleckova@gmail.com Kancel\u00e1\u0159: Mysl\u00edkova 7, \u010d. 106 Telefon: 221 900 527 Konzultace: dle dohody e-mailem &nbsp;<\/p>\n","protected":false},"author":387,"featured_media":0,"parent":0,"menu_order":0,"comment_status":"closed","ping_status":"closed","template":"","meta":{"_monsterinsights_skip_tracking":false,"_monsterinsights_sitenote_active":false,"_monsterinsights_sitenote_note":"","_monsterinsights_sitenote_category":0,"footnotes":""},"class_list":["post-2301","page","type-page","status-publish","hentry","post-seq-1","post-parity-odd","meta-position-corners","fix"],"_links":{"self":[{"href":"https:\/\/pages.pedf.cuni.cz\/uvrv\/wp-json\/wp\/v2\/pages\/2301","targetHints":{"allow":["GET"]}}],"collection":[{"href":"https:\/\/pages.pedf.cuni.cz\/uvrv\/wp-json\/wp\/v2\/pages"}],"about":[{"href":"https:\/\/pages.pedf.cuni.cz\/uvrv\/wp-json\/wp\/v2\/types\/page"}],"author":[{"embeddable":true,"href":"https:\/\/pages.pedf.cuni.cz\/uvrv\/wp-json\/wp\/v2\/users\/387"}],"replies":[{"embeddable":true,"href":"https:\/\/pages.pedf.cuni.cz\/uvrv\/wp-json\/wp\/v2\/comments?post=2301"}],"version-history":[{"count":0,"href":"https:\/\/pages.pedf.cuni.cz\/uvrv\/wp-json\/wp\/v2\/pages\/2301\/revisions"}],"wp:attachment":[{"href":"https:\/\/pages.pedf.cuni.cz\/uvrv\/wp-json\/wp\/v2\/media?parent=2301"}],"curies":[{"name":"wp","href":"https:\/\/api.w.org\/{rel}","templated":true}]}}