{"id":2366,"date":"2016-01-29T11:00:26","date_gmt":"2016-01-29T10:00:26","guid":{"rendered":"http:\/\/pages.pedf.cuni.cz\/uvrv\/?page_id=2366"},"modified":"2017-01-24T15:53:44","modified_gmt":"2017-01-24T14:53:44","slug":"tym-unce","status":"publish","type":"page","link":"https:\/\/pages.pedf.cuni.cz\/uvrv\/tym-unce\/","title":{"rendered":"Slo\u017een\u00ed t\u00fdmu"},"content":{"rendered":"<h4><strong>Rada projektu UNCE<\/strong><\/h4>\n<ul>\n<li><a href=\"https:\/\/pages.pedf.cuni.cz\/uvrv\/eliska-walterova\/\">Prof. PhDr. Eli\u0161ka Walterov\u00e1, CSc.<\/a>\u00a0(hlavn\u00ed \u0159e\u0161itelka, \u00daVRV)<\/li>\n<li><a href=\"https:\/\/pages.pedf.cuni.cz\/uvrv\/davidgreger\/\">PhDr. David Greger, Ph.D.<\/a>,\u00a0<a href=\"https:\/\/pages.pedf.cuni.cz\/uvrv\/veronikalaufkova\">PhDr. Veronika Laufkov\u00e1, Ph.D.<\/a>\u00a0(\u00daVRV)<\/li>\n<li><a href=\"http:\/\/kps.pedf.cuni.cz\/index.php?p=73\">Doc. PhDr. Isabella Pavelkov\u00e1, CSc.<\/a>,\u00a0<a href=\"http:\/\/kps.pedf.cuni.cz\/index.php?p=18\">PhDr. Ida Viktorov\u00e1, Ph.D.<\/a>,\u00a0<a href=\"http:\/\/kps.pedf.cuni.cz\/index.php?p=75\">PhDr. Miroslav Rendl, CSc.<\/a>\u00a0(KPs)<\/li>\n<li><a href=\"http:\/\/kmdm.pedf.cuni.cz\/Default.aspx?ClanekID=78&amp;PorZobr=1&amp;PolozkaID=61\">Doc. RNDr. Na\u010fa Vondrov\u00e1, Ph.D.<\/a>,\u00a0<a href=\"http:\/\/kmdm.pedf.cuni.cz\/Default.aspx?ClanekID=82&amp;PorZobr=1&amp;PolozkaID=61\">Doc. RNDr. Darina Jirotkov\u00e1, Ph.D.<\/a>\u00a0(KMDM)<\/li>\n<li><a href=\"https:\/\/pages.pedf.cuni.cz\/kcj\/?p=16\">doc. PhDr. Martina \u0160mejkalov\u00e1, Ph.D.<\/a>,\u00a0<a href=\"https:\/\/pages.pedf.cuni.cz\/kcj\/?p=321\">doc. PhDr. Eva H\u00e1jkov\u00e1, CSc.<\/a>\u00a0(K\u010cJ)<\/li>\n<\/ul>\n<h4><strong>Junio\u0159i<\/strong><\/h4>\n<ul>\n<li><a href=\"https:\/\/pages.pedf.cuni.cz\/uvrv\/dominik-dvorak\/\">RNDr. Dominik Dvo\u0159\u00e1k, Ph.D.<\/a><\/li>\n<li><a href=\"https:\/\/pages.pedf.cuni.cz\/uvrv\/janastrakova\/\">RNDr. Jana Strakov\u00e1, Ph.D.<\/a><\/li>\n<li><a href=\"https:\/\/pages.pedf.cuni.cz\/uvrv\/hanavonkova\/\">PhDr. RNDr. Hana Vo\u0148kov\u00e1, Ph.D. et Ph.D.<\/a><\/li>\n<li><a href=\"https:\/\/pages.pedf.cuni.cz\/uvrv\/veronikalaufkova\">PhDr. Veronika Laufkov\u00e1, Ph.D.<\/a><\/li>\n<li><a href=\"https:\/\/pages.pedf.cuni.cz\/uvrv\/jaroslavasimonova\">Mgr. Jaroslava Simonov\u00e1, Ph.D.<\/a><\/li>\n<li><a href=\"https:\/\/pages.pedf.cuni.cz\/kcj\/?p=147\">PhDr. Pavel Sojka, Ph.D.<\/a><\/li>\n<li><a href=\"https:\/\/pages.pedf.cuni.cz\/kcj\/?p=150\">PhDr. Stanislav \u0160t\u011bp\u00e1n\u00edk, Ph.D<\/a><\/li>\n<li><a href=\"http:\/\/kps.pedf.cuni.cz\/index.php?p=80\">PhDr. Veronika Pavlas Martanov\u00e1, Ph.D.<\/a><\/li>\n<li><a href=\"http:\/\/kps.pedf.cuni.cz\/index.php?p=177\">PhDr. Kl\u00e1ra \u0160pa\u010dkov\u00e1, Ph.D.<\/a><\/li>\n<li><a href=\"http:\/\/kps.pedf.cuni.cz\/index.php?p=108\">PhDr. Pavla Presslerov\u00e1, Ph.D.<\/a><\/li>\n<li>Mgr. Radka Havl\u00ed\u010dkov\u00e1<\/li>\n<\/ul>\n<h4>\u0158e\u0161itel\u00e9<\/h4>\n<h5 class=\"collapseomatic highlight\" id=\"id69dabcbcbe709\"  tabindex=\"0\" title=\"\u00dastav v\u00fdzkumu a rozvoje vzd\u011bl\u00e1v\u00e1n\u00ed\"    >\u00dastav v\u00fdzkumu a rozvoje vzd\u011bl\u00e1v\u00e1n\u00ed<\/h5><div id=\"target-id69dabcbcbe709\" class=\"collapseomatic_content \">\n<ul>\n<li><a href=\"https:\/\/pages.pedf.cuni.cz\/uvrv\/dominik-dvorak\/\">RNDr. Dominik Dvo\u0159\u00e1k, Ph.D.<\/a><\/li>\n<li><a href=\"https:\/\/pages.pedf.cuni.cz\/uvrv\/davidgreger\/\">PhDr. David Greger, Ph.D.<\/a><\/li>\n<li><a href=\"https:\/\/pages.pedf.cuni.cz\/uvrv\/martin-chval\/\">PhDr. Martin Chv\u00e1l, Ph.D.<\/a><\/li>\n<li><a href=\"http:\/\/kdf.mff.cuni.cz\/~kekule\/\">RNDr. M. Kekule, Ph.D.<\/a><\/li>\n<li><a href=\"https:\/\/pages.pedf.cuni.cz\/uvrv\/veronikalaufkova\">PhDr. Veronika Laufkov\u00e1<\/a><\/li>\n<li><a href=\"https:\/\/pages.pedf.cuni.cz\/uvrv\/jaroslavasimonova\">Mgr. Jaroslava Simonov\u00e1, Ph.D.<\/a><\/li>\n<li><a href=\"https:\/\/pages.pedf.cuni.cz\/uvrv\/janastrakova\/\">RNDr. Jana Strakov\u00e1, Ph.D.<\/a><\/li>\n<li><a href=\"https:\/\/pages.pedf.cuni.cz\/uvrv\/hanavonkova\/\">PhDr. RNDr. Hana Vo\u0148kov\u00e1, Ph.D. et Ph.D.<\/a><\/li>\n<li><a href=\"https:\/\/pages.pedf.cuni.cz\/uvrv\/eliska-walterova\/\">Prof. PhDr. Eli\u0161ka Walterov\u00e1, CSc.<\/a><\/li>\n<\/ul>\n<\/div><h5 class=\"collapseomatic highlight\" id=\"id69dabcbcbe7e0\"  tabindex=\"0\" title=\"Katedra \u010desk\u00e9ho jazyka\"    >Katedra \u010desk\u00e9ho jazyka<\/h5><div id=\"target-id69dabcbcbe7e0\" class=\"collapseomatic_content \">\n<ul>\n<li><a href=\"https:\/\/pages.pedf.cuni.cz\/kcj\/?p=321\">doc. PhDr. Eva H\u00e1jkov\u00e1, CSc.<\/a><\/li>\n<li><a href=\"https:\/\/pages.pedf.cuni.cz\/kcj\/?p=147\">PhDr. Pavel Sojka, Ph.D.<\/a><\/li>\n<li><a href=\"https:\/\/pages.pedf.cuni.cz\/kcj\/?p=16\">doc. PhDr. Martina \u0160mejkalov\u00e1, Ph.D.<\/a><\/li>\n<li><a href=\"https:\/\/pages.pedf.cuni.cz\/kcj\/?p=150\">PhDr. Stanislav \u0160t\u011bp\u00e1n\u00edk, Ph.D<\/a><\/li>\n<\/ul>\n<\/div><h5 class=\"collapseomatic highlight\" id=\"id69dabcbcbe826\"  tabindex=\"0\" title=\"Katedra psychologie\"    >Katedra psychologie<\/h5><div id=\"target-id69dabcbcbe826\" class=\"collapseomatic_content \">\n<ul>\n<li><a href=\"http:\/\/kps.pedf.cuni.cz\/index.php?p=73\">Doc. PhDr. Isabella Pavelkov\u00e1, CSc.<\/a><\/li>\n<li><a href=\"http:\/\/kps.pedf.cuni.cz\/index.php?p=80\">PhDr. Veronika Pavlas Martanov\u00e1, Ph.D.<\/a><\/li>\n<li><a href=\"http:\/\/kps.pedf.cuni.cz\/index.php?p=108\">PhDr. Pavla Presslerov\u00e1, Ph.D.<\/a><\/li>\n<li><a href=\"http:\/\/kps.pedf.cuni.cz\/index.php?p=72\">PhDr. Gabriela Seidlov\u00e1 M\u00e1lkov\u00e1, Ph.D.<\/a><\/li>\n<li><a href=\"http:\/\/kps.pedf.cuni.cz\/index.php?p=19\">Doc. PhDr. Irena Smet\u00e1\u010dkov\u00e1, Ph.D.<\/a><\/li>\n<li><a href=\"http:\/\/kps.pedf.cuni.cz\/index.php?p=177\">PhDr. Kl\u00e1ra \u0160pa\u010dkov\u00e1, Ph.D.<\/a><\/li>\n<li><a href=\"http:\/\/kps.pedf.cuni.cz\/index.php?p=75\">PhDr. Miroslav Rendl, CSc.<\/a><\/li>\n<li><a href=\"http:\/\/kps.pedf.cuni.cz\/index.php?p=18\">PhDr. Ida Viktorov\u00e1, Ph.D.<\/a><\/li>\n<\/ul>\n<\/div><h5 class=\"collapseomatic highlight\" id=\"id69dabcbcbe85c\"  tabindex=\"0\" title=\"Katedra matematiky a didaktiky matematiky\"    >Katedra matematiky a didaktiky matematiky<\/h5><div id=\"target-id69dabcbcbe85c\" class=\"collapseomatic_content \">\n<ul>\n<li>Mgr. Radka Havl\u00ed\u010dkov\u00e1<\/li>\n<li><a href=\"http:\/\/kmdm.pedf.cuni.cz\/Default.aspx?ClanekID=82&amp;PorZobr=1&amp;PolozkaID=61\">Doc. RNDr. Darina Jirotkov\u00e1, Ph.D.<\/a><\/li>\n<li><a href=\"http:\/\/kmdm.pedf.cuni.cz\/Default.aspx?ClanekID=78&amp;PorZobr=1&amp;PolozkaID=61\">Doc. RNDr. Na\u010fa Vondrov\u00e1 (Stehl\u00edkov\u00e1), Ph.D.<\/a><\/li>\n<\/ul>\n<\/div>\n","protected":false},"excerpt":{"rendered":"<p>Rada projektu UNCE Prof. PhDr. Eli\u0161ka Walterov\u00e1, CSc.\u00a0(hlavn\u00ed \u0159e\u0161itelka, \u00daVRV) PhDr. David Greger, Ph.D.,\u00a0PhDr. Veronika Laufkov\u00e1, Ph.D.\u00a0(\u00daVRV) Doc. PhDr. Isabella Pavelkov\u00e1, CSc.,\u00a0PhDr. Ida Viktorov\u00e1, Ph.D.,\u00a0PhDr. Miroslav Rendl, CSc.\u00a0(KPs) Doc. RNDr. Na\u010fa Vondrov\u00e1, Ph.D.,\u00a0Doc. RNDr. Darina Jirotkov\u00e1, Ph.D.\u00a0(KMDM) doc. PhDr. Martina \u0160mejkalov\u00e1, Ph.D.,\u00a0doc. PhDr. Eva H\u00e1jkov\u00e1, CSc.\u00a0(K\u010cJ) Junio\u0159i RNDr. Dominik Dvo\u0159\u00e1k, Ph.D. RNDr. Jana Strakov\u00e1, Ph.D. <a href='https:\/\/pages.pedf.cuni.cz\/uvrv\/tym-unce\/' class='excerpt-more'>[&#8230;]<\/a><\/p>\n","protected":false},"author":387,"featured_media":0,"parent":0,"menu_order":0,"comment_status":"closed","ping_status":"closed","template":"1l-sidebar.php","meta":{"_monsterinsights_skip_tracking":false,"_monsterinsights_sitenote_active":false,"_monsterinsights_sitenote_note":"","_monsterinsights_sitenote_category":0,"footnotes":""},"class_list":["post-2366","page","type-page","status-publish","hentry","post-seq-1","post-parity-odd","meta-position-corners","fix"],"_links":{"self":[{"href":"https:\/\/pages.pedf.cuni.cz\/uvrv\/wp-json\/wp\/v2\/pages\/2366","targetHints":{"allow":["GET"]}}],"collection":[{"href":"https:\/\/pages.pedf.cuni.cz\/uvrv\/wp-json\/wp\/v2\/pages"}],"about":[{"href":"https:\/\/pages.pedf.cuni.cz\/uvrv\/wp-json\/wp\/v2\/types\/page"}],"author":[{"embeddable":true,"href":"https:\/\/pages.pedf.cuni.cz\/uvrv\/wp-json\/wp\/v2\/users\/387"}],"replies":[{"embeddable":true,"href":"https:\/\/pages.pedf.cuni.cz\/uvrv\/wp-json\/wp\/v2\/comments?post=2366"}],"version-history":[{"count":1,"href":"https:\/\/pages.pedf.cuni.cz\/uvrv\/wp-json\/wp\/v2\/pages\/2366\/revisions"}],"predecessor-version":[{"id":2826,"href":"https:\/\/pages.pedf.cuni.cz\/uvrv\/wp-json\/wp\/v2\/pages\/2366\/revisions\/2826"}],"wp:attachment":[{"href":"https:\/\/pages.pedf.cuni.cz\/uvrv\/wp-json\/wp\/v2\/media?parent=2366"}],"curies":[{"name":"wp","href":"https:\/\/api.w.org\/{rel}","templated":true}]}}