{"id":2387,"date":"2016-02-07T21:21:21","date_gmt":"2016-02-07T20:21:21","guid":{"rendered":"http:\/\/pages.pedf.cuni.cz\/uvrv\/?page_id=2387"},"modified":"2020-11-04T20:20:25","modified_gmt":"2020-11-04T19:20:25","slug":"seminare-unce","status":"publish","type":"page","link":"https:\/\/pages.pedf.cuni.cz\/uvrv\/seminare-unce\/","title":{"rendered":"Semin\u00e1\u0159e UNCE"},"content":{"rendered":"<h4 style=\"text-align: center\">2017<\/h4>\n<ul>\n<li><strong><span class=\"collapseomatic highlight\" id=\"id69db7eab3adfa\"  tabindex=\"0\" title=\"St\u00ednov\u00e9 vzd\u011bl\u00e1v\u00e1n\u00ed (shadow education) v \u010cesk\u00e9 republice\"    >St\u00ednov\u00e9 vzd\u011bl\u00e1v\u00e1n\u00ed (shadow education) v \u010cesk\u00e9 republice<\/span><div id=\"target-id69db7eab3adfa\" class=\"collapseomatic_content \"><\/strong>\n<ul>\n<li>16. 5. 2017<\/li>\n<li><a href=\"https:\/\/pages.pedf.cuni.cz\/uvrv\/files\/2017\/05\/pozvanka_16_05_17_Stastny.pdf\">pozv\u00e1nka<\/a><\/li>\n<li><a href=\"https:\/\/pages.pedf.cuni.cz\/uvrv\/files\/2017\/05\/UNCE-Stastny_Web.pdf\">prezentace<\/a>\u00a0<\/div><\/li>\n<\/ul>\n<\/li>\n<\/ul>\n<h4 style=\"text-align: center\">2016<\/h4>\n<ul>\n<li><strong><span class=\"collapseomatic highlight\" id=\"id69db7eab3af14\"  tabindex=\"0\" title=\"Vztah rodiny a \u0161koly u d\u011bt\u00ed s problematick\u00fdm chov\u00e1n\u00edm\"    >Vztah rodiny a \u0161koly u d\u011bt\u00ed s problematick\u00fdm chov\u00e1n\u00edm<\/span><div id=\"target-id69db7eab3af14\" class=\"collapseomatic_content \"><\/strong>\n<ul>\n<li>16. 11. 2016<\/li>\n<li><a href=\"https:\/\/pages.pedf.cuni.cz\/uvrv\/files\/2017\/01\/pozvanka_UNCE_16_11_16.pdf\">pozv\u00e1nka<\/a>\u00a0<\/div><\/li>\n<li><strong><span class=\"collapseomatic highlight\" id=\"id69db7eab3af5a\"  tabindex=\"0\" title=\"\u017d\u00e1kovsk\u00fd prekoncept jako konstitutivn\u00ed prvek v\u00fduky \u010desk\u00e9ho jazyka\"    >\u017d\u00e1kovsk\u00fd prekoncept jako konstitutivn\u00ed prvek v\u00fduky \u010desk\u00e9ho jazyka<\/span><div id=\"target-id69db7eab3af5a\" class=\"collapseomatic_content \"><\/strong>\n<ul>\n<li>18. 5. 2016<\/li>\n<li><a href=\"https:\/\/pages.pedf.cuni.cz\/uvrv\/files\/2016\/05\/pozvanka_UNCE_18_05.pdf\">Pozv\u00e1nka<\/a>\u00a0<\/div><\/li>\n<\/ul>\n<\/li>\n<\/ul>\n<\/li>\n<\/ul>\n<h4 style=\"text-align: center\">2015<\/h4>\n<ul>\n<li><strong><span class=\"collapseomatic highlight\" id=\"id69db7eab3af95\"  tabindex=\"0\" title=\"Kritick\u00e1 m\u00edsta matematiky z\u00e1kladn\u00ed \u0161koly o\u010dima u\u010ditel\u016f a o\u010dima \u017e\u00e1k\u016f\"    >Kritick\u00e1 m\u00edsta matematiky z\u00e1kladn\u00ed \u0161koly o\u010dima u\u010ditel\u016f a o\u010dima \u017e\u00e1k\u016f<\/span><div id=\"target-id69db7eab3af95\" class=\"collapseomatic_content \"><\/strong>\n<ul>\n<li>15. 10. 2015<\/li>\n<li><a href=\"https:\/\/pages.pedf.cuni.cz\/uvrv\/files\/2016\/02\/PedFUK_Semin\u00e1\u0159_UNCE_M.pdf\">Pozv\u00e1nka<\/a>\u00a0<\/div><\/li>\n<li><strong><span class=\"collapseomatic highlight\" id=\"id69db7eab3afd9\"  tabindex=\"0\" title=\"Volba z\u00e1kladn\u00ed \u0161koly z pohledu rodi\u010d\u016f a \u0161kol\"    >Volba z\u00e1kladn\u00ed \u0161koly z pohledu rodi\u010d\u016f a \u0161kol<\/span><div id=\"target-id69db7eab3afd9\" class=\"collapseomatic_content \"><\/strong>\n<ul>\n<li>22. 4. 2015<\/li>\n<li><a href=\"https:\/\/pages.pedf.cuni.cz\/uvrv\/files\/2015\/04\/PedFUK_seminar_UNCE_22-4.pdf\">Pozv\u00e1nka<\/a><\/li>\n<li>Prezentace (<a href=\"https:\/\/pages.pedf.cuni.cz\/uvrv\/files\/2015\/05\/volba_skoly_web.pdf\">Mgr. Jaroslava Simonov\u00e1<\/a>;\u00a0<a href=\"https:\/\/pages.pedf.cuni.cz\/uvrv\/files\/2015\/05\/2015-UNCE-Dvorak.pdf\">RNDr. Dominik Dvo\u0159\u00e1k, Ph.D.<\/a>)<\/li>\n<li><a href=\"https:\/\/pages.pedf.cuni.cz\/uvrv\/fotogalerie\">Fotogalerie<\/a>\u00a0<\/div><\/li>\n<\/ul>\n<\/li>\n<\/ul>\n<\/li>\n<\/ul>\n<h4 style=\"text-align: center\">2014<\/h4>\n<ul>\n<li><b><strong><span class=\"collapseomatic highlight\" id=\"id69db7eab3b00e\"  tabindex=\"0\" title=\"Kritick\u00e1 m\u00edsta \u010dten\u00e1\u0159sk\u00e9 gramotnosti z pohledu v\u00fdzkumu\"    >Kritick\u00e1 m\u00edsta \u010dten\u00e1\u0159sk\u00e9 gramotnosti z pohledu v\u00fdzkumu<\/span><div id=\"target-id69db7eab3b00e\" class=\"collapseomatic_content \"><\/strong><\/b>\n<ul>\n<li>19. 6. 2014<\/li>\n<li><a href=\"https:\/\/pages.pedf.cuni.cz\/uvrv-en\/files\/2015\/04\/PedFUK_seminar_UNCE_CG.pdf\">Pozv\u00e1nka<\/a><\/li>\n<li>Prezentace (<a href=\"https:\/\/pages.pedf.cuni.cz\/uvrv-en\/files\/2015\/04\/14_06_19_UNCE_Jezkova.ppt\">V\u011bra Je\u017ekov\u00e1<\/a>; <a href=\"https:\/\/pages.pedf.cuni.cz\/uvrv-en\/files\/2015\/04\/14_06_19_UNCE_Laufkova.pdf\">Veronika Laufkov\u00e1<\/a>)\u00a0<\/div><\/li>\n<li><strong><span class=\"collapseomatic highlight\" id=\"id69db7eab3b04a\"  tabindex=\"0\" title=\"Kritick\u00e1 m\u00edsta ve v\u00fduce \u010desk\u00e9ho jazyka z hlediska recepce a tvorby komunik\u00e1tu\"    >Kritick\u00e1 m\u00edsta ve v\u00fduce \u010desk\u00e9ho jazyka z hlediska recepce a tvorby komunik\u00e1tu<\/span><div id=\"target-id69db7eab3b04a\" class=\"collapseomatic_content \"><\/strong>\n<ul>\n<li>29. 5. 2014<\/li>\n<li><a href=\"https:\/\/pages.pedf.cuni.cz\/uvrv\/files\/2016\/02\/PedFUK_5_UNCE_JG.pdf\">Pozv\u00e1nka<\/a><\/div><\/li>\n<\/ul>\n<\/li>\n<\/ul>\n<\/li>\n<\/ul>\n<h4 style=\"text-align: center\">2013<\/h4>\n<ul>\n<li><strong><span class=\"collapseomatic highlight\" id=\"id69db7eab3b078\"  tabindex=\"0\" title=\"Struktur\u00e1ln\u00ed a soci\u00e1ln\u00ed podm\u00edn\u011bnost v\u00fdsledk\u016f \u010desk\u00fdch \u017e\u00e1k\u016f\"    >Struktur\u00e1ln\u00ed a soci\u00e1ln\u00ed podm\u00edn\u011bnost v\u00fdsledk\u016f \u010desk\u00fdch \u017e\u00e1k\u016f<\/span><div id=\"target-id69db7eab3b078\" class=\"collapseomatic_content \"><\/strong>\n<ul>\n<li>21. 10. 2013<\/li>\n<li><a href=\"https:\/\/pages.pedf.cuni.cz\/uvrv\/files\/2010\/08\/pedfuk_4seminarunce_21-10-2013.pdf\">pozv\u00e1nka<\/a><\/li>\n<li>prezentace (<a href=\"https:\/\/pages.pedf.cuni.cz\/uvrv-en\/files\/2015\/04\/13_10_21_UNCE_GregerVonkova.ppsx\">David Greger, Hana Vo\u0148kov\u00e1<\/a>; <a href=\"https:\/\/pages.pedf.cuni.cz\/uvrv-en\/files\/2015\/04\/13_10_21_UNCE_StrakovaGreger.ppsx\">Jana Strakov\u00e1, David Greger<\/a>)\u00a0<\/div><\/li>\n<\/ul>\n<\/li>\n<\/ul>\n<h4 style=\"text-align: center\">2012<\/h4>\n<p>&nbsp;<\/p>\n","protected":false},"excerpt":{"rendered":"<p>2017 2016 2015 2014 2013 2012 &nbsp;<\/p>\n","protected":false},"author":387,"featured_media":0,"parent":0,"menu_order":0,"comment_status":"closed","ping_status":"closed","template":"1l-sidebar.php","meta":{"_monsterinsights_skip_tracking":false,"_monsterinsights_sitenote_active":false,"_monsterinsights_sitenote_note":"","_monsterinsights_sitenote_category":0,"footnotes":""},"class_list":["post-2387","page","type-page","status-publish","hentry","post-seq-1","post-parity-odd","meta-position-corners","fix"],"_links":{"self":[{"href":"https:\/\/pages.pedf.cuni.cz\/uvrv\/wp-json\/wp\/v2\/pages\/2387","targetHints":{"allow":["GET"]}}],"collection":[{"href":"https:\/\/pages.pedf.cuni.cz\/uvrv\/wp-json\/wp\/v2\/pages"}],"about":[{"href":"https:\/\/pages.pedf.cuni.cz\/uvrv\/wp-json\/wp\/v2\/types\/page"}],"author":[{"embeddable":true,"href":"https:\/\/pages.pedf.cuni.cz\/uvrv\/wp-json\/wp\/v2\/users\/387"}],"replies":[{"embeddable":true,"href":"https:\/\/pages.pedf.cuni.cz\/uvrv\/wp-json\/wp\/v2\/comments?post=2387"}],"version-history":[{"count":6,"href":"https:\/\/pages.pedf.cuni.cz\/uvrv\/wp-json\/wp\/v2\/pages\/2387\/revisions"}],"predecessor-version":[{"id":5607,"href":"https:\/\/pages.pedf.cuni.cz\/uvrv\/wp-json\/wp\/v2\/pages\/2387\/revisions\/5607"}],"wp:attachment":[{"href":"https:\/\/pages.pedf.cuni.cz\/uvrv\/wp-json\/wp\/v2\/media?parent=2387"}],"curies":[{"name":"wp","href":"https:\/\/api.w.org\/{rel}","templated":true}]}}