{"id":2518,"date":"2016-04-13T11:22:32","date_gmt":"2016-04-13T09:22:32","guid":{"rendered":"http:\/\/pages.pedf.cuni.cz\/uvrv\/?page_id=2518"},"modified":"2016-04-13T11:41:06","modified_gmt":"2016-04-13T09:41:06","slug":"srovnavaci-pedagogika","status":"publish","type":"page","link":"https:\/\/pages.pedf.cuni.cz\/uvrv\/srovnavaci-pedagogika\/","title":{"rendered":"Srovn\u00e1vac\u00ed pedagogika: prom\u011bny a v\u00fdzvy"},"content":{"rendered":"<p style=\"text-align: justify\">Kam sm\u011b\u0159uje obor srovn\u00e1vac\u00ed pedagogika? Jak\u00fd je v\u00fdvoj oboru v zahrani\u010d\u00ed a jak se obor rozv\u00edj\u00ed u n\u00e1s?\u00a0Srovn\u00e1v\u00e1n\u00ed nejr\u016fzn\u011bj\u0161\u00edch fenom\u00e9n\u016f vzd\u011bl\u00e1v\u00e1n\u00ed jsme\u00a0vystaveni dnes a denn\u011b. Tu v\u00fdsledk\u016fm \u010desk\u00fdch \u017e\u00e1k\u016f v n\u011bkter\u00e9m z mezin\u00e1rodn\u00edch v\u00fdzkum\u016f\u00a0v\u00fdsledk\u016f vzd\u011bl\u00e1v\u00e1n\u00ed; jindy nelichotiv\u00e9mu srovn\u00e1n\u00ed plat\u016f \u010desk\u00fdch u\u010ditel\u016f s jejich kolegy\u00a0v zahrani\u010d\u00ed; nebo n\u00e1m ministr \u0161kolstv\u00ed ordinuje pot\u0159eby aplikace finsk\u00e9ho \u0161kolsk\u00e9ho syst\u00e9mu\u00a0v \u010cesk\u00e9 republice; a bylo by mo\u017en\u00e9 s p\u0159\u00edklady pronik\u00e1n\u00ed srovn\u00e1v\u00e1n\u00ed do na\u0161ich diskus\u00ed o podob\u011b\u00a0vzd\u011bl\u00e1v\u00e1n\u00ed pokra\u010dovat.\u00a0N\u011bkter\u00e9 z nich jsou dokladem rozvoje oboru \u2013 nap\u0159\u00edklad dostupnost indik\u00e1tor\u016f vstup\u016f\u00a0i v\u00fdstup\u016f vzd\u011bl\u00e1v\u00e1n\u00ed. Jin\u00e9 n\u00e1s varuj\u00ed p\u0159ed t\u00edm, \u017ee ne ka\u017ed\u00e9 srovn\u00e1n\u00ed je stejn\u011b hodnotn\u00e9 a \u017ee\u00a0p\u0159enosy ciz\u00edch inspirac\u00ed do dom\u00e1c\u00edho kontextu jsou obt\u00ed\u017en\u00e9. \u010cten\u00e1\u0159i p\u0159edkl\u00e1dan\u00e1 kniha Srovn\u00e1vac\u00ed\u00a0pedagogika: Prom\u011bny a v\u00fdzvy tak p\u0159in\u00e1\u0161\u00ed zachycen\u00ed stavu oboru srovn\u00e1vac\u00ed pedagogika\u00a0a jeho reflexe. Krom\u011b tohoto zamy\u0161len\u00ed v\u0161ak kniha p\u0159in\u00e1\u0161\u00ed i pohled na vybran\u00e9 oblasti d\u016fle\u017eit\u00e9 pro \u010desk\u00e9 vzd\u011bl\u00e1v\u00e1n\u00ed &#8211; pojedn\u00e1v\u00e1 o kvalit\u011b p\u0159ed\u0161koln\u00edho vzd\u011bl\u00e1v\u00e1n\u00ed, kurikulu, procesech i v\u00fdsledc\u00edch vyu\u010dov\u00e1n\u00ed a u\u010den\u00ed v mezin\u00e1rodn\u00ed komparaci, v\u011bnuje se kvalit\u011b u\u010ditele a podob\u011b profesn\u00edch standard\u016f u\u010ditele v zahrani\u010d\u00ed. Prost\u0159ednictv\u00edm nahl\u00ed\u017een\u00ed a studov\u00e1n\u00ed zahrani\u010dn\u00edch syst\u00e9m\u016f chceme i touto knihou p\u0159isp\u011bt k hlub\u0161\u00edmu porozum\u011bn\u00ed vlastn\u00edmu vzd\u011bl\u00e1vac\u00edmu syst\u00e9mu.<\/p>\n<p style=\"text-align: justify\">Text knihy je voln\u011b ke sta\u017een\u00ed <a href=\"https:\/\/pages.pedf.cuni.cz\/uvrv\/files\/2016\/04\/Srovnavaci_pedagogika.pdf\">zde<\/a>.<\/p>\n","protected":false},"excerpt":{"rendered":"<p>Kam sm\u011b\u0159uje obor srovn\u00e1vac\u00ed pedagogika? Jak\u00fd je v\u00fdvoj oboru v zahrani\u010d\u00ed a jak se obor rozv\u00edj\u00ed u n\u00e1s?\u00a0Srovn\u00e1v\u00e1n\u00ed nejr\u016fzn\u011bj\u0161\u00edch fenom\u00e9n\u016f vzd\u011bl\u00e1v\u00e1n\u00ed jsme\u00a0vystaveni dnes a denn\u011b. Tu v\u00fdsledk\u016fm \u010desk\u00fdch \u017e\u00e1k\u016f v n\u011bkter\u00e9m z mezin\u00e1rodn\u00edch v\u00fdzkum\u016f\u00a0v\u00fdsledk\u016f vzd\u011bl\u00e1v\u00e1n\u00ed; jindy nelichotiv\u00e9mu srovn\u00e1n\u00ed plat\u016f \u010desk\u00fdch u\u010ditel\u016f s jejich kolegy\u00a0v zahrani\u010d\u00ed; nebo n\u00e1m ministr \u0161kolstv\u00ed ordinuje pot\u0159eby aplikace finsk\u00e9ho \u0161kolsk\u00e9ho syst\u00e9mu\u00a0v <a href='https:\/\/pages.pedf.cuni.cz\/uvrv\/srovnavaci-pedagogika\/' class='excerpt-more'>[&#8230;]<\/a><\/p>\n","protected":false},"author":387,"featured_media":2517,"parent":0,"menu_order":0,"comment_status":"closed","ping_status":"closed","template":"","meta":{"_monsterinsights_skip_tracking":false,"_monsterinsights_sitenote_active":false,"_monsterinsights_sitenote_note":"","_monsterinsights_sitenote_category":0,"footnotes":""},"class_list":["post-2518","page","type-page","status-publish","has-post-thumbnail","hentry","post-seq-1","post-parity-odd","meta-position-corners","fix"],"_links":{"self":[{"href":"https:\/\/pages.pedf.cuni.cz\/uvrv\/wp-json\/wp\/v2\/pages\/2518","targetHints":{"allow":["GET"]}}],"collection":[{"href":"https:\/\/pages.pedf.cuni.cz\/uvrv\/wp-json\/wp\/v2\/pages"}],"about":[{"href":"https:\/\/pages.pedf.cuni.cz\/uvrv\/wp-json\/wp\/v2\/types\/page"}],"author":[{"embeddable":true,"href":"https:\/\/pages.pedf.cuni.cz\/uvrv\/wp-json\/wp\/v2\/users\/387"}],"replies":[{"embeddable":true,"href":"https:\/\/pages.pedf.cuni.cz\/uvrv\/wp-json\/wp\/v2\/comments?post=2518"}],"version-history":[{"count":0,"href":"https:\/\/pages.pedf.cuni.cz\/uvrv\/wp-json\/wp\/v2\/pages\/2518\/revisions"}],"wp:featuredmedia":[{"embeddable":true,"href":"https:\/\/pages.pedf.cuni.cz\/uvrv\/wp-json\/wp\/v2\/media\/2517"}],"wp:attachment":[{"href":"https:\/\/pages.pedf.cuni.cz\/uvrv\/wp-json\/wp\/v2\/media?parent=2518"}],"curies":[{"name":"wp","href":"https:\/\/api.w.org\/{rel}","templated":true}]}}