{"id":2525,"date":"2016-04-13T11:45:26","date_gmt":"2016-04-13T09:45:26","guid":{"rendered":"http:\/\/pages.pedf.cuni.cz\/uvrv\/?page_id=2525"},"modified":"2016-04-13T11:49:59","modified_gmt":"2016-04-13T09:49:59","slug":"spravedlivy-start","status":"publish","type":"page","link":"https:\/\/pages.pedf.cuni.cz\/uvrv\/spravedlivy-start\/","title":{"rendered":"Spravedliv\u00fd start? Nerovn\u00e9 \u0161ance v p\u0159ed\u0161koln\u00edm vzd\u011bl\u00e1v\u00e1n\u00ed a p\u0159i p\u0159echodu na z\u00e1kladn\u00ed \u0161kolu"},"content":{"rendered":"<p style=\"text-align: justify\">Kniha <em>Spravedliv\u00fd start<\/em> se zam\u011b\u0159uje na problematiku spravedlivosti v p\u0159ed\u0161koln\u00edm vzd\u011bl\u00e1v\u00e1n\u00ed a na p\u0159echodu z mate\u0159sk\u00e9 \u0161koly do z\u00e1kladn\u00edho vzd\u011bl\u00e1v\u00e1n\u00ed. I kdy\u017e spravedlivosti ve vzd\u011bl\u00e1v\u00e1n\u00ed je v posledn\u00ed dob\u011b v\u011bnov\u00e1na v \u010desk\u00e9 spole\u010denskov\u011bdn\u00ed komunit\u011b zna\u010dn\u00e1 pozornost, p\u0159ed\u0161koln\u00ed vzd\u011bl\u00e1v\u00e1n\u00ed nebylo dosud v tomto kontextu zkoum\u00e1no. V\u00fdzkumn\u00e9 studie p\u0159itom ukazuj\u00ed, \u017ee pr\u00e1v\u011b p\u0159ed\u0161koln\u00ed vzd\u011bl\u00e1v\u00e1n\u00ed m\u00e1 nejvy\u0161\u0161\u00ed potenci\u00e1l vyrovn\u00e1vat handicapy, kter\u00e9 si d\u00edt\u011b p\u0159in\u00e1\u0161\u00ed do \u017eivota. P\u0159esto t\u00e9to etap\u011b vzd\u011bl\u00e1v\u00e1n\u00ed byla \u010desk\u00fdmi v\u00fdzkumn\u00edky dosud v\u011bnov\u00e1na jen mal\u00e1 pozornost a mnoho informac\u00ed o n\u00ed neposkytuje ani \u0161kolsk\u00e1 statistika. Longitudin\u00e1ln\u00ed studie CLoSE (Czech Longitudinal Study of Education) realizovan\u00e1 v r\u00e1mci projektu Grantov\u00e9 agentury \u010cR \u00dastavem v\u00fdzkumu a rozvoje vzd\u011bl\u00e1v\u00e1n\u00ed, kter\u00e1 je zam\u011b\u0159ena na studium vzd\u011blanostn\u00edch nerovnost\u00ed, se pokusila tento nedostatek alespo\u0148 \u010d\u00e1ste\u010dn\u011b nahradit.<\/p>\n<p style=\"text-align: justify\">Text knihy ke sta\u017een\u00ed <a href=\"https:\/\/pages.pedf.cuni.cz\/uvrv\/files\/2016\/04\/Spravedlivy_start.pdf\">zde<\/a>.<\/p>\n","protected":false},"excerpt":{"rendered":"<p>Kniha Spravedliv\u00fd start se zam\u011b\u0159uje na problematiku spravedlivosti v p\u0159ed\u0161koln\u00edm vzd\u011bl\u00e1v\u00e1n\u00ed a na p\u0159echodu z mate\u0159sk\u00e9 \u0161koly do z\u00e1kladn\u00edho vzd\u011bl\u00e1v\u00e1n\u00ed. I kdy\u017e spravedlivosti ve vzd\u011bl\u00e1v\u00e1n\u00ed je v posledn\u00ed dob\u011b v\u011bnov\u00e1na v \u010desk\u00e9 spole\u010denskov\u011bdn\u00ed komunit\u011b zna\u010dn\u00e1 pozornost, p\u0159ed\u0161koln\u00ed vzd\u011bl\u00e1v\u00e1n\u00ed nebylo dosud v tomto kontextu zkoum\u00e1no. V\u00fdzkumn\u00e9 studie p\u0159itom ukazuj\u00ed, \u017ee pr\u00e1v\u011b p\u0159ed\u0161koln\u00ed vzd\u011bl\u00e1v\u00e1n\u00ed m\u00e1 nejvy\u0161\u0161\u00ed potenci\u00e1l <a href='https:\/\/pages.pedf.cuni.cz\/uvrv\/spravedlivy-start\/' class='excerpt-more'>[&#8230;]<\/a><\/p>\n","protected":false},"author":387,"featured_media":2531,"parent":0,"menu_order":0,"comment_status":"closed","ping_status":"closed","template":"","meta":{"_monsterinsights_skip_tracking":false,"_monsterinsights_sitenote_active":false,"_monsterinsights_sitenote_note":"","_monsterinsights_sitenote_category":0,"footnotes":""},"class_list":["post-2525","page","type-page","status-publish","has-post-thumbnail","hentry","post-seq-1","post-parity-odd","meta-position-corners","fix"],"_links":{"self":[{"href":"https:\/\/pages.pedf.cuni.cz\/uvrv\/wp-json\/wp\/v2\/pages\/2525","targetHints":{"allow":["GET"]}}],"collection":[{"href":"https:\/\/pages.pedf.cuni.cz\/uvrv\/wp-json\/wp\/v2\/pages"}],"about":[{"href":"https:\/\/pages.pedf.cuni.cz\/uvrv\/wp-json\/wp\/v2\/types\/page"}],"author":[{"embeddable":true,"href":"https:\/\/pages.pedf.cuni.cz\/uvrv\/wp-json\/wp\/v2\/users\/387"}],"replies":[{"embeddable":true,"href":"https:\/\/pages.pedf.cuni.cz\/uvrv\/wp-json\/wp\/v2\/comments?post=2525"}],"version-history":[{"count":0,"href":"https:\/\/pages.pedf.cuni.cz\/uvrv\/wp-json\/wp\/v2\/pages\/2525\/revisions"}],"wp:featuredmedia":[{"embeddable":true,"href":"https:\/\/pages.pedf.cuni.cz\/uvrv\/wp-json\/wp\/v2\/media\/2531"}],"wp:attachment":[{"href":"https:\/\/pages.pedf.cuni.cz\/uvrv\/wp-json\/wp\/v2\/media?parent=2525"}],"curies":[{"name":"wp","href":"https:\/\/api.w.org\/{rel}","templated":true}]}}