{"id":2779,"date":"2016-12-06T18:12:55","date_gmt":"2016-12-06T17:12:55","guid":{"rendered":"http:\/\/pages.pedf.cuni.cz\/uvrv\/?page_id=2779"},"modified":"2023-11-23T10:36:15","modified_gmt":"2023-11-23T09:36:15","slug":"eva-potuznikova","status":"publish","type":"page","link":"https:\/\/pages.pedf.cuni.cz\/uvrv\/eva-potuznikova\/","title":{"rendered":"Eva Potu\u017en\u00edkov\u00e1"},"content":{"rendered":"<h1><span style=\"font-size: 22pt\">Mgr. Eva Potu\u017en\u00edkov\u00e1, Ph.D.<\/span><\/h1>\n<p><img loading=\"lazy\" decoding=\"async\" class=\"alignleft\" src=\"https:\/\/pages.pedf.cuni.cz\/uvrv\/files\/2017\/06\/3V5A9534-e1498841790888.jpg\" alt=\"Eva Potu\u017en\u00edkov\u00e1\" width=\"245\" height=\"163\" \/><\/p>\n<table class=\" aligncenter\" style=\"border-color: #b9b9b9;height: 127px\" border=\"0\" width=\"471\">\n<tbody>\n<tr>\n<td style=\"text-align: left\">Email:<\/td>\n<td style=\"text-align: left\"><a href=\"mailto:eva.potuznikova@centrum.cz\">eva.potuznikova@centrum.cz<\/a><\/td>\n<\/tr>\n<tr>\n<td style=\"text-align: left\">Kancel\u00e1\u0159:<\/td>\n<td>Mysl\u00edkova 7, \u010d. 106<\/td>\n<\/tr>\n<tr>\n<td style=\"text-align: left\">Telefon:<\/td>\n<td>221 900 527<\/td>\n<\/tr>\n<tr>\n<td style=\"text-align: left\">Konzultace:<\/td>\n<td>&#8211;<\/td>\n<\/tr>\n<\/tbody>\n<\/table>\n<p style=\"text-align: left\"><h5 class=\"collapseomatic highlight\" id=\"id69e682e1efe7b\"  tabindex=\"0\" title=\"Ph.D. studium\"    >Ph.D. studium<\/h5><div id=\"target-id69e682e1efe7b\" class=\"collapseomatic_content \">\n<p><strong>N\u00e1zev diserta\u010dn\u00ed pr\u00e1ce<\/strong><\/p>\n<ul>\n<li>M\u011b\u0159en\u00ed p\u0159idan\u00e9 hodnoty ve vzd\u011bl\u00e1v\u00e1n\u00ed<\/li>\n<\/ul>\n<p><strong>\u0160kolitel<\/strong><\/p>\n<ul>\n<li>PhDr. David Greger, Ph.D.<\/li>\n<\/ul>\n<\/div>\n<h5 class=\"collapseomatic highlight\" id=\"id69e682e1eff61\"  tabindex=\"0\" title=\"Vzd\u011bl\u00e1n\u00ed\"    >Vzd\u011bl\u00e1n\u00ed<\/h5><div id=\"target-id69e682e1eff61\" class=\"collapseomatic_content \">\n<ul>\n<li><strong>1995-2001<\/strong><br \/>\nFilozofick\u00e1 fakulta Univerzity Karlovy<br \/>\nSociologie, psychologie<\/li>\n<\/ul>\n<\/div>\n<h5 class=\"collapseomatic highlight\" id=\"id69e682e1effa8\"  tabindex=\"0\" title=\"Zam\u011bstn\u00e1n\u00ed\"    >Zam\u011bstn\u00e1n\u00ed<\/h5><div id=\"target-id69e682e1effa8\" class=\"collapseomatic_content \">\n<ul>\n<li><strong>2001-2005<\/strong><br \/>\n\u00dastav pro informace ve vzd\u011bl\u00e1v\u00e1n\u00ed Praha, odd\u011blen\u00ed mezin\u00e1rodn\u00edch v\u00fdzkum\u016f<\/li>\n<li><strong>od roku 2005<\/strong><br \/>\nP\u0159ekladatelsk\u00e1 \u010dinnost (oblast neform\u00e1ln\u00edho vzd\u011bl\u00e1v\u00e1n\u00ed, evropsk\u00e9 patenty)<br \/>\nExtern\u00ed spolupr\u00e1ce s \u010ceskou \u0161koln\u00ed inspekc\u00ed na realizaci mezin\u00e1rodn\u00edch \u0161et\u0159en\u00ed (PISA, PIRLS, TALIS)<\/li>\n<\/ul>\n<\/div>\n<h5 class=\"collapseomatic highlight\" id=\"id69e682e1effdf\"  tabindex=\"0\" title=\"Publikace\"    >Publikace<\/h5><div id=\"target-id69e682e1effdf\" class=\"collapseomatic_content \">\n<ul>\n<li>Tom\u00e1\u0161ek, V., &amp; Potu\u017en\u00edkov\u00e1, E. (2004). <em>Netradi\u010dn\u00ed \u00falohy. Probl\u00e9mov\u00e9 \u00falohy mezin\u00e1rodn\u00edho v\u00fdzkumu PISA.<\/em> Praha: \u00daIV.<\/li>\n<li>Kramplov\u00e1, I., &amp; Potu\u017en\u00edkov\u00e1, E. (2005). <em>Jak (se) u\u010d\u00ed \u010d\u00edst.<\/em> Praha: \u00daIV.<\/li>\n<li>Strakov\u00e1, J., Potu\u017en\u00edkov\u00e1, E., &amp; Tom\u00e1\u0161ek, V. (2006). V\u011bdomosti, dovednosti a postoje \u010desk\u00fdch \u017e\u00e1k\u016f v mezin\u00e1rodn\u00edm srovn\u00e1n\u00ed. In P. Mat\u011bj\u016f &amp; J. Strakov\u00e1 (Eds.). <em>(Ne)rovn\u00e9 \u0161ance na vzd\u011bl\u00e1n\u00ed<\/em> (s. 118\u2013143). Praha: Academia.<\/li>\n<li>Strakov\u00e1, J., &amp; Potu\u017en\u00edkov\u00e1, E. (2006). Rozd\u00edly ve v\u011bdomostech a dovednostech \u010desk\u00fdch chlapc\u016f a d\u011bv\u010dat na z\u00e1klad\u011b zji\u0161t\u011bn\u00ed mezin\u00e1rodn\u00edch v\u00fdzkum\u016f. <em>Sociologick\u00fd \u010dasopis\/Czech Sociological Review 42<\/em>(4), 701\u2013717.<\/li>\n<li>Potu\u017en\u00edkov\u00e1, E., Lokaj\u00ed\u010dkov\u00e1, V., &amp; Jan\u00edk, T. (2014). Mezin\u00e1rodn\u00ed srovn\u00e1vac\u00ed v\u00fdzkumy \u0161koln\u00edho vzd\u011bl\u00e1v\u00e1n\u00ed v \u010cesk\u00e9 republice: zji\u0161t\u011bn\u00ed a v\u00fdzvy. <em>Pedagogick\u00e1 orientace 24<\/em>(2), 185\u2013221.<\/li>\n<li>Ka\u0161parov\u00e1, V., Hole\u010dkov\u00e1, A., Hu\u010d\u00edn, J., Jan\u00edk, T., Najvar, P., P\u00ed\u0161ov\u00e1, M., Potu\u017en\u00edkov\u00e1, E., Soukup, P., &amp; \u0160evc\u016f, M. (2015). <em>Analytick\u00e1 zpr\u00e1va z \u0161et\u0159en\u00ed TALIS 2013.<\/em> Praha: \u010c\u0160I.<\/li>\n<li>Ka\u0161parov\u00e1, V., Potu\u017en\u00edkov\u00e1, E., &amp; Jan\u00edk, T. (2015). Subjektivn\u011b vn\u00edman\u00e1 zdatnost u\u010ditel\u016f v kontextu jejich profesn\u00edho vzd\u011bl\u00e1v\u00e1n\u00ed: zji\u0161t\u011bn\u00ed a v\u00fdzvy z \u0161et\u0159en\u00ed TALIS 2013. <em>Pedagogick\u00e1 orientace 25<\/em>(4), 528\u2013556.<\/li>\n<\/ul>\n<\/div>\n<h5 class=\"collapseomatic highlight\" id=\"id69e682e1f0010\"  tabindex=\"0\" title=\"Ocen\u011bn\u00ed\"    >Ocen\u011bn\u00ed<\/h5><div id=\"target-id69e682e1f0010\" class=\"collapseomatic_content \">\n<ul>\n<li>\u010cesk\u00e1 asociace pedagogick\u00e9ho v\u00fdzkumu ud\u011blila Mgr. Jaroslav\u011b Simonov\u00e9, Ph.D.,\u00a0Mgr. Ev\u011b Potu\u017en\u00edkov\u00e9\u00a0a Doc. RNDr. Jan\u011b Strakov\u00e9, Ph.D.\u00a0<a href=\"https:\/\/pages.pedf.cuni.cz\/uvrv\/files\/2018\/11\/Cena-\u010cAPV.png\">cenu\u00a0za pozoruhodn\u011b zam\u011b\u0159enou publikaci v kategorii \u010dl\u00e1nek<\/a>.<\/li>\n<\/ul>\n<\/div>\n","protected":false},"excerpt":{"rendered":"<p>Mgr. Eva Potu\u017en\u00edkov\u00e1, Ph.D. Email: eva.potuznikova@centrum.cz Kancel\u00e1\u0159: Mysl\u00edkova 7, \u010d. 106 Telefon: 221 900 527 Konzultace: &#8211;<\/p>\n","protected":false},"author":387,"featured_media":0,"parent":0,"menu_order":0,"comment_status":"closed","ping_status":"closed","template":"1r-sidebar.php","meta":{"_monsterinsights_skip_tracking":false,"_monsterinsights_sitenote_active":false,"_monsterinsights_sitenote_note":"","_monsterinsights_sitenote_category":0,"footnotes":""},"class_list":["post-2779","page","type-page","status-publish","hentry","post-seq-1","post-parity-odd","meta-position-corners","fix"],"_links":{"self":[{"href":"https:\/\/pages.pedf.cuni.cz\/uvrv\/wp-json\/wp\/v2\/pages\/2779","targetHints":{"allow":["GET"]}}],"collection":[{"href":"https:\/\/pages.pedf.cuni.cz\/uvrv\/wp-json\/wp\/v2\/pages"}],"about":[{"href":"https:\/\/pages.pedf.cuni.cz\/uvrv\/wp-json\/wp\/v2\/types\/page"}],"author":[{"embeddable":true,"href":"https:\/\/pages.pedf.cuni.cz\/uvrv\/wp-json\/wp\/v2\/users\/387"}],"replies":[{"embeddable":true,"href":"https:\/\/pages.pedf.cuni.cz\/uvrv\/wp-json\/wp\/v2\/comments?post=2779"}],"version-history":[{"count":7,"href":"https:\/\/pages.pedf.cuni.cz\/uvrv\/wp-json\/wp\/v2\/pages\/2779\/revisions"}],"predecessor-version":[{"id":6556,"href":"https:\/\/pages.pedf.cuni.cz\/uvrv\/wp-json\/wp\/v2\/pages\/2779\/revisions\/6556"}],"wp:attachment":[{"href":"https:\/\/pages.pedf.cuni.cz\/uvrv\/wp-json\/wp\/v2\/media?parent=2779"}],"curies":[{"name":"wp","href":"https:\/\/api.w.org\/{rel}","templated":true}]}}