{"id":373,"date":"2010-04-18T13:39:32","date_gmt":"2010-04-18T11:39:32","guid":{"rendered":"http:\/\/userweb.pedf.cuni.cz\/wp\/uvrv\/o-ustavu\/"},"modified":"2017-09-25T11:03:17","modified_gmt":"2017-09-25T09:03:17","slug":"o-ustavu","status":"publish","type":"page","link":"https:\/\/pages.pedf.cuni.cz\/uvrv\/o-ustavu\/","title":{"rendered":"O \u00fastavu"},"content":{"rendered":"<h1><!--:cz--><strong>\u00dastav v\u00fdzkumu a rozvoje vzd\u011bl\u00e1v\u00e1n\u00ed (\u00daVRV)<\/strong><\/h1>\n<p><strong>PEDAGOGICK\u00c1 FAKULTA<\/strong><\/p>\n<p><strong>UNIVERZITA KARLOVA<br \/>\n<\/strong><\/p>\n<p style=\"text-align: justify\">\u00dastav v\u00fdzkumu a rozvoje vzd\u011bl\u00e1v\u00e1n\u00ed je pracovi\u0161t\u011b Pedagogick\u00e9 fakulty Univerzity Karlovy pro v\u00fdzkumnou, v\u00fdvojovou a vzd\u011bl\u00e1vac\u00ed \u010dinnost v\u00a0oblasti pedagogick\u00fdch v\u011bd. Navazuje na tradici v\u011bdeckov\u00fdzkumn\u00e9ho pracovi\u0161t\u011b, kter\u00e9 bylo zalo\u017eeno na pedagogick\u00e9 fakult\u011b v\u00a0roce 1990 a ve kter\u00e9m p\u016fsobili p\u0159edn\u00ed \u010de\u0161t\u00ed i zahrani\u010dn\u00ed odborn\u00edci, mezi nimi Ji\u0159\u00ed Kot\u00e1sek, Jan Pr\u016fcha, Ladislav \u010cerych, Josef Mestenhauser a dal\u0161\u00ed. V\u00a0devades\u00e1t\u00fdch letech minul\u00e9ho stolet\u00ed \u00fastav v\u00fdrazn\u011b p\u0159isp\u011bl k\u00a0projektov\u00e1n\u00ed vzd\u011bl\u00e1vac\u00ed transformace, utv\u00e1\u0159en\u00ed strategi\u00ed n\u00e1rodn\u00ed vzd\u011bl\u00e1vac\u00ed politiky a p\u0159\u00edprav\u011b na vstup do spole\u010dn\u00e9ho evropsk\u00e9ho prostoru vzd\u011bl\u00e1v\u00e1n\u00ed. Byl expertn\u00edm a redak\u010dn\u00edm pracovi\u0161t\u011bm p\u0159i zpracov\u00e1n\u00ed Zelen\u00e9 knihy a B\u00edl\u00e9 knihy \u010desk\u00e9ho vzd\u011bl\u00e1v\u00e1n\u00ed (1998\u20132000). \u00dastav inicioval zalo\u017een\u00ed \u010cesk\u00e9 asociace pedagogick\u00e9ho v\u00fdzkumu (1993) a pod\u00edlel se na organizaci 8. kongresu WCCES (1992), kter\u00fd otev\u0159el mezin\u00e1rodn\u00ed spolupr\u00e1ci a rozvoj srovn\u00e1vac\u00ed pedagogiky v\u00a0\u010cR. Od roku 1998 \u00fastav nese sou\u010dasn\u00fd n\u00e1zev. Posiluje svou orientaci na komparativn\u00ed a kvantitativn\u00ed i kvalitativn\u00ed empirick\u00e9 v\u00fdzkumy, rozv\u00edj\u00ed jejich metodologii, zapojuje se do mezin\u00e1rodn\u00edch s\u00edt\u00ed a projekt\u016f. \u00dazce spolupracuje s\u00a0ministerstvem \u0161kolstv\u00ed a s org\u00e1ny st\u00e1tn\u00ed spr\u00e1vy \u010di neziskov\u00fdmi organizacemi na zkvalit\u0148ov\u00e1n\u00ed \u0161koln\u00edho vzd\u011bl\u00e1v\u00e1n\u00ed, profesionalizaci u\u010ditel\u016f a zav\u00e1d\u011bn\u00ed inovac\u00ed do vzd\u011bl\u00e1vac\u00ed praxe.<\/p>\n<p style=\"text-align: justify\"><img loading=\"lazy\" decoding=\"async\" src=\"https:\/\/pages.pedf.cuni.cz\/uvrv\/files\/2017\/06\/3V5A9485-2-e1498829619965.jpg\" alt=\"T\u00fdm \u00daVRV v roce 2017\" width=\"825\" height=\"353\" \/><\/p>\n<p style=\"text-align: left;padding-left: 450px\"><strong>T\u00fdm \u00daVRV v roce 2017<\/strong><\/p>\n<p style=\"text-align: justify\"><h5 class=\"collapseomatic highlight\" id=\"id69da57aeb20b6\"  tabindex=\"0\" title=\"Zdroje financov\u00e1n\u00ed\"    >Zdroje financov\u00e1n\u00ed<\/h5><div id=\"target-id69da57aeb20b6\" class=\"collapseomatic_content \">\n<p style=\"text-align: justify\">\u00daVRV je financov\u00e1n jednak z institucion\u00e1ln\u00ed podpory Pedagogick\u00e9 fakulty Univerzity Karlovy a d\u00e1le z prost\u0159edk\u016f z\u00edskan\u00fdch v sout\u011b\u017e\u00edch o v\u011bdeck\u00e9 projekty, jak n\u00e1rodn\u00ed, tak i mezin\u00e1rodn\u00ed. Z\u00e1kladn\u00ed zdroje financov\u00e1n\u00ed v minulosti tak poch\u00e1zely z t\u011bchto zdroj\u016f:<\/p>\n<ul style=\"text-align: justify\">\n<li>institucion\u00e1ln\u00ed podpora Pedagogick\u00e9 fakulty Univerzity Karlovy<\/li>\n<li>Ministerstvo \u0161kolstv\u00ed, ml\u00e1de\u017ee a t\u011blov\u00fdchovy (M\u0160MT) \u010cesk\u00e9 republiky \u2013 Program Center z\u00e1kladn\u00edho v\u00fdzkumu<\/li>\n<li>Grantov\u00e1 agentura \u010cesk\u00e9 Republiky (GA \u010cR)<\/li>\n<li>Mezin\u00e1rodn\u00ed v\u00fdzkumn\u00e9 projekty financovan\u00e9 Evropskou komis\u00ed (Lifelong Learning Programme, Socrates 6.1.2 programme)<\/li>\n<li>Evropsk\u00e9 struktur\u00e1ln\u00ed fondy \u010cR<\/li>\n<\/ul>\n<\/div>\n<h5 class=\"collapseomatic highlight\" id=\"id69da57aeb217f\"  tabindex=\"0\" title=\"Na\u0161i zahrani\u010dn\u00ed partne\u0159i\"    >Na\u0161i zahrani\u010dn\u00ed partne\u0159i<\/h5><div id=\"target-id69da57aeb217f\" class=\"collapseomatic_content \">\n<p style=\"text-align: justify\">\u00daVRV dlouhodob\u011b spolupracuje s\u00a0odborn\u00edky z\u00a0mnoha zahrani\u010dn\u00edch pracovi\u0161\u0165. N\u00ed\u017ee uveden\u00e1 pracovi\u0161t\u011b jsou p\u0159\u00edkladem dlouholet\u00e9 spolupr\u00e1ce, a to formou realizace spole\u010dn\u00fdch mezin\u00e1rodn\u00edch v\u00fdzkum\u016f, st\u00e1\u017e\u00ed a \u00fa\u010dast\u00ed na semin\u00e1\u0159\u00edch a konferenc\u00edch, spole\u010dn\u00fdch publikac\u00ed. V\u00a0abecedn\u00edm po\u0159ad\u00ed spolupracujeme p\u0159edev\u0161\u00edm s\u00a0t\u011bmito pracovi\u0161ti:<\/p>\n<ul>\n<li style=\"text-align: justify\">Centre for Equity in Education, University of Manchester, Velk\u00e1 Brit\u00e1nie;<\/li>\n<li style=\"text-align: justify\">Comparative Education Research Centre, University of Hong Kong, \u010c\u00edna;<\/li>\n<li style=\"text-align: justify\">Deutsches Institut f\u00fcr Internationale P\u00e4dagogische Forschung, Frankfurt am Main, N\u011bmecko;<\/li>\n<li style=\"text-align: justify\">Institute d&#8217;Administration Scolaire, Universit\u00e9 de <em>Mons<\/em>-Hainaut, Belgie;<\/li>\n<li style=\"text-align: justify\">Institute National de Recherche P\u00e9dagogique, Lyon, Francie;<\/li>\n<li style=\"text-align: justify\">Institute of International Education, Stockholm University, \u0160v\u00e9dsko;<\/li>\n<li style=\"text-align: justify\">Univerzita Mateja Bela, Bansk\u00e1 Bystrica, Slovensko.<\/li>\n<\/ul>\n<\/div>\n<h5 class=\"collapseomatic highlight\" id=\"id69da57aeb21cd\"  tabindex=\"0\" title=\"Vzd\u011bl\u00e1vac\u00ed \u010dinnost\"    >Vzd\u011bl\u00e1vac\u00ed \u010dinnost<\/h5><div id=\"target-id69da57aeb21cd\" class=\"collapseomatic_content \">\n<p style=\"text-align: justify\">T\u011b\u017ei\u0161t\u011b pedagogick\u00e9 \u010dinnosti pracovn\u00edk\u016f \u00daVRV je v\u00a0oblasti doktorsk\u00e9ho studia oboru pedagogika, a to jak veden\u00edm doktorand\u016f, tak i v\u00fdukou kurz\u016f pro studenty doktorsk\u00e9ho studia s\u00a0d\u016frazem na metodologii v\u00fdzkumu vzd\u011bl\u00e1v\u00e1n\u00ed, srovn\u00e1vac\u00ed pedagogiku \u00a0a sociologii vzd\u011bl\u00e1v\u00e1n\u00ed. V\u00a0r\u00e1mci bakal\u00e1\u0159sk\u00fdch a magistersk\u00fdch studijn\u00edch program\u016f pak pracovn\u00edci \u00fastavu participuj\u00ed na v\u00fduce obor\u016f pedagogika, psychologie a \u0161kolsk\u00fd management a nab\u00edzej\u00ed \u0159adu voliteln\u00fdch p\u0159edm\u011bt\u016f, v\u010detn\u011b p\u0159edm\u011bt\u016f v\u00a0anglick\u00e9m jazyce nav\u0161t\u011bvovan\u00fdch tak\u00e9 zahrani\u010dn\u00edmi studenty v\u00a0r\u00e1mci st\u00e1\u017e\u00ed Erasmus.<\/p>\n<\/div>\n<h5 class=\"collapseomatic highlight\" id=\"id69da57aeb2207\"  tabindex=\"0\" title=\"V\u00fdzkumn\u00e1 \u010dinnost\"    >V\u00fdzkumn\u00e1 \u010dinnost<\/h5><div id=\"target-id69da57aeb2207\" class=\"collapseomatic_content \">\n<p style=\"text-align: justify\">V\u011bdeckou \u010dinnost realizuje \u00daVRV p\u0159edev\u0161\u00edm v\u00a0r\u00e1mci \u0159e\u0161en\u00ed v\u00fdzkumn\u00fdch projekt\u016f z\u00edskan\u00fdch v\u00a0dom\u00e1c\u00edch i mezin\u00e1rodn\u00edch grantov\u00fdch sout\u011b\u017e\u00edch, a to v\u00a0multidisciplin\u00e1rn\u00ed spolupr\u00e1ci s\u00a0pracovi\u0161ti v\u00a0\u010cR i v zahrani\u010d\u00ed. \u00daVRV prov\u00e1d\u00ed empirick\u00fd v\u00fdzkum \u0161koln\u00edho vzd\u011bl\u00e1v\u00e1n\u00ed p\u0159i vyu\u017eit\u00ed jak kvantitativn\u00edch, tak i kvalitativn\u00edch metod v\u00fdzkumu a jejich vhodn\u00e9 kombinace a s\u00a0d\u016frazem na longitudin\u00e1ln\u00ed a panelov\u00e9 studie.<\/p>\n<p style=\"text-align: justify\">V\u00fdzkum \u00daVRV se zam\u011b\u0159uje na \u0161irokou \u0161k\u00e1lu t\u00e9mat p\u0159edev\u0161\u00edm v n\u00e1sleduj\u00edc\u00edch oblastech:<\/p>\n<ul>\n<li style=\"text-align: justify\">pr\u016fchod \u017e\u00e1k\u016f a student\u016f vzd\u011bl\u00e1vac\u00ed soustavou, volba \u0161koly a p\u0159echody mezi vzd\u011bl\u00e1vac\u00edmi stupni s\u00a0d\u016frazem na selektivitu vzd\u011bl\u00e1vac\u00edho syst\u00e9mu v\u00a0\u010cR;<\/li>\n<li style=\"text-align: justify\">zji\u0161\u0165ov\u00e1n\u00ed v\u00fdsledk\u016f vzd\u011bl\u00e1v\u00e1n\u00ed od p\u0159ed\u0161koln\u00edho po v\u0161eobecn\u00e9 st\u0159edn\u00ed i odborn\u00e9 vzd\u011bl\u00e1v\u00e1n\u00ed;<\/li>\n<li style=\"text-align: justify\">nerovnosti ve vzd\u011bl\u00e1v\u00e1n\u00ed, vliv soci\u00e1ln\u00edho a ekonomick\u00e9ho statusu, genderu a etnicity na v\u00fdsledky vzd\u011bl\u00e1v\u00e1n\u00ed;<\/li>\n<li style=\"text-align: justify\">sekund\u00e1rn\u00ed anal\u00fdzy dat z\u00a0mezin\u00e1rodn\u00edch v\u00fdzkum\u016f v\u00fdsledk\u016f vzd\u011bl\u00e1v\u00e1n\u00ed (nap\u0159. TIMSS, PIRLS, PISA, ICCS, TALIS) a kritick\u00e9 hodnocen\u00ed jejich dopad\u016f na utv\u00e1\u0159en\u00ed n\u00e1rodn\u00edch politik vzd\u011bl\u00e1v\u00e1n\u00ed;<\/li>\n<li style=\"text-align: justify\">zji\u0161\u0165ov\u00e1n\u00ed kvality a efektivity \u0161kol a mo\u017enostem propojov\u00e1n\u00ed intern\u00ed (vnit\u0159n\u00ed hodnocen\u00ed \u0161koly \u2013 autoevaluace) a extern\u00ed evaluace (inspek\u010dn\u00ed \u010dinnost a extern\u00ed testov\u00e1n\u00ed);<\/li>\n<li style=\"text-align: justify\">v\u00fdzkum u\u010ditel\u016f s\u00a0d\u016frazem na zji\u0161\u0165ov\u00e1n\u00ed jejich postoj\u016f a p\u0159esv\u011bd\u010den\u00ed, hodnocen\u00ed podm\u00ednek pr\u00e1ce u\u010ditel\u016f a mo\u017enost\u00ed jejich dal\u0161\u00edho profesn\u00edho r\u016fstu;<\/li>\n<li style=\"text-align: justify\">transformace vzd\u011bl\u00e1vac\u00edch syst\u00e9m\u016f v\u00a0zem\u00edch st\u0159edn\u00ed a v\u00fdchodn\u00ed Evropy po p\u00e1du \u017eelezn\u00e9 opony;<\/li>\n<li style=\"text-align: justify\">hodnocen\u00ed \u017e\u00e1k\u016f a student\u016f a rozv\u00edjen\u00ed formativn\u00edho hodnocen\u00ed;<\/li>\n<li style=\"text-align: justify\">teorie a v\u00fdvoj kurikula.<\/li>\n<\/ul>\n<p style=\"text-align: justify\">Od roku 2007 \u00daVRV ve spolupr\u00e1ci s\u00a0Pedagogickou fakultou Masarykovy univerzity rediguje odborn\u00fd mezin\u00e1rodn\u00ed recenzovan\u00fd \u010dasopis <em>Orbis scholae<\/em> s\u00a0texty jak v\u00a0\u010desk\u00e9m a slovensk\u00e9m, tak i v\u00a0anglick\u00e9m jazyce. \u010casopis je indexov\u00e1n v \u0159ad\u011b mezin\u00e1rodn\u00edch datab\u00e1z\u00ed v\u010detn\u011b datab\u00e1ze Scopus (www.orbisscholae.cz).<\/p>\n<\/div><!--:--><!--:en--><\/p>\n<p><!--:--><\/p>\n","protected":false},"excerpt":{"rendered":"<p>\u00dastav v\u00fdzkumu a rozvoje vzd\u011bl\u00e1v\u00e1n\u00ed (\u00daVRV) PEDAGOGICK\u00c1 FAKULTA UNIVERZITA KARLOVA \u00dastav v\u00fdzkumu a rozvoje vzd\u011bl\u00e1v\u00e1n\u00ed je pracovi\u0161t\u011b Pedagogick\u00e9 fakulty Univerzity Karlovy pro v\u00fdzkumnou, v\u00fdvojovou a vzd\u011bl\u00e1vac\u00ed \u010dinnost v\u00a0oblasti pedagogick\u00fdch v\u011bd. Navazuje na tradici v\u011bdeckov\u00fdzkumn\u00e9ho pracovi\u0161t\u011b, kter\u00e9 bylo zalo\u017eeno na pedagogick\u00e9 fakult\u011b v\u00a0roce 1990 a ve kter\u00e9m p\u016fsobili p\u0159edn\u00ed \u010de\u0161t\u00ed i zahrani\u010dn\u00ed odborn\u00edci, mezi nimi Ji\u0159\u00ed <a href='https:\/\/pages.pedf.cuni.cz\/uvrv\/o-ustavu\/' class='excerpt-more'>[&#8230;]<\/a><\/p>\n","protected":false},"author":388,"featured_media":0,"parent":0,"menu_order":6,"comment_status":"closed","ping_status":"closed","template":"1r-sidebar.php","meta":{"_monsterinsights_skip_tracking":false,"_monsterinsights_sitenote_active":false,"_monsterinsights_sitenote_note":"","_monsterinsights_sitenote_category":0,"footnotes":""},"class_list":["post-373","page","type-page","status-publish","hentry","post-seq-1","post-parity-odd","meta-position-corners","fix"],"_links":{"self":[{"href":"https:\/\/pages.pedf.cuni.cz\/uvrv\/wp-json\/wp\/v2\/pages\/373","targetHints":{"allow":["GET"]}}],"collection":[{"href":"https:\/\/pages.pedf.cuni.cz\/uvrv\/wp-json\/wp\/v2\/pages"}],"about":[{"href":"https:\/\/pages.pedf.cuni.cz\/uvrv\/wp-json\/wp\/v2\/types\/page"}],"author":[{"embeddable":true,"href":"https:\/\/pages.pedf.cuni.cz\/uvrv\/wp-json\/wp\/v2\/users\/388"}],"replies":[{"embeddable":true,"href":"https:\/\/pages.pedf.cuni.cz\/uvrv\/wp-json\/wp\/v2\/comments?post=373"}],"version-history":[{"count":7,"href":"https:\/\/pages.pedf.cuni.cz\/uvrv\/wp-json\/wp\/v2\/pages\/373\/revisions"}],"predecessor-version":[{"id":3143,"href":"https:\/\/pages.pedf.cuni.cz\/uvrv\/wp-json\/wp\/v2\/pages\/373\/revisions\/3143"}],"wp:attachment":[{"href":"https:\/\/pages.pedf.cuni.cz\/uvrv\/wp-json\/wp\/v2\/media?parent=373"}],"curies":[{"name":"wp","href":"https:\/\/api.w.org\/{rel}","templated":true}]}}