{"id":374,"date":"2010-04-18T13:42:07","date_gmt":"2010-04-18T11:42:07","guid":{"rendered":"http:\/\/userweb.pedf.cuni.cz\/wp\/uvrv\/pracovnici\/"},"modified":"2020-10-23T11:26:24","modified_gmt":"2020-10-23T09:26:24","slug":"pracovnici","status":"publish","type":"page","link":"https:\/\/pages.pedf.cuni.cz\/uvrv\/pracovnici\/","title":{"rendered":"Pracovn\u00edci"},"content":{"rendered":"<p><!--:cz-->\n<table id=\"tablepress-2\" class=\"tablepress tablepress-id-2 tbody-has-connected-cells\">\n<tbody class=\"row-striping row-hover\">\n<tr class=\"row-1\">\n\t<td colspan=\"2\" class=\"column-1\"><strong>\u0158EDITEL \u00daSTAVU<\/strong><\/td><td class=\"column-3\"><\/td><td class=\"column-4\"><\/td>\n<\/tr>\n<tr class=\"row-2\">\n\t<td class=\"column-1\"><img loading=\"lazy\" decoding=\"async\" src=\"https:\/\/pages.pedf.cuni.cz\/uvrv\/files\/2017\/06\/3V5A9578-e1498727176373.jpg\" width=\"130\" height=\"280\" \/><\/td><td class=\"column-2\"><p style=\"text-align: left\"><a href=\"https:\/\/pages.pedf.cuni.cz\/uvrv\/davidgreger\/\">PhDr. David Greger, Ph.D.<\/a><\/p><br \/>\n<\/td><td class=\"column-3\"><a href=\"mailto:david.greger@pedf.cuni.cz\">david.greger@pedf.cuni.cz<\/a><br \/>\n<p style=\"text-align: center\">+420 221 900 528<\/p><br \/>\n<p style=\"text-align: center\" align=\"center\">M208<\/p><br \/>\n<\/td><td class=\"column-4\"><p style=\"text-align: center\">Po: 10 - 12 hod.<\/p><br \/>\n(pouze po p\u0159edchoz\u00ed domluv\u011b)<\/td>\n<\/tr>\n<tr class=\"row-3\">\n\t<td colspan=\"2\" class=\"column-1\"><strong>Z\u00c1STUPCE \u0158EDITELE<\/strong><\/td><td class=\"column-3\"><\/td><td class=\"column-4\"><\/td>\n<\/tr>\n<tr class=\"row-4\">\n\t<td class=\"column-1\"><img loading=\"lazy\" decoding=\"async\" src=\"https:\/\/pages.pedf.cuni.cz\/uvrv\/files\/2017\/06\/3V5A9561-e1498727219607.jpg\" alt=\"karel_stary\" width=\"130\" height=\"110\" class=\"size-thumbnail wp-image-440\" \/><\/td><td class=\"column-2\"><a href=\"https:\/\/pages.pedf.cuni.cz\/uvrv\/karelstary\/\">PhDr. Karel Star\u00fd, Ph.D.<\/a><\/td><td class=\"column-3\"><a href=\"mailto:karel.stary@pedf.cuni.cz\">karel.stary@pedf.cuni.cz<\/a><br \/>\n<p style=\"text-align: center\">+420 221 900 552<\/p><br \/>\n<p style=\"text-align: center\" align=\"center\">M203<\/p><\/td><td class=\"column-4\"><p style=\"text-align: center\">\u00dat: 12 - 14 hod.<\/p><br \/>\n<\/td>\n<\/tr>\n<tr class=\"row-5\">\n\t<td colspan=\"2\" class=\"column-1\"><strong>AKADEMI\u010cT\u00cd PRACOVN\u00cdCI<\/strong><\/td><td class=\"column-3\"><\/td><td class=\"column-4\"><\/td>\n<\/tr>\n<tr class=\"row-6\">\n\t<td class=\"column-1\"><img loading=\"lazy\" decoding=\"async\" src=\"https:\/\/pages.pedf.cuni.cz\/uvrv\/files\/2017\/06\/3V5A9516-e1498727436515.jpg\" alt=\"eliska_walterova\" width=\"130\" height=\"110\" class=\"aligncenter size-thumbnail wp-image-436\" \/><\/a><\/td><td class=\"column-2\"><a href=\"https:\/\/pages.pedf.cuni.cz\/uvrv\/eliska-walterova\/\">Prof. PhDr. Eli\u0161ka Walterov\u00e1, CSc.<\/a><\/td><td class=\"column-3\"><a href=\"mailto:eliska.walterova@pedf.cuni.cz\">eliska.walterova@pedf.cuni.cz<\/a><br \/>\n<p style=\"text-align: center\">+420 221 900 530<\/p><br \/>\n<p style=\"text-align: center\" align=\"center\">M206a<\/p><\/td><td class=\"column-4\"><p style=\"text-align: center\">Po: 14 - 16 hod. (eventu\u00e1ln\u011b dle dohody v jin\u00fdch term\u00ednech)<\/p><\/td>\n<\/tr>\n<tr class=\"row-7\">\n\t<td class=\"column-1\"><img loading=\"lazy\" decoding=\"async\" src=\"https:\/\/pages.pedf.cuni.cz\/uvrv\/files\/2017\/06\/3V5A9543-e1498727275318.jpg\" width=\"130\" height=\"110\" class=\"aligncenter size-thumbnail wp-image-444\" \/><\/a><\/td><td class=\"column-2\"><a href=\"https:\/\/pages.pedf.cuni.cz\/uvrv\/dominik-dvorak\/\">RNDr. Dominik Dvo\u0159\u00e1k, Ph.D.<\/a><\/td><td class=\"column-3\"><a href=\"mailto:dominik.dvorak@pedf.cuni.cz\">dominik.dvorak@pedf.cuni.cz<\/a><br \/>\n<p style=\"text-align: center\">+420 221 900 533<\/p><br \/>\n<p style=\"text-align: center\" align=\"center\">M203<\/p><\/td><td class=\"column-4\"><p style=\"text-align: center\">Po: 10 - 12  hod.<\/p><br \/>\n<\/td>\n<\/tr>\n<tr class=\"row-8\">\n\t<td class=\"column-1\"><img loading=\"lazy\" decoding=\"async\" src=\"https:\/\/pages.pedf.cuni.cz\/uvrv\/files\/2018\/02\/forka-pateicia-martinkova.png\" alt=\"martinkova\" width=\"130\" height=\"110\" class=\"aligncenter size-thumbnail wp-image-568\" \/><\/a><\/td><td class=\"column-2\"><a href=\"https:\/\/pages.pedf.cuni.cz\/uvrv\/patricia-martinkova\/\">Doc. RNDr. Patr\u00edcia Martinkov\u00e1, Ph.D.<\/a><\/td><td class=\"column-3\"><a href=\"mailto:patricia.martinkova@pedf.cuni.cz\">patricia.martinkova@pedf.cuni.cz<\/a><br \/>\n<p style=\"text-align: center\">+420 221 900 535<\/p><br \/>\n<p style=\"text-align: center\" align=\"center\">M204<\/p><\/td><td class=\"column-4\"><p style=\"text-align: center\">dle individ. domluvy <br><\/td>\n<\/tr>\n<tr class=\"row-9\">\n\t<td class=\"column-1\"><img loading=\"lazy\" decoding=\"async\" src=\"https:\/\/pages.pedf.cuni.cz\/uvrv\/files\/2022\/03\/JanaStrakova_fotoKaterinaSovova-2-scaled-e1646491478204.jpg\" alt=\"Jana Strakov\u00e1\" width=\"130\" height=\"110\" class=\"aligncenter size-thumbnail wp-image-493\" \/><\/a><\/td><td class=\"column-2\"><a href=\"https:\/\/pages.pedf.cuni.cz\/uvrv\/janastrakova\/\">Doc. RNDr. Jana Strakov\u00e1, Ph.D.<\/a><\/td><td class=\"column-3\"><a href=\"mailto:jana.strakova@pedf.cuni.cz\">jana.strakova@pedf.cuni.cz<\/a><br \/>\n<p style=\"text-align: center\">+420 221 900 527<\/p><br \/>\n<p style=\"text-align: center\" align=\"center\">M107<\/p><\/td><td class=\"column-4\"><p style=\"text-align: center\">Po: 13 - 15 hod.<\/p><br \/>\n<\/td>\n<\/tr>\n<tr class=\"row-10\">\n\t<td class=\"column-1\"><img loading=\"lazy\" decoding=\"async\" src=\"https:\/\/pages.pedf.cuni.cz\/uvrv\/files\/2017\/06\/3V5A9540-e1498727284911.jpg\" alt=\"simonova\" width=\"130\" height=\"110\" class=\"aligncenter size-thumbnail wp-image-564\" \/><\/a><\/td><td class=\"column-2\"><a href=\"https:\/\/pages.pedf.cuni.cz\/uvrv\/jaroslavasimonova\">Mgr. Jaroslava Simonov\u00e1, Ph.D.<\/a><\/td><td class=\"column-3\"><a href=\"mailto:jaroslava.simonova@pedf.cuni.cz\">jaroslava.simonova@pedf.cuni.cz<\/a><br \/>\n<p style=\"text-align: center\">+420 221 900 531<\/p><br \/>\n<p style=\"text-align: center\" align=\"center\">M107<\/p><\/td><td class=\"column-4\"><p style=\"text-align: center\">\u00dat: 9 - 11  hod.<\/p><\/td>\n<\/tr>\n<tr class=\"row-11\">\n\t<td class=\"column-1\"><a href=\"https:\/\/pages.pedf.cuni.cz\/uvrv\/eva-potuznikova\/\"><img loading=\"lazy\" decoding=\"async\" src=\"https:\/\/pages.pedf.cuni.cz\/uvrv\/files\/2017\/06\/3V5A9536-200x300.jpg\" alt=\"\" width=\"130\" height=\"240\" class=\"aligncenter size-medium wp-image-2970\" \/><\/a><\/td><td class=\"column-2\"><a href=\"https:\/\/pages.pedf.cuni.cz\/uvrv\/eva-potuznikova\/\">Mgr. Eva Potu\u017en\u00edkov\u00e1, Ph.D.<br \/>\n<\/a><\/td><td class=\"column-3\"><a href=\"mailto:eva.potuznikova@centrum.cz\">\teva.potuznikova@centrum.cz<\/a><br \/>\n<p style=\"text-align: center\">+221 900 527<br \/>\n<\/p><br \/>\n<p style=\"text-align: center\" align=\"center\">Mysl\u00edkova 7, \u010d. 106<br \/>\n<\/p><\/td><td class=\"column-4\"><p style=\"text-align: center\"> --- <\/p><\/td>\n<\/tr>\n<tr class=\"row-12\">\n\t<td class=\"column-1\"><img decoding=\"async\" src=\"https:\/\/pages.pedf.cuni.cz\/uvrv\/files\/2022\/12\/Vit-Stastny_1.jpg\" alt=\"V\u00edt \u0160\u0165astn\u00fd\" width=\"130\" class=\"aligncenter size-thumbnail wp-image-566\" \/><\/a><\/td><td class=\"column-2\"><a href=\"https:\/\/pages.pedf.cuni.cz\/uvrv\/vitstastny\">Doc. PhDr. V\u00ed\u00adt \u0160\u0165astn\u00fd, Ph.D.<\/a><\/td><td class=\"column-3\"><a href=\"mailto:vit.stastny@pedf.cuni.cz\">vit.stastny@pedf.cuni.cz<\/a><br \/>\n<p style=\"text-align: center\">+420 221 900 526<\/p><br \/>\n<p style=\"text-align: center\" align=\"center\">M204<\/p><\/td><td class=\"column-4\"><p style=\"text-align: center\">Po: 13:30-14:30 hod.,<br \/>\n(eventu\u00e1ln\u011b dle dohody v jin\u00fdch term\u00ednech)<\/p><\/td>\n<\/tr>\n<tr class=\"row-13\">\n\t<td class=\"column-1\"><strong>POSTDOKTORAND<\/strong><\/td><td class=\"column-2\"><\/td><td class=\"column-3\"><\/td><td class=\"column-4\"><\/td>\n<\/tr>\n<tr class=\"row-14\">\n\t<td class=\"column-1\"><img decoding=\"async\" src=\"https:\/\/pages.pedf.cuni.cz\/uvrv\/files\/2018\/12\/Ivan-Ropovik.png\" alt=\"Ivan Ropovik\" width=\"130\" class=\"aligncenter size-thumbnail wp-image-566\" \/><\/a><\/td><td class=\"column-2\"><p style=\"text-align: left\"><a href=\"https:\/\/pages.pedf.cuni.cz\/uvrv\/pracovnici-2\/4893-2\/\">Mgr. Ivan Ropovik, PhD.<\/a><\/p><\/td><td class=\"column-3\"><a href=\"mailto:ivan.ropovik@gmail.com\">ivan.ropovik@gmail.com<\/a><\/td><td class=\"column-4\"><\/td>\n<\/tr>\n<tr class=\"row-15\">\n\t<td colspan=\"2\" class=\"column-1\"><strong>ORGANIZA\u010cN\u00cd Z\u00c1ZEM\u00cd<\/strong><\/td><td class=\"column-3\"><\/td><td class=\"column-4\"><\/td>\n<\/tr>\n<tr class=\"row-16\">\n\t<td class=\"column-1\"><img decoding=\"async\" src=\"https:\/\/pages.pedf.cuni.cz\/uvrv\/files\/2010\/08\/petra_vnukova-120x150.jpg\" alt=\"petra_vnukova\" width=\"130\" class=\"aligncenter size-thumbnail wp-image-457\" \/><\/a><\/td><td class=\"column-2\">Petra Vnukov\u00e1<\/td><td class=\"column-3\"><a href=\"mailto:petra.vnukova@pedf.cuni.cz\">petra.vnukova@pedf.cuni.cz<\/a><br \/>\n<p style=\"text-align: center\">+420 221 900 535<\/p><br \/>\n<p style=\"text-align: center\" align=\"center\">M207<\/p><\/td><td class=\"column-4\"><\/td>\n<\/tr>\n<tr class=\"row-17\">\n\t<td colspan=\"2\" class=\"column-1\"><strong>EXTERN\u00cd SPOLUPRACOVN\u00cdCI<\/strong><\/td><td class=\"column-3\"><\/td><td class=\"column-4\"><\/td>\n<\/tr>\n<tr class=\"row-18\">\n\t<td class=\"column-1\"><img decoding=\"async\" src=\"https:\/\/pages.pedf.cuni.cz\/uvrv\/files\/2010\/08\/pert_urbanek.jpg\" alt=\"pert_urbanek\" width=\"130\" class=\"aligncenter size-thumbnail wp-image-452\" \/><\/a><\/td><td class=\"column-2\"><p style=\"text-align: left\"><a href=\"https:\/\/pages.pedf.cuni.cz\/uvrv\/petr-urbanek\/\">Doc. PaedDr. Petr Urb\u00e1nek, Dr.<\/a><\/p><br \/>\n<\/td><td class=\"column-3\"><a href=\"mailto:petr.urbanek@pedf.cuni.cz\">petr.urbanek@pedf.cuni.cz<\/a><br \/>\n<p style=\"text-align: center\">+420 221 900 526<\/p><\/td><td class=\"column-4\"><p style=\"text-align: center\">Po p\u0159edchoz\u00ed domluv\u011b emailem<\/p><\/td>\n<\/tr>\n<tr class=\"row-19\">\n\t<td class=\"column-1\"><img loading=\"lazy\" decoding=\"async\" src=\"https:\/\/pages.pedf.cuni.cz\/uvrv\/files\/2018\/12\/radka_smith_slamova.jpg\" alt=\"Radka Smith Sl\u00e1mov\u00e1\" width=\"100\" height=\"110\" class=\"aligncenter size-thumbnail wp-image-609\" \/><\/a><\/td><td class=\"column-2\"><a href=\"https:\/\/pages.pedf.cuni.cz\/uvrv\/mgr-radka-smith-slamova\">Mgr. Radka Smith Sl\u00e1mov\u00e1, Ph.D.<\/a><\/td><td class=\"column-3\"><a href=\"mailto:radka.slamova@gmail.com\">radka.slamova@gmail.com<\/a><br \/>\n<p style=\"text-align: center\" align=\"center\">M204<\/p><\/td><td class=\"column-4\"><\/td>\n<\/tr>\n<tr class=\"row-20\">\n\t<td class=\"column-1\"><img loading=\"lazy\" decoding=\"async\" src=\"https:\/\/pages.pedf.cuni.cz\/uvrv\/files\/2017\/06\/3V5A9510-e1498727445392.jpg\" alt=\"hana_vonkova\" width=\"130\" height=\"110\" class=\"aligncenter size-thumbnail wp-image-500\" \/><\/a><\/td><td class=\"column-2\"><p style=\"text-align: left\"><a href=\"https:\/\/pages.pedf.cuni.cz\/uvrv\/hanavonkova\/\">Prof. PhDr. RNDr. Hana Vo\u0148kov\u00e1, Ph.D. et Ph.D.<\/a><\/p><br \/>\n<\/td><td class=\"column-3\"><a href=\"mailto:hana.vonkova@pedf.cuni.cz\">hana.vonkova@pedf.cuni.cz<\/a><br \/>\n<p style=\"text-align: center\">+420 221 900 531<\/p><\/td><td class=\"column-4\"><p style=\"text-align: center\">\u010ct: 10:30 - 11:15 hod.<\/p><br \/>\n<\/td>\n<\/tr>\n<tr class=\"row-21\">\n\t<td class=\"column-1\"><img loading=\"lazy\" decoding=\"async\" src=\"https:\/\/pages.pedf.cuni.cz\/uvrv\/files\/2017\/06\/3V5A9505-e1498723015488.jpg\" alt=\"laufkova\" width=\"130\" height=\"110\" class=\"aligncenter size-thumbnail wp-image-568\" \/><\/a><\/td><td class=\"column-2\"><a href=\"https:\/\/pages.pedf.cuni.cz\/uvrv\/veronikalaufkova\">PhDr. Veronika Laufkov\u00e1, Ph.D.<\/a><\/td><td class=\"column-3\"><a href=\"mailto:veronika.laufkova@pedf.cuni.cz\">veronika.laufkova@pedf.cuni.cz<\/a><br \/>\n<p style=\"text-align: center\">+420 221 900 526<\/p><br \/>\n<p style=\"text-align: center\" align=\"center\">M204<\/p><\/td><td class=\"column-4\"><p style=\"text-align: center\">dle individu\u00e1ln\u00ed domluvy<\/p><\/td>\n<\/tr>\n<tr class=\"row-22\">\n\t<td colspan=\"2\" class=\"column-1\"><strong>INTERN\u00cd DOKTORANDI<\/strong><\/td><td class=\"column-3\"><\/td><td class=\"column-4\"><\/td>\n<\/tr>\n<tr class=\"row-23\">\n\t<td class=\"column-1\"><img decoding=\"async\" src=\"https:\/\/pages.pedf.cuni.cz\/uvrv\/files\/2020\/12\/sejnohova.jpg\" alt=\"Krist\u00fdna \u0160ejnohov\u00e1\" width=\"130\" class=\"aligncenter size-thumbnail wp-image-609\" \/><\/a><\/td><td class=\"column-2\"><a href=\"https:\/\/pages.pedf.cuni.cz\/uvrv\/kristyna-sejnohova\/\">Mgr. Krist\u00fdna \u0160ejnohov\u00e1<\/a><\/td><td class=\"column-3\"><a href=\"sejnohovak@gmail.com\">sejnohovak@gmail.com<\/a><br \/>\n<p style=\"text-align: center\">+420 221 900 527<\/p><br \/>\n<p style=\"text-align: center\" align=\"center\">M204<\/p><\/td><td class=\"column-4\"><\/td>\n<\/tr>\n<tr class=\"row-24\">\n\t<td class=\"column-1\"><img decoding=\"async\" src=\"https:\/\/pages.pedf.cuni.cz\/uvrv\/files\/2020\/12\/donovalova-scaled.jpg\" alt=\"Anna Donovalov\u00e1\" width=\"130\" class=\"aligncenter size-thumbnail wp-image-609\" \/><\/a><\/td><td class=\"column-2\"><a href=\"https:\/\/pages.pedf.cuni.cz\/uvrv\/anna-donovalova\/\">Mgr. Anna Donovalov\u00e1<\/a><\/td><td class=\"column-3\"><a href=\"anna.donovalova1@gmail.com\">anna.donovalova1@gmail.com<\/a><br \/>\n<p style=\"text-align: center\">+420 221 900 527<\/p><br \/>\n<p style=\"text-align: center\" align=\"center\">M204<\/p><\/td><td class=\"column-4\"><\/td>\n<\/tr>\n<tr class=\"row-25\">\n\t<td class=\"column-1\"><img decoding=\"async\" src=\"https:\/\/pages.pedf.cuni.cz\/uvrv\/files\/2020\/11\/Fotka-Ondrej-Kozeluh.jpg\" alt=\"Ond\u0159ej Ko\u017eeluh\" width=\"130\" class=\"aligncenter size-thumbnail wp-image-609\" \/><\/a><\/td><td class=\"column-2\"><a href=\"https:\/\/pages.pedf.cuni.cz\/uvrv\/ondrej-kozeluh\/\">Mgr. Ond\u0159ej Ko\u017eeluh<\/a><\/td><td class=\"column-3\"><a href=\"coroner@volny.cz\">coroner@volny.cz<\/a><br \/>\n<p style=\"text-align: center\">+420 221 900 527<\/p><br \/>\n<p style=\"text-align: center\" align=\"center\">M204<\/p><\/td><td class=\"column-4\"><\/td>\n<\/tr>\n<tr class=\"row-26\">\n\t<td class=\"column-1\"><img decoding=\"async\" src=\"https:\/\/pages.pedf.cuni.cz\/uvrv\/files\/2019\/10\/Petra_Holeckova-e1571778763758.jpg\" alt=\"Petra Hole\u010dkov\u00e1\" width=\"130\" class=\"aligncenter size-thumbnail wp-image-609\" \/><\/a><\/td><td class=\"column-2\"><a href=\"https:\/\/pages.pedf.cuni.cz\/uvrv\/mgr-petra-holeckova\/\">Mgr. Petra Hole\u010dkov\u00e1 <\/a><\/td><td class=\"column-3\"><a href=\"mailto:petra.holeckova@pedf.cuni.cz\">petra.holeckova@pedf.cuni.cz<\/a><br \/>\n<p style=\"text-align: center\">+420 221 900 527<\/p><br \/>\n<p style=\"text-align: center\" align=\"center\">M204<\/p><\/td><td class=\"column-4\"><\/td>\n<\/tr>\n<tr class=\"row-27\">\n\t<td class=\"column-1\"><img loading=\"lazy\" decoding=\"async\" src=\"https:\/\/pages.pedf.cuni.cz\/uvrv\/files\/2022\/03\/drobna_foto-scaled-e1648308796868.jpg\" alt=\"Anna Drobn\u00e1\" width=\"130\" height=\"110\" class=\"aligncenter size-thumbnail wp-image-609\" \/><\/a><\/td><td class=\"column-2\"><a href=\"https:\/\/pages.pedf.cuni.cz\/uvrv\/mgr-anna-drobna\/\">Mgr. Anna Drobn\u00e1<\/a><\/td><td class=\"column-3\"><a href=\"mailto:anna-drob@seznam.cz\">anna-drob@seznam.cz<\/a><p style=\"text-align: center\">+420 221 900 527<\/p><br \/>\n<\/td><td class=\"column-4\"><\/td>\n<\/tr>\n<tr class=\"row-28\">\n\t<td class=\"column-1\"><img loading=\"lazy\" decoding=\"async\" src=\"https:\/\/pages.pedf.cuni.cz\/uvrv\/files\/2022\/10\/2.png\" alt=\"Kamil Cinkraut\" width=\"130\" height=\"110\" class=\"aligncenter size-thumbnail wp-image-609\" \/><\/a><\/td><td class=\"column-2\"><a href=\"https:\/\/pages.pedf.cuni.cz\/uvrv\/mgr-kamil-cinkraut\/\">Mgr. Kamil Cinkraut<\/a><\/td><td class=\"column-3\"><a href=\"mailto:kamil.cinkraut@student.pedf.cuni.cz\">kamil.cinkraut984@student.cuni.cz <\/a><p style=\"text-align: center\">+420 221 900 527<\/p><br \/>\n<\/td><td class=\"column-4\"><\/td>\n<\/tr>\n<tr class=\"row-29\">\n\t<td class=\"column-1\"><img loading=\"lazy\" decoding=\"async\" src=\"https:\/\/pages.pedf.cuni.cz\/uvrv\/files\/2022\/11\/Obrazek1.jpg\" alt=\"M.A. Revaz Tabatadze, Ph.D.\" width=\"130\" height=\"110\" class=\"aligncenter size-thumbnail wp-image-609\" \/><\/a><\/td><td class=\"column-2\"><a href=\"https:\/\/pages.pedf.cuni.cz\/uvrv\/m-a-revaz-tabatadze-ph-d\/\">M.A. Revaz Tabatadze, Ph.D.<\/a><\/td><td class=\"column-3\"><a href=\"mailto:revaz.tabatadze@ug.edu.ge\">revaz.tabatadze@ug.edu.ge<\/a><p style=\"text-align: center\">+420 221 900 527<\/p><br \/>\n<\/td><td class=\"column-4\"><\/td>\n<\/tr>\n<tr class=\"row-30\">\n\t<td class=\"column-1\"><img loading=\"lazy\" decoding=\"async\" src=\"https:\/\/pages.pedf.cuni.cz\/uvrv\/files\/2022\/11\/DSC04320-scaled.jpg\" alt=\"M.A. Nina Jovanovi\u0107\" width=\"130\" height=\"110\" class=\"aligncenter size-thumbnail wp-image-609\" \/><\/a><\/td><td class=\"column-2\"><a href=\"https:\/\/pages.pedf.cuni.cz\/uvrv\/m-a-nina-jovanovic\/\">M.A. Nina Jovanovi\u0107<\/a><\/td><td class=\"column-3\"><a href=\"mailto:ninajovanovic1995@gmail.com\">ninajovanovic1995@gmail.com<\/a><p style=\"text-align: center\">+420 221 900 527<\/p><br \/>\n<\/td><td class=\"column-4\"><\/td>\n<\/tr>\n<tr class=\"row-31\">\n\t<td class=\"column-1\"><img loading=\"lazy\" decoding=\"async\" src=\"https:\/\/pages.pedf.cuni.cz\/uvrv\/files\/2024\/01\/zhu.jpg\" alt=\"Mgr. Yu Zhu\" width=\"130\" height=\"110\" class=\"aligncenter size-thumbnail wp-image-609\" \/><\/a><\/td><td class=\"column-2\"><a href=\"https:\/\/pages.pedf.cuni.cz\/uvrv\/mgr-yu-zhu\/\">Mgr. Yu Zhu<\/a><\/td><td class=\"column-3\"><a href=\"mailto:yu.zhu@pedf.cuni.cz\">yu.zhu@pedf.cuni.cz<\/a><p style=\"text-align: center\">+420 221 900 527<\/p><br \/>\n<\/td><td class=\"column-4\"><\/td>\n<\/tr>\n<tr class=\"row-32\">\n\t<td class=\"column-1\"><img loading=\"lazy\" decoding=\"async\" src=\"https:\/\/pages.pedf.cuni.cz\/uvrv\/files\/2022\/11\/Dombinskaya.jpg\" alt=\"Mgr. Natalia Dombinskaya\" width=\"130\" height=\"110\" class=\"aligncenter size-thumbnail wp-image-609\" \/><\/a><\/td><td class=\"column-2\"><a href=\"https:\/\/pages.pedf.cuni.cz\/uvrv\/mgr-natalia-dombinskaya\/\">Mgr. Natalia Dombinskaya <\/a><\/td><td class=\"column-3\"><a href=\"mailto:sdombinskaya@gmail.com\">dombinskaya@gmail.com<\/a><p style=\"text-align: center\">+420 221 900 527<\/p><br \/>\n<\/td><td class=\"column-4\"><\/td>\n<\/tr>\n<tr class=\"row-33\">\n\t<td class=\"column-1\"><a href=\"https:\/\/pages.pedf.cuni.cz\/uvrv\/files\/2024\/11\/Kaitlin-Griffith_profile_picture.png\"><img loading=\"lazy\" decoding=\"async\" src=\"https:\/\/pages.pedf.cuni.cz\/uvrv\/files\/2024\/11\/Kaitlin-Griffith_profile_picture-300x300.png\" alt=\"\" width=\"130\" height=\"130\" class=\"aligncenter size-thumbnail wp-image-609\" \/><\/a><\/td><td class=\"column-2\"><a href=\"https:\/\/pages.pedf.cuni.cz\/uvrv\/kaitlin-griffith\/\">M.Ed. Kaitlin Griffith <\/a><\/td><td class=\"column-3\"><a href=\"mailto:kaitlingriiffit.h@gmail.com\">kaitlingriiffit.h@gmail.com<\/a><\/td><td class=\"column-4\"><\/td>\n<\/tr>\n<tr class=\"row-34\">\n\t<td class=\"column-1\"><img loading=\"lazy\" decoding=\"async\" src=\"https:\/\/pages.pedf.cuni.cz\/uvrv\/files\/2023\/12\/kment.jpg\" alt=\"\u0160t\u011bp\u00e1n Kment, MPhil\" width=\"130\" height=\"110\" class=\"aligncenter size-thumbnail wp-image-609\" \/><\/a><\/td><td class=\"column-2\"><a href=\"https:\/\/pages.pedf.cuni.cz\/uvrv\/stepan-kment-mphil\/\">\u0160t\u011bp\u00e1n Kment, MPhil <\/a><\/td><td class=\"column-3\"><a href=\"mailto:sk2101@cantab.ac.uk\">sk2101@cantab.ac.uk<\/a><p style=\"text-align: center\">+420 221 900 527<\/p><\/td><td class=\"column-4\"><\/td>\n<\/tr>\n<tr class=\"row-35\">\n\t<td class=\"column-1\"><img loading=\"lazy\" decoding=\"async\" src=\"https:\/\/pages.pedf.cuni.cz\/uvrv\/files\/2023\/12\/krejci.jpg\" alt=\"\u0160t\u011bp\u00e1n Kment, MPhil\" width=\"130\" height=\"110\" class=\"aligncenter size-thumbnail wp-image-609\" \/><\/a><\/td><td class=\"column-2\"><a href=\"https:\/\/pages.pedf.cuni.cz\/uvrv\/mgr-zuzana-krejci\/\">Mgr. Zuzana Krej\u010d\u00ed <\/a><\/td><td class=\"column-3\"><a href=\"mailto:zuzana.krejci2@pedf.cuni.cz\">zuzana.krejci2@pedf.cuni.cz<\/a><p style=\"text-align: center\">+420 221 900 527<\/p><\/td><td class=\"column-4\"><\/td>\n<\/tr>\n<tr class=\"row-36\">\n\t<td class=\"column-1\"><a href=\"https:\/\/pages.pedf.cuni.cz\/uvrv\/files\/2024\/10\/Netik.png\"><img decoding=\"async\" src=\"https:\/\/pages.pedf.cuni.cz\/uvrv\/files\/2024\/10\/Netik-300x272.png\" alt=\"\" width=\"130\" class=\"alignnone size-medium wp-image-6733\" srcset=\"https:\/\/pages.pedf.cuni.cz\/uvrv\/files\/2024\/10\/Netik-300x272.png 300w, https:\/\/pages.pedf.cuni.cz\/uvrv\/files\/2024\/10\/Netik.png 700w\" sizes=\"(max-width: 300px) 100vw, 300px\" \/><\/a><\/td><td class=\"column-2\"><a href=\"https:\/\/pages.pedf.cuni.cz\/uvrv\/mgr-jan-netik\/\">Mgr. Jan Net\u00edk <\/a><\/td><td class=\"column-3\"><a href=\"mailto:netikja@gmail.com\"> netikja@gmail.com <\/a><p style=\"text-align: center\">+420 221 900 527<\/p><\/td><td class=\"column-4\"><\/td>\n<\/tr>\n<tr class=\"row-37\">\n\t<td class=\"column-1\"><a href=\"https:\/\/pages.pedf.cuni.cz\/uvrv\/files\/2024\/11\/Suchanek_Jiri_profile_picture.jpg\"><img decoding=\"async\" src=\"https:\/\/pages.pedf.cuni.cz\/uvrv\/files\/2024\/11\/Suchanek_Jiri_profile_picture-217x300.jpg\" alt=\"\" width=\"130\" height=\"automatic\" class=\"alignnone size-medium wp-image-6903\" srcset=\"https:\/\/pages.pedf.cuni.cz\/uvrv\/files\/2024\/11\/Suchanek_Jiri_profile_picture-217x300.jpg 217w, https:\/\/pages.pedf.cuni.cz\/uvrv\/files\/2024\/11\/Suchanek_Jiri_profile_picture.jpg 494w\" sizes=\"(max-width: 217px) 100vw, 217px\" \/><\/a><\/td><td class=\"column-2\"><a href=\"https:\/\/pages.pedf.cuni.cz\/uvrv\/jiri-suchanek\/\">Mgr. Ji\u0159\u00ed Such\u00e1nek<\/a><\/td><td class=\"column-3\"><a href=\"jiri.suchanek454@student.cuni.cz<br \/>\n\">jiri.suchanek454@student.cuni.cz<br \/>\n<\/a><\/td><td class=\"column-4\"><\/td>\n<\/tr>\n<tr class=\"row-38\">\n\t<td class=\"column-1\"><\/td><td class=\"column-2\"><a>Bc. Benjamin \u0160imsa Ms.C. <\/a><\/td><td class=\"column-3\"><\/td><td class=\"column-4\"><\/td>\n<\/tr>\n<tr class=\"row-39\">\n\t<td class=\"column-1\"><a href=\"https:\/\/pages.pedf.cuni.cz\/uvrv\/files\/2024\/11\/Jie_Li_profile_photo_orez.jpg\"><img loading=\"lazy\" decoding=\"async\" src=\"https:\/\/pages.pedf.cuni.cz\/uvrv\/files\/2024\/11\/Jie_Li_profile_photo_orez-300x300.jpg\" alt=\"\" width=\"130\" height=\"130\" class=\"aligncenter size-thumbnail wp-image-609\" \/><\/a><\/td><td class=\"column-2\"><a href=\"https:\/\/pages.pedf.cuni.cz\/uvrv\/jie-li\/\">M.A. Jie Li<\/a><\/td><td class=\"column-3\"><a href=\"mailto:jie.li9@uq.net.au\">jie.li9@uq.net.au<\/a><\/td><td class=\"column-4\"><\/td>\n<\/tr>\n<tr class=\"row-40\">\n\t<td colspan=\"2\" class=\"column-1\"><strong>EXTERN\u00cd DOKTORANDI<\/strong><\/td><td class=\"column-3\"><\/td><td class=\"column-4\"><\/td>\n<\/tr>\n<tr class=\"row-41\">\n\t<td class=\"column-1\"><\/td><td class=\"column-2\">Abouelmahasin Ashgan, PhDr.<br \/>\nAli-Rweide Tahani<br \/>\nBon\u011bk Jan, PhDr.<br \/>\nChalu\u0161 Petr, Mgr.<br \/>\nJan\u010dov\u00e1 V\u011bra, Mgr.<br \/>\nKachni\u010d Filip, Mgr.<br \/>\nKourkzi Alice, Mgr.<br \/>\nMaz\u00fachov\u00e1 R\u00e1chel, Mgr.<br \/>\nSkalov\u00e1 Eva, Mgr.<\/td><td class=\"column-3\"><a href=\"mailto:ashgan.abdelrahim2020@gmail.com\">ashgan.abdelrahim2020@gmail.com<\/a>  <br \/>\n<a href=\"mailto:tahaniali01@yahoo.com\">tahaniali01@yahoo.com<\/a>  <br \/>\n<a href=\"mailto:jan.bonek@seznam.cz\">jan.bonek@seznam.cz<\/a>  <br \/>\n<a href=\"mailto:petrchalus@gmail.com\">petrchalus@gmail.com<\/a>  <br \/>\n<a href=\"mailto:jancovadmhc@seznam.cz\">jancovadmhc@seznam.cz<\/a>  <br \/>\n<a href=\"mailto:filip.kachnic@pedf.cuni.cz\">filip.kachnic@pedf.cuni.cz<\/a>  <br \/>\n<a href=\"mailto:alicekourkzi@hotmail.com\">alicekourkzi@hotmail.com<\/a>  <br \/>\n<a href=\"mailto:rachelma@seznam.cz\">rachelma@seznam.cz<\/a>  <br \/>\n<a href=\"mailto:eva.ska@email.cz\">eva.ska@email.cz<\/a>  <\/td><td class=\"column-4\"><\/td>\n<\/tr>\n<\/tbody>\n<\/table>\n<!-- #tablepress-2 from cache -->\n<p><!--:--><\/p>\n","protected":false},"excerpt":{"rendered":"","protected":false},"author":388,"featured_media":0,"parent":0,"menu_order":54,"comment_status":"closed","ping_status":"closed","template":"1r-sidebar.php","meta":{"_monsterinsights_skip_tracking":false,"_monsterinsights_sitenote_active":false,"_monsterinsights_sitenote_note":"","_monsterinsights_sitenote_category":0,"footnotes":""},"class_list":["post-374","page","type-page","status-publish","hentry","post-seq-1","post-parity-odd","meta-position-corners","fix"],"_links":{"self":[{"href":"https:\/\/pages.pedf.cuni.cz\/uvrv\/wp-json\/wp\/v2\/pages\/374","targetHints":{"allow":["GET"]}}],"collection":[{"href":"https:\/\/pages.pedf.cuni.cz\/uvrv\/wp-json\/wp\/v2\/pages"}],"about":[{"href":"https:\/\/pages.pedf.cuni.cz\/uvrv\/wp-json\/wp\/v2\/types\/page"}],"author":[{"embeddable":true,"href":"https:\/\/pages.pedf.cuni.cz\/uvrv\/wp-json\/wp\/v2\/users\/388"}],"replies":[{"embeddable":true,"href":"https:\/\/pages.pedf.cuni.cz\/uvrv\/wp-json\/wp\/v2\/comments?post=374"}],"version-history":[{"count":1,"href":"https:\/\/pages.pedf.cuni.cz\/uvrv\/wp-json\/wp\/v2\/pages\/374\/revisions"}],"predecessor-version":[{"id":5531,"href":"https:\/\/pages.pedf.cuni.cz\/uvrv\/wp-json\/wp\/v2\/pages\/374\/revisions\/5531"}],"wp:attachment":[{"href":"https:\/\/pages.pedf.cuni.cz\/uvrv\/wp-json\/wp\/v2\/media?parent=374"}],"curies":[{"name":"wp","href":"https:\/\/api.w.org\/{rel}","templated":true}]}}