{"id":422,"date":"2010-05-04T12:54:47","date_gmt":"2010-05-04T10:54:47","guid":{"rendered":"http:\/\/userweb.pedf.cuni.cz\/wp\/uvrv\/projekty\/"},"modified":"2025-01-02T11:39:22","modified_gmt":"2025-01-02T10:39:22","slug":"projekty","status":"publish","type":"page","link":"https:\/\/pages.pedf.cuni.cz\/uvrv\/projekty\/","title":{"rendered":"V\u00fdzkumn\u00e9 projekty"},"content":{"rendered":"<p style=\"text-align: justify\"><!--:cz-->V\u00fdzkumnou \u010dinnost realizuje \u00a0\u00daVRV v\u00a0r\u00e1mci \u0159e\u0161en\u00ed v\u00fdzkumn\u00fdch a rozvojov\u00fdch projekt\u016f podporovan\u00fdch Ministerstvem \u0161kolstv\u00ed \u010cR, Grantovou agenturou \u010cR a evropsk\u00fdmi v\u00fdzkumn\u00fdmi projekty. V\u00a0letech 2006 a\u017e 2011 \u0159e\u0161il \u00fastav integrovan\u00fd projekt <a href=\"https:\/\/pages.pedf.cuni.cz\/uvrv\/centrum-zakladniho-vyzkumu\"><i>Centrum z\u00e1kladn\u00edho v\u00fdzkumu \u0161koln\u00edho vzd\u011bl\u00e1v\u00e1n\u00ed<\/i><\/a>, jeho\u017e byl koordin\u00e1torem a v n\u011bm\u017e \u00fazce spolupracoval s\u00a0Institutem v\u00fdzkumu \u0161koln\u00edho vzd\u011bl\u00e1v\u00e1n\u00ed Pedagogick\u00e9 fakulty Masarykovy Univerzity v Brn\u011b. Od roku 2012 pak \u00fastav \u0159e\u0161\u00ed dva velk\u00e9 a \u0159adu men\u0161\u00edch v\u00fdzkumn\u00fdch projekt\u016f (seznam viz n\u00ed\u017ee). \u00dastav je spou\u0159e\u0161itelem <a href=\"https:\/\/pages.pedf.cuni.cz\/uvrv\/close\">Centra excelence<\/a> financovan\u00e9ho v r\u00e1mci sout\u011b\u017ee GA \u010cR, kter\u00fd realizuje prvn\u00ed rozs\u00e1hl\u00fd a dlouhodob\u00fd longitudin\u00e1ln\u00ed v\u00fdzkum ve vzd\u011bl\u00e1v\u00e1n\u00ed v \u010cR. Projekt ozna\u010dujeme stru\u010dn\u011b zkratkou CLoSE &#8211; Czech Longitudinal Study in Education. V tomto projektu spolupracujeme s CERGE-EI\u00a0 NH\u00da AV \u010cR, kde je hlavn\u00edm \u0159e\u0161itelem projektu prof. J. \u0160vejnar a d\u00e1le s N\u00e1rodn\u00edm vzd\u011bl\u00e1vac\u00edm fondem (doc. Ji\u0159\u00ed Ve\u010dern\u00edk). Dal\u0161\u00edm v\u00fdznamn\u00fdm projektu je vnitrouniverzitn\u00ed projekt na podporu excelence, tzv. projekty UNCE (Univerzitn\u00ed centra excelence), kter\u00fd nese n\u00e1zev <a href=\"https:\/\/pages.pedf.cuni.cz\/uvrv\/unce\">Centrum v\u00fdzkumu z\u00e1kladn\u00edho vzd\u011bl\u00e1v\u00e1n\u00ed.<\/a> Na tomto projektu \u00fazce spolupracujeme s dal\u0161\u00edmi pracovi\u0161ti Pedagogick\u00e9 fakulty Univerzity Karlovy v Praze, a to s Katedrou matematiky a didaktiky matematiky, Katedrou \u010desk\u00e9ho jazyka a Katedrou psychologie.<\/p>\n<p>Mezi aktu\u00e1ln\u011b \u0159e\u0161en\u00e9 projekty pat\u0159\u00ed:<\/p>\n<p><a href=\"https:\/\/pages.pedf.cuni.cz\/uvrv\/2024\/12\/04\/uspesna-zadost-o-grant-ga-cr\/\">\u201eKomplexn\u00ed anal\u00fdza dat ze vzd\u011bl\u00e1vac\u00edch m\u011b\u0159en\u00ed pro porozum\u011bn\u00ed kognitivn\u00edm n\u00e1rok\u016fm testov\u00fdch \u00faloh\u201c (2025\u20132027)<\/a><\/p>\n<p>Pro p\u0159ehled ukon\u010den\u00fdch projekt\u016f \u00daVRV klikn\u011bte <a title=\"Ukon\u010den\u00e9 projekty\" href=\"https:\/\/pages.pedf.cuni.cz\/uvrv\/ukoncene-projekty\/\"><strong>ZDE<\/strong><\/a>.<!--:--><!--:en--><\/p>\n<p><!--:--><\/p>\n","protected":false},"excerpt":{"rendered":"<p>V\u00fdzkumnou \u010dinnost realizuje \u00a0\u00daVRV v\u00a0r\u00e1mci \u0159e\u0161en\u00ed v\u00fdzkumn\u00fdch a rozvojov\u00fdch projekt\u016f podporovan\u00fdch Ministerstvem \u0161kolstv\u00ed \u010cR, Grantovou agenturou \u010cR a evropsk\u00fdmi v\u00fdzkumn\u00fdmi projekty. V\u00a0letech 2006 a\u017e 2011 \u0159e\u0161il \u00fastav integrovan\u00fd projekt Centrum z\u00e1kladn\u00edho v\u00fdzkumu \u0161koln\u00edho vzd\u011bl\u00e1v\u00e1n\u00ed, jeho\u017e byl koordin\u00e1torem a v n\u011bm\u017e \u00fazce spolupracoval s\u00a0Institutem v\u00fdzkumu \u0161koln\u00edho vzd\u011bl\u00e1v\u00e1n\u00ed Pedagogick\u00e9 fakulty Masarykovy Univerzity v Brn\u011b. Od roku 2012 <a href='https:\/\/pages.pedf.cuni.cz\/uvrv\/projekty\/' class='excerpt-more'>[&#8230;]<\/a><\/p>\n","protected":false},"author":388,"featured_media":0,"parent":0,"menu_order":10,"comment_status":"closed","ping_status":"closed","template":"","meta":{"_monsterinsights_skip_tracking":false,"_monsterinsights_sitenote_active":false,"_monsterinsights_sitenote_note":"","_monsterinsights_sitenote_category":0,"footnotes":""},"class_list":["post-422","page","type-page","status-publish","hentry","post-seq-1","post-parity-odd","meta-position-corners","fix"],"_links":{"self":[{"href":"https:\/\/pages.pedf.cuni.cz\/uvrv\/wp-json\/wp\/v2\/pages\/422","targetHints":{"allow":["GET"]}}],"collection":[{"href":"https:\/\/pages.pedf.cuni.cz\/uvrv\/wp-json\/wp\/v2\/pages"}],"about":[{"href":"https:\/\/pages.pedf.cuni.cz\/uvrv\/wp-json\/wp\/v2\/types\/page"}],"author":[{"embeddable":true,"href":"https:\/\/pages.pedf.cuni.cz\/uvrv\/wp-json\/wp\/v2\/users\/388"}],"replies":[{"embeddable":true,"href":"https:\/\/pages.pedf.cuni.cz\/uvrv\/wp-json\/wp\/v2\/comments?post=422"}],"version-history":[{"count":20,"href":"https:\/\/pages.pedf.cuni.cz\/uvrv\/wp-json\/wp\/v2\/pages\/422\/revisions"}],"predecessor-version":[{"id":7029,"href":"https:\/\/pages.pedf.cuni.cz\/uvrv\/wp-json\/wp\/v2\/pages\/422\/revisions\/7029"}],"wp:attachment":[{"href":"https:\/\/pages.pedf.cuni.cz\/uvrv\/wp-json\/wp\/v2\/media?parent=422"}],"curies":[{"name":"wp","href":"https:\/\/api.w.org\/{rel}","templated":true}]}}