{"id":429,"date":"2010-05-04T13:03:52","date_gmt":"2010-05-04T11:03:52","guid":{"rendered":"http:\/\/userweb.pedf.cuni.cz\/wp\/uvrv\/kontakt\/"},"modified":"2025-06-03T23:06:20","modified_gmt":"2025-06-03T21:06:20","slug":"kontakt","status":"publish","type":"page","link":"https:\/\/pages.pedf.cuni.cz\/uvrv\/kontakt\/","title":{"rendered":"Kontakt"},"content":{"rendered":"<p><span style=\"font-size: 12pt\"><span style=\"font-family: tahoma,arial,helvetica,sans-serif\"><strong>Email:\u00a0<\/strong><a href=\"mailto:petra.vnukova@pedf.cuni.cz\">petra.vnukova@pedf.cuni.cz<\/a><\/span><\/span><\/p>\n<p><span style=\"font-family: tahoma,arial,helvetica,sans-serif\"><strong>Telefon: <\/strong><\/span><span style=\"font-size: 12pt;color: initial\">+420 221 900 530<\/span><\/p>\n<p><span style=\"font-family: tahoma,arial,helvetica,sans-serif;font-size: 12pt\"><strong>Adresa:<\/strong><\/span><\/p>\n<p style=\"padding-left: 30px\"><span style=\"font-size: 12pt\">\u00dastav v\u00fdzkumu a rozvoje vzd\u011bl\u00e1v\u00e1n\u00ed<\/span><br \/>\n<span style=\"font-size: 12pt\"> Mysl\u00edkova 7<\/span><br \/>\n<span style=\"font-size: 12pt\"> 110 00<\/span><br \/>\n<span style=\"font-size: 12pt\"> Praha 1<\/span><strong><br \/>\n<\/strong><\/p>\n\n<!-- iframe plugin v.6.0 wordpress.org\/plugins\/iframe\/ -->\n<iframe loading=\"lazy\" src=\"https:\/\/www.google.com\/maps\/embed?pb=!1m18!1m12!1m3!1d2560.4600491969286!2d14.41349381562285!3d50.07767297942571!2m3!1f0!2f0!3f0!3m2!1i1024!2i768!4f13.1!3m3!1m2!1s0x470b94f13e1c70fb%3A0x2058908f72959e67!2zTXlzbMOta292YSAyMDgvNywgMTEwIDAwIE5vdsOpIE3Em3N0bw!5e0!3m2!1sde!2scz!4v1544820973326\" width=\"600\" height=\"450\" frameborder=\"0\" style=\"border:0\" 0=\"allowfullscreen\" scrolling=\"yes\" class=\"iframe-class\"><\/iframe>\n<!--:--><!--:en--><\/p>\n<p><!--:--><\/p>\n","protected":false},"excerpt":{"rendered":"<p>Email:\u00a0petra.vnukova@pedf.cuni.cz Telefon: +420 221 900 530 Adresa: \u00dastav v\u00fdzkumu a rozvoje vzd\u011bl\u00e1v\u00e1n\u00ed Mysl\u00edkova 7 110 00 Praha 1<\/p>\n","protected":false},"author":388,"featured_media":0,"parent":0,"menu_order":50,"comment_status":"closed","ping_status":"closed","template":"","meta":{"_monsterinsights_skip_tracking":false,"_monsterinsights_sitenote_active":false,"_monsterinsights_sitenote_note":"","_monsterinsights_sitenote_category":0,"footnotes":""},"class_list":["post-429","page","type-page","status-publish","hentry","post-seq-1","post-parity-odd","meta-position-corners","fix"],"_links":{"self":[{"href":"https:\/\/pages.pedf.cuni.cz\/uvrv\/wp-json\/wp\/v2\/pages\/429","targetHints":{"allow":["GET"]}}],"collection":[{"href":"https:\/\/pages.pedf.cuni.cz\/uvrv\/wp-json\/wp\/v2\/pages"}],"about":[{"href":"https:\/\/pages.pedf.cuni.cz\/uvrv\/wp-json\/wp\/v2\/types\/page"}],"author":[{"embeddable":true,"href":"https:\/\/pages.pedf.cuni.cz\/uvrv\/wp-json\/wp\/v2\/users\/388"}],"replies":[{"embeddable":true,"href":"https:\/\/pages.pedf.cuni.cz\/uvrv\/wp-json\/wp\/v2\/comments?post=429"}],"version-history":[{"count":3,"href":"https:\/\/pages.pedf.cuni.cz\/uvrv\/wp-json\/wp\/v2\/pages\/429\/revisions"}],"predecessor-version":[{"id":7102,"href":"https:\/\/pages.pedf.cuni.cz\/uvrv\/wp-json\/wp\/v2\/pages\/429\/revisions\/7102"}],"wp:attachment":[{"href":"https:\/\/pages.pedf.cuni.cz\/uvrv\/wp-json\/wp\/v2\/media?parent=429"}],"curies":[{"name":"wp","href":"https:\/\/api.w.org\/{rel}","templated":true}]}}