{"id":435,"date":"2010-08-19T19:56:20","date_gmt":"2010-08-19T17:56:20","guid":{"rendered":"http:\/\/userweb.pedf.cuni.cz\/wp\/uvrv\/odborny-seminar\/"},"modified":"2022-12-10T13:52:52","modified_gmt":"2022-12-10T12:52:52","slug":"odborny-seminar","status":"publish","type":"page","link":"https:\/\/pages.pedf.cuni.cz\/uvrv\/odborny-seminar\/","title":{"rendered":"Odborn\u00fd semin\u00e1\u0159 \u00daVRV"},"content":{"rendered":"<p style=\"text-align: justify\">Odborn\u00fd semin\u00e1\u0159 \u00daVRV slou\u017e\u00ed p\u0159edev\u0161\u00edm rozvoji v\u00fdzkumn\u00fdch aktivit \u00fastavu prost\u0159ednictv\u00edm podpory odborn\u00e9ho dialogu mezi pracovn\u00edky Pedagogick\u00e9 fakulty UK i z jin\u00fdch dom\u00e1c\u00edch a zahrani\u010dn\u00edch pracovi\u0161\u0165. Na semin\u00e1\u0159i vystupuj\u00ed pracovn\u00edci \u00fastavu s refer\u00e1ty o p\u0159ipravovan\u00fdch a prob\u00edhaj\u00edc\u00edch v\u00fdzkumech a zvan\u00ed host\u00e9 s p\u0159edn\u00e1\u0161kami vztahuj\u00edc\u00edmi se k tematice \u0159e\u0161en\u00fdch projekt\u016f a k aktu\u00e1ln\u00edm ot\u00e1zk\u00e1m \u0161kolstv\u00ed a vzd\u011bl\u00e1vac\u00ed politiky.<\/p>\n<p style=\"text-align: justify\">V\u011bt\u0161ina semin\u00e1\u0159\u016f je otev\u0159ena i student\u016fm doktorsk\u00e9ho studia a dal\u0161\u00edm z\u00e1jemc\u016fm. Odborn\u00fd semin\u00e1\u0159 \u00daVRV se ji\u017e stal zn\u00e1m\u00fd v okruhu pedagogick\u00fdch v\u00fdzkumn\u00edk\u016f i badatel\u016f z dal\u0161\u00edch spole\u010denskov\u011bdn\u00edch pracovi\u0161\u0165 a \u0159ada p\u0159edn\u00e1\u0161ek p\u0159it\u00e1hla tak velk\u00fd po\u010det z\u00e1jemc\u016f, \u017ee mus\u00edme \u010dasto hledat prostor mimo na\u0161e \u201edomovsk\u00e9\u201c posluch\u00e1rny.<\/p>\n<p style=\"text-align: justify\">Pro bli\u017e\u0161\u00ed informace o chystan\u00fdch \u010di prob\u011bhl\u00fdch semin\u00e1\u0159\u00edch kontaktujte <a href=\"mailto:jaroslava.simonova@pedf.cuni.cz\">Mgr. Jaroslavu Simonovou, Ph.D<\/a>.<\/p>\n<h3>Semin\u00e1\u0159e (2022)<\/h3>\n<ul>\n<li><strong>Jak jsme se posunuli s &#8222;velkou&#8220; reviz\u00ed RVP ZV: bilance dosavadn\u00ed cesty, otev\u0159en\u00e1 a kontroverzn\u00ed t\u00e9mata<\/strong>\n<ul>\n<li>7. 12. 2022<\/li>\n<li><a href=\"https:\/\/pages.pedf.cuni.cz\/uvrv\/files\/2022\/12\/22_12_07_revize_RVP.pdf\">pozv\u00e1nka<\/a><\/li>\n<li><a href=\"https:\/\/stream.cuni.cz\/cs\/Detail\/18472\">z\u00e1znam ze semin\u00e1\u0159e<\/a><\/li>\n<\/ul>\n<\/li>\n<\/ul>\n<p>Na podzim roku 2021 se konala na pedagogick\u00fdch fakult\u00e1ch \u010desk\u00fdch univerzit s\u00e9rie semin\u00e1\u0159\u016f k r\u016fzn\u00fdm aspekt\u016fm p\u0159ipravovan\u00e9 revize R\u00e1mcov\u00e9ho vzd\u011bl\u00e1vac\u00edho programu pro z\u00e1kladn\u00ed vzd\u011bl\u00e1v\u00e1n\u00ed. Zapojila se i PedF UK. Od t\u00e9 doby vznikl dokument <i>Hlavn\u00ed sm\u011bry revize RVP ZV<\/i>, prob\u011bhla k n\u011bmu ve\u0159ejn\u00e1 diskuse, dokument byl upraven, ale n\u011bkter\u00e1 t\u00e9mata z\u016fstala otev\u0159en\u00e1 (zejm\u00e9na vhodnost vymezen\u00ed j\u00e1drov\u00e9ho u\u010diva). Vznikly odborn\u00e9 skupiny p\u0159i N\u00e1rodn\u00edm pedagogick\u00e9m institutu. Nastoupil nov\u00fd ministr \u0161kolstv\u00ed, kter\u00fd opakovan\u011b v m\u00e9di\u00edch vyj\u00e1d\u0159il sv\u00e9 p\u0159\u00e1n\u00ed pojmout revizi radik\u00e1ln\u011bji. Ale tak\u00e9 se v Evrop\u011b v\u00fdrazn\u011b zm\u011bnil politick\u00fd, ekonomick\u00fd a soci\u00e1ln\u00ed kontext. Co se za rok v revizi poda\u0159ilo, nakolik s t\u00edm jsou r\u016fzn\u00ed akt\u00e9\u0159i spokojeni, co n\u00e1s asi \u010dek\u00e1 d\u00e1le?<\/p>\n<ul>\n<li><strong>Preventing post-covid social exclusion together<\/strong>\n<ul>\n<li>8. 11. 2022<\/li>\n<li><a href=\"https:\/\/pages.pedf.cuni.cz\/uvrv\/files\/2022\/10\/Pozvanka.pdf\">pozv\u00e1nka<\/a><\/li>\n<li><a href=\"https:\/\/pages.pedf.cuni.cz\/uvrv\/fotogalerie-ze-seminare-preventing-post-covid-social-exclusion-together-8-11-2022\/\">fotografie<\/a><\/li>\n<li><a href=\"https:\/\/pages.pedf.cuni.cz\/uvrv\/files\/2022\/11\/Presentation-seminar-V4.pdf\">prezentace<\/a><\/li>\n<\/ul>\n<\/li>\n<\/ul>\n<ul>\n<li style=\"list-style-type: none\"><\/li>\n<\/ul>\n<ul>\n<li><strong>PhD journey and beyond: Strategies to write and publish academic papers<\/strong>\n<ul>\n<li>9. 6. 2022<\/li>\n<li><a href=\"https:\/\/pages.pedf.cuni.cz\/uvrv\/files\/2022\/05\/IRDE_Seminar_publishing_phd-1.pdf\">pozv\u00e1nka<\/a><\/li>\n<li><a href=\"https:\/\/pages.pedf.cuni.cz\/uvrv\/fotogalerie-z-workshopu-strategies-to-write-and-publish-academic-papers-dr-nutsa-kobakhidze-9-6-2022\/\">fotogalerie<\/a><\/li>\n<\/ul>\n<\/li>\n<li><strong>Revitising tiger parenting: From cultural essentialism to multiple frames of reference<\/strong>\n<ul>\n<li>8. 6. 2022<\/li>\n<li><a href=\"https:\/\/pages.pedf.cuni.cz\/uvrv\/files\/2022\/05\/IRDE_Seminar_parenting_Kobakhidze.pdf\">pozv\u00e1nka<\/a><\/li>\n<li><a href=\"https:\/\/stream.cuni.cz\/cs\/Detail\/17527\">z\u00e1znam ze semin\u00e1\u0159e<\/a><\/li>\n<li><a href=\"https:\/\/pages.pedf.cuni.cz\/uvrv\/fotogalerie-ze-seminare-tiger-parenting-dr-nutsa-kobakhidze-8-6-2022\/\">fotogalerie<\/a><\/li>\n<li><a href=\"https:\/\/pages.pedf.cuni.cz\/uvrv\/files\/2022\/06\/IRDE-Seminar.-Public.-08.06.2022.pdf\">prezentace<\/a><\/li>\n<\/ul>\n<\/li>\n<li><strong>Jak dosp\u00edvaj\u00edc\u00ed pro\u017e\u00edvaj\u00ed p\u0159echod do st\u0159edn\u00edch \u0161kol: V\u011bcn\u00e1 zji\u0161t\u011bn\u00ed a metodologick\u00e1 pou\u010den\u00ed z kvalitativn\u00ed longitudin\u00e1ln\u00ed studie<\/strong>\n<ul>\n<li>25. 5. 2022<\/li>\n<li><a href=\"https:\/\/pages.pedf.cuni.cz\/uvrv\/files\/2022\/05\/pozvanka_stredoskolaci.pdf\">pozv\u00e1nka<\/a><\/li>\n<\/ul>\n<\/li>\n<\/ul>\n<h3>Prob\u011bhl\u00e9 semin\u00e1\u0159e (rok 2021)<\/h3>\n<ul>\n<li><strong>Curriculum Change Across Europe: Revising frameworks before and after the covid<\/strong>\n<ul>\n<li>22. 2. 2021<\/li>\n<li><a href=\"https:\/\/pages.pedf.cuni.cz\/uvrv\/files\/2021\/02\/IRDE_Seminar_curriculum.pdf\">pozv\u00e1nka<\/a><\/li>\n<li><a href=\"https:\/\/pages.pedf.cuni.cz\/uvrv\/files\/2021\/02\/Slides-Curriculum-Covid.pdf\">prezentace<\/a><\/li>\n<li>z\u00e1znam semin\u00e1\u0159e je dostupn\u00fd na vy\u017e\u00e1d\u00e1n\u00ed (<a href=\"mailto:dominik.dvorak@pedf.cuni.cz\">dominik.dvorak@pedf.cuni.cz<\/a>)<\/li>\n<\/ul>\n<\/li>\n<\/ul>\n<h3><span style=\"font-size: 18pt\">Prob\u011bhl\u00e9 semin\u00e1\u0159e (rok 2020)<\/span><\/h3>\n<ul>\n<li><strong>Souvislosti mezi \u0161koln\u00edm a st\u00ednov\u00fdm vzd\u011bl\u00e1v\u00e1n\u00edm<\/strong>\n<ul>\n<li>3. 11. 2020<\/li>\n<li><a href=\"https:\/\/pages.pedf.cuni.cz\/uvrv\/files\/2020\/10\/POZVANKA_20_11_03.pdf\">pozv\u00e1nka<\/a><\/li>\n<li><a href=\"https:\/\/pages.pedf.cuni.cz\/uvrv\/files\/2020\/11\/stinove_web.pdf\">prezentace<\/a><\/li>\n<\/ul>\n<\/li>\n<li><strong>Kdy\u017e v\u00fdzkum m\u011bn\u00ed praxi. Deset p\u0159\u00edb\u011bh\u016f u\u010ditel\u016f a akademik\u016f zapojen\u00fdch do ak\u010dn\u00edho v\u00fdzkumu<\/strong>\n<ul>\n<li>13.-14. 2. 2020<\/li>\n<li><a href=\"https:\/\/pages.pedf.cuni.cz\/uvrv\/files\/2020\/02\/Pozvanka.pdf\">pozv\u00e1nka<\/a><\/li>\n<li>prezentace: <a href=\"https:\/\/pages.pedf.cuni.cz\/uvrv\/files\/2020\/11\/Stepanik_Matlova.pdf\">\u0160t\u011bpan\u00edk &amp; M\u00e1tlov\u00e1<\/a>; <a href=\"https:\/\/pages.pedf.cuni.cz\/uvrv\/files\/2020\/11\/Scamburova_Klumparova.pdf\">\u0160\u010damburov\u00e1 &amp; Klumparov\u00e1<\/a>; <a href=\"https:\/\/pages.pedf.cuni.cz\/uvrv\/files\/2020\/11\/Rybarova_Kozeluh.pdf\">Ryb\u00e1rov\u00e1 &amp; Ko\u017eeluh<\/a>; <a href=\"https:\/\/pages.pedf.cuni.cz\/uvrv\/files\/2020\/11\/Rusek_Tothova.pdf\">Rusek &amp; T\u00f3thov\u00e1<\/a>; <a href=\"https:\/\/pages.pedf.cuni.cz\/uvrv\/files\/2020\/11\/Parkan_Vykouk.pdf\">Parkan &amp; Vykouk<\/a>; <a href=\"https:\/\/pages.pedf.cuni.cz\/uvrv\/files\/2020\/11\/Novotna_Houstecka.pdf\">Novotn\u00e1 &amp; Hou\u0161teck\u00e1<\/a><\/li>\n<\/ul>\n<\/li>\n<li><strong>Early Childhood Curricullum Policy in Aotearoa New Zealand: Exploring New Methodological Turns<\/strong>\n<ul>\n<li>10. 2. 2020<\/li>\n<li><a href=\"https:\/\/pages.pedf.cuni.cz\/uvrv\/files\/2020\/01\/IRDE-Seminar-Tesar.jpg\">pozv\u00e1nka<\/a><\/li>\n<\/ul>\n<\/li>\n<\/ul>\n<h3><span style=\"font-size: 18pt\">Prob\u011bhl\u00e9 semin\u00e1\u0159e (rok 2019)<\/span><\/h3>\n<ul>\n<li><strong>Workshop for Ph.D. students on reviewing (and getting published) in academic journals in education<\/strong><\/li>\n<\/ul>\n<ul>\n<li style=\"list-style-type: none\">\n<ul>\n<li>25. 10. 2019<\/li>\n<li><a href=\"https:\/\/pages.pedf.cuni.cz\/uvrv\/irde_workshopphd-letendre_howtopublish25-10-2019-1-1\/\">pozv\u00e1nka<\/a><\/li>\n<li><a href=\"https:\/\/pages.pedf.cuni.cz\/uvrv\/files\/2019\/11\/LeTendre_JournalReviewProcessCharlesUniversity.pdf\">prezentace<\/a><\/li>\n<\/ul>\n<\/li>\n<\/ul>\n<ul>\n<li><strong>Setting Teacher Education Policy in Nordic vs. East Asian ations: Theoretical Case Study Sampling<\/strong>\n<ul>\n<li>24. 10. 2019<\/li>\n<li><a href=\"https:\/\/pages.pedf.cuni.cz\/uvrv\/irde_seminar-letendre_settingteacherpolicy24-10-2019-1\/\">pozv\u00e1nka<\/a><\/li>\n<li><a href=\"https:\/\/pages.pedf.cuni.cz\/uvrv\/fotogalerie-letendre\/\">fotogalerie<\/a><\/li>\n<li><a href=\"https:\/\/pages.pedf.cuni.cz\/uvrv\/files\/2019\/11\/LeTendre_SettingNationalTeacherPolicy.pdf\">prezentace<\/a><\/li>\n<\/ul>\n<\/li>\n<\/ul>\n<ul>\n<li><strong>Etika a v\u00fdzkum v soci\u00e1ln\u00edch v\u011bd\u00e1ch<\/strong>\n<ul>\n<li>4. 4. 2019<\/li>\n<li><a href=\"https:\/\/pages.pedf.cuni.cz\/uvrv\/files\/2019\/04\/Etika.pdf\">prezentace<\/a><\/li>\n<li><a href=\"https:\/\/pages.pedf.cuni.cz\/uvrv\/files\/2019\/03\/pozv%C3%A1nka-etika1.png\">pozv\u00e1nka<\/a><\/li>\n<\/ul>\n<\/li>\n<\/ul>\n<ul>\n<li><strong>\u00dasp\u011b\u0161nost student\u016f na pedagogick\u00fdch fakult\u00e1ch \u2013 data, v\u00fdvoj a kontext<\/strong>\n<ul>\n<li>16. 1. 2019<\/li>\n<li><a href=\"https:\/\/pages.pedf.cuni.cz\/uvrv\/files\/2019\/02\/Stiburek-prezentace-\u00daVRV-Read-Only-1.pdf\">prezentace<\/a><\/li>\n<li>pozv\u00e1nka<\/li>\n<\/ul>\n<\/li>\n<\/ul>\n<h3><span style=\"font-size: 18pt\">Prob\u011bhl\u00e9 semin\u00e1\u0159e (rok 2018)<\/span><\/h3>\n<div class=\"page\" title=\"Page 1\">\n<div class=\"layoutArea\">\n<div class=\"column\">\n<ul>\n<li><strong>Curriculum Reform in Lower Secondary Education in Ireland and the Literacies<\/strong>\n<ul>\n<li>26. 10. 2018<\/li>\n<li><a href=\"https:\/\/pages.pedf.cuni.cz\/uvrv\/files\/2018\/10\/Gen_Ed_Ireland_24.10.18_MD.pdf\">prezentace<\/a><\/li>\n<li><a href=\"https:\/\/pages.pedf.cuni.cz\/uvrv\/files\/2018\/10\/Pozv%C3%A1nka-Dempsey-1.pdf\">pozv\u00e1nka\u00a0<\/a><\/li>\n<\/ul>\n<\/li>\n<\/ul>\n<ul>\n<li><strong>The Curriculum Development Process in Ireland and Focus on Literacy and Numeracy<\/strong>\n<ul>\n<li>24. 10. 2018<\/li>\n<li><a href=\"https:\/\/pages.pedf.cuni.cz\/uvrv\/files\/2018\/10\/Gen_Ed_Ireland_24.10.18_MD.pdf\">prezentace<\/a><\/li>\n<li><a href=\"https:\/\/pages.pedf.cuni.cz\/uvrv\/files\/2018\/10\/Pozv%C3%A1nka-Dempsey.pdf\">pozv\u00e1nka\u00a0<\/a><\/li>\n<\/ul>\n<\/li>\n<\/ul>\n<ul>\n<li><strong>Effective teaching and learning in higher education<\/strong>\n<ul>\n<li>31. 5. 2018<\/li>\n<li><a href=\"https:\/\/www.youtube.com\/watch?v=mVtB35YHNJY&amp;feature=youtu.be\">videoz\u00e1znam ze semin\u00e1\u0159e<\/a><\/li>\n<li><a href=\"https:\/\/pages.pedf.cuni.cz\/uvrv\/files\/2018\/05\/Hoidn_31_05_2018.pdf\">pozv\u00e1nka\u00a0<\/a><\/li>\n<\/ul>\n<\/li>\n<\/ul>\n<ul>\n<li><strong>Principals&#8216; time allocation in Shanghai school administration context<\/strong>\n<ul>\n<li>14. 6. 2018<\/li>\n<li><a href=\"https:\/\/pages.pedf.cuni.cz\/uvrv\/files\/2018\/05\/Shangai_14_06_18.pdf\">pozv\u00e1nka\u00a0<\/a><\/li>\n<\/ul>\n<\/li>\n<\/ul>\n<\/div>\n<\/div>\n<\/div>\n<h3><span style=\"font-size: 18pt\">Prob\u011bhl\u00e9 semin\u00e1\u0159e (rok 2017)<\/span><\/h3>\n<div class=\"page\" title=\"Page 1\">\n<div class=\"layoutArea\">\n<div class=\"column\">\n<ul>\n<li><strong>Diagnostika \u010dasov\u00e9 perspektivy u \u017e\u00e1k\u016f Z\u0160 a S\u0160<\/strong>\n<ul>\n<li>20. 11. 2017<\/li>\n<li><a href=\"https:\/\/pages.pedf.cuni.cz\/uvrv\/files\/2017\/11\/pozvanka.pdf\">pozv\u00e1nka\u00a0<\/a><\/li>\n<\/ul>\n<\/li>\n<\/ul>\n<\/div>\n<\/div>\n<\/div>\n<ul>\n<li><strong>Jak funguj\u00ed etick\u00e9 komise?<\/strong>\n<ul>\n<li>2. 10. 2017<\/li>\n<li><a href=\"https:\/\/pages.pedf.cuni.cz\/uvrv\/files\/2017\/09\/pozvanka_17_10_02_Svaricek-1.pdf\">pozv\u00e1nka<\/a><\/li>\n<li><a href=\"https:\/\/pages.pedf.cuni.cz\/uvrv\/fotogalerie-eticke-komise\/\">fotogalerie<\/a><\/li>\n<li><a href=\"https:\/\/pages.pedf.cuni.cz\/uvrv\/files\/2017\/10\/Jak-funguj\u00dd-etick\u00da-komise.pdf\">prezentace<\/a><\/li>\n<\/ul>\n<\/li>\n<\/ul>\n<ul>\n<li><strong>Qualitative Comparative Analysis<\/strong>\n<ul>\n<li>21. 9. 2017<\/li>\n<li><a href=\"https:\/\/pages.pedf.cuni.cz\/uvrv\/files\/2017\/09\/pozvanka_17_09_21_Perry.pdf\">pozv\u00e1nka<\/a><\/li>\n<li><a href=\"https:\/\/pages.pedf.cuni.cz\/uvrv\/fotogalerie-qca\/\">fotogalerie<\/a><\/li>\n<li><a href=\"https:\/\/pages.pedf.cuni.cz\/uvrv\/files\/2017\/09\/QCA-presentation-Perry.pdf\">prezentace<\/a><\/li>\n<\/ul>\n<\/li>\n<\/ul>\n<ul>\n<li><strong>St\u00ednov\u00e9 vzd\u011bl\u00e1v\u00e1n\u00ed (shadow education) v \u010cesk\u00e9 republice<\/strong>\n<ul>\n<li>16. 5. 2017<\/li>\n<li><a href=\"https:\/\/pages.pedf.cuni.cz\/uvrv\/files\/2017\/05\/pozvanka_16_05_17_Stastny.pdf\">pozv\u00e1nka<\/a><\/li>\n<li><a href=\"https:\/\/pages.pedf.cuni.cz\/uvrv\/files\/2017\/05\/UNCE-Stastny_Web.pdf\">prezentace<\/a><\/li>\n<\/ul>\n<\/li>\n<li><strong>Kurikul\u00e1rna reforma na Slovensku \u2013 jej sila a slabos\u0165<\/strong>\n<ul>\n<li>17. 2. 2017<\/li>\n<li><a href=\"https:\/\/pages.pedf.cuni.cz\/uvrv\/files\/2017\/01\/pozvanka_17_02_15_Porubsky.pdf\">pozv\u00e1nka<\/a><\/li>\n<li><a href=\"https:\/\/pages.pedf.cuni.cz\/uvrv\/fotogalerie-kurikularna-reforma\/\">fotogalerie<\/a><\/li>\n<li><a href=\"https:\/\/pages.pedf.cuni.cz\/uvrv\/files\/2017\/04\/KURIKUL\u00c1RNA-REFORMA-NA-SLOVENSKU.pdf\">prezentace<\/a><\/li>\n<\/ul>\n<\/li>\n<\/ul>\n<h3><span style=\"font-size: 18pt\">Prob\u011bhl\u00e9 semin\u00e1\u0159e (rok 2016)<\/span><\/h3>\n<ul>\n<li><strong>Kurikul\u00e1rn\u00ed zm\u011bny o\u010dima u\u010ditel\u016f Z\u0160<\/strong>\n<ul>\n<li>14.12.2016<\/li>\n<li><a href=\"https:\/\/pages.pedf.cuni.cz\/uvrv\/files\/2016\/11\/pozvanka_16_12_14_Peskova.pdf\">pozv\u00e1nka<\/a><\/li>\n<li><a href=\"https:\/\/pages.pedf.cuni.cz\/uvrv\/files\/2016\/12\/prezentacePraha_14.12.16Final.pdf\">prezentace<\/a><\/li>\n<\/ul>\n<\/li>\n<li><strong>Vztah rodiny a \u0161koly u d\u011bt\u00ed s problematick\u00fdm chov\u00e1n\u00edm&#8220; trigclass=&#8220;highlight]<\/strong>\n<ul>\n<li>16. 11. 2016<\/li>\n<li><a href=\"https:\/\/pages.pedf.cuni.cz\/uvrv\/files\/2017\/01\/pozvanka_UNCE_16_11_16.pdf\">pozv\u00e1nka<\/a><\/li>\n<\/ul>\n<\/li>\n<li><strong>The Challenge of Making Schools Inclusive<\/strong>\n<ul>\n<li>16.5.2016<\/li>\n<li>pozv\u00e1nka (<a href=\"https:\/\/pages.pedf.cuni.cz\/uvrv\/files\/2016\/04\/pozvanka_16_05_16_Porter_en.pdf\">en<\/a>, <a href=\"https:\/\/pages.pedf.cuni.cz\/uvrv\/files\/2016\/04\/pozvanka_16_05_16_Porter_cz.pdf\">cz<\/a>)<\/li>\n<li><a href=\"https:\/\/pages.pedf.cuni.cz\/uvrv\/fotogalerie-porter\/\">fotogalerie<\/a><\/li>\n<li><a href=\"https:\/\/pages.pedf.cuni.cz\/uvrv\/files\/2016\/05\/Gordon_Porter_16_05_16.pdf\">prezentace<\/a><\/li>\n<\/ul>\n<\/li>\n<li><strong>Student-centered learning environments in higher education classrooms<\/strong>\n<ul>\n<li>18.2.2016<\/li>\n<li><a href=\"https:\/\/pages.pedf.cuni.cz\/uvrv\/files\/2016\/02\/pozvanka_16_02_18_Hoidn_en.pdf\">pozv\u00e1nka<\/a><\/li>\n<li><a href=\"https:\/\/pages.pedf.cuni.cz\/uvrv\/hoidn-foto\/\">fotogalerie<\/a><\/li>\n<li><a href=\"https:\/\/pages.pedf.cuni.cz\/uvrv\/files\/2016\/02\/Hoidn_18-02-16.pdf\">prezentace<\/a><\/li>\n<\/ul>\n<\/li>\n<\/ul>\n<h3><span style=\"font-size: 18pt\">Prob\u011bhl\u00e9 semin\u00e1\u0159e (rok 2015)<\/span><\/h3>\n<ul>\n<li><strong>Leadership a autonomie \u0161koly: p\u0159\u00edpadov\u00e1 studie Litvy<\/strong>\n<ul>\n<li>11. 6. 2015<\/li>\n<li><a href=\"https:\/\/pages.pedf.cuni.cz\/uvrv\/files\/2015\/06\/pozvanka_15_06_11_Urbanovic.pdf\">pozv\u00e1nka<\/a><\/li>\n<li><a href=\"https:\/\/pages.pedf.cuni.cz\/uvrv\/urbanovic-foto\">fotogalerie<\/a><\/li>\n<li><a href=\"https:\/\/pages.pedf.cuni.cz\/uvrv\/files\/2015\/06\/Jolanta_Urbanovic_11_06_15.pdf\">prezentace<\/a><\/li>\n<\/ul>\n<\/li>\n<li><strong>Nerovn\u00e9 \u0161ance jsou probl\u00e9m. Jak\u00e9 jsou mo\u017enosti \u0159e\u0161en\u00ed?<\/strong>\n<ul>\n<li>28. 5. 2015<\/li>\n<li><a href=\"https:\/\/pages.pedf.cuni.cz\/uvrv\/files\/2015\/05\/Adam-Gamoran_cz.jpg\">pozv\u00e1nka <\/a>\/ <a href=\"https:\/\/pages.pedf.cuni.cz\/uvrv\/files\/2015\/05\/Adam-Gamoran_eng.jpg\">invitation<\/a><\/li>\n<li><a href=\"https:\/\/pages.pedf.cuni.cz\/uvrv\/photogallery-gamoran\">fotogalerie<\/a><\/li>\n<li><a href=\"https:\/\/pages.pedf.cuni.cz\/uvrv\/adam-gamoran-inequality\/\">video<\/a><\/li>\n<\/ul>\n<\/li>\n<li><strong>Vzd\u011bl\u00e1v\u00e1n\u00ed a nerovnost \/ Education and Inequality<\/strong>\n<ul>\n<li>7. 5. 2015<\/li>\n<li><a href=\"https:\/\/pages.pedf.cuni.cz\/uvrv\/files\/2015\/04\/pozvanka_14_05_07.pdf\">pozv\u00e1nka <\/a>\/ <a href=\"https:\/\/pages.pedf.cuni.cz\/uvrv\/files\/2015\/04\/pozvanka_14_05_07_en.pdf\">invitation<\/a><\/li>\n<li><a href=\"https:\/\/pages.pedf.cuni.cz\/uvrv\/files\/2015\/05\/Janmaat_Jan_G_07_05_15.pdf\">prezentace &#8211; Jan Janmaat<\/a>, <a href=\"https:\/\/pages.pedf.cuni.cz\/uvrv\/files\/2015\/05\/Mostafa_Tarek_07_05_15.pdf\">prezentace &#8211; Tarek Mostafa<\/a><\/li>\n<\/ul>\n<\/li>\n<li><strong>V\u00fdsledky vzd\u011bl\u00e1v\u00e1n\u00ed a soci\u00e1ln\u00ed mobilita \/ Educational Attainment and Social Mobility<\/strong>\n<ul>\n<li>6. 5. 2015<\/li>\n<li><a href=\"https:\/\/pages.pedf.cuni.cz\/uvrv\/files\/2015\/04\/pozvanka_14_05_06.pdf\">pozv\u00e1nka <\/a>\/ <a href=\"https:\/\/pages.pedf.cuni.cz\/uvrv\/files\/2015\/04\/pozvanka_14_05_06_en.pdf\">invitation<\/a><\/li>\n<li><a href=\"https:\/\/pages.pedf.cuni.cz\/uvrv\/files\/2015\/05\/Janmaat_Jan_G_06_05_15.pdf\">prezentace &#8211; Jan Janmaat<\/a>, <a href=\"https:\/\/pages.pedf.cuni.cz\/uvrv\/files\/2015\/05\/Mostafa_Tarek_06_05_15.pdf\">prezentace &#8211; Tarek Mostafa<\/a><\/li>\n<\/ul>\n<\/li>\n<li><strong>Volba z\u00e1kladn\u00ed \u0161koly z pohledu rodi\u010d\u016f a \u0161kol<\/strong>\n<ul>\n<li>22. 4. 2015<\/li>\n<li><a href=\"https:\/\/pages.pedf.cuni.cz\/uvrv\/files\/2015\/04\/PedFUK_seminar_UNCE_22-4.pdf\">pozv\u00e1nka<\/a><\/li>\n<li><a href=\"https:\/\/pages.pedf.cuni.cz\/uvrv\/files\/2015\/05\/volba_skoly_web.pdf\">prezentace &#8211; Mgr. Jaroslava Simonov\u00e1<\/a>, <a href=\"https:\/\/pages.pedf.cuni.cz\/uvrv\/files\/2015\/05\/2015-UNCE-Dvorak.pdf\">Prezentace &#8211; RNDr. Dominik Dvo\u0159\u00e1k, Ph.D.<\/a><\/li>\n<li>f<a href=\"https:\/\/pages.pedf.cuni.cz\/uvrv\/fotogalerie\">otogalerie<\/a><\/li>\n<\/ul>\n<\/li>\n<\/ul>\n<h3><span style=\"font-size: 18pt\">Prob\u011bhl\u00e9 semin\u00e1\u0159e (rok 2014)<\/span><\/h3>\n<ul>\n<li><strong>Sm\u00ed\u0161en\u00fd design v pedagogick\u00e9m v\u00fdzkumu: P\u0159\u00edklad projektu \u201eMoc ve \u0161koln\u00edch t\u0159\u00edd\u00e1ch student\u016f u\u010ditelstv\u00ed\u201c<\/strong>\n<ul>\n<li>23. 4. 2014<\/li>\n<li><a href=\"https:\/\/pages.pedf.cuni.cz\/uvrv-en\/files\/2015\/04\/pozvanka_14_04_23.doc\">pozv\u00e1nka<\/a><\/li>\n<\/ul>\n<\/li>\n<li><b>Kritick\u00e1 m\u00edsta \u010dten\u00e1\u0159sk\u00e9 gramotnosti z pohledu v\u00fdzkumu<\/b>\n<ul>\n<li>19. 6. 2014<\/li>\n<li><a href=\"https:\/\/pages.pedf.cuni.cz\/uvrv-en\/files\/2015\/04\/PedFUK_seminar_UNCE_CG.pdf\">pozv\u00e1nka<\/a><\/li>\n<li>prezentace (<a href=\"https:\/\/pages.pedf.cuni.cz\/uvrv-en\/files\/2015\/04\/14_06_19_UNCE_Jezkova.ppt\">V\u011bra Je\u017ekov\u00e1<\/a>; <a href=\"https:\/\/pages.pedf.cuni.cz\/uvrv-en\/files\/2015\/04\/14_06_19_UNCE_Laufkova.pdf\">Veronika Laufkov\u00e1)<\/a><\/li>\n<\/ul>\n<\/li>\n<li><strong>\u00daskal\u00ed a soci\u00e1ln\u00ed podm\u00edn\u011bnost p\u0159echodu z mate\u0159sk\u00e9 \u0161koly do 1. t\u0159\u00eddy Z\u0160<\/strong>\n<ul>\n<li>20 .10. 2014<\/li>\n<li><a href=\"https:\/\/pages.pedf.cuni.cz\/uvrv-en\/files\/2015\/04\/pozvanka_14_10_20.doc\">pozv\u00e1nka<\/a><\/li>\n<\/ul>\n<\/li>\n<li><strong>Syst\u00e9m diagnostick\u00e9ho hodnocen\u00ed v Ma\u010farsku v kontextu aktu\u00e1ln\u00edch trend\u016f v hodnocen\u00e1 v\u00fdsledk\u016f vzd\u011bl\u00e1v\u00e1n\u00ed<\/strong>\n<ul>\n<li>26. 11. 2014<\/li>\n<li><a href=\"https:\/\/pages.pedf.cuni.cz\/uvrv-en\/files\/2015\/04\/pozvanka_14_11_26.doc\">pozv\u00e1nka<\/a><\/li>\n<li><a href=\"https:\/\/pages.pedf.cuni.cz\/uvrv-en\/files\/2015\/04\/14_11_26_Csapo.ppt\">prezentace<\/a><\/li>\n<\/ul>\n<\/li>\n<\/ul>\n<h3><span style=\"font-size: 18pt\">Prob\u011bhl\u00e9 semin\u00e1\u0159e (rok 2013)<\/span><\/h3>\n<ul>\n<li><strong>Vzd\u011bl\u00e1vac\u00ed reforma v kanadsk\u00e9 provincii Ontario<\/strong>\n<ul>\n<li>17. 12. 2013<\/li>\n<li><a href=\"https:\/\/pages.pedf.cuni.cz\/uvrv-en\/files\/2015\/04\/pozvanka_13_12_17.doc\">pozv\u00e1nka<\/a><\/li>\n<\/ul>\n<\/li>\n<li><strong>Struktur\u00e1ln\u00ed a soci\u00e1ln\u00ed podm\u00edn\u011bnost v\u00fdsledk\u016f \u010desk\u00fdch \u017e\u00e1k\u016f<\/strong>\n<ul>\n<li>21. 10. 2013<\/li>\n<li><a href=\"https:\/\/pages.pedf.cuni.cz\/uvrv\/files\/2010\/08\/pedfuk_4seminarunce_21-10-2013.pdf\">pozv\u00e1nka<\/a><\/li>\n<li>prezentace (<a href=\"https:\/\/pages.pedf.cuni.cz\/uvrv-en\/files\/2015\/04\/13_10_21_UNCE_GregerVonkova.ppsx\">David Greger, Hana Vo\u0148kov\u00e1<\/a>; <a href=\"https:\/\/pages.pedf.cuni.cz\/uvrv-en\/files\/2015\/04\/13_10_21_UNCE_StrakovaGreger.ppsx\">Jana Strakov\u00e1, David Greger<\/a>)<\/li>\n<\/ul>\n<\/li>\n<li><strong>Anal\u00fdza spravedliv\u00e9ho p\u0159\u00edstupu ke vzd\u011bl\u00e1v\u00e1n\u00ed v Austr\u00e1lii a Kanad\u011b<\/strong>\n<ul>\n<li>17. 06. 2013<\/li>\n<li><a href=\"https:\/\/pages.pedf.cuni.cz\/uvrv-en\/files\/2015\/04\/pozvanka_13_06_17.doc\">pozv\u00e1nka<\/a><\/li>\n<li><a href=\"https:\/\/pages.pedf.cuni.cz\/uvrv-en\/files\/2015\/04\/13_06_17_Perry.ppt\">prezentace<\/a><\/li>\n<\/ul>\n<\/li>\n<li><strong>V\u00fdsledky \u010desk\u00fdch \u017e\u00e1k\u016f v mezin\u00e1rodn\u00edm \u0161et\u0159en\u00ed matematick\u00e9 a p\u0159\u00edrodov\u011bdn\u00e9 gramotnosti TIMSS 2011<\/strong>\n<ul>\n<li>25. 04. 2013<\/li>\n<li><a href=\"https:\/\/pages.pedf.cuni.cz\/uvrv-en\/files\/2015\/04\/pozvanka_13_04_25.doc\">pozv\u00e1nka<\/a><\/li>\n<li><a href=\"https:\/\/pages.pedf.cuni.cz\/uvrv-en\/files\/2015\/04\/13_04_25_Tomasek.pptx\">prezentace<\/a><\/li>\n<\/ul>\n<\/li>\n<li><strong>Metodologie v\u00fdzkumu mezigenera\u010dn\u00edho u\u010den\u00ed: od ot\u00e1zek k v\u00fdsledk\u016fm<\/strong>\n<ul>\n<li>11. 03. 2013<\/li>\n<li><a href=\"https:\/\/pages.pedf.cuni.cz\/uvrv\/files\/2010\/08\/2013-02-11ppt_mezigeneracni_uceni.pdf\">pozv\u00e1nka<\/a><\/li>\n<\/ul>\n<\/li>\n<li><strong>Formativn\u00ed hodnocen\u00ed<\/strong>\n<ul>\n<li>25. 02. 2013<\/li>\n<li><a href=\"https:\/\/pages.pedf.cuni.cz\/uvrv\/files\/2010\/08\/formativni_hodnoceni.pdf\">pozv\u00e1nka<\/a><\/li>\n<\/ul>\n<\/li>\n<\/ul>\n<p><!--:--><!--:en--><\/p>\n","protected":false},"excerpt":{"rendered":"<p>Odborn\u00fd semin\u00e1\u0159 \u00daVRV slou\u017e\u00ed p\u0159edev\u0161\u00edm rozvoji v\u00fdzkumn\u00fdch aktivit \u00fastavu prost\u0159ednictv\u00edm podpory odborn\u00e9ho dialogu mezi pracovn\u00edky Pedagogick\u00e9 fakulty UK i z jin\u00fdch dom\u00e1c\u00edch a zahrani\u010dn\u00edch pracovi\u0161\u0165. Na semin\u00e1\u0159i vystupuj\u00ed pracovn\u00edci \u00fastavu s refer\u00e1ty o p\u0159ipravovan\u00fdch a prob\u00edhaj\u00edc\u00edch v\u00fdzkumech a zvan\u00ed host\u00e9 s p\u0159edn\u00e1\u0161kami vztahuj\u00edc\u00edmi se k tematice \u0159e\u0161en\u00fdch projekt\u016f a k aktu\u00e1ln\u00edm ot\u00e1zk\u00e1m \u0161kolstv\u00ed a vzd\u011bl\u00e1vac\u00ed <a href='https:\/\/pages.pedf.cuni.cz\/uvrv\/odborny-seminar\/' class='excerpt-more'>[&#8230;]<\/a><\/p>\n","protected":false},"author":388,"featured_media":0,"parent":0,"menu_order":1,"comment_status":"closed","ping_status":"closed","template":"1l1r-sidebar.php","meta":{"_monsterinsights_skip_tracking":false,"_monsterinsights_sitenote_active":false,"_monsterinsights_sitenote_note":"","_monsterinsights_sitenote_category":0,"footnotes":""},"class_list":["post-435","page","type-page","status-publish","hentry","post-seq-1","post-parity-odd","meta-position-corners","fix"],"_links":{"self":[{"href":"https:\/\/pages.pedf.cuni.cz\/uvrv\/wp-json\/wp\/v2\/pages\/435","targetHints":{"allow":["GET"]}}],"collection":[{"href":"https:\/\/pages.pedf.cuni.cz\/uvrv\/wp-json\/wp\/v2\/pages"}],"about":[{"href":"https:\/\/pages.pedf.cuni.cz\/uvrv\/wp-json\/wp\/v2\/types\/page"}],"author":[{"embeddable":true,"href":"https:\/\/pages.pedf.cuni.cz\/uvrv\/wp-json\/wp\/v2\/users\/388"}],"replies":[{"embeddable":true,"href":"https:\/\/pages.pedf.cuni.cz\/uvrv\/wp-json\/wp\/v2\/comments?post=435"}],"version-history":[{"count":111,"href":"https:\/\/pages.pedf.cuni.cz\/uvrv\/wp-json\/wp\/v2\/pages\/435\/revisions"}],"predecessor-version":[{"id":6372,"href":"https:\/\/pages.pedf.cuni.cz\/uvrv\/wp-json\/wp\/v2\/pages\/435\/revisions\/6372"}],"wp:attachment":[{"href":"https:\/\/pages.pedf.cuni.cz\/uvrv\/wp-json\/wp\/v2\/media?parent=435"}],"curies":[{"name":"wp","href":"https:\/\/api.w.org\/{rel}","templated":true}]}}