{"id":4655,"date":"2018-02-20T15:36:41","date_gmt":"2018-02-20T14:36:41","guid":{"rendered":"http:\/\/pages.pedf.cuni.cz\/uvrv\/?page_id=4655"},"modified":"2018-11-19T13:03:53","modified_gmt":"2018-11-19T12:03:53","slug":"cemp-cz-2","status":"publish","type":"page","link":"https:\/\/pages.pedf.cuni.cz\/uvrv\/cemp-cz-2\/","title":{"rendered":"PRIMUS: Centrum tvorby didaktick\u00fdch test\u016f a psychometrick\u00e9ho modelov\u00e1n\u00ed"},"content":{"rendered":"<div class=\"et_pb_module et_pb_text et_pb_text_2 et_pb_bg_layout_light  et_pb_text_align_left\">\n<div class=\"et_pb_text_inner\">\n<p>Centrum tvorby didaktick\u00fdch test\u016f a psychometrick\u00e9ho modelov\u00e1n\u00ed (Center\u00a0for Educational Measurement and Psychometrics, CEMP) je jako projekt\u00a0PRIMUS veden\u00fd pod <strong><br \/>\n<a href=\"https:\/\/pages.pedf.cuni.cz\/uvrv\" target=\"_blank\" rel=\"noopener noreferrer\">\u00dastavem v\u00fdzkumu a rozvoje ve vzd\u011bl\u00e1v\u00e1n\u00ed<\/a><\/strong>\u00a0a\u00a0financovan\u00fd <strong><a href=\"http:\/\/cuni.cz\/\" target=\"_blank\" rel=\"noopener noreferrer\">Univerzitou Karlovou<\/a><\/strong> a <strong><a href=\"http:\/\/pedf.cuni.cz\/\" target=\"_blank\" rel=\"noopener noreferrer\">Pedagogickou Fakultou UK<\/a><\/strong>.<\/p>\n<\/div>\n<\/div>\n<div class=\"et_pb_module et_pb_text et_pb_text_3 et_pb_bg_layout_light  et_pb_text_align_left\">\n<div class=\"et_pb_text_inner\">Projekt pokr\u00fdv\u00e1 metodologii anal\u00fdzy znalostn\u00edch test\u016f, od tradi\u010dn\u00edch p\u0159\u00edstup\u016f a\u017e ke slo\u017eit\u011bj\u0161\u00edm latentn\u00edm model\u016fm.\u00a0Jedn\u00edm z hlavn\u00edch t\u00e9mat v\u00fdzkumu je anal\u00fdza rozd\u00edl\u016f mezi skupinami (dan\u00fdmi nap\u0159. pohlav\u00edm, krajem, typem studovan\u00e9 \u0161koly, etnickou p\u0159\u00edslu\u0161nost\u00ed, rodn\u00fdm jazykem aj.) v odpov\u011bd\u00edch na polo\u017eky znalostn\u00edch test\u016f a v dal\u0161\u00edm hodnocen\u00ed ve vzd\u011bl\u00e1v\u00e1n\u00ed.V r\u00e1mci projektu jsou vyv\u00edjeny nov\u00e9 psychometrick\u00e9 metody, jejich\u017e vlastnosti jsou\u00a0ov\u011b\u0159ov\u00e1ny simula\u010dn\u00edmi studiemi. Nov\u00e9 i ji\u017e existuj\u00edc\u00ed metody jsou zp\u0159\u00edstup\u0148ov\u00e1ny \u0161ir\u0161\u00ed odborn\u00e9 ve\u0159ejnosti pomoc\u00ed voln\u011b \u0161i\u0159iteln\u00e9ho softwaru.<\/p>\n<p>Metody jsou aplikov\u00e1ny na re\u00e1ln\u00e1 data z maturity, p\u0159ij\u00edmac\u00edch\u00a0\u0159\u00edzen\u00ed aj.\u00a0Anal\u00fdzou re\u00e1ln\u00fdch dat z testov\u00e1n\u00ed student\u016f a dal\u0161\u00edm rozborem rozd\u00edl\u016f mezi skupinami se projekt sna\u017e\u00ed p\u0159isp\u011bt k\u00a0efektivn\u011bj\u0161\u00edmu\u00a0vzd\u011bl\u00e1v\u00e1n\u00ed.<\/p>\n<\/div>\n<\/div>\n<p><b>\u010c\u00edslo projektu:\u00a0<\/b>HUM\/11<br \/>\n<b>Poskytovatel:<\/b> Univerzita\u00a0Karlova<br \/>\n<b>Doba \u0159e\u0161en\u00ed:\u00a0<\/b>2018\u00a0\u2013\u00a02020<br \/>\n<b>Web Projektu:\u00a0<\/b><a href=\"https:\/\/pages.pedf.cuni.cz\/cemp\/\">www.pages.pedf.cuni.cz\/cemp<\/a><\/p>\n","protected":false},"excerpt":{"rendered":"<p>Centrum tvorby didaktick\u00fdch test\u016f a psychometrick\u00e9ho modelov\u00e1n\u00ed (Center\u00a0for Educational Measurement and Psychometrics, CEMP) je jako projekt\u00a0PRIMUS veden\u00fd pod \u00dastavem v\u00fdzkumu a rozvoje ve vzd\u011bl\u00e1v\u00e1n\u00ed\u00a0a\u00a0financovan\u00fd Univerzitou Karlovou a Pedagogickou Fakultou UK. Projekt pokr\u00fdv\u00e1 metodologii anal\u00fdzy znalostn\u00edch test\u016f, od tradi\u010dn\u00edch p\u0159\u00edstup\u016f a\u017e ke slo\u017eit\u011bj\u0161\u00edm latentn\u00edm model\u016fm.\u00a0Jedn\u00edm z hlavn\u00edch t\u00e9mat v\u00fdzkumu je anal\u00fdza rozd\u00edl\u016f mezi skupinami (dan\u00fdmi nap\u0159. <a href='https:\/\/pages.pedf.cuni.cz\/uvrv\/cemp-cz-2\/' class='excerpt-more'>[&#8230;]<\/a><\/p>\n","protected":false},"author":479,"featured_media":0,"parent":0,"menu_order":0,"comment_status":"closed","ping_status":"closed","template":"1l-sidebar.php","meta":{"_monsterinsights_skip_tracking":false,"_monsterinsights_sitenote_active":false,"_monsterinsights_sitenote_note":"","_monsterinsights_sitenote_category":0,"footnotes":""},"class_list":["post-4655","page","type-page","status-publish","hentry","post-seq-1","post-parity-odd","meta-position-corners","fix"],"_links":{"self":[{"href":"https:\/\/pages.pedf.cuni.cz\/uvrv\/wp-json\/wp\/v2\/pages\/4655","targetHints":{"allow":["GET"]}}],"collection":[{"href":"https:\/\/pages.pedf.cuni.cz\/uvrv\/wp-json\/wp\/v2\/pages"}],"about":[{"href":"https:\/\/pages.pedf.cuni.cz\/uvrv\/wp-json\/wp\/v2\/types\/page"}],"author":[{"embeddable":true,"href":"https:\/\/pages.pedf.cuni.cz\/uvrv\/wp-json\/wp\/v2\/users\/479"}],"replies":[{"embeddable":true,"href":"https:\/\/pages.pedf.cuni.cz\/uvrv\/wp-json\/wp\/v2\/comments?post=4655"}],"version-history":[{"count":12,"href":"https:\/\/pages.pedf.cuni.cz\/uvrv\/wp-json\/wp\/v2\/pages\/4655\/revisions"}],"predecessor-version":[{"id":4706,"href":"https:\/\/pages.pedf.cuni.cz\/uvrv\/wp-json\/wp\/v2\/pages\/4655\/revisions\/4706"}],"wp:attachment":[{"href":"https:\/\/pages.pedf.cuni.cz\/uvrv\/wp-json\/wp\/v2\/media?parent=4655"}],"curies":[{"name":"wp","href":"https:\/\/api.w.org\/{rel}","templated":true}]}}