{"id":4668,"date":"2018-02-20T15:44:12","date_gmt":"2018-02-20T14:44:12","guid":{"rendered":"http:\/\/pages.pedf.cuni.cz\/uvrv\/?page_id=4668"},"modified":"2018-11-19T15:09:26","modified_gmt":"2018-11-19T14:09:26","slug":"cemp-vystupy","status":"publish","type":"page","link":"https:\/\/pages.pedf.cuni.cz\/uvrv\/cemp-vystupy\/","title":{"rendered":"PRIMUS: Publikace a v\u00fdstupy projektu"},"content":{"rendered":"<div class=\"et_pb_section et_pb_section_1 et_section_regular\">\n<div class=\"et_pb_row et_pb_row_1\">\n<div class=\"et_pb_column et_pb_column_4_4 et_pb_column_1 et_pb_css_mix_blend_mode_passthrough et-last-child\">\n<div class=\"et_pb_module et_pb_text et_pb_text_1 et_pb_bg_layout_light et_pb_text_align_left\">\n<div class=\"et_pb_text_inner\">\n<h2><strong><span style=\"font-size: 12pt\">Selected papers:<\/span><\/strong><\/h2>\n<\/div>\n<\/div>\n<\/div>\n<\/div>\n<div class=\"et_pb_row et_pb_row_2\">\n<div class=\"et_pb_column et_pb_column_4_4 et_pb_column_2 et_pb_css_mix_blend_mode_passthrough et-last-child\">\n<div class=\"et_pb_module et_pb_text et_pb_text_2 et_pb_bg_layout_light et_pb_text_align_left\">\n<div class=\"et_pb_text_inner\">\n<p style=\"text-align: justify\">[1]\u00a0 Martinkov\u00e1 P, Goldhaber D, Erosheva E (2018) Disparities in ratings of\u00a0<span class=\"im\">internal and external applicants: A case for model-based inter-rater\u00a0<\/span>reliability. PLoS ONE 13(10): e0203002.\u00a0<a href=\"https:\/\/doi.org\/10.1371\/journal.pone.0203002\" target=\"_blank\" rel=\"noopener noreferrer\">https:\/\/doi.org\/10.1371\/journal.pone.0203002<\/a><\/p>\n<\/div>\n<\/div>\n<\/div>\n<\/div>\n<div class=\"et_pb_row et_pb_row_3\">\n<div class=\"et_pb_column et_pb_column_4_4 et_pb_column_3 et_pb_css_mix_blend_mode_passthrough et-last-child\">\n<div class=\"et_pb_module et_pb_text et_pb_text_3 et_pb_bg_layout_light et_pb_text_align_left\">\n<div class=\"et_pb_text_inner\">\n<h2><strong><span style=\"font-size: 12pt\">Selected papers in Czech:<\/span><\/strong><\/h2>\n<\/div>\n<\/div>\n<\/div>\n<\/div>\n<div class=\"et_pb_row et_pb_row_4\">\n<div class=\"et_pb_column et_pb_column_4_4 et_pb_column_4 et_pb_css_mix_blend_mode_passthrough et-last-child\">\n<div class=\"et_pb_module et_pb_text et_pb_text_4 et_pb_bg_layout_light et_pb_text_align_left\">\n<div class=\"et_pb_text_inner\">\n<p style=\"text-align: justify\">[1] Bart\u00e1kov\u00e1 I, Chv\u00e1l M, Martinkov\u00e1 P. <a href=\"https:\/\/pages.pedf.cuni.cz\/pedagogika\/?p=11842&amp;lang=en\">Predik\u010dn\u00ed validita zkou\u0161ek zakon\u010duj\u00edc\u00edch st\u0159edo\u0161kolsk\u00e9 vzd\u011bl\u00e1v\u00e1n\u00ed a p\u0159ij\u00edmac\u00edch test\u016f na vysok\u00e9 \u0161koly.<\/a> [The Predictive Value of Final Middle-School Examinations and Entrance Tests at Universities, in Czech] Pedagogika, 1\/2018<a href=\"https:\/\/pages.pedf.cuni.cz\/pedagogika\/?p=11842&amp;lang=en\">.<\/a><\/p>\n<p style=\"text-align: justify\">[2] Radvanov\u00e1 S, \u010c\u00ed\u017ekov\u00e1 V, Martinkov\u00e1 P. <a href=\"https:\/\/ojs.cuni.cz\/scied\/article\/view\/1054\">M\u011bn\u00ed se pohled u\u010ditel\u016f na badatelsky orientovanou v\u00fduku?<\/a> [Are teachers\u2019 attitudes to\u00a0inquiry-basedlearning changing? In Czech]. Scientia in Educatione 9(1),\u00a02018, p. 81\u2013103.<\/p>\n<\/div>\n<\/div>\n<\/div>\n<\/div>\n<\/div>\n<div class=\"et_pb_section et_pb_section_2 et_section_regular\">\n<div class=\"et_pb_row et_pb_row_5\">\n<div class=\"et_pb_column et_pb_column_4_4 et_pb_column_5 et_pb_css_mix_blend_mode_passthrough et-last-child\">\n<div class=\"et_pb_module et_pb_text et_pb_text_5 et_pb_bg_layout_light et_pb_text_align_left\">\n<div class=\"et_pb_text_inner\">\n<h2><strong><span style=\"font-size: 12pt\">Selected presentations:<\/span><\/strong><\/h2>\n<\/div>\n<\/div>\n<\/div>\n<\/div>\n<div class=\"et_pb_row et_pb_row_6\">\n<div class=\"et_pb_column et_pb_column_4_4 et_pb_column_6 et_pb_css_mix_blend_mode_passthrough et-last-child\">\n<div class=\"et_pb_module et_pb_text et_pb_text_6 et_pb_bg_layout_light et_pb_text_align_left\">\n<div class=\"et_pb_text_inner\">\n<p style=\"text-align: justify\">[1] Martinkov\u00e1 P. <a href=\"http:\/\/shinyitemanalysis.org\/docs\/slides_RMeetUp2018.pdf\">ShinyItemAnalysis for psychometric training and to\u00a0enforce routine analysis of educational tests<\/a>. R meetup Warsaw, May 24,\u00a02018. Slides<\/p>\n<p style=\"text-align: justify\">[2] Martinkov\u00e1 P., Drabinov\u00e1 A. <a href=\"http:\/\/shinyitemanalysis.org\/docs\/poster_IMPS2018.pdf\">ShinyItemAnalysis for psychometric training and research<\/a>. IMPS 2018, New York. Poster<\/p>\n<p style=\"text-align: justify\">[3] Martinkov\u00e1 P, Goldhaber D, Erosheva E. Model-Based Reliability to\u00a0Check for Disparities in Ratings of Internal and External Applicants.\u00a0EAM 2018, 25-27 June, Jena.<\/p>\n<\/div>\n<\/div>\n<\/div>\n<\/div>\n<\/div>\n<div class=\"et_pb_section et_pb_section_3 et_section_regular\">\n<div class=\"et_pb_row et_pb_row_7\">\n<div class=\"et_pb_column et_pb_column_4_4 et_pb_column_7 et_pb_css_mix_blend_mode_passthrough et-last-child\">\n<div class=\"et_pb_module et_pb_text et_pb_text_7 et_pb_bg_layout_light et_pb_text_align_left\">\n<div class=\"et_pb_text_inner\">\n<h2><strong><span style=\"font-size: 12pt\">Software:<\/span><\/strong><\/h2>\n<\/div>\n<\/div>\n<\/div>\n<\/div>\n<div class=\"et_pb_row et_pb_row_8\">\n<div class=\"et_pb_column et_pb_column_4_4 et_pb_column_8 et_pb_css_mix_blend_mode_passthrough et-last-child\">\n<div class=\"et_pb_module et_pb_text et_pb_text_8 et_pb_bg_layout_light et_pb_text_align_left\">\n<div class=\"et_pb_text_inner\">\n<p style=\"text-align: justify\">[1] Martinkov\u00e1 P, Drabinov\u00e1 A, Leder O., Houdek J. ShinyItemAnalysis:\u00a0Test and Item Analysis via Shiny (online application). ShinyItemAnalysis\u00a0R package version 1.2.8. For more information see\u00a0<a href=\"http:\/\/shinyitemanalysis.org\/\" target=\"_blank\" rel=\"noopener noreferrer\">http:\/\/www.ShinyItemAnalysis.org<\/a><\/p>\n<p style=\"text-align: justify\">[2] Drabinov\u00e1 A, Martinkov\u00e1 P, Zv\u00e1ra K. (2018) difNLR: Detection of\u00a0differential item functioning (DIF) and differential distractor\u00a0functioning (DDF) by non-linear regression models. R package version\u00a01.2.2.<\/p>\n<\/div>\n<\/div>\n<\/div>\n<\/div>\n<\/div>\n","protected":false},"excerpt":{"rendered":"<p>Selected papers: [1]\u00a0 Martinkov\u00e1 P, Goldhaber D, Erosheva E (2018) Disparities in ratings of\u00a0internal and external applicants: A case for model-based inter-rater\u00a0reliability. PLoS ONE 13(10): e0203002.\u00a0https:\/\/doi.org\/10.1371\/journal.pone.0203002 Selected papers in Czech: [1] Bart\u00e1kov\u00e1 I, Chv\u00e1l M, Martinkov\u00e1 P. Predik\u010dn\u00ed validita zkou\u0161ek zakon\u010duj\u00edc\u00edch st\u0159edo\u0161kolsk\u00e9 vzd\u011bl\u00e1v\u00e1n\u00ed a p\u0159ij\u00edmac\u00edch test\u016f na vysok\u00e9 \u0161koly. [The Predictive Value of Final Middle-School <a href='https:\/\/pages.pedf.cuni.cz\/uvrv\/cemp-vystupy\/' class='excerpt-more'>[&#8230;]<\/a><\/p>\n","protected":false},"author":479,"featured_media":0,"parent":0,"menu_order":0,"comment_status":"closed","ping_status":"closed","template":"1l-sidebar.php","meta":{"_monsterinsights_skip_tracking":false,"_monsterinsights_sitenote_active":false,"_monsterinsights_sitenote_note":"","_monsterinsights_sitenote_category":0,"footnotes":""},"class_list":["post-4668","page","type-page","status-publish","hentry","post-seq-1","post-parity-odd","meta-position-corners","fix"],"_links":{"self":[{"href":"https:\/\/pages.pedf.cuni.cz\/uvrv\/wp-json\/wp\/v2\/pages\/4668","targetHints":{"allow":["GET"]}}],"collection":[{"href":"https:\/\/pages.pedf.cuni.cz\/uvrv\/wp-json\/wp\/v2\/pages"}],"about":[{"href":"https:\/\/pages.pedf.cuni.cz\/uvrv\/wp-json\/wp\/v2\/types\/page"}],"author":[{"embeddable":true,"href":"https:\/\/pages.pedf.cuni.cz\/uvrv\/wp-json\/wp\/v2\/users\/479"}],"replies":[{"embeddable":true,"href":"https:\/\/pages.pedf.cuni.cz\/uvrv\/wp-json\/wp\/v2\/comments?post=4668"}],"version-history":[{"count":14,"href":"https:\/\/pages.pedf.cuni.cz\/uvrv\/wp-json\/wp\/v2\/pages\/4668\/revisions"}],"predecessor-version":[{"id":4930,"href":"https:\/\/pages.pedf.cuni.cz\/uvrv\/wp-json\/wp\/v2\/pages\/4668\/revisions\/4930"}],"wp:attachment":[{"href":"https:\/\/pages.pedf.cuni.cz\/uvrv\/wp-json\/wp\/v2\/media?parent=4668"}],"curies":[{"name":"wp","href":"https:\/\/api.w.org\/{rel}","templated":true}]}}