{"id":512,"date":"2012-05-16T21:25:47","date_gmt":"2012-05-16T19:25:47","guid":{"rendered":"http:\/\/userweb.pedf.cuni.cz\/wp\/uvrv\/unce\/"},"modified":"2016-02-09T10:20:17","modified_gmt":"2016-02-09T09:20:17","slug":"unce","status":"publish","type":"page","link":"https:\/\/pages.pedf.cuni.cz\/uvrv\/unce\/","title":{"rendered":"UK UNCE: Centrum v\u00fdzkumu z\u00e1kladn\u00edho vzd\u011bl\u00e1v\u00e1n\u00ed"},"content":{"rendered":"<p style=\"text-align: justify\"><img loading=\"lazy\" decoding=\"async\" class=\" alignright size-full wp-image-511\" style=\"margin: 0px 0px 5px 5px;float: right\" src=\"https:\/\/pages.pedf.cuni.cz\/uvrv\/files\/2012\/05\/karlik.gif\" alt=\"karlik\" width=\"153\" height=\"156\" \/>V\u00fdzkum centra je zam\u011b\u0159en na utv\u00e1\u0159en\u00ed z\u00e1klad\u016f vzd\u011blanosti v\u00a0obdob\u00ed povinn\u00e9 \u0161koln\u00ed doch\u00e1zky. V\u00fdsledky mezin\u00e1rodn\u00edch i dom\u00e1c\u00edch v\u00fdzkum\u016f v\u00a0posledn\u00edm desetilet\u00ed vykazuj\u00ed setrval\u00e9 zhor\u0161ov\u00e1n\u00ed v\u00fdsledk\u016f \u010desk\u00fdch \u017e\u00e1k\u016f jak absolutn\u011b, tak i relativn\u011b, a to p\u0159edev\u0161\u00edm v\u00a0matematick\u00e9 a \u010dten\u00e1\u0159sk\u00e9 gramotnosti. V\u00a0r\u00e1mci projektu Centra budeme sekund\u00e1rn\u00ed anal\u00fdzou mezin\u00e1rodn\u00edch i dom\u00e1c\u00edch v\u00fdzkum\u016f hledat kulturn\u00ed a soci\u00e1ln\u00ed faktory, zejm\u00e9na charakteristiky vzd\u011bl\u00e1vac\u00edho syst\u00e9mu, \u0161kol, u\u010ditel\u016f a \u017e\u00e1k\u016f, kter\u00e9 vysv\u011btluj\u00ed zhor\u0161uj\u00edc\u00ed se v\u00fdsledky \u017e\u00e1k\u016f. Ve vlastn\u00edch sb\u011brech a anal\u00fdz\u00e1ch dat se zam\u011b\u0159\u00edme p\u0159edev\u0161\u00edm na ot\u00e1zky u\u010den\u00ed a vyu\u010dov\u00e1n\u00ed \u010desk\u00e9mu jazyku a matematice, podm\u00ednky a p\u0159edpoklady porozum\u011bn\u00ed u\u010divu \u017e\u00e1ky, rozvoj kognitivn\u00ed a autoregula\u010dn\u011b-motiva\u010dn\u00ed slo\u017eky p\u0159i osvojov\u00e1n\u00ed znalost\u00ed v\u00a0t\u011bchto dvou kl\u00ed\u010dov\u00fdch vzd\u011bl\u00e1vac\u00edch oblastech. Z\u00e1kladn\u00edm p\u0159\u00ednosem projektu Centra je transdisciplin\u00e1rn\u00ed p\u0159\u00edstup k\u00a0ch\u00e1p\u00e1n\u00ed proces\u016f u\u010den\u00ed a vyu\u010dov\u00e1n\u00ed v\u00a0prost\u0159ed\u00ed \u010desk\u00e9 z\u00e1kladn\u00ed \u0161koly, kter\u00fd integruje poznatky z\u00a0pedagogiky, psychologie a oborov\u00fdch didaktik. V\u00fdzkumn\u00e1 \u0161et\u0159en\u00ed stav\u00ed na kombinaci kvantitativn\u00edch i kvalitativn\u00edch p\u0159\u00edstup\u016f, v\u010detn\u011b metod v\u00a0\u010desk\u00e9m spole\u010denskov\u011bdn\u00edm v\u00fdzkumu opom\u00edjen\u00fdch (experiment).<\/p>\n<p><b>\u010c\u00edslo projektu:<\/b> UNCE 204001\/2012<br \/>\n<b>Poskytovatel: <\/b>Univerzita Karlova v Praze, UNCE (Univerzitn\u00ed centra excelence)<br \/>\n<b>Doba \u0159e\u0161en\u00ed: <\/b>2012 &#8211; 2017<\/p>\n<p><!--:--><\/p>\n","protected":false},"excerpt":{"rendered":"<p>V\u00fdzkum centra je zam\u011b\u0159en na utv\u00e1\u0159en\u00ed z\u00e1klad\u016f vzd\u011blanosti v\u00a0obdob\u00ed povinn\u00e9 \u0161koln\u00ed doch\u00e1zky. V\u00fdsledky mezin\u00e1rodn\u00edch i dom\u00e1c\u00edch v\u00fdzkum\u016f v\u00a0posledn\u00edm desetilet\u00ed vykazuj\u00ed setrval\u00e9 zhor\u0161ov\u00e1n\u00ed v\u00fdsledk\u016f \u010desk\u00fdch \u017e\u00e1k\u016f jak absolutn\u011b, tak i relativn\u011b, a to p\u0159edev\u0161\u00edm v\u00a0matematick\u00e9 a \u010dten\u00e1\u0159sk\u00e9 gramotnosti. V\u00a0r\u00e1mci projektu Centra budeme sekund\u00e1rn\u00ed anal\u00fdzou mezin\u00e1rodn\u00edch i dom\u00e1c\u00edch v\u00fdzkum\u016f hledat kulturn\u00ed a soci\u00e1ln\u00ed faktory, zejm\u00e9na charakteristiky vzd\u011bl\u00e1vac\u00edho <a href='https:\/\/pages.pedf.cuni.cz\/uvrv\/unce\/' class='excerpt-more'>[&#8230;]<\/a><\/p>\n","protected":false},"author":388,"featured_media":0,"parent":0,"menu_order":2,"comment_status":"closed","ping_status":"closed","template":"1l-sidebar.php","meta":{"_monsterinsights_skip_tracking":false,"_monsterinsights_sitenote_active":false,"_monsterinsights_sitenote_note":"","_monsterinsights_sitenote_category":0,"footnotes":""},"class_list":["post-512","page","type-page","status-publish","hentry","post-seq-1","post-parity-odd","meta-position-corners","fix"],"_links":{"self":[{"href":"https:\/\/pages.pedf.cuni.cz\/uvrv\/wp-json\/wp\/v2\/pages\/512","targetHints":{"allow":["GET"]}}],"collection":[{"href":"https:\/\/pages.pedf.cuni.cz\/uvrv\/wp-json\/wp\/v2\/pages"}],"about":[{"href":"https:\/\/pages.pedf.cuni.cz\/uvrv\/wp-json\/wp\/v2\/types\/page"}],"author":[{"embeddable":true,"href":"https:\/\/pages.pedf.cuni.cz\/uvrv\/wp-json\/wp\/v2\/users\/388"}],"replies":[{"embeddable":true,"href":"https:\/\/pages.pedf.cuni.cz\/uvrv\/wp-json\/wp\/v2\/comments?post=512"}],"version-history":[{"count":0,"href":"https:\/\/pages.pedf.cuni.cz\/uvrv\/wp-json\/wp\/v2\/pages\/512\/revisions"}],"wp:attachment":[{"href":"https:\/\/pages.pedf.cuni.cz\/uvrv\/wp-json\/wp\/v2\/media?parent=512"}],"curies":[{"name":"wp","href":"https:\/\/api.w.org\/{rel}","templated":true}]}}