{"id":5163,"date":"2019-06-20T13:25:45","date_gmt":"2019-06-20T11:25:45","guid":{"rendered":"http:\/\/pages.pedf.cuni.cz\/uvrv\/?page_id=5163"},"modified":"2019-06-20T13:36:33","modified_gmt":"2019-06-20T11:36:33","slug":"rozvoj","status":"publish","type":"page","link":"https:\/\/pages.pedf.cuni.cz\/uvrv\/rozvoj\/","title":{"rendered":"Rozvoj"},"content":{"rendered":"<ul>\n<li><a href=\"https:\/\/pages.pedf.cuni.cz\/uvrv\/esf\/\">ESF OP VVV Pregradu\u00e1ln\u00ed vzd\u011bl\u00e1v\u00e1n\u00ed<\/a><\/li>\n<li><a href=\"https:\/\/pages.pedf.cuni.cz\/uvrv\/rozvojfh\/\">Formativn\u00ed hodnocen\u00ed<\/a><\/li>\n<\/ul>\n","protected":false},"excerpt":{"rendered":"<p>ESF OP VVV Pregradu\u00e1ln\u00ed vzd\u011bl\u00e1v\u00e1n\u00ed Formativn\u00ed hodnocen\u00ed<\/p>\n","protected":false},"author":387,"featured_media":0,"parent":0,"menu_order":0,"comment_status":"closed","ping_status":"closed","template":"","meta":{"_monsterinsights_skip_tracking":false,"_monsterinsights_sitenote_active":false,"_monsterinsights_sitenote_note":"","_monsterinsights_sitenote_category":0,"footnotes":""},"class_list":["post-5163","page","type-page","status-publish","hentry","post-seq-1","post-parity-odd","meta-position-corners","fix"],"_links":{"self":[{"href":"https:\/\/pages.pedf.cuni.cz\/uvrv\/wp-json\/wp\/v2\/pages\/5163","targetHints":{"allow":["GET"]}}],"collection":[{"href":"https:\/\/pages.pedf.cuni.cz\/uvrv\/wp-json\/wp\/v2\/pages"}],"about":[{"href":"https:\/\/pages.pedf.cuni.cz\/uvrv\/wp-json\/wp\/v2\/types\/page"}],"author":[{"embeddable":true,"href":"https:\/\/pages.pedf.cuni.cz\/uvrv\/wp-json\/wp\/v2\/users\/387"}],"replies":[{"embeddable":true,"href":"https:\/\/pages.pedf.cuni.cz\/uvrv\/wp-json\/wp\/v2\/comments?post=5163"}],"version-history":[{"count":3,"href":"https:\/\/pages.pedf.cuni.cz\/uvrv\/wp-json\/wp\/v2\/pages\/5163\/revisions"}],"predecessor-version":[{"id":5177,"href":"https:\/\/pages.pedf.cuni.cz\/uvrv\/wp-json\/wp\/v2\/pages\/5163\/revisions\/5177"}],"wp:attachment":[{"href":"https:\/\/pages.pedf.cuni.cz\/uvrv\/wp-json\/wp\/v2\/media?parent=5163"}],"curies":[{"name":"wp","href":"https:\/\/api.w.org\/{rel}","templated":true}]}}