{"id":5167,"date":"2019-06-20T13:31:40","date_gmt":"2019-06-20T11:31:40","guid":{"rendered":"http:\/\/pages.pedf.cuni.cz\/uvrv\/?page_id=5167"},"modified":"2019-06-20T13:49:14","modified_gmt":"2019-06-20T11:49:14","slug":"esf","status":"publish","type":"page","link":"https:\/\/pages.pedf.cuni.cz\/uvrv\/esf\/","title":{"rendered":"ESF OP VVV Podpora pregradu\u00e1ln\u00edho vzd\u011bl\u00e1v\u00e1n\u00ed"},"content":{"rendered":"<p>Popis projektu<\/p>\n<ul>\n<li><a href=\"https:\/\/pages.pedf.cuni.cz\/uvrv\/aktivita-i\/\">Aktivita I<\/a><\/li>\n<li><a href=\"https:\/\/pages.pedf.cuni.cz\/uvrv\/aktivita-ii\">Aktivita II<\/a><\/li>\n<\/ul>\n","protected":false},"excerpt":{"rendered":"<p>Popis projektu Aktivita I Aktivita II<\/p>\n","protected":false},"author":387,"featured_media":0,"parent":0,"menu_order":0,"comment_status":"closed","ping_status":"closed","template":"1l-sidebar.php","meta":{"_monsterinsights_skip_tracking":false,"_monsterinsights_sitenote_active":false,"_monsterinsights_sitenote_note":"","_monsterinsights_sitenote_category":0,"footnotes":""},"class_list":["post-5167","page","type-page","status-publish","hentry","post-seq-1","post-parity-odd","meta-position-corners","fix"],"_links":{"self":[{"href":"https:\/\/pages.pedf.cuni.cz\/uvrv\/wp-json\/wp\/v2\/pages\/5167","targetHints":{"allow":["GET"]}}],"collection":[{"href":"https:\/\/pages.pedf.cuni.cz\/uvrv\/wp-json\/wp\/v2\/pages"}],"about":[{"href":"https:\/\/pages.pedf.cuni.cz\/uvrv\/wp-json\/wp\/v2\/types\/page"}],"author":[{"embeddable":true,"href":"https:\/\/pages.pedf.cuni.cz\/uvrv\/wp-json\/wp\/v2\/users\/387"}],"replies":[{"embeddable":true,"href":"https:\/\/pages.pedf.cuni.cz\/uvrv\/wp-json\/wp\/v2\/comments?post=5167"}],"version-history":[{"count":4,"href":"https:\/\/pages.pedf.cuni.cz\/uvrv\/wp-json\/wp\/v2\/pages\/5167\/revisions"}],"predecessor-version":[{"id":5188,"href":"https:\/\/pages.pedf.cuni.cz\/uvrv\/wp-json\/wp\/v2\/pages\/5167\/revisions\/5188"}],"wp:attachment":[{"href":"https:\/\/pages.pedf.cuni.cz\/uvrv\/wp-json\/wp\/v2\/media?parent=5167"}],"curies":[{"name":"wp","href":"https:\/\/api.w.org\/{rel}","templated":true}]}}