{"id":5171,"date":"2019-06-20T13:33:18","date_gmt":"2019-06-20T11:33:18","guid":{"rendered":"http:\/\/pages.pedf.cuni.cz\/uvrv\/?page_id=5171"},"modified":"2021-08-30T22:58:56","modified_gmt":"2021-08-30T20:58:56","slug":"rozvojfh","status":"publish","type":"page","link":"https:\/\/pages.pedf.cuni.cz\/uvrv\/rozvojfh\/","title":{"rendered":"Zav\u00e1d\u011bn\u00ed formativn\u00edho hodnocen\u00ed na z\u00e1kladn\u00edch \u0161kol\u00e1ch 2019-2021"},"content":{"rendered":"\n<div class=\"wp-block-image\"><figure class=\"alignleft size-large is-resized\"><img loading=\"lazy\" decoding=\"async\" src=\"https:\/\/pages.pedf.cuni.cz\/uvrv\/files\/2021\/08\/image-2.png\" alt=\"\" class=\"wp-image-5882\" width=\"204\" height=\"99\" \/><\/figure><\/div>\n\n\n\n<p class=\"has-text-align-left\">Projekt Zav\u00e1d\u011bn\u00ed formativn\u00edho hodnocen\u00ed na z\u00e1kladn\u00edch \u0161kol\u00e1ch je realizovan\u00fd Pedagogickou fakultou Univerzity Karlovy ve spolupr\u00e1ci se spole\u010dnost\u00ed <strong>EDUka\u010dn\u00ed LABorato\u0159<\/strong>.<\/p>\n\n\n\n<p>Hlavn\u00edm c\u00edlem projektu je pomoci z\u00e1kladn\u00edm \u0161kol\u00e1m v Karlovarsk\u00e9m, \u00dasteck\u00e9m, Plze\u0148sk\u00e9m a St\u0159edo\u010desk\u00e9m kraji p\u0159i zav\u00e1d\u011bn\u00ed formativn\u00edho hodnocen\u00ed do v\u00fduky tak, aby doch\u00e1zelo ke zlep\u0161en\u00ed u\u010den\u00ed \u017e\u00e1k\u016f. Za t\u00edmto \u00fa\u010delem vznikla na 9 \u0161kol\u00e1ch <strong>s\u00ed\u0165 center kolegi\u00e1ln\u00ed podpory<\/strong>, kter\u00e1 slou\u017e\u00ed jako m\u00edsta k setk\u00e1v\u00e1n\u00ed u\u010ditel\u016f z okoln\u00edch \u0161kol ke sd\u00edlen\u00ed zku\u0161enost\u00ed se zav\u00e1d\u011bn\u00edm formativn\u00edho hodnocen\u00ed.<\/p>\n\n\n\n<p>V\u00edce informac\u00ed o projektu a jeho v\u00fdstupech naleznete na webov\u00fdch str\u00e1nk\u00e1ch projektu <a href=\"http:\/\/www.formativne.cz\">www.formativne.cz<\/a>. <\/p>\n\n\n\n<p>Projekt je financov\u00e1n v\u00a0r\u00e1mci opera\u010dn\u00edho programu V\u00fdzkum, v\u00fdvoj a vzd\u011bl\u00e1v\u00e1n\u00ed, registra\u010dn\u00ed \u010d\u00edslo: <em>CZ.02.3.68\/0.0\/0.0\/16_032\/0008212<\/em>.<\/p>\n\n\n\n<figure class=\"wp-block-image size-large\"><img loading=\"lazy\" decoding=\"async\" width=\"604\" height=\"124\" src=\"https:\/\/pages.pedf.cuni.cz\/uvrv\/files\/2021\/08\/image.png\" alt=\"\" class=\"wp-image-5877\" srcset=\"https:\/\/pages.pedf.cuni.cz\/uvrv\/files\/2021\/08\/image.png 604w, https:\/\/pages.pedf.cuni.cz\/uvrv\/files\/2021\/08\/image-300x62.png 300w\" sizes=\"auto, (max-width: 604px) 100vw, 604px\" \/><\/figure>\n","protected":false},"excerpt":{"rendered":"<p>Projekt Zav\u00e1d\u011bn\u00ed formativn\u00edho hodnocen\u00ed na z\u00e1kladn\u00edch \u0161kol\u00e1ch je realizovan\u00fd Pedagogickou fakultou Univerzity Karlovy ve spolupr\u00e1ci se spole\u010dnost\u00ed EDUka\u010dn\u00ed LABorato\u0159. Hlavn\u00edm c\u00edlem projektu je pomoci z\u00e1kladn\u00edm \u0161kol\u00e1m v Karlovarsk\u00e9m, \u00dasteck\u00e9m, Plze\u0148sk\u00e9m a St\u0159edo\u010desk\u00e9m kraji p\u0159i zav\u00e1d\u011bn\u00ed formativn\u00edho hodnocen\u00ed do v\u00fduky tak, aby doch\u00e1zelo ke zlep\u0161en\u00ed u\u010den\u00ed \u017e\u00e1k\u016f. Za t\u00edmto \u00fa\u010delem vznikla na 9 \u0161kol\u00e1ch s\u00ed\u0165 center <a href='https:\/\/pages.pedf.cuni.cz\/uvrv\/rozvojfh\/' class='excerpt-more'>[&#8230;]<\/a><\/p>\n","protected":false},"author":387,"featured_media":0,"parent":0,"menu_order":0,"comment_status":"closed","ping_status":"closed","template":"1l-sidebar.php","meta":{"_monsterinsights_skip_tracking":false,"_monsterinsights_sitenote_active":false,"_monsterinsights_sitenote_note":"","_monsterinsights_sitenote_category":0,"footnotes":""},"class_list":["post-5171","page","type-page","status-publish","hentry","post-seq-1","post-parity-odd","meta-position-corners","fix"],"_links":{"self":[{"href":"https:\/\/pages.pedf.cuni.cz\/uvrv\/wp-json\/wp\/v2\/pages\/5171","targetHints":{"allow":["GET"]}}],"collection":[{"href":"https:\/\/pages.pedf.cuni.cz\/uvrv\/wp-json\/wp\/v2\/pages"}],"about":[{"href":"https:\/\/pages.pedf.cuni.cz\/uvrv\/wp-json\/wp\/v2\/types\/page"}],"author":[{"embeddable":true,"href":"https:\/\/pages.pedf.cuni.cz\/uvrv\/wp-json\/wp\/v2\/users\/387"}],"replies":[{"embeddable":true,"href":"https:\/\/pages.pedf.cuni.cz\/uvrv\/wp-json\/wp\/v2\/comments?post=5171"}],"version-history":[{"count":7,"href":"https:\/\/pages.pedf.cuni.cz\/uvrv\/wp-json\/wp\/v2\/pages\/5171\/revisions"}],"predecessor-version":[{"id":5886,"href":"https:\/\/pages.pedf.cuni.cz\/uvrv\/wp-json\/wp\/v2\/pages\/5171\/revisions\/5886"}],"wp:attachment":[{"href":"https:\/\/pages.pedf.cuni.cz\/uvrv\/wp-json\/wp\/v2\/media?parent=5171"}],"curies":[{"name":"wp","href":"https:\/\/api.w.org\/{rel}","templated":true}]}}