{"id":5255,"date":"2019-10-07T18:01:50","date_gmt":"2019-10-07T16:01:50","guid":{"rendered":"http:\/\/pages.pedf.cuni.cz\/uvrv\/?page_id=5255"},"modified":"2026-03-23T17:06:26","modified_gmt":"2026-03-23T16:06:26","slug":"mgr-daniel-prazak","status":"publish","type":"page","link":"https:\/\/pages.pedf.cuni.cz\/uvrv\/mgr-daniel-prazak\/","title":{"rendered":"Mgr. Daniel Pra\u017e\u00e1k"},"content":{"rendered":"<p><a href=\"https:\/\/pages.pedf.cuni.cz\/uvrv\/files\/2019\/10\/danova-fotka.jpg\"><img loading=\"lazy\" decoding=\"async\" class=\"size-medium wp-image-5251 aligncenter\" src=\"https:\/\/pages.pedf.cuni.cz\/uvrv\/files\/2019\/10\/danova-fotka-300x200.jpg\" alt=\"\" width=\"300\" height=\"200\" srcset=\"https:\/\/pages.pedf.cuni.cz\/uvrv\/files\/2019\/10\/danova-fotka-300x200.jpg 300w, https:\/\/pages.pedf.cuni.cz\/uvrv\/files\/2019\/10\/danova-fotka-768x512.jpg 768w, https:\/\/pages.pedf.cuni.cz\/uvrv\/files\/2019\/10\/danova-fotka-1024x683.jpg 1024w\" sizes=\"auto, (max-width: 300px) 100vw, 300px\" \/><\/a><\/p>\n<table class=\" aligncenter\" border=\"0\" width=\"539\">\n<tbody>\n<tr>\n<td>Email:<\/td>\n<td><a href=\"daniel.prazak@otevreno.org\">daniel.prazak@otevreno.org<\/a><\/td>\n<\/tr>\n<tr>\n<td>Kancel\u00e1\u0159:<\/td>\n<td>Mysl\u00edkova 7, \u010d. 106<\/td>\n<\/tr>\n<tr>\n<td>Telefon:<\/td>\n<td><\/td>\n<\/tr>\n<tr>\n<td>Konzultace:<\/td>\n<td>dle dohody e-mailem<\/td>\n<\/tr>\n<\/tbody>\n<\/table>\n<h5 class=\"collapseomatic highlight\" id=\"id6a0352c05d481\"  tabindex=\"0\" title=\"Ph.D. studium\"    >Ph.D. studium<\/h5><div id=\"target-id6a0352c05d481\" class=\"collapseomatic_content \">\n<p><strong>N\u00e1zev diserta\u010dn\u00ed pr\u00e1ce:<\/strong><\/p>\n<ul>\n<li>Inovativn\u00ed \u0161koly a jejich s\u00edt\u011b v post-socialistick\u00e9m prostoru na p\u0159\u00edkladu Gymn\u00e1zia P\u0159\u00edrodn\u00ed \u0161kola<\/li>\n<\/ul>\n<p><strong>\u0160kolitel:<\/strong><\/p>\n<ul>\n<li>RNDr. Dominik Dvo\u0159\u00e1k, Ph.D.<\/li>\n<\/ul>\n<h5 class=\"collapseomatic highlight\" id=\"id6a0352c05d4bd\"  tabindex=\"0\" title=\"Vzd\u011bl\u00e1n\u00ed\"    >Vzd\u011bl\u00e1n\u00ed<\/h5>\n<p><strong>Od 2018<\/strong><\/p>\n<p>Intern\u00ed doktorand &#8211; obor <em>pedagogika<\/em>, \u00dastav v\u00fdzkumu a rozvoje vzd\u011bl\u00e1v\u00e1n\u00ed, Pedagogick\u00e1 fakulta, Univerzita Karlova<\/p>\n<\/div>\n<h5 class=\"collapseomatic highlight\" id=\"id6a0352c05d5b4\"  tabindex=\"0\" title=\"Zam\u011bstn\u00e1n\u00ed\"    >Zam\u011bstn\u00e1n\u00ed<\/h5><div id=\"target-id6a0352c05d5b4\" class=\"collapseomatic_content \">\n<p><strong>Od 2017<\/strong><\/p>\n<p>U\u010ditelstv\u00ed pro z\u00e1kladn\u00ed a st\u0159edn\u00ed \u0161koly biologie-d\u011bjepis, Pedagogick\u00e1 fakulta Univerzity Karlovy<\/p>\n<\/div>\n","protected":false},"excerpt":{"rendered":"<p>Email: daniel.prazak@otevreno.org Kancel\u00e1\u0159: Mysl\u00edkova 7, \u010d. 106 Telefon: Konzultace: dle dohody e-mailem<\/p>\n","protected":false},"author":479,"featured_media":0,"parent":0,"menu_order":0,"comment_status":"closed","ping_status":"closed","template":"","meta":{"_monsterinsights_skip_tracking":false,"_monsterinsights_sitenote_active":false,"_monsterinsights_sitenote_note":"","_monsterinsights_sitenote_category":0,"footnotes":""},"class_list":["post-5255","page","type-page","status-publish","hentry","post-seq-1","post-parity-odd","meta-position-corners","fix"],"_links":{"self":[{"href":"https:\/\/pages.pedf.cuni.cz\/uvrv\/wp-json\/wp\/v2\/pages\/5255","targetHints":{"allow":["GET"]}}],"collection":[{"href":"https:\/\/pages.pedf.cuni.cz\/uvrv\/wp-json\/wp\/v2\/pages"}],"about":[{"href":"https:\/\/pages.pedf.cuni.cz\/uvrv\/wp-json\/wp\/v2\/types\/page"}],"author":[{"embeddable":true,"href":"https:\/\/pages.pedf.cuni.cz\/uvrv\/wp-json\/wp\/v2\/users\/479"}],"replies":[{"embeddable":true,"href":"https:\/\/pages.pedf.cuni.cz\/uvrv\/wp-json\/wp\/v2\/comments?post=5255"}],"version-history":[{"count":7,"href":"https:\/\/pages.pedf.cuni.cz\/uvrv\/wp-json\/wp\/v2\/pages\/5255\/revisions"}],"predecessor-version":[{"id":7134,"href":"https:\/\/pages.pedf.cuni.cz\/uvrv\/wp-json\/wp\/v2\/pages\/5255\/revisions\/7134"}],"wp:attachment":[{"href":"https:\/\/pages.pedf.cuni.cz\/uvrv\/wp-json\/wp\/v2\/media?parent=5255"}],"curies":[{"name":"wp","href":"https:\/\/api.w.org\/{rel}","templated":true}]}}