{"id":563,"date":"2011-01-12T16:34:39","date_gmt":"2011-01-12T15:34:39","guid":{"rendered":"http:\/\/userweb.pedf.cuni.cz\/wp\/uvrv\/zuzanasvobodova\/"},"modified":"2015-04-22T09:40:13","modified_gmt":"2015-04-22T07:40:13","slug":"zuzanasvobodova","status":"publish","type":"page","link":"https:\/\/pages.pedf.cuni.cz\/uvrv\/zuzanasvobodova\/","title":{"rendered":"Zuzana Svobodov\u00e1"},"content":{"rendered":"<p><!--:cz--><\/p>\n<h1><span style=\"font-size: 22pt\">Mgr. Zuzana Svobodov\u00e1<\/span><\/h1>\n<p><img loading=\"lazy\" decoding=\"async\" class=\"  wp-image-562 alignleft\" style=\"margin-left: auto;margin-right: auto\" src=\"https:\/\/pages.pedf.cuni.cz\/uvrv\/files\/2011\/01\/zuzana.svobodova.jpg\" alt=\"zuzana.svobodova\" width=\"203\" height=\"153\" srcset=\"https:\/\/pages.pedf.cuni.cz\/uvrv\/files\/2011\/01\/zuzana.svobodova.jpg 2560w, https:\/\/pages.pedf.cuni.cz\/uvrv\/files\/2011\/01\/zuzana.svobodova-300x225.jpg 300w, https:\/\/pages.pedf.cuni.cz\/uvrv\/files\/2011\/01\/zuzana.svobodova-1024x768.jpg 1024w\" sizes=\"auto, (max-width: 203px) 100vw, 203px\" \/><\/p>\n<table class=\" aligncenter\" style=\"border-color: #b9b9b9;height: 150px\" border=\"0\" width=\"471\">\n<tbody>\n<tr>\n<td style=\"text-align: left\">Email:<\/td>\n<td style=\"text-align: left\"><a href=\"mailto:zuzana.svobodova@pedf.cuni.cz\">zuzana.svobodova@pedf.cuni.cz<\/a><\/td>\n<\/tr>\n<tr>\n<td style=\"text-align: left\">Kancel\u00e1\u0159:<\/td>\n<td>Mysl\u00edkova 7, \u010d. 106<\/td>\n<\/tr>\n<tr>\n<td style=\"text-align: left\">Telefon:<\/td>\n<td>221 900 527<\/td>\n<\/tr>\n<tr>\n<td style=\"text-align: left\">Konzultace:<\/td>\n<td>&#8211;<\/td>\n<\/tr>\n<\/tbody>\n<\/table>\n<p>&nbsp;<\/p>\n<h5 class=\"collapseomatic highlight\" id=\"id6a03571557d46\"  tabindex=\"0\" title=\"Ph.D. studium\"    >Ph.D. studium<\/h5><div id=\"target-id6a03571557d46\" class=\"collapseomatic_content \">\n<p><strong>N\u00e1zev diserta\u010dn\u00ed pr\u00e1ce<br \/>\n<\/strong><\/p>\n<ul>\n<li>Odklady povinn\u00e9 \u0161koln\u00ed doch\u00e1zky<\/li>\n<\/ul>\n<p><strong>\u0160kolitel<\/strong><\/p>\n<ul>\n<li>PhDr. David Greger, Ph.D.<\/li>\n<\/ul>\n<\/div>\n<h5 class=\"collapseomatic highlight\" id=\"id6a03571557df1\"  tabindex=\"0\" title=\"Vzd\u011bl\u00e1n\u00ed\"    >Vzd\u011bl\u00e1n\u00ed<\/h5><div id=\"target-id6a03571557df1\" class=\"collapseomatic_content \">\n<ul>\n<li><strong>2012-dosud <\/strong><br \/>\n<strong>Doktorsk\u00e9 studium<\/strong><br \/>\nPedF UK \u2013 \u00dastav v\u00fdzkumu a rozvoje vzd\u011bl\u00e1v\u00e1n\u00ed<\/li>\n<li><strong>2012-dosud<\/strong><br \/>\n<strong>Speci\u00e1ln\u00ed pedagogika<\/strong> (kombinovan\u00e9 studium)<br \/>\nPedF UK<\/li>\n<li><strong>1996-2002<\/strong><br \/>\n<strong>Magistersk\u00e9 studium<\/strong>, obor: <strong>Francouzsk\u00fd jazyk-n\u011bmeck\u00fd jazyk<\/strong><br \/>\nPedagogick\u00e1 fakulta Univerzity Karlovy<\/li>\n<li><strong>1991 \u2013 1995<\/strong><br \/>\nAnglo \u2013 n\u011bmeck\u00e1 obchodn\u00ed akademie<\/li>\n<\/ul>\n<\/div>\n<h5 class=\"collapseomatic highlight\" id=\"id6a03571557e2d\"  tabindex=\"0\" title=\"Zam\u011bstn\u00e1n\u00ed\"    >Zam\u011bstn\u00e1n\u00ed<\/h5><div id=\"target-id6a03571557e2d\" class=\"collapseomatic_content \">\n<ul>\n<li><strong>2014-dosud<\/strong><br \/>\n\u0158editelka<br \/>\nZ\u00e1kladn\u00ed \u0161kola n\u011bmecko-\u010desk\u00e9ho porozum\u011bn\u00ed a Gymn\u00e1zium Thomase Manna,\u00a0o.p.s.<\/li>\n<li><strong>2008 \u2013 2013<\/strong><br \/>\n\u0158editelka<br \/>\nMate\u0159sk\u00e1 \u0161kola Sib\u0159ina<\/li>\n<li><strong>2004-2008<\/strong><br \/>\nManager vzd\u011bl\u00e1vac\u00edch aktivit<br \/>\nJazykov\u00e1 agentura Ludea<\/li>\n<li><strong>1998 \u2013 2011<\/strong><br \/>\nLektorka, p\u0159ekladatelka, tlumo\u010dnice<br \/>\nExtern\u00ed spolupr\u00e1ce s jazykov\u00fdmi \u0161kolami a p\u0159ekladatelsk\u00fdmi agenturami<\/li>\n<li><strong>2000-2001<\/strong><br \/>\nU\u010ditelka n\u011bmeck\u00e9ho a francouzsk\u00e9ho jazyka<br \/>\nZ\u0160 Jeremenkova<\/li>\n<li><strong>1995-1996<\/strong><br \/>\nSt\u0159edn\u00ed podnikatelsk\u00e1 \u0161kola Praha<br \/>\nU\u010ditelka n\u011bmeck\u00e9ho jazyka a techniky administrativy<\/li>\n<\/ul>\n<\/div>\n<h5 class=\"collapseomatic highlight\" id=\"id6a03571557e63\"  tabindex=\"0\" title=\"Publikace\"    >Publikace<\/h5><div id=\"target-id6a03571557e63\" class=\"collapseomatic_content \">\n<ul>\n<li>SVOBODOV\u00c1, Zuzana. Vliv pr\u016fb\u011bhu z\u00e1pisu do prvn\u00ed t\u0159\u00eddy na proces rozhodov\u00e1n\u00ed o odkladu povinn\u00e9 \u0161koln\u00ed doch\u00e1zky In: Sou\u010dasn\u00e1 \u0161kola \u2013 \u201ed\u00edlna lidskosti?\u201c (v recenzn\u00edm \u0159\u00edzen\u00ed)<\/li>\n<li>SVOBODOV\u00c1, Zuzana a DOST\u00c1LOV\u00c1, Vladim\u00edra. Role supervize p\u0159i zav\u00e1d\u011bn\u00ed kompeten\u010dn\u00edho modelu pedagogick\u00fdch pracovn\u00edk\u016f In: Sborn\u00edk z konference C\u0160M (v recenzn\u00edm \u0159\u00edzen\u00ed)<\/li>\n<li>SVOBODOV\u00c1, Zuzana a \u0160\u0164ASTN\u00dd, V\u00edt. Educating foreign pupils in France and Czech Republic \u2013 a comparative analysis of policy frameworks and processes In: Sborn\u00edk z conference CESE (v recenzn\u00edm \u0159\u00edzen\u00ed)<\/li>\n<li>SVOBODOV\u00c1, Zuzana. Zpr\u00e1va o studijn\u00ed n\u00e1v\u0161t\u011bv\u011b. Orbis Scholae, 2014, 8 (1), 149-154<\/li>\n<li>SVOBODOV\u00c1, Zuzana. \u0160melov\u00e1, E. et al. (2013). Pre-school education in the kontext of curriculum. Children\u00b4s Readiness for Compulsory School Attendance in the Context of Selected EU Countries \u2013 Czech Republic, Slovakia, Slovenia, Poland. Orbis Scholae 8(3), 2014 (v redak\u010dn\u00edm \u010dten\u00ed)<\/li>\n<li>Svobodov\u00e1 Z., Simonov\u00e1 J.: P\u0159echod mezi preprim\u00e1rn\u00edm a prim\u00e1rn\u00edm vzd\u011bl\u00e1v\u00e1n\u00edm \u2013 koncepce projektu. In Sborn\u00edk p\u0159\u00edsp\u011bvk\u016f: XXI. celost\u00e1tn\u00ed konference \u010cAPV Efektivita vzd\u011bl\u00e1v\u00e1n\u00ed v prom\u011bn\u00e1ch spole\u010dnosti. PF UJEP, \u00dast\u00ed nad Labem. ISBN 978-80-7414-602-2<\/li>\n<li>\u0160\u0165astn\u00fd V., Svobodov\u00e1 Z.: Z\u00f3ny prioritn\u00edho vzd\u011bl\u00e1v\u00e1n\u00ed ve Francii jako n\u00e1stroj sni\u017eov\u00e1n\u00ed nerovnost\u00ed v p\u0159\u00edstupu ke vzd\u011bl\u00e1v\u00e1n\u00ed. In Sborn\u00edk p\u0159\u00edsp\u011bvk\u016f: XXI. celost\u00e1tn\u00ed konference \u010cAPV Efektivita vzd\u011bl\u00e1v\u00e1n\u00ed v prom\u011bn\u00e1ch spole\u010dnosti. PF UJEP, \u00dast\u00ed nad Labem. ISBN 978-80-7414-602-2<\/li>\n<li>SVOBODOV\u00c1 Z.: Metodologie odklad\u016f povinn\u00e9 \u0161koln\u00ed doch\u00e1zky. In LAUFKOV\u00c1, V., MORAOV\u00c1, H. a MED\u0158ICK\u00c1, T., ed. Metodologick\u00e9 p\u0159\u00edstupy v pedagogick\u00fdch a psychologick\u00fdch doktorsk\u00fdch v\u00fdzkumech: recenzovan\u00fd sborn\u00edk z doktorsk\u00e9 konference. Praha: PedF UK, 2013. ISBN 978-80-7290-707-6.<\/li>\n<li>SVOBODOV\u00c1, Z. Zrakov\u00e1 percepce p\u0159i reedukaci dyslexie. In: Vzd\u011bl\u00e1v\u00e1n\u00ed d\u011bt\u00ed s poruchami u\u010den\u00ed na 1. stupni Z\u0160. 1. vyd. Praha: Raabe, 2012. s. 1-14. ISSN 1804-0179.<\/li>\n<li>SVOBODOV\u00c1, Z. N\u00e1cvik pravolev\u00e9 orientace. In: Vzd\u011bl\u00e1v\u00e1n\u00ed d\u011bt\u00ed s poruchami u\u010den\u00ed na 1. stupni Z\u0160. 1. vyd. Praha: Raabe, 2013. ISSN 1804-0179.<\/li>\n<li>SVOBODOV\u00c1, Z. Dyspraxie. In: Vzd\u011bl\u00e1v\u00e1n\u00ed d\u011bt\u00ed s poruchami u\u010den\u00ed na 1. stupni Z\u0160. 1. vyd. Praha: Raabe, 2013. ISSN 1804-0179.<\/li>\n<li>SVOBODOV\u00c1, Z. Poj\u010fme za\u010d\u00edt spolu. In: Modern\u00ed vyu\u010dov\u00e1n\u00ed, 2010 s. 26-27. ISSN 1211\u20136858<\/li>\n<li>Publlikace \u010dl\u00e1nk\u016f z oblasti vzd\u011bl\u00e1v\u00e1n\u00ed, tvorba metodick\u00fdch list\u016f a recenze d\u011btsk\u00fdch knih pro internetov\u00e9 \u010dasopisy a port\u00e1ly: vasedeti.cz, jdesedoskoly.cz, zebrin.cz<\/div><\/li>\n<\/ul>\n<h5 class=\"collapseomatic highlight\" id=\"id6a03571557e92\"  tabindex=\"0\" title=\"St\u00e1\u017ee\"    >St\u00e1\u017ee<\/h5><div id=\"target-id6a03571557e92\" class=\"collapseomatic_content \">\n<ul>\n<li><strong>2000<\/strong><br \/>\nSRN P\u00e4dagogische Hochschule Freiburg, program Sokrates<\/li>\n<li><strong>1999<\/strong><br \/>\nTrinacion\u00e1ln\u00ed v\u00fdm\u011bnn\u00e1 st\u00e1\u017e Lyon-Weingarten-Praha<\/div><\/li>\n<\/ul>\n<p><!--:--><\/p>\n","protected":false},"excerpt":{"rendered":"<p>Mgr. Zuzana Svobodov\u00e1 Email: zuzana.svobodova@pedf.cuni.cz Kancel\u00e1\u0159: Mysl\u00edkova 7, \u010d. 106 Telefon: 221 900 527 Konzultace: &#8211; &nbsp;<\/p>\n","protected":false},"author":388,"featured_media":0,"parent":0,"menu_order":8,"comment_status":"closed","ping_status":"closed","template":"1r-sidebar.php","meta":{"_monsterinsights_skip_tracking":false,"_monsterinsights_sitenote_active":false,"_monsterinsights_sitenote_note":"","_monsterinsights_sitenote_category":0,"footnotes":""},"class_list":["post-563","page","type-page","status-publish","hentry","post-seq-1","post-parity-odd","meta-position-corners","fix"],"_links":{"self":[{"href":"https:\/\/pages.pedf.cuni.cz\/uvrv\/wp-json\/wp\/v2\/pages\/563","targetHints":{"allow":["GET"]}}],"collection":[{"href":"https:\/\/pages.pedf.cuni.cz\/uvrv\/wp-json\/wp\/v2\/pages"}],"about":[{"href":"https:\/\/pages.pedf.cuni.cz\/uvrv\/wp-json\/wp\/v2\/types\/page"}],"author":[{"embeddable":true,"href":"https:\/\/pages.pedf.cuni.cz\/uvrv\/wp-json\/wp\/v2\/users\/388"}],"replies":[{"embeddable":true,"href":"https:\/\/pages.pedf.cuni.cz\/uvrv\/wp-json\/wp\/v2\/comments?post=563"}],"version-history":[{"count":0,"href":"https:\/\/pages.pedf.cuni.cz\/uvrv\/wp-json\/wp\/v2\/pages\/563\/revisions"}],"wp:attachment":[{"href":"https:\/\/pages.pedf.cuni.cz\/uvrv\/wp-json\/wp\/v2\/media?parent=563"}],"curies":[{"name":"wp","href":"https:\/\/api.w.org\/{rel}","templated":true}]}}