{"id":5637,"date":"2020-11-18T15:13:30","date_gmt":"2020-11-18T14:13:30","guid":{"rendered":"http:\/\/pages.pedf.cuni.cz\/uvrv\/?page_id=5637"},"modified":"2024-10-19T21:57:32","modified_gmt":"2024-10-19T19:57:32","slug":"ondrej-kozeluh","status":"publish","type":"page","link":"https:\/\/pages.pedf.cuni.cz\/uvrv\/ondrej-kozeluh\/","title":{"rendered":"Mgr. Ond\u0159ej Ko\u017eeluh"},"content":{"rendered":"<h1><span style=\"font-size: 22pt\">Mgr. Ond\u0159ej Ko\u017eeluh<\/span><\/h1>\n<p><img loading=\"lazy\" decoding=\"async\" class=\"alignleft\" src=\"https:\/\/pages.pedf.cuni.cz\/uvrv\/files\/2020\/11\/Fotka-Ondrej-Kozeluh.jpg\" alt=\"Eva Potu\u017en\u00edkov\u00e1\" width=\"171\" height=\"184\" \/><\/p>\n<table style=\"border-color: #b9b9b9;height: 163px;width: 60%\" border=\"0\" align=\"right\">\n<tbody>\n<tr>\n<td style=\"text-align: left\">Email:<\/td>\n<td style=\"text-align: left\"><span class=\"adr\"><a class=\"rcmContactAddress\" title=\"coroner@volny.cz\" href=\"mailto:coroner@volny.cz\">coroner@volny.cz<\/a><\/span><\/td>\n<\/tr>\n<tr>\n<td>Adresa:<\/td>\n<td>Mysl\u00edkova 7, \u010d. M204<\/td>\n<\/tr>\n<tr>\n<td style=\"text-align: left\">Telefon:<\/td>\n<td>221 900 527<\/td>\n<\/tr>\n<tr>\n<td style=\"text-align: left\">Konzultace:<\/td>\n<td>&#8211;<\/td>\n<\/tr>\n<\/tbody>\n<\/table>\n<p>&nbsp;<\/p>\n<p>&nbsp;<\/p>\n<p>&nbsp;<\/p>\n<p>&nbsp;<\/p>\n<p>&nbsp;<\/p>\n<p style=\"text-align: left\"><h5 class=\"collapseomatic highlight\" id=\"id69dc01e97c9c5\"  tabindex=\"0\" title=\"Ph.D. studium\"    >Ph.D. studium<\/h5><div id=\"target-id69dc01e97c9c5\" class=\"collapseomatic_content \">\n<p><strong>N\u00e1zev diserta\u010dn\u00ed pr\u00e1ce<\/strong><\/p>\n<ul>\n<li>Situace\u00a0homogenn\u00edch\u00a0a\u00a0heterogenn\u00edch\u00a0t\u0159\u00edd\u00a0M\u0160\u00a0v\u00a0\u010cR<\/li>\n<\/ul>\n<p><strong>\u0160kolitel<\/strong><\/p>\n<ul>\n<li>PhDr. David Greger, Ph.D.<\/li>\n<\/ul>\n<\/div>\n<h5 class=\"collapseomatic highlight\" id=\"id69dc01e97ca90\"  tabindex=\"0\" title=\"Vzd\u011bl\u00e1n\u00ed\"    >Vzd\u011bl\u00e1n\u00ed<\/h5><div id=\"target-id69dc01e97ca90\" class=\"collapseomatic_content \">\n<ul>\n<li><strong>od 2020<\/strong><br \/>\nPedagogick\u00e1 fakulta Univerzity Karlovy<br \/>\nPedagogika (doktorsk\u00e9 studium)<\/li>\n<li><strong>2016<\/strong><br \/>\nFPE Z\u010cU<br \/>\nMgr. obor U\u010ditelstv\u00ed Aj\/D\u011b pro 2. st. Z\u0160<\/li>\n<li><strong>2013<\/strong><br \/>\nFPE Z\u010cU<br \/>\nBc. obor U\u010ditelstv\u00ed pro M\u0160<\/div><\/li>\n<\/ul>\n<h5 class=\"collapseomatic highlight\" id=\"id69dc01e97cace\"  tabindex=\"0\" title=\"Zam\u011bstn\u00e1n\u00ed\"    >Zam\u011bstn\u00e1n\u00ed<\/h5><div id=\"target-id69dc01e97cace\" class=\"collapseomatic_content \">\n<ul>\n<li>u\u010ditel 55. M\u0160 Plze\u0148 (2013, 2016-2020),<\/li>\n<li>vedouc\u00ed\u00a0Centra\u00a0kolegi\u00e1ln\u00ed\u00a0podpory\u00a0Plze\u0148\u00a0pro\u00a0\u010dten\u00e1\u0159skou\u00a0pregramotnost\u00a0(2019)<\/div><\/li>\n<\/ul>\n","protected":false},"excerpt":{"rendered":"<p>Mgr. Ond\u0159ej Ko\u017eeluh Email: coroner@volny.cz Adresa: Mysl\u00edkova 7, \u010d. M204 Telefon: 221 900 527 Konzultace: &#8211; &nbsp; &nbsp; &nbsp; &nbsp; &nbsp;<\/p>\n","protected":false},"author":387,"featured_media":0,"parent":0,"menu_order":0,"comment_status":"closed","ping_status":"closed","template":"1r-sidebar.php","meta":{"_monsterinsights_skip_tracking":false,"_monsterinsights_sitenote_active":false,"_monsterinsights_sitenote_note":"","_monsterinsights_sitenote_category":0,"footnotes":""},"class_list":["post-5637","page","type-page","status-publish","hentry","post-seq-1","post-parity-odd","meta-position-corners","fix"],"_links":{"self":[{"href":"https:\/\/pages.pedf.cuni.cz\/uvrv\/wp-json\/wp\/v2\/pages\/5637","targetHints":{"allow":["GET"]}}],"collection":[{"href":"https:\/\/pages.pedf.cuni.cz\/uvrv\/wp-json\/wp\/v2\/pages"}],"about":[{"href":"https:\/\/pages.pedf.cuni.cz\/uvrv\/wp-json\/wp\/v2\/types\/page"}],"author":[{"embeddable":true,"href":"https:\/\/pages.pedf.cuni.cz\/uvrv\/wp-json\/wp\/v2\/users\/387"}],"replies":[{"embeddable":true,"href":"https:\/\/pages.pedf.cuni.cz\/uvrv\/wp-json\/wp\/v2\/comments?post=5637"}],"version-history":[{"count":18,"href":"https:\/\/pages.pedf.cuni.cz\/uvrv\/wp-json\/wp\/v2\/pages\/5637\/revisions"}],"predecessor-version":[{"id":6717,"href":"https:\/\/pages.pedf.cuni.cz\/uvrv\/wp-json\/wp\/v2\/pages\/5637\/revisions\/6717"}],"wp:attachment":[{"href":"https:\/\/pages.pedf.cuni.cz\/uvrv\/wp-json\/wp\/v2\/media?parent=5637"}],"curies":[{"name":"wp","href":"https:\/\/api.w.org\/{rel}","templated":true}]}}