{"id":5718,"date":"2020-12-11T14:09:21","date_gmt":"2020-12-11T13:09:21","guid":{"rendered":"http:\/\/pages.pedf.cuni.cz\/uvrv\/?page_id=5718"},"modified":"2024-10-19T22:32:05","modified_gmt":"2024-10-19T20:32:05","slug":"anna-donovalova","status":"publish","type":"page","link":"https:\/\/pages.pedf.cuni.cz\/uvrv\/anna-donovalova\/","title":{"rendered":"Mgr. Anna Donovalov\u00e1"},"content":{"rendered":"<h1><span style=\"font-size: 22pt\">Mgr. Anna Donovalov\u00e1<\/span><\/h1>\n<table style=\"border-color: #080606;height: 163px;width: 60%\" border=\"1\" align=\"right\">\n<tbody>\n<tr>\n<td style=\"text-align: left\">Email:<\/td>\n<td style=\"text-align: left\">anna.donovalova1@gmail.com<\/td>\n<\/tr>\n<tr>\n<td>Adresa:<\/td>\n<td>Mysl\u00edkova 7, \u010d. M204<\/td>\n<\/tr>\n<tr>\n<td style=\"text-align: left\">Telefon:<\/td>\n<td>221 900 527<\/td>\n<\/tr>\n<tr>\n<td style=\"text-align: left\">Konzultace:<\/td>\n<td>&#8211;<\/td>\n<\/tr>\n<\/tbody>\n<\/table>\n<p><img loading=\"lazy\" decoding=\"async\" class=\"alignnone\" src=\"https:\/\/pages.pedf.cuni.cz\/uvrv\/files\/2020\/12\/donovalova-scaled.jpg\" alt=\"Anna Donovalov\u00e1\" width=\"207\" height=\"155\" \/><\/p>\n<p style=\"text-align: left\"><h5 class=\"collapseomatic highlight\" id=\"id69d738371fe6c\"  tabindex=\"0\" title=\"Ph.D. studium\"    >Ph.D. studium<\/h5><div id=\"target-id69d738371fe6c\" class=\"collapseomatic_content \">\n<p><strong>N\u00e1zev diserta\u010dn\u00ed pr\u00e1ce<\/strong><\/p>\n<ul>\n<li>Genderov\u00e1 rovnost jako speci\u00e1ln\u00ed p\u0159\u00edpad rovnosti v kurikul\u00e1rn\u00edch dokumentech<\/li>\n<\/ul>\n<p><strong>\u0160kolitel<\/strong><\/p>\n<ul>\n<li>RNDr. Dominik Dvo\u0159\u00e1k, Ph.D.<\/li>\n<\/ul>\n<\/div>\n<h5 class=\"collapseomatic highlight\" id=\"id69d738371ff16\"  tabindex=\"0\" title=\"Vzd\u011bl\u00e1n\u00ed\"    >Vzd\u011bl\u00e1n\u00ed<\/h5><div id=\"target-id69d738371ff16\" class=\"collapseomatic_content \">\n<ul>\n<li><strong>od 2019<\/strong><br \/>\nPedagogick\u00e1 fakulta Univerzity Karlovy<br \/>\nPedagogika (doktorsk\u00e9 studium)<\/li>\n<li><strong>2019<\/strong><br \/>\nHusitsk\u00e1 teologick\u00e1 fakulta UK<br \/>\nU\u010ditelstv\u00ed n\u00e1bo\u017eenstv\u00ed a z\u00e1klad\u016f spole\u010densk\u00fdch v\u011bd pro st\u0159edn\u00ed \u0161koly (NMgr.)<\/div><\/li>\n<\/ul>\n","protected":false},"excerpt":{"rendered":"<p>Mgr. Anna Donovalov\u00e1 Email: anna.donovalova1@gmail.com Adresa: Mysl\u00edkova 7, \u010d. M204 Telefon: 221 900 527 Konzultace: &#8211;<\/p>\n","protected":false},"author":387,"featured_media":0,"parent":0,"menu_order":0,"comment_status":"closed","ping_status":"closed","template":"1r-sidebar.php","meta":{"_monsterinsights_skip_tracking":false,"_monsterinsights_sitenote_active":false,"_monsterinsights_sitenote_note":"","_monsterinsights_sitenote_category":0,"footnotes":""},"class_list":["post-5718","page","type-page","status-publish","hentry","post-seq-1","post-parity-odd","meta-position-corners","fix"],"_links":{"self":[{"href":"https:\/\/pages.pedf.cuni.cz\/uvrv\/wp-json\/wp\/v2\/pages\/5718","targetHints":{"allow":["GET"]}}],"collection":[{"href":"https:\/\/pages.pedf.cuni.cz\/uvrv\/wp-json\/wp\/v2\/pages"}],"about":[{"href":"https:\/\/pages.pedf.cuni.cz\/uvrv\/wp-json\/wp\/v2\/types\/page"}],"author":[{"embeddable":true,"href":"https:\/\/pages.pedf.cuni.cz\/uvrv\/wp-json\/wp\/v2\/users\/387"}],"replies":[{"embeddable":true,"href":"https:\/\/pages.pedf.cuni.cz\/uvrv\/wp-json\/wp\/v2\/comments?post=5718"}],"version-history":[{"count":5,"href":"https:\/\/pages.pedf.cuni.cz\/uvrv\/wp-json\/wp\/v2\/pages\/5718\/revisions"}],"predecessor-version":[{"id":6731,"href":"https:\/\/pages.pedf.cuni.cz\/uvrv\/wp-json\/wp\/v2\/pages\/5718\/revisions\/6731"}],"wp:attachment":[{"href":"https:\/\/pages.pedf.cuni.cz\/uvrv\/wp-json\/wp\/v2\/media?parent=5718"}],"curies":[{"name":"wp","href":"https:\/\/api.w.org\/{rel}","templated":true}]}}