{"id":605,"date":"2014-10-02T13:40:13","date_gmt":"2014-10-02T11:40:13","guid":{"rendered":"http:\/\/userweb.pedf.cuni.cz\/wp\/uvrv\/temata-disertace\/"},"modified":"2023-10-23T16:06:34","modified_gmt":"2023-10-23T14:06:34","slug":"temata-disertace","status":"publish","type":"page","link":"https:\/\/pages.pedf.cuni.cz\/uvrv\/ph-d-studium-na-uvrv\/temata-disertace\/","title":{"rendered":"T\u00e9mata diserta\u010dn\u00edch prac\u00ed"},"content":{"rendered":"<h3 style=\"text-align: center;line-height: normal;margin: 0cm 0cm 6.0pt 0cm\" align=\"center\"><strong><span lang=\"CS\">Tematick\u00e9 okruhy diserta\u010dn\u00edch prac\u00ed nab\u00edzen\u00fdch \u0161koliteli\u00a0\u00dastavu v\u00fdzkumu a rozvoje vzd\u011bl\u00e1v\u00e1n\u00ed<\/span><\/strong><\/h3>\n<p style=\"text-align: justify;margin: 0cm 0cm 6.0pt 0cm\"><span lang=\"CS\">\u0160kolitel\u00e9 \u00dastavu v\u00fdzkumu a rozvoje vzd\u011bl\u00e1v\u00e1n\u00ed PedF UK nab\u00edzej\u00ed n\u00e1sleduj\u00edc\u00ed t\u00e9mata <strong>pro uchaze\u010de o doktorsk\u00e9 studium v oboru Pedagogika v roce 2023\/2024<\/strong>. Bli\u017e\u0161\u00ed informace pro uchaze\u010de o\u00a0doktorsk\u00e9 studium na Pedagogick\u00e9 fakult\u011b UK v\u00a0oboru Pedagogika lze z\u00edskat na\u00a0<a href=\"http:\/\/pedf.cuni.cz\/PEDF-346.html\" target=\"_blank\" rel=\"noopener noreferrer\">http:\/\/pedf.cuni.cz\/PEDF-346.html<\/a>. S jednotliv\u00fdmi \u0161koliteli je doporu\u010deno t\u00e9mata projekt\u016f disertac\u00ed p\u0159edem konzultovat (kontakty jsou uvedeny u jmen jednotliv\u00fdch \u0161kolitel\u016f).<\/span><\/p>\n<h3><strong>\u0160kolitel:<\/strong><\/h3>\n<p><strong><h5 class=\"collapseomatic highlight\" id=\"id69f6a0e784e2f\"  tabindex=\"0\" title=\"RNDr. Dominik Dvo\u0159\u00e1k, PhD.\"    >RNDr. Dominik Dvo\u0159\u00e1k, PhD.<\/h5><div id=\"target-id69f6a0e784e2f\" class=\"collapseomatic_content \"><\/strong>Kontakt: <a href=\"mailto:dominik.dvorak@pedf.cuni.cz\">dominik.dvorak@pedf.cuni.cz<\/a><\/p>\n<ol>\n<li>Kurikul\u00e1rn\u00ed\u00a0reformy<\/li>\n<li>St\u0159edn\u00ed\u00a0odborn\u00e9\u00a0vzd\u011bl\u00e1v\u00e1n\u00ed\u00a0&#8211;\u00a0anal\u00fdza\u00a0vybran\u00fdch\u00a0aspekt\u016f<\/li>\n<li>Vztahy\u00a0mezi\u00a0\u0161kolami\u00a0v\u00a0obci\u00a0nebo\u00a0regionu:\u00a0p\u0159\u00edpadov\u00e1\u00a0studie<\/li>\n<li>Jak\u00a0organizace\u00a0a\u00a0re\u017eim\u00a0\u010desk\u00e9\u00a0\u0161koly\u00a0ovliv\u0148uj\u00ed\u00a0vyu\u010dov\u00e1n\u00ed\u00a0a\u00a0u\u010den\u00ed<\/li>\n<li>Absence\u00a0\u017e\u00e1k\u016f\u00a0ve\u00a0\u0161kole:\u00a0p\u0159\u00ed\u010diny\u00a0a\u00a0d\u016fsledky\u00a0<strong><\/div><\/strong><\/li>\n<\/ol>\n<p><strong><h5 class=\"collapseomatic highlight\" id=\"id69f6a0e784efc\"  tabindex=\"0\" title=\"&lt;\/strong&gt;&lt;strong&gt;PhDr. David Greger, PhD.&lt;\/strong&gt;&lt;strong&gt;\"    ><\/strong><strong>PhDr. David Greger, PhD.<\/strong><strong><\/h5><div id=\"target-id69f6a0e784efc\" class=\"collapseomatic_content \"><\/strong>Kontakt: <a href=\"mailto:david.greger@pedf.cuni.cz\">david.greger@pedf.cuni.cz<\/a><\/p>\n<ol>\n<li>V\u00edcelet\u00e1 gymn\u00e1zia, v\u00fdb\u011brov\u00e9 Z\u0160 a mechanismy selekce v\u00a0mezin\u00e1rodn\u00edm srovn\u00e1n\u00ed, a jej\u00ed dopady.<\/li>\n<li>Volba \u0161koly a p\u0159echod \u017e\u00e1k\u016f, mezi vzd\u011bl\u00e1vac\u00edmi stupni.<\/li>\n<li>Vzd\u011bl\u00e1v\u00e1n\u00ed \u017e\u00e1k\u016f socio-kulturn\u011b znev\u00fdhodn\u011bn\u00fdch, imigrant\u016f a cizinc\u016f v\u00a0\u010desk\u00e9m vzd\u011bl\u00e1vac\u00edm syst\u00e9mu i v mezin\u00e1rodn\u00edm srovn\u00e1n\u00ed, v\u00fdzkumy v\u00a0soci\u00e1ln\u011b vylou\u010den\u00fdch lokalit\u00e1ch.<\/li>\n<li>V\u00fdzkum postoj\u016f a p\u0159esv\u011bd\u010den\u00ed u\u010ditel\u016f, za\u010d\u00ednaj\u00edc\u00ed u\u010ditel\u00e9<\/li>\n<li>V\u00fdzkumy dopad\u016f vybran\u00fdch opat\u0159en\u00ed vzd\u011bl\u00e1vac\u00ed politiky (nap\u0159. povinn\u00fd p\u0159ed\u0161koln\u00ed ro\u010dn\u00edk, jednotn\u00e9 p\u0159ij\u00edmac\u00ed zkou\u0161ky na S\u0160, spole\u010dn\u00e1 \u010d\u00e1st maturitn\u00ed zkou\u0161ky, aj.)<\/li>\n<li>Vztah kognitivn\u00edch a nekognitivn\u00edch v\u00fdsledk\u016f vzd\u011bl\u00e1v\u00e1n\u00ed \u017e\u00e1k\u016f a student\u016f (motivace, sebepojet\u00ed, aj.)<\/li>\n<li>V\u00fdzkumy u\u010ditel\u016f (u\u010ditelova profesn\u00ed zdatnost, syndrom vyho\u0159en\u00ed, postoje ke vzd\u011bl\u00e1v\u00e1n\u00ed, o\u010dek\u00e1v\u00e1n\u00ed u\u010ditel\u016f, aj.)<strong><\/div><\/strong><\/li>\n<\/ol>\n<p><strong><h5 class=\"collapseomatic highlight\" id=\"id69f6a0e784f81\"  tabindex=\"0\" title=\"&lt;\/strong&gt;&lt;strong&gt;PhDr. Martin Chv\u00e1l, Ph.D.&lt;\/strong&gt;&lt;strong&gt;\"    ><\/strong><strong>PhDr. Martin Chv\u00e1l, Ph.D.<\/strong><strong><\/h5><div id=\"target-id69f6a0e784f81\" class=\"collapseomatic_content \"><\/strong>Kontakt: <a href=\"mailto:martin.chval@pedf.cuni.cz\">martin.chval@pedf.cuni.cz<\/a><\/p>\n<ol>\n<li>Konstruktov\u00e1 validita spole\u010dn\u00e9 \u010d\u00e1sti maturitn\u00ed zkou\u0161ky<\/li>\n<li>Predik\u010dn\u00ed validita zkou\u0161ek spole\u010dn\u00e9 \u010d\u00e1sti maturitn\u00ed zkou\u0161ky<\/li>\n<li>Autoevaluace a pedagogick\u00e9 \u0159\u00edzen\u00ed \u0161koly\u00a0<strong><\/div><\/strong><\/li>\n<\/ol>\n<p><strong><h5 class=\"collapseomatic highlight\" id=\"id69f6a0e784fda\"  tabindex=\"0\" title=\"PhDr. Karel Star\u00fd, PhD.&lt;\/strong&gt;&lt;strong&gt;\"    >PhDr. Karel Star\u00fd, PhD.<\/strong><strong><\/h5><div id=\"target-id69f6a0e784fda\" class=\"collapseomatic_content \"><\/strong>Kontakt: <a href=\"mailto:karel.stary@pedf.cuni.cz\">karel.stary@pedf.cuni.cz<\/a><\/p>\n<ol>\n<li>Profesn\u00ed rozvoj u\u010ditel\u016f<\/li>\n<li>\u010cten\u00e1\u0159sk\u00e1 gramotnost<\/li>\n<li>Formativn\u00ed hodnocen\u00ed\u00a0<strong><\/div><\/strong><\/li>\n<\/ol>\n<p><strong><h5 class=\"collapseomatic highlight\" id=\"id69f6a0e785025\"  tabindex=\"0\" title=\"RNDr. Jana Strakov\u00e1, PhD.&lt;\/strong&gt;&lt;strong&gt;\"    >RNDr. Jana Strakov\u00e1, PhD.<\/strong><strong><\/h5><div id=\"target-id69f6a0e785025\" class=\"collapseomatic_content \"><\/strong>Kontakt: <a href=\"mailto:jana.strakova@pedf.cuni.cz\">jana.strakova@pedf.cuni.cz<\/a><\/p>\n<ol>\n<li>Pedagogick\u00e1 p\u0159esv\u011bd\u010den\u00ed \u010desk\u00fdch u\u010ditel\u016f v n\u00e1rodn\u00edm kontextu a v mezin\u00e1rodn\u00edm srovn\u00e1n\u00ed<\/li>\n<li>Diferenciace na \u00farovni prim\u00e1rn\u00edho vzd\u011bl\u00e1v\u00e1n\u00ed<strong><\/div><\/strong><\/li>\n<\/ol>\n<h5 class=\"collapseomatic highlight\" id=\"id69f6a0e78506b\"  tabindex=\"0\" title=\"PhDr. V\u00edt \u0160\u0165astn\u00fd, PhD.\"    >PhDr. V\u00edt \u0160\u0165astn\u00fd, PhD.<\/h5><div id=\"target-id69f6a0e78506b\" class=\"collapseomatic_content \">Kontakt: <a href=\"mailto:vit.stastny@pedf.cuni.cz\">vit.stastny@pedf.cuni.cz<\/a><br \/>1. St\u00ednov\u00e9 vzd\u011bl\u00e1v\u00e1n\u00ed (soukrom\u00e9 dou\u010dov\u00e1n\u00ed) &#8211; determinanty a implikace<br \/>2. \u0160kolsk\u00e1 za\u0159\u00edzen\u00ed pro z\u00e1jmov\u00e9 vzd\u011bl\u00e1v\u00e1n\u00ed<br \/><\/div>\n<h5 class=\"collapseomatic highlight\" id=\"id69f6a0e78509b\"  tabindex=\"0\" title=\"RNDr. Patr\u00edcia Martinkov\u00e1, PhD.\"    >RNDr. Patr\u00edcia Martinkov\u00e1, PhD.<\/h5><div id=\"target-id69f6a0e78509b\" class=\"collapseomatic_content \">Kontakt: <a href=\"mailto:patricia.martinkova@pedf.cuni.cz\">patricia.martinkova@pedf.cuni.cz<\/a><\/p>\n<ol>\n<li>Psychometrick\u00e9\u00a0anal\u00fdzy\u00a0znalostn\u00edch\u00a0test\u016f\u00a0v\u00a0kontextu\u00a0mezin\u00e1rodn\u00ed\u00a0praxe<br \/><\/div><\/li>\n<\/ol>\n<p><!--:--><\/p>\n\n\n<p><\/p>\n","protected":false},"excerpt":{"rendered":"<p>Tematick\u00e9 okruhy diserta\u010dn\u00edch prac\u00ed nab\u00edzen\u00fdch \u0161koliteli\u00a0\u00dastavu v\u00fdzkumu a rozvoje vzd\u011bl\u00e1v\u00e1n\u00ed \u0160kolitel\u00e9 \u00dastavu v\u00fdzkumu a rozvoje vzd\u011bl\u00e1v\u00e1n\u00ed PedF UK nab\u00edzej\u00ed n\u00e1sleduj\u00edc\u00ed t\u00e9mata pro uchaze\u010de o doktorsk\u00e9 studium v oboru Pedagogika v roce 2023\/2024. Bli\u017e\u0161\u00ed informace pro uchaze\u010de o\u00a0doktorsk\u00e9 studium na Pedagogick\u00e9 fakult\u011b UK v\u00a0oboru Pedagogika lze z\u00edskat na\u00a0http:\/\/pedf.cuni.cz\/PEDF-346.html. S jednotliv\u00fdmi \u0161koliteli je doporu\u010deno t\u00e9mata projekt\u016f disertac\u00ed <a href='https:\/\/pages.pedf.cuni.cz\/uvrv\/ph-d-studium-na-uvrv\/temata-disertace\/' class='excerpt-more'>[&#8230;]<\/a><\/p>\n","protected":false},"author":388,"featured_media":0,"parent":808,"menu_order":2,"comment_status":"closed","ping_status":"closed","template":"","meta":{"_monsterinsights_skip_tracking":false,"_monsterinsights_sitenote_active":false,"_monsterinsights_sitenote_note":"","_monsterinsights_sitenote_category":0,"footnotes":""},"class_list":["post-605","page","type-page","status-publish","hentry","post-seq-1","post-parity-odd","meta-position-corners","fix"],"_links":{"self":[{"href":"https:\/\/pages.pedf.cuni.cz\/uvrv\/wp-json\/wp\/v2\/pages\/605","targetHints":{"allow":["GET"]}}],"collection":[{"href":"https:\/\/pages.pedf.cuni.cz\/uvrv\/wp-json\/wp\/v2\/pages"}],"about":[{"href":"https:\/\/pages.pedf.cuni.cz\/uvrv\/wp-json\/wp\/v2\/types\/page"}],"author":[{"embeddable":true,"href":"https:\/\/pages.pedf.cuni.cz\/uvrv\/wp-json\/wp\/v2\/users\/388"}],"replies":[{"embeddable":true,"href":"https:\/\/pages.pedf.cuni.cz\/uvrv\/wp-json\/wp\/v2\/comments?post=605"}],"version-history":[{"count":21,"href":"https:\/\/pages.pedf.cuni.cz\/uvrv\/wp-json\/wp\/v2\/pages\/605\/revisions"}],"predecessor-version":[{"id":6527,"href":"https:\/\/pages.pedf.cuni.cz\/uvrv\/wp-json\/wp\/v2\/pages\/605\/revisions\/6527"}],"up":[{"embeddable":true,"href":"https:\/\/pages.pedf.cuni.cz\/uvrv\/wp-json\/wp\/v2\/pages\/808"}],"wp:attachment":[{"href":"https:\/\/pages.pedf.cuni.cz\/uvrv\/wp-json\/wp\/v2\/media?parent=605"}],"curies":[{"name":"wp","href":"https:\/\/api.w.org\/{rel}","templated":true}]}}