{"id":6076,"date":"2022-04-13T12:25:10","date_gmt":"2022-04-13T10:25:10","guid":{"rendered":"https:\/\/pages.pedf.cuni.cz\/uvrv\/?page_id=6076"},"modified":"2024-11-25T14:09:14","modified_gmt":"2024-11-25T13:09:14","slug":"zaverecna-zprava-studie-uvrv-brezen-2022","status":"publish","type":"page","link":"https:\/\/pages.pedf.cuni.cz\/uvrv\/zaverecna-zprava-studie-uvrv-brezen-2022\/","title":{"rendered":"Z\u00e1v\u011bre\u010dn\u00e1 zpr\u00e1va studie \u00daVRV &#8211; b\u0159ezen 2022"},"content":{"rendered":"<p class=\"first-para\"><strong>Hejn\u00e9ho metoda v\u00fduky matematiky v mezin\u00e1rodn\u00edm v\u00fdzkumu TIMSS<\/strong><\/p>\n<p>Auto\u0159i: David Greger, Martin Chv\u00e1l, Patr\u00edcia Mart\u00ednkov\u00e1, Eva Potu\u017en\u00edkov\u00e1, Petr Soukup, Na\u010fa Vondrov\u00e1<\/p>\n<p>Tato zpr\u00e1va p\u0159edstavuje v\u00fdsledky sekund\u00e1rn\u00edch anal\u00fdz dat z\u00a0mezin\u00e1rodn\u00edch \u0161et\u0159en\u00ed TIMSS (Trends in International Mathematics and Science Study) 2015 a 2019 ve vztahu k Hejn\u00e9ho metod\u011b v\u00fduky matematiky. Krom\u011b b\u011b\u017en\u011b dostupn\u00fdch dat z TIMSS byly vyu\u017eity informace o pou\u017e\u00edvan\u00e9 metod\u011b v\u00fduky, kter\u00e9 zji\u0161\u0165ovala \u010cesk\u00e1 \u0161koln\u00ed inspekce jako n\u00e1rodn\u00ed dopln\u011bk sb\u011bru dat pro jednotliv\u00e9 t\u0159\u00eddy zapojen\u00e9 do testov\u00e1n\u00ed.<\/p>\n<p>Hlavn\u00edm c\u00edlem anal\u00fdzy bylo ov\u011b\u0159it, zda <strong>Hejn\u00e9ho metoda<\/strong> vede k lep\u0161\u00edmu porozum\u011bn\u00ed matematice a lep\u0161\u00edm postoj\u016fm k matematice, jak uv\u00e1d\u011bj\u00ed jej\u00ed tv\u016frci (Hejn\u00fd, 2012). K tomu je TIMSS vhodn\u00fdm zdrojem dat, a to p\u0159edev\u0161\u00edm ze dvou d\u016fvod\u016f. Za prv\u00e9 p\u0159in\u00e1\u0161\u00ed kvalitn\u00ed a vyv\u00e1\u017een\u00fd test z matematiky, kter\u00fd pokr\u00fdv\u00e1 \u0161irok\u00e9 spektrum u\u010diva a obsahuje nejen \u00falohy na ov\u011b\u0159ov\u00e1n\u00ed znalost\u00ed, ale tak\u00e9 kognitivn\u011b n\u00e1ro\u010dn\u011bj\u0161\u00ed \u00falohy na aplikaci znalost\u00ed a uva\u017eov\u00e1n\u00ed v\u010detn\u011b tzv. probl\u00e9mov\u00fdch \u00faloh, v nich\u017e nen\u00ed bezprost\u0159edn\u011b z\u0159ejm\u00fd postup \u0159e\u0161en\u00ed. Za druh\u00e9 pomoc\u00ed dotazn\u00edk\u016f zji\u0161\u0165uje \u0159adu dopl\u0148uj\u00edc\u00edch informac\u00ed, mimo jin\u00e9 vztah \u017e\u00e1k\u016f k matematice, jejich sebed\u016fv\u011bru v matematice, ale nap\u0159\u00edklad tak\u00e9 jejich soci\u00e1ln\u011b ekonomick\u00e9 z\u00e1zem\u00ed. D\u00edky \u00fadaj\u016fm z\u00edskan\u00fdm z dotazn\u00edk\u016f bylo mo\u017en\u00e9 do anal\u00fdzy \u017e\u00e1kovsk\u00fdch v\u00fdsledk\u016f zahrnout kontroln\u00ed prom\u011bnn\u00e9 a odhadnout efekt Hejn\u00e9ho metody \u201eo\u010di\u0161t\u011bn\u00fd\u201c od p\u016fsoben\u00ed dal\u0161\u00edch faktor\u016f, kter\u00e9 tak\u00e9 ovliv\u0148uj\u00ed v\u00fdsledky \u017e\u00e1k\u016f, ale nesouvis\u00ed s pou\u017eitou metodou v\u00fduky. Dotazn\u00edkov\u00e1 data d\u00e1le umo\u017enila zam\u011b\u0159it pozornost na \u017e\u00e1kovsk\u00e9 postoje, kter\u00e9 dosud nebyly ve vztahu k Hejn\u00e9ho metod\u011b zkoum\u00e1ny.<\/p>\n<p>Odkaz na kompletn\u00ed z\u00e1v\u011bre\u010dnou zpr\u00e1vu naleznete po kliknut\u00ed <a href=\"https:\/\/www.h-mat.cz\/sites\/default\/files\/ncs-pf-timss-a4-digital.pdf\">zde<\/a>.<\/p>\n\n\n<p><\/p>\n","protected":false},"excerpt":{"rendered":"<p>Hejn\u00e9ho metoda v\u00fduky matematiky v mezin\u00e1rodn\u00edm v\u00fdzkumu TIMSS Auto\u0159i: David Greger, Martin Chv\u00e1l, Patr\u00edcia Mart\u00ednkov\u00e1, Eva Potu\u017en\u00edkov\u00e1, Petr Soukup, Na\u010fa Vondrov\u00e1 Tato zpr\u00e1va p\u0159edstavuje v\u00fdsledky sekund\u00e1rn\u00edch anal\u00fdz dat z\u00a0mezin\u00e1rodn\u00edch \u0161et\u0159en\u00ed TIMSS (Trends in International Mathematics and Science Study) 2015 a 2019 ve vztahu k Hejn\u00e9ho metod\u011b v\u00fduky matematiky. Krom\u011b b\u011b\u017en\u011b dostupn\u00fdch dat z TIMSS byly <a href='https:\/\/pages.pedf.cuni.cz\/uvrv\/zaverecna-zprava-studie-uvrv-brezen-2022\/' class='excerpt-more'>[&#8230;]<\/a><\/p>\n","protected":false},"author":569,"featured_media":6062,"parent":0,"menu_order":0,"comment_status":"closed","ping_status":"closed","template":"","meta":{"_monsterinsights_skip_tracking":false,"_monsterinsights_sitenote_active":false,"_monsterinsights_sitenote_note":"","_monsterinsights_sitenote_category":0,"footnotes":""},"class_list":["post-6076","page","type-page","status-publish","has-post-thumbnail","hentry","post-seq-1","post-parity-odd","meta-position-corners","fix"],"_links":{"self":[{"href":"https:\/\/pages.pedf.cuni.cz\/uvrv\/wp-json\/wp\/v2\/pages\/6076","targetHints":{"allow":["GET"]}}],"collection":[{"href":"https:\/\/pages.pedf.cuni.cz\/uvrv\/wp-json\/wp\/v2\/pages"}],"about":[{"href":"https:\/\/pages.pedf.cuni.cz\/uvrv\/wp-json\/wp\/v2\/types\/page"}],"author":[{"embeddable":true,"href":"https:\/\/pages.pedf.cuni.cz\/uvrv\/wp-json\/wp\/v2\/users\/569"}],"replies":[{"embeddable":true,"href":"https:\/\/pages.pedf.cuni.cz\/uvrv\/wp-json\/wp\/v2\/comments?post=6076"}],"version-history":[{"count":5,"href":"https:\/\/pages.pedf.cuni.cz\/uvrv\/wp-json\/wp\/v2\/pages\/6076\/revisions"}],"predecessor-version":[{"id":6951,"href":"https:\/\/pages.pedf.cuni.cz\/uvrv\/wp-json\/wp\/v2\/pages\/6076\/revisions\/6951"}],"wp:featuredmedia":[{"embeddable":true,"href":"https:\/\/pages.pedf.cuni.cz\/uvrv\/wp-json\/wp\/v2\/media\/6062"}],"wp:attachment":[{"href":"https:\/\/pages.pedf.cuni.cz\/uvrv\/wp-json\/wp\/v2\/media?parent=6076"}],"curies":[{"name":"wp","href":"https:\/\/api.w.org\/{rel}","templated":true}]}}