{"id":6257,"date":"2022-10-27T18:16:34","date_gmt":"2022-10-27T16:16:34","guid":{"rendered":"https:\/\/pages.pedf.cuni.cz\/uvrv\/?page_id=6257"},"modified":"2024-10-31T19:25:55","modified_gmt":"2024-10-31T18:25:55","slug":"mgr-kamil-cinkraut","status":"publish","type":"page","link":"https:\/\/pages.pedf.cuni.cz\/uvrv\/mgr-kamil-cinkraut\/","title":{"rendered":"Mgr. Kamil Cinkraut"},"content":{"rendered":"<div class=\"wp-block-image\">\n<figure class=\"alignleft size-large is-resized\"><img loading=\"lazy\" decoding=\"async\" width=\"708\" height=\"539\" src=\"https:\/\/pages.pedf.cuni.cz\/uvrv\/files\/2022\/10\/2.png\" alt=\"\" class=\"wp-image-6265\" style=\"width:177px;height:135px\" srcset=\"https:\/\/pages.pedf.cuni.cz\/uvrv\/files\/2022\/10\/2.png 708w, https:\/\/pages.pedf.cuni.cz\/uvrv\/files\/2022\/10\/2-300x228.png 300w\" sizes=\"auto, (max-width: 708px) 100vw, 708px\" \/><\/figure>\n<\/div>\n\n\n<figure class=\"wp-block-table\"><table><tbody><tr><td>Email:<\/td><td><a href=\"mailto:kamil.cinkraut@student.pedf.cuni.cz\">kamil.cinkraut984@student.cuni.cz <\/a><\/td><\/tr><tr><td>Kancel\u00e1\u0159:<\/td><td>Mysl\u00edkova 7, \u010d. 204<\/td><\/tr><tr><td>Telefon:<\/td><td>221 900 527<\/td><\/tr><tr><td>Konzultace:<\/td><td>dle dohody<\/td><\/tr><\/tbody><\/table><\/figure>\n\n\n<h5 class=\"collapseomatic highlight\" id=\"id69f130357be6e\"  tabindex=\"0\" title=\"Ph.D. studium\"    >Ph.D. studium<\/h5><div id=\"target-id69f130357be6e\" class=\"collapseomatic_content \">\n<p><strong>N\u00e1zev diserta\u010dn\u00ed pr\u00e1ce:<\/strong><\/p>\n<ul>\n<li>Revize kurikula fyziky v kontextu \u201evelk\u00fdch reviz\u00ed&#8220; RVP jako p\u0159\u00edklad tvorby p\u0159edm\u011btov\u00e9ho kurikula<\/li>\n<\/ul>\n<p><strong>\u0160kolitel:<\/strong><\/p>\n<ul>\n<li>RNDr. Dominik Dvo\u0159\u00e1k, Ph.D.<\/li>\n<\/ul>\n<\/div>\n\n\n<h5 class=\"collapseomatic highlight\" id=\"id69f130357bf3d\"  tabindex=\"0\" title=\"Vzd\u011bl\u00e1n\u00ed\"    >Vzd\u011bl\u00e1n\u00ed<\/h5><div id=\"target-id69f130357bf3d\" class=\"collapseomatic_content \">\n<ul>\n<li><strong>2022-dosud<\/strong><br \/>\nPedagogika<br \/>\nPh.D., \u00daVRV, PedF UK<\/li>\n<\/ul>\n<ul>\n<li><strong>2016-2021<\/strong><br \/>\nU\u010ditelstv\u00ed matematiky a fyziky, N\u00e1zev diplomov\u00e9 pr\u00e1ce: Tvorba \u0161koln\u00edho vzd\u011bl\u00e1vac\u00edho programu pro p\u0159edm\u011bt fyzika na kombinovan\u00e9m lyceu<br \/>\nMgr., MFF UK<\/li>\n<\/ul>\n<\/div>\n\n\n<h5 class=\"collapseomatic highlight\" id=\"id69f130357bf7b\"  tabindex=\"0\" title=\"Zam\u011bstn\u00e1n\u00ed\"    >Zam\u011bstn\u00e1n\u00ed<\/h5><div id=\"target-id69f130357bf7b\" class=\"collapseomatic_content \">\n<ul>\n<li><strong>2021-dosud<\/strong><br \/>\nU\u010ditel matematiky a fyziky<br \/>\nGymn\u00e1zium Jana Nerudy, Praha 1<\/li>\n<\/ul>\n<\/div>\n\n\n<h5 class=\"collapseomatic highlight\" id=\"id69f130357bfaf\"  tabindex=\"0\" title=\"Odborn\u00e9 st\u00e1\u017ee\"    >Odborn\u00e9 st\u00e1\u017ee<\/h5><div id=\"target-id69f130357bfaf\" class=\"collapseomatic_content \">\n<ul>\n<li><strong>2018<\/strong><br \/>\nErasmus<br \/>\nLond\u00fdn, neziskov\u00e1 organizace Ok\u00e9nko,<br \/>\nU\u010ditel matematiky a pomocn\u00e1 s\u00edla na 1. stupni m\u00edstn\u00ed \u010desk\u00e9 z\u00e1kladn\u00ed \u0161koly<\/li>\n<\/div><\/ul>\n","protected":false},"excerpt":{"rendered":"<p>Email: kamil.cinkraut984@student.cuni.cz Kancel\u00e1\u0159: Mysl\u00edkova 7, \u010d. 204 Telefon: 221 900 527 Konzultace: dle dohody<\/p>\n","protected":false},"author":569,"featured_media":0,"parent":0,"menu_order":0,"comment_status":"closed","ping_status":"closed","template":"","meta":{"_monsterinsights_skip_tracking":false,"_monsterinsights_sitenote_active":false,"_monsterinsights_sitenote_note":"","_monsterinsights_sitenote_category":0,"footnotes":""},"class_list":["post-6257","page","type-page","status-publish","hentry","post-seq-1","post-parity-odd","meta-position-corners","fix"],"_links":{"self":[{"href":"https:\/\/pages.pedf.cuni.cz\/uvrv\/wp-json\/wp\/v2\/pages\/6257","targetHints":{"allow":["GET"]}}],"collection":[{"href":"https:\/\/pages.pedf.cuni.cz\/uvrv\/wp-json\/wp\/v2\/pages"}],"about":[{"href":"https:\/\/pages.pedf.cuni.cz\/uvrv\/wp-json\/wp\/v2\/types\/page"}],"author":[{"embeddable":true,"href":"https:\/\/pages.pedf.cuni.cz\/uvrv\/wp-json\/wp\/v2\/users\/569"}],"replies":[{"embeddable":true,"href":"https:\/\/pages.pedf.cuni.cz\/uvrv\/wp-json\/wp\/v2\/comments?post=6257"}],"version-history":[{"count":12,"href":"https:\/\/pages.pedf.cuni.cz\/uvrv\/wp-json\/wp\/v2\/pages\/6257\/revisions"}],"predecessor-version":[{"id":6754,"href":"https:\/\/pages.pedf.cuni.cz\/uvrv\/wp-json\/wp\/v2\/pages\/6257\/revisions\/6754"}],"wp:attachment":[{"href":"https:\/\/pages.pedf.cuni.cz\/uvrv\/wp-json\/wp\/v2\/media?parent=6257"}],"curies":[{"name":"wp","href":"https:\/\/api.w.org\/{rel}","templated":true}]}}