{"id":6318,"date":"2022-11-18T16:51:34","date_gmt":"2022-11-18T15:51:34","guid":{"rendered":"https:\/\/pages.pedf.cuni.cz\/uvrv\/?page_id=6318"},"modified":"2022-11-18T16:51:34","modified_gmt":"2022-11-18T15:51:34","slug":"m-a-nina-jovanovic","status":"publish","type":"page","link":"https:\/\/pages.pedf.cuni.cz\/uvrv\/m-a-nina-jovanovic\/","title":{"rendered":"<a>M.A. Nina Jovanovi\u0107<\/a>"},"content":{"rendered":"<div class=\"wp-block-image\">\n<figure class=\"alignleft size-large is-resized\"><a href=\"https:\/\/pages.pedf.cuni.cz\/uvrv\/files\/2022\/11\/DSC04320-scaled.jpg\"><img loading=\"lazy\" decoding=\"async\" src=\"https:\/\/pages.pedf.cuni.cz\/uvrv\/files\/2022\/11\/DSC04320-849x1024.jpg\" alt=\"\" class=\"wp-image-6316\" width=\"106\" height=\"129\" srcset=\"https:\/\/pages.pedf.cuni.cz\/uvrv\/files\/2022\/11\/DSC04320-849x1024.jpg 849w, https:\/\/pages.pedf.cuni.cz\/uvrv\/files\/2022\/11\/DSC04320-249x300.jpg 249w, https:\/\/pages.pedf.cuni.cz\/uvrv\/files\/2022\/11\/DSC04320-768x927.jpg 768w, https:\/\/pages.pedf.cuni.cz\/uvrv\/files\/2022\/11\/DSC04320-1273x1536.jpg 1273w, https:\/\/pages.pedf.cuni.cz\/uvrv\/files\/2022\/11\/DSC04320-1698x2048.jpg 1698w\" sizes=\"auto, (max-width: 106px) 100vw, 106px\" \/><\/a><\/figure>\n<\/div>\n\n\n<figure class=\"wp-block-table\"><table><tbody><tr><td>Email:<\/td><td><a href=\"mailto:ninajovanovic1995@gmail.com\">ninajovanovic1995@gmail.com<\/a><\/td><\/tr><tr><td>Kancel\u00e1\u0159:<\/td><td>Mysl\u00edkova 7, \u010d. 204<\/td><\/tr><tr><td>Telefon:<\/td><td>221 900 527<\/td><\/tr><tr><td>Konzultace: <\/td><td>dle dohody<\/td><\/tr><\/tbody><\/table><\/figure>\n\n\n<h5 class=\"collapseomatic highlight\" id=\"id69eb29b921d9d\"  tabindex=\"0\" title=\"Ph.D. studium\"    >Ph.D. studium<\/h5><div id=\"target-id69eb29b921d9d\" class=\"collapseomatic_content \">\n<p><strong>N\u00e1zev diserta\u010dn\u00ed pr\u00e1ce:<\/strong><\/p>\n<ul>\n<li>The role of the teacher in promoting inclusive education for Roma children<\/li>\n<\/ul>\n<p><strong>\u0160kolitel:<\/strong><\/p>\n<ul>\n<li>doc. RNDr. Jana Strakov\u00e1, Ph.D.<\/li>\n<\/ul>\n<\/div>\n\n\n<h5 class=\"collapseomatic highlight\" id=\"id69eb29b921e56\"  tabindex=\"0\" title=\"Vzd\u011bl\u00e1n\u00ed\"    >Vzd\u011bl\u00e1n\u00ed<\/h5><div id=\"target-id69eb29b921e56\" class=\"collapseomatic_content \">\n<ul>\n<li><strong>2021-dosud<\/strong><br \/>\nPedagogika<br \/>\nPh.D., \u00daVRV, PedF UK<\/li>\n<\/ul>\n<ul>\n<li><strong>2018-2020<\/strong><br \/>\nFaculty of Philosophy, University of Belgrade<br \/>\nM.A. in pedagogy<\/li>\n<\/ul>\n<ul>\n<li><strong>2014-2016<\/strong><br \/>\nFaculty of Philosophy, University of Belgrade<br \/>\nB.A. in pedagogy<\/li>\n<\/ul>\n<\/div>\n\n\n<h5 class=\"collapseomatic highlight\" id=\"id69eb29b921eb3\"  tabindex=\"0\" title=\"Zam\u011bstn\u00e1n\u00ed\"    >Zam\u011bstn\u00e1n\u00ed<\/h5><div id=\"target-id69eb29b921eb3\" class=\"collapseomatic_content \">\n<ul>\n<li><strong>2022-dosud<\/strong><br \/>\nEducator in After-school club at Beehive International School<\/li>\n<li><strong>2021-2022<\/strong><br \/>\nPreschool and After-school teacher at Anglofonn\u00ed z\u00e1kladn\u00ed \u0161kola<\/li>\n<li><strong>2019-2021<\/strong><br \/>\nChild facilitator and pedagogue at ADRA Serbia<\/li>\n<\/ul>\n<\/div>\n\n\n<h5 class=\"collapseomatic highlight\" id=\"id69eb29b921f03\"  tabindex=\"0\" title=\"Projekty\"    >Projekty<\/h5><div id=\"target-id69eb29b921f03\" class=\"collapseomatic_content \">\n<ul>\n \t\u2022\tDemonstrator at the Faculty of Philosophy, October 2018 \u2013 Jun 2019<br \/>\n\u2022\tProject assistant at \u201cDaj mi ruku\u201d, September 2017\u2013 currently:<br \/>\n-Erasmus+ project \u201cCan you hear me? I hear you&#8220;, Serbia, Finland and Slovenia, 2021-2022<br \/>\n-Erasmus+ project \u201cGreen go\u201d in Italy, 2021<br \/>\n-Program \u201cZnam ja, zna\u0107e\u0161 i ti\u201d 2017 &#8211; 2021<br \/>\n\u2022\tScience demonstrator at The Center for the Promotion of Science, March 2019 \u2013 June 2021<\/p>\n<\/div><\/ul>\n","protected":false},"excerpt":{"rendered":"<p>Email: ninajovanovic1995@gmail.com Kancel\u00e1\u0159: Mysl\u00edkova 7, \u010d. 204 Telefon: 221 900 527 Konzultace: dle dohody<\/p>\n","protected":false},"author":569,"featured_media":0,"parent":0,"menu_order":0,"comment_status":"closed","ping_status":"closed","template":"","meta":{"_monsterinsights_skip_tracking":false,"_monsterinsights_sitenote_active":false,"_monsterinsights_sitenote_note":"","_monsterinsights_sitenote_category":0,"footnotes":""},"class_list":["post-6318","page","type-page","status-publish","hentry","post-seq-1","post-parity-odd","meta-position-corners","fix"],"_links":{"self":[{"href":"https:\/\/pages.pedf.cuni.cz\/uvrv\/wp-json\/wp\/v2\/pages\/6318","targetHints":{"allow":["GET"]}}],"collection":[{"href":"https:\/\/pages.pedf.cuni.cz\/uvrv\/wp-json\/wp\/v2\/pages"}],"about":[{"href":"https:\/\/pages.pedf.cuni.cz\/uvrv\/wp-json\/wp\/v2\/types\/page"}],"author":[{"embeddable":true,"href":"https:\/\/pages.pedf.cuni.cz\/uvrv\/wp-json\/wp\/v2\/users\/569"}],"replies":[{"embeddable":true,"href":"https:\/\/pages.pedf.cuni.cz\/uvrv\/wp-json\/wp\/v2\/comments?post=6318"}],"version-history":[{"count":10,"href":"https:\/\/pages.pedf.cuni.cz\/uvrv\/wp-json\/wp\/v2\/pages\/6318\/revisions"}],"predecessor-version":[{"id":6332,"href":"https:\/\/pages.pedf.cuni.cz\/uvrv\/wp-json\/wp\/v2\/pages\/6318\/revisions\/6332"}],"wp:attachment":[{"href":"https:\/\/pages.pedf.cuni.cz\/uvrv\/wp-json\/wp\/v2\/media?parent=6318"}],"curies":[{"name":"wp","href":"https:\/\/api.w.org\/{rel}","templated":true}]}}