{"id":6572,"date":"2023-12-11T09:34:01","date_gmt":"2023-12-11T08:34:01","guid":{"rendered":"https:\/\/pages.pedf.cuni.cz\/uvrv\/?page_id=6572"},"modified":"2023-12-11T12:58:31","modified_gmt":"2023-12-11T11:58:31","slug":"projekt-syri","status":"publish","type":"page","link":"https:\/\/pages.pedf.cuni.cz\/uvrv\/projekt-syri\/","title":{"rendered":"Projekt SYRI"},"content":{"rendered":"\n<p>Popis:&nbsp;<\/p>\n\n\n\n<p><em>N\u00e1rodn\u00ed institut pro v\u00fdzkum socioekonomick\u00fdch dopad\u016f nemoc\u00ed a syst\u00e9mov\u00fdch rizik<strong>\u00a0\u2013\u00a0<\/strong>kr\u00e1tce<strong>\u00a0<a href=\"https:\/\/www.syri.cz\/\">SYRI<\/a><\/strong>\u00a0<strong>\u2013\u00a0<\/strong>je postaven na pos\u00edlen\u00ed vz\u00e1jemn\u00fdch vazeb a v\u011bdeck\u00fdch spoluprac\u00ed Masarykovy univerzity, Univerzity Karlovy a \u00fastav\u016f Akademie v\u011bd \u010cR. Pod jednou st\u0159echou sdru\u017euje 150 v\u011bdc\u016f z Masarykovy univerzity, Univerzity Karlovy a Akademie v\u011bd \u010cR. Institut z\u00edsk\u00e1v\u00e1 data o soci\u00e1ln\u00edch procesech, kter\u00e9 prov\u00e1zej\u00ed krizov\u00e9 a rizikov\u00e9 situace typu pandemi\u00ed. Na z\u00e1klad\u011b nich pak formuluje doporu\u010den\u00ed, jak probl\u00e9my \u0159e\u0161it.<\/em><\/p>\n\n\n\n<p><em>Za \u00daVRV se na projektu SYRI pod\u00edlej\u00ed:&nbsp;<\/em><\/p>\n\n\n\n<ul class=\"wp-block-list\">\n<li><em><a href=\"https:\/\/pages.pedf.cuni.cz\/uvrv\/davidgreger\/\">David Greger<\/a><\/em><\/li>\n\n\n\n<li><em><a href=\"https:\/\/pages.pedf.cuni.cz\/uvrv\/eva-potuznikova\/\">Eva Potu\u017en\u00edkov\u00e1<\/a><\/em><\/li>\n\n\n\n<li><em><a href=\"https:\/\/pages.pedf.cuni.cz\/uvrv\/4893-2\/\">Ivan Ropovik<\/a><\/em><\/li>\n\n\n\n<li><em><a href=\"https:\/\/pages.pedf.cuni.cz\/uvrv\/jaroslavasimonova\/\">Jaroslava Simonov\u00e1<\/a><\/em><\/li>\n\n\n\n<li><em><a href=\"https:\/\/pages.pedf.cuni.cz\/uvrv\/janastrakova\/\">Jana Strakov\u00e1<\/a><\/em><\/li>\n<\/ul>\n\n\n\n<figure class=\"wp-block-image size-large\"><a href=\"https:\/\/pages.pedf.cuni.cz\/uvrv\/files\/2023\/12\/syri-logo-black-cmyk-scaled.jpg\"><img loading=\"lazy\" decoding=\"async\" width=\"1024\" height=\"453\" src=\"https:\/\/pages.pedf.cuni.cz\/uvrv\/files\/2023\/12\/syri-logo-black-cmyk-1024x453.jpg\" alt=\"\" class=\"wp-image-6578\" srcset=\"https:\/\/pages.pedf.cuni.cz\/uvrv\/files\/2023\/12\/syri-logo-black-cmyk-1024x453.jpg 1024w, https:\/\/pages.pedf.cuni.cz\/uvrv\/files\/2023\/12\/syri-logo-black-cmyk-300x133.jpg 300w, https:\/\/pages.pedf.cuni.cz\/uvrv\/files\/2023\/12\/syri-logo-black-cmyk-768x340.jpg 768w, https:\/\/pages.pedf.cuni.cz\/uvrv\/files\/2023\/12\/syri-logo-black-cmyk-1536x679.jpg 1536w, https:\/\/pages.pedf.cuni.cz\/uvrv\/files\/2023\/12\/syri-logo-black-cmyk-2048x905.jpg 2048w\" sizes=\"auto, (max-width: 1024px) 100vw, 1024px\" \/><\/a><\/figure>\n","protected":false},"excerpt":{"rendered":"<p>Popis:&nbsp; N\u00e1rodn\u00ed institut pro v\u00fdzkum socioekonomick\u00fdch dopad\u016f nemoc\u00ed a syst\u00e9mov\u00fdch rizik\u00a0\u2013\u00a0kr\u00e1tce\u00a0SYRI\u00a0\u2013\u00a0je postaven na pos\u00edlen\u00ed vz\u00e1jemn\u00fdch vazeb a v\u011bdeck\u00fdch spoluprac\u00ed Masarykovy univerzity, Univerzity Karlovy a \u00fastav\u016f Akademie v\u011bd \u010cR. Pod jednou st\u0159echou sdru\u017euje 150 v\u011bdc\u016f z Masarykovy univerzity, Univerzity Karlovy a Akademie v\u011bd \u010cR. Institut z\u00edsk\u00e1v\u00e1 data o soci\u00e1ln\u00edch procesech, kter\u00e9 prov\u00e1zej\u00ed krizov\u00e9 a rizikov\u00e9 situace <a href='https:\/\/pages.pedf.cuni.cz\/uvrv\/projekt-syri\/' class='excerpt-more'>[&#8230;]<\/a><\/p>\n","protected":false},"author":569,"featured_media":0,"parent":0,"menu_order":0,"comment_status":"closed","ping_status":"closed","template":"","meta":{"_monsterinsights_skip_tracking":false,"_monsterinsights_sitenote_active":false,"_monsterinsights_sitenote_note":"","_monsterinsights_sitenote_category":0,"footnotes":""},"class_list":["post-6572","page","type-page","status-publish","hentry","post-seq-1","post-parity-odd","meta-position-corners","fix"],"_links":{"self":[{"href":"https:\/\/pages.pedf.cuni.cz\/uvrv\/wp-json\/wp\/v2\/pages\/6572","targetHints":{"allow":["GET"]}}],"collection":[{"href":"https:\/\/pages.pedf.cuni.cz\/uvrv\/wp-json\/wp\/v2\/pages"}],"about":[{"href":"https:\/\/pages.pedf.cuni.cz\/uvrv\/wp-json\/wp\/v2\/types\/page"}],"author":[{"embeddable":true,"href":"https:\/\/pages.pedf.cuni.cz\/uvrv\/wp-json\/wp\/v2\/users\/569"}],"replies":[{"embeddable":true,"href":"https:\/\/pages.pedf.cuni.cz\/uvrv\/wp-json\/wp\/v2\/comments?post=6572"}],"version-history":[{"count":4,"href":"https:\/\/pages.pedf.cuni.cz\/uvrv\/wp-json\/wp\/v2\/pages\/6572\/revisions"}],"predecessor-version":[{"id":6587,"href":"https:\/\/pages.pedf.cuni.cz\/uvrv\/wp-json\/wp\/v2\/pages\/6572\/revisions\/6587"}],"wp:attachment":[{"href":"https:\/\/pages.pedf.cuni.cz\/uvrv\/wp-json\/wp\/v2\/media?parent=6572"}],"curies":[{"name":"wp","href":"https:\/\/api.w.org\/{rel}","templated":true}]}}