{"id":6580,"date":"2023-12-11T09:50:18","date_gmt":"2023-12-11T08:50:18","guid":{"rendered":"https:\/\/pages.pedf.cuni.cz\/uvrv\/?page_id=6580"},"modified":"2023-12-11T09:53:01","modified_gmt":"2023-12-11T08:53:01","slug":"podoby-diferenciace-na-zakladnich-skolach","status":"publish","type":"page","link":"https:\/\/pages.pedf.cuni.cz\/uvrv\/podoby-diferenciace-na-zakladnich-skolach\/","title":{"rendered":"Podoby diferenciace na z\u00e1kladn\u00edch \u0161kol\u00e1ch"},"content":{"rendered":"\n<p>C\u00edlem projektu je zmapovat podobu diferenciace na Z\u0160 a popsat, jak tato p\u0159isp\u00edv\u00e1 k rozd\u00edl\u016fm ve v\u00fdsledc\u00edch a postoj\u00edch \u017e\u00e1k\u016f. V\u00fdzkumn\u011b je projekt zam\u011b\u0159en na metaanal\u00fdzy v\u00fdzkum\u016f dopad\u016f diferenciace, d\u00e1le na sekund\u00e1rn\u00ed anal\u00fdzy dat z mezin\u00e1rodn\u00edch v\u00fdzkum\u016f (TIMSS&amp;PIRLS 2011, 2015 a 2019) a z longitudin\u00e1ln\u00edho v\u00fdzkumu CLoSE. Bude provedeno reprezentativn\u00ed dotazn\u00edkov\u00e9 \u0161et\u0159en\u00ed \u0159editel\u016f Z\u0160 a p\u0159\u00edpadov\u00e9 studie 5 Z\u0160. V\u00fdsledky v\u00fdzkumu a doporu\u010den\u00ed pro vzd\u011bl\u00e1vac\u00ed politiku bude shrnuto v z\u00e1v\u011bre\u010dn\u00e9 zpr\u00e1v\u011b.<\/p>\n\n\n\n<p>V\u00edce informac\u00ed <a href=\"https:\/\/pedf.cuni.cz\/PEDF-2076.html\">zde<\/a>.<\/p>\n\n\n\n<p>Z\u00e1v\u011bre\u010dn\u00e1 zpr\u00e1va <a href=\"https:\/\/pages.pedf.cuni.cz\/uvrv\/files\/2023\/12\/PEDF-2076-version1-podoby_diferenciace_na_zakladnich_skolach___zaverecna_vyzkumna_zprava_2023_final.pdf\">zde<\/a>.<\/p>\n\n\n\n<figure class=\"wp-block-image size-large\"><a href=\"https:\/\/pages.pedf.cuni.cz\/uvrv\/files\/2023\/12\/Snimek-obrazovky-2023-12-11-v-9.52.22.png\"><img loading=\"lazy\" decoding=\"async\" width=\"1024\" height=\"227\" src=\"https:\/\/pages.pedf.cuni.cz\/uvrv\/files\/2023\/12\/Snimek-obrazovky-2023-12-11-v-9.52.22-1024x227.png\" alt=\"\" class=\"wp-image-6585\" srcset=\"https:\/\/pages.pedf.cuni.cz\/uvrv\/files\/2023\/12\/Snimek-obrazovky-2023-12-11-v-9.52.22-1024x227.png 1024w, https:\/\/pages.pedf.cuni.cz\/uvrv\/files\/2023\/12\/Snimek-obrazovky-2023-12-11-v-9.52.22-300x66.png 300w, https:\/\/pages.pedf.cuni.cz\/uvrv\/files\/2023\/12\/Snimek-obrazovky-2023-12-11-v-9.52.22-768x170.png 768w, https:\/\/pages.pedf.cuni.cz\/uvrv\/files\/2023\/12\/Snimek-obrazovky-2023-12-11-v-9.52.22.png 1084w\" sizes=\"auto, (max-width: 1024px) 100vw, 1024px\" \/><\/a><\/figure>\n","protected":false},"excerpt":{"rendered":"<p>C\u00edlem projektu je zmapovat podobu diferenciace na Z\u0160 a popsat, jak tato p\u0159isp\u00edv\u00e1 k rozd\u00edl\u016fm ve v\u00fdsledc\u00edch a postoj\u00edch \u017e\u00e1k\u016f. V\u00fdzkumn\u011b je projekt zam\u011b\u0159en na metaanal\u00fdzy v\u00fdzkum\u016f dopad\u016f diferenciace, d\u00e1le na sekund\u00e1rn\u00ed anal\u00fdzy dat z mezin\u00e1rodn\u00edch v\u00fdzkum\u016f (TIMSS&amp;PIRLS 2011, 2015 a 2019) a z longitudin\u00e1ln\u00edho v\u00fdzkumu CLoSE. Bude provedeno reprezentativn\u00ed dotazn\u00edkov\u00e9 \u0161et\u0159en\u00ed \u0159editel\u016f Z\u0160 a <a href='https:\/\/pages.pedf.cuni.cz\/uvrv\/podoby-diferenciace-na-zakladnich-skolach\/' class='excerpt-more'>[&#8230;]<\/a><\/p>\n","protected":false},"author":569,"featured_media":0,"parent":0,"menu_order":0,"comment_status":"closed","ping_status":"closed","template":"","meta":{"_monsterinsights_skip_tracking":false,"_monsterinsights_sitenote_active":false,"_monsterinsights_sitenote_note":"","_monsterinsights_sitenote_category":0,"footnotes":""},"class_list":["post-6580","page","type-page","status-publish","hentry","post-seq-1","post-parity-odd","meta-position-corners","fix"],"_links":{"self":[{"href":"https:\/\/pages.pedf.cuni.cz\/uvrv\/wp-json\/wp\/v2\/pages\/6580","targetHints":{"allow":["GET"]}}],"collection":[{"href":"https:\/\/pages.pedf.cuni.cz\/uvrv\/wp-json\/wp\/v2\/pages"}],"about":[{"href":"https:\/\/pages.pedf.cuni.cz\/uvrv\/wp-json\/wp\/v2\/types\/page"}],"author":[{"embeddable":true,"href":"https:\/\/pages.pedf.cuni.cz\/uvrv\/wp-json\/wp\/v2\/users\/569"}],"replies":[{"embeddable":true,"href":"https:\/\/pages.pedf.cuni.cz\/uvrv\/wp-json\/wp\/v2\/comments?post=6580"}],"version-history":[{"count":2,"href":"https:\/\/pages.pedf.cuni.cz\/uvrv\/wp-json\/wp\/v2\/pages\/6580\/revisions"}],"predecessor-version":[{"id":6586,"href":"https:\/\/pages.pedf.cuni.cz\/uvrv\/wp-json\/wp\/v2\/pages\/6580\/revisions\/6586"}],"wp:attachment":[{"href":"https:\/\/pages.pedf.cuni.cz\/uvrv\/wp-json\/wp\/v2\/media?parent=6580"}],"curies":[{"name":"wp","href":"https:\/\/api.w.org\/{rel}","templated":true}]}}