{"id":6776,"date":"2024-11-04T09:21:54","date_gmt":"2024-11-04T08:21:54","guid":{"rendered":"https:\/\/pages.pedf.cuni.cz\/uvrv\/?page_id=6776"},"modified":"2024-11-04T14:47:09","modified_gmt":"2024-11-04T13:47:09","slug":"jie-li","status":"publish","type":"page","link":"https:\/\/pages.pedf.cuni.cz\/uvrv\/jie-li\/","title":{"rendered":"M.A. Jie Li"},"content":{"rendered":"\n<div class=\"wp-block-columns is-layout-flex wp-container-core-columns-is-layout-9d6595d7 wp-block-columns-is-layout-flex\">\n<div class=\"wp-block-column is-layout-flow wp-block-column-is-layout-flow\" style=\"flex-basis:33.33%\">\n<figure class=\"wp-block-image size-full is-resized\"><a href=\"https:\/\/pages.pedf.cuni.cz\/uvrv\/files\/2024\/11\/Jie_Li_profile_photo_orez.jpg\"><img loading=\"lazy\" decoding=\"async\" width=\"576\" height=\"576\" src=\"https:\/\/pages.pedf.cuni.cz\/uvrv\/files\/2024\/11\/Jie_Li_profile_photo_orez.jpg\" alt=\"\" class=\"wp-image-6877\" style=\"width:197px;height:auto\" srcset=\"https:\/\/pages.pedf.cuni.cz\/uvrv\/files\/2024\/11\/Jie_Li_profile_photo_orez.jpg 576w, https:\/\/pages.pedf.cuni.cz\/uvrv\/files\/2024\/11\/Jie_Li_profile_photo_orez-300x300.jpg 300w, https:\/\/pages.pedf.cuni.cz\/uvrv\/files\/2024\/11\/Jie_Li_profile_photo_orez-150x150.jpg 150w, https:\/\/pages.pedf.cuni.cz\/uvrv\/files\/2024\/11\/Jie_Li_profile_photo_orez-96x96.jpg 96w, https:\/\/pages.pedf.cuni.cz\/uvrv\/files\/2024\/11\/Jie_Li_profile_photo_orez-24x24.jpg 24w, https:\/\/pages.pedf.cuni.cz\/uvrv\/files\/2024\/11\/Jie_Li_profile_photo_orez-36x36.jpg 36w, https:\/\/pages.pedf.cuni.cz\/uvrv\/files\/2024\/11\/Jie_Li_profile_photo_orez-48x48.jpg 48w, https:\/\/pages.pedf.cuni.cz\/uvrv\/files\/2024\/11\/Jie_Li_profile_photo_orez-64x64.jpg 64w\" sizes=\"auto, (max-width: 576px) 100vw, 576px\" \/><\/a><\/figure>\n<\/div>\n\n\n\n<div class=\"wp-block-column is-layout-flow wp-block-column-is-layout-flow\" style=\"flex-basis:66.66%\">\n<figure class=\"wp-block-table\"><table class=\"has-fixed-layout\"><tbody><tr><td>Email:<\/td><td><a href=\"mailto:jie.li9@uq.net.au\">jie.li9@uq.net.au<\/a><\/td><\/tr><tr><td>Adresa:<\/td><td>Mysl\u00edkova 7, \u010d. M204<\/td><\/tr><tr><td>Telefon:<\/td><td>221 900 527<\/td><\/tr><tr><td>Konzultace:<\/td><td>&#8211;<\/td><\/tr><\/tbody><\/table><\/figure>\n<\/div>\n<\/div>\n\n\n<h5 class=\"collapseomatic highlight\" id=\"id69e2a732bee53\"  tabindex=\"0\" title=\"Ph.D. studium\"    >Ph.D. studium<\/h5><div id=\"target-id69e2a732bee53\" class=\"collapseomatic_content \">\n<p><strong>N\u00e1zev diserta\u010dn\u00ed pr\u00e1ce<\/strong>:<\/p>\n<ul>\n<li>Exploring Primary School Students\u2019 Selves in English Private Tutoring: A Study with Insights on Globalization and Privatization<\/li>\n<\/ul>\n<p><strong>\u0160kolitel:<\/strong><\/p>\n<ul>\n<li><a href=\"https:\/\/pages.pedf.cuni.cz\/uvrv\/vitstastny\/\">Doc. PhDr. V\u00edt \u0160\u0165astn\u00fd, Ph.D.<\/a><\/li>\n<\/ul>\n<\/div>\n\n\n<h5 class=\"collapseomatic highlight\" id=\"id69e2a732bef02\"  tabindex=\"0\" title=\"Vzd\u011bl\u00e1n\u00ed\"    >Vzd\u011bl\u00e1n\u00ed<\/h5><div id=\"target-id69e2a732bef02\" class=\"collapseomatic_content \">\n<ul>\n<li>Master\u2019s Degree in Applied Linguistics from the University of Queensland, Australia<\/li>\n<p> \t<\/div>\n\n\n<h5 class=\"collapseomatic highlight\" id=\"id69e2a732bef3c\"  tabindex=\"0\" title=\"Zam\u011bstn\u00e1n\u00ed\"    >Zam\u011bstn\u00e1n\u00ed<\/h5><div id=\"target-id69e2a732bef3c\" class=\"collapseomatic_content \">\n<ul>\n<li>Guangdong University of Foreign Studies, South China Business College<\/li>\n<p> <\/div>\n\n\n<h5 class=\"collapseomatic highlight\" id=\"id69e2a732bef6e\"  tabindex=\"0\" title=\"St\u00e1\u017ee\"    >St\u00e1\u017ee<\/h5><div id=\"target-id69e2a732bef6e\" class=\"collapseomatic_content \">\n<ul>\n<li> Previously worked at Xue\u2019ersi (TAL Education Group)\n<\/ul>\n<\/div>\n","protected":false},"excerpt":{"rendered":"<p>Email: jie.li9@uq.net.au Adresa: Mysl\u00edkova 7, \u010d. M204 Telefon: 221 900 527 Konzultace: &#8211;<\/p>\n","protected":false},"author":965,"featured_media":0,"parent":0,"menu_order":0,"comment_status":"closed","ping_status":"closed","template":"","meta":{"_monsterinsights_skip_tracking":false,"_monsterinsights_sitenote_active":false,"_monsterinsights_sitenote_note":"","_monsterinsights_sitenote_category":0,"footnotes":""},"class_list":["post-6776","page","type-page","status-publish","hentry","post-seq-1","post-parity-odd","meta-position-corners","fix"],"_links":{"self":[{"href":"https:\/\/pages.pedf.cuni.cz\/uvrv\/wp-json\/wp\/v2\/pages\/6776","targetHints":{"allow":["GET"]}}],"collection":[{"href":"https:\/\/pages.pedf.cuni.cz\/uvrv\/wp-json\/wp\/v2\/pages"}],"about":[{"href":"https:\/\/pages.pedf.cuni.cz\/uvrv\/wp-json\/wp\/v2\/types\/page"}],"author":[{"embeddable":true,"href":"https:\/\/pages.pedf.cuni.cz\/uvrv\/wp-json\/wp\/v2\/users\/965"}],"replies":[{"embeddable":true,"href":"https:\/\/pages.pedf.cuni.cz\/uvrv\/wp-json\/wp\/v2\/comments?post=6776"}],"version-history":[{"count":7,"href":"https:\/\/pages.pedf.cuni.cz\/uvrv\/wp-json\/wp\/v2\/pages\/6776\/revisions"}],"predecessor-version":[{"id":6924,"href":"https:\/\/pages.pedf.cuni.cz\/uvrv\/wp-json\/wp\/v2\/pages\/6776\/revisions\/6924"}],"wp:attachment":[{"href":"https:\/\/pages.pedf.cuni.cz\/uvrv\/wp-json\/wp\/v2\/media?parent=6776"}],"curies":[{"name":"wp","href":"https:\/\/api.w.org\/{rel}","templated":true}]}}