{"id":6788,"date":"2024-11-04T09:47:53","date_gmt":"2024-11-04T08:47:53","guid":{"rendered":"https:\/\/pages.pedf.cuni.cz\/uvrv\/?page_id=6788"},"modified":"2024-11-05T20:06:20","modified_gmt":"2024-11-05T19:06:20","slug":"kaitlin-griffith","status":"publish","type":"page","link":"https:\/\/pages.pedf.cuni.cz\/uvrv\/kaitlin-griffith\/","title":{"rendered":"M.Ed. Kaitlin Griffith"},"content":{"rendered":"\n<div class=\"wp-block-columns is-layout-flex wp-container-core-columns-is-layout-9d6595d7 wp-block-columns-is-layout-flex\">\n<div class=\"wp-block-column is-layout-flow wp-block-column-is-layout-flow\" style=\"flex-basis:33.33%\">\n<figure class=\"wp-block-image size-full is-resized\"><a href=\"https:\/\/pages.pedf.cuni.cz\/uvrv\/files\/2024\/11\/Kaitlin-Griffith_profile_picture.png\"><img loading=\"lazy\" decoding=\"async\" width=\"500\" height=\"500\" src=\"https:\/\/pages.pedf.cuni.cz\/uvrv\/files\/2024\/11\/Kaitlin-Griffith_profile_picture.png\" alt=\"\" class=\"wp-image-6870\" style=\"width:275px;height:auto\" srcset=\"https:\/\/pages.pedf.cuni.cz\/uvrv\/files\/2024\/11\/Kaitlin-Griffith_profile_picture.png 500w, https:\/\/pages.pedf.cuni.cz\/uvrv\/files\/2024\/11\/Kaitlin-Griffith_profile_picture-300x300.png 300w, https:\/\/pages.pedf.cuni.cz\/uvrv\/files\/2024\/11\/Kaitlin-Griffith_profile_picture-150x150.png 150w, https:\/\/pages.pedf.cuni.cz\/uvrv\/files\/2024\/11\/Kaitlin-Griffith_profile_picture-96x96.png 96w, https:\/\/pages.pedf.cuni.cz\/uvrv\/files\/2024\/11\/Kaitlin-Griffith_profile_picture-24x24.png 24w, https:\/\/pages.pedf.cuni.cz\/uvrv\/files\/2024\/11\/Kaitlin-Griffith_profile_picture-36x36.png 36w, https:\/\/pages.pedf.cuni.cz\/uvrv\/files\/2024\/11\/Kaitlin-Griffith_profile_picture-48x48.png 48w, https:\/\/pages.pedf.cuni.cz\/uvrv\/files\/2024\/11\/Kaitlin-Griffith_profile_picture-64x64.png 64w\" sizes=\"auto, (max-width: 500px) 100vw, 500px\" \/><\/a><\/figure>\n<\/div>\n\n\n\n<div class=\"wp-block-column is-layout-flow wp-block-column-is-layout-flow\" style=\"flex-basis:66.66%\">\n<figure class=\"wp-block-table\"><table class=\"has-fixed-layout\"><tbody><tr><td>Email:<\/td><td><a href=\"mailto:kaitlingriiffit.h@gmail.com\">kaitlingriiffit.h@gmail.com<\/a><\/td><\/tr><tr><td>Adresa:<\/td><td>Mysl\u00edkova 7, \u010d. M204<\/td><\/tr><tr><td>Telefon:<\/td><td>221 900 527<\/td><\/tr><tr><td>Konzultace:<\/td><td>&#8211;<\/td><\/tr><\/tbody><\/table><\/figure>\n<\/div>\n<\/div>\n\n\n<h5 class=\"collapseomatic highlight\" id=\"id69e4fd167fd54\"  tabindex=\"0\" title=\"Ph.D. studium\"    >Ph.D. studium<\/h5><div id=\"target-id69e4fd167fd54\" class=\"collapseomatic_content \">\n<p><strong>N\u00e1zev diserta\u010dn\u00ed pr\u00e1ce<\/strong>:<\/p>\n<ul>\n<li>Study of the relationship between child well-being and academic achievement using International Large Scale Assessment Data<\/li>\n<\/ul>\n<p><strong>\u0160kolitel:<\/strong><\/p>\n<ul>\n<li><a href=\"https:\/\/pages.pedf.cuni.cz\/uvrv\/davidgreger\/\">PhDr. David Greger, Ph.D.<\/a><\/li>\n<\/ul>\n<\/div>\n\n\n<h5 class=\"collapseomatic highlight\" id=\"id69e4fd167fe00\"  tabindex=\"0\" title=\"Vzd\u011bl\u00e1n\u00ed\"    >Vzd\u011bl\u00e1n\u00ed<\/h5><div id=\"target-id69e4fd167fe00\" class=\"collapseomatic_content \">\n<ul>\n<li>Florida State University \u2013 B.Sc in Biology<\/li>\n<li>Harvard University \u2013 Master of Education<br \/>\n<\/div>\n\n\n<h5 class=\"collapseomatic highlight\" id=\"id69e4fd167fe3b\"  tabindex=\"0\" title=\"Publikace\"    >Publikace<\/h5><div id=\"target-id69e4fd167fe3b\" class=\"collapseomatic_content \">\n<ul>\n<li> Griffith, K. A., &amp; Grinath, J. B. (2018). Interactive effects of precipitation and nitrogen enrichment on multi-trophic dynamics in plant-arthropod communities. <i>PLoS ONE<\/i>, 13(8), e0201219. <a href=\"https:\/\/doi.org\/10.1371\/journal.pone.0201219\">https:\/\/doi.org\/10.1371\/journal.pone.0201219<\/a>\n<\/ul>\n<\/div>\n","protected":false},"excerpt":{"rendered":"<p>Email: kaitlingriiffit.h@gmail.com Adresa: Mysl\u00edkova 7, \u010d. M204 Telefon: 221 900 527 Konzultace: &#8211;<\/p>\n","protected":false},"author":965,"featured_media":0,"parent":0,"menu_order":0,"comment_status":"closed","ping_status":"closed","template":"","meta":{"_monsterinsights_skip_tracking":false,"_monsterinsights_sitenote_active":false,"_monsterinsights_sitenote_note":"","_monsterinsights_sitenote_category":0,"footnotes":""},"class_list":["post-6788","page","type-page","status-publish","hentry","post-seq-1","post-parity-odd","meta-position-corners","fix"],"_links":{"self":[{"href":"https:\/\/pages.pedf.cuni.cz\/uvrv\/wp-json\/wp\/v2\/pages\/6788","targetHints":{"allow":["GET"]}}],"collection":[{"href":"https:\/\/pages.pedf.cuni.cz\/uvrv\/wp-json\/wp\/v2\/pages"}],"about":[{"href":"https:\/\/pages.pedf.cuni.cz\/uvrv\/wp-json\/wp\/v2\/types\/page"}],"author":[{"embeddable":true,"href":"https:\/\/pages.pedf.cuni.cz\/uvrv\/wp-json\/wp\/v2\/users\/965"}],"replies":[{"embeddable":true,"href":"https:\/\/pages.pedf.cuni.cz\/uvrv\/wp-json\/wp\/v2\/comments?post=6788"}],"version-history":[{"count":7,"href":"https:\/\/pages.pedf.cuni.cz\/uvrv\/wp-json\/wp\/v2\/pages\/6788\/revisions"}],"predecessor-version":[{"id":6889,"href":"https:\/\/pages.pedf.cuni.cz\/uvrv\/wp-json\/wp\/v2\/pages\/6788\/revisions\/6889"}],"wp:attachment":[{"href":"https:\/\/pages.pedf.cuni.cz\/uvrv\/wp-json\/wp\/v2\/media?parent=6788"}],"curies":[{"name":"wp","href":"https:\/\/api.w.org\/{rel}","templated":true}]}}