{"id":6898,"date":"2024-11-05T21:15:55","date_gmt":"2024-11-05T20:15:55","guid":{"rendered":"https:\/\/pages.pedf.cuni.cz\/uvrv\/?page_id=6898"},"modified":"2024-11-11T10:39:12","modified_gmt":"2024-11-11T09:39:12","slug":"jiri-suchanek","status":"publish","type":"page","link":"https:\/\/pages.pedf.cuni.cz\/uvrv\/jiri-suchanek\/","title":{"rendered":"Mgr. Ji\u0159\u00ed Such\u00e1nek"},"content":{"rendered":"\n<div class=\"wp-block-columns is-layout-flex wp-container-core-columns-is-layout-9d6595d7 wp-block-columns-is-layout-flex\">\n<div class=\"wp-block-column is-layout-flow wp-block-column-is-layout-flow\" style=\"flex-basis:33.33%\">\n<figure class=\"wp-block-image size-full is-resized\"><a href=\"https:\/\/pages.pedf.cuni.cz\/uvrv\/files\/2024\/11\/Suchanek_Jiri_profile_picture.jpg\"><img loading=\"lazy\" decoding=\"async\" width=\"494\" height=\"684\" src=\"https:\/\/pages.pedf.cuni.cz\/uvrv\/files\/2024\/11\/Suchanek_Jiri_profile_picture.jpg\" alt=\"\" class=\"wp-image-6903\" style=\"width:212px;height:auto\" srcset=\"https:\/\/pages.pedf.cuni.cz\/uvrv\/files\/2024\/11\/Suchanek_Jiri_profile_picture.jpg 494w, https:\/\/pages.pedf.cuni.cz\/uvrv\/files\/2024\/11\/Suchanek_Jiri_profile_picture-217x300.jpg 217w\" sizes=\"auto, (max-width: 494px) 100vw, 494px\" \/><\/a><\/figure>\n<\/div>\n\n\n\n<div class=\"wp-block-column is-layout-flow wp-block-column-is-layout-flow\" style=\"flex-basis:66.66%\">\n<figure class=\"wp-block-table\">\n  <table class=\"has-fixed-layout\">\n    <tbody>\n      <tr>\n        <td style=\"width: 120px\">Email:<\/td>\n        <td><a href=\"mailto:jiri.suchanek454@student.cuni.cz\">jiri.suchanek454@student.cuni.cz<\/a><\/td>\n      <\/tr>\n      <tr>\n        <td style=\"width: 120px\">Adresa:<\/td>\n        <td>Mysl\u00edkova 7, \u010d. M204<\/td>\n      <\/tr>\n      <tr>\n        <td style=\"width: 120px\">Telefon:<\/td>\n        <td>221 900 527<\/td>\n      <\/tr>\n      <tr>\n        <td style=\"width: 120px\">Konzultace:<\/td>\n        <td>&#8211;<\/td>\n      <\/tr>\n    <\/tbody>\n  <\/table>\n<\/figure>\n<\/div>\n<\/div>\n\n\n<h5 class=\"collapseomatic highlight\" id=\"id69d574ec8a840\"  tabindex=\"0\" title=\"Ph.D. studium\"    >Ph.D. studium<\/h5><div id=\"target-id69d574ec8a840\" class=\"collapseomatic_content \">\n<p><strong>N\u00e1zev diserta\u010dn\u00ed pr\u00e1ce<\/strong>:<\/p>\n<ul>\n<li>FORMATIVN\u00cd HODNOCEN\u00cd VE V\u00ddUCE ANGLICK\u00c9HO JAZYKA U VYBRAN\u00ddCH U\u010cITEL\u016e NA Z\u00c1KLADN\u00cd \u0160KOLE<\/li>\n<\/ul>\n<p><strong>\u0160kolitel:<\/strong><\/p>\n<ul>\n<li><a href=\"https:\/\/pages.pedf.cuni.cz\/uvrv\/karelstary\/\">PhDr. Karel Star\u00fd, Ph.D.<\/a><\/li>\n<\/ul>\n<p><strong>Konzultantka:<\/strong><\/p>\n<ul>\n<li><a href=\"https:\/\/pages.pedf.cuni.cz\/uvrv\/veronikalaufkova\/\">PhDr. Veronika Laufkov\u00e1, Ph.D.<\/a><\/li>\n<\/ul>\n<\/div>\n\n\n<h5 class=\"collapseomatic highlight\" id=\"id69d574ec8a911\"  tabindex=\"0\" title=\"Vzd\u011bl\u00e1n\u00ed\"    >Vzd\u011bl\u00e1n\u00ed<\/h5><div id=\"target-id69d574ec8a911\" class=\"collapseomatic_content \">\n<ul>\n<li>2013 \u2013 2017: Univerzita Palack\u00e9ho\/Filozofick\u00e1 fakulta (bakal\u00e1\u0159sk\u00e9 studium \u2013  Anglick\u00e1 filologie\/Um\u011bnov\u011bdn\u00e1 studia)\n<li>2017 \u2013 2019: Univerzita Palack\u00e9ho\/ Pedagogick\u00e1 fakulta (magistersk\u00e9 studium \u2013 U\u010ditelstv\u00ed angli\u010dtiny pro druh\u00fd stupe\u0148 Z\u0160\/ Muzejn\u00ed a galerijn\u00ed pedagogika)\n<\/ul>\n<\/div>\n\n\n<h5 class=\"collapseomatic highlight\" id=\"id69d574ec8a95a\"  tabindex=\"0\" title=\"Zam\u011bstn\u00e1n\u00ed\"    >Zam\u011bstn\u00e1n\u00ed<\/h5><div id=\"target-id69d574ec8a95a\" class=\"collapseomatic_content \">\n<ul>\n<li>\u0158\u00edjen 2019 \u2013 sou\u010dasnost: Lektor anglick\u00e9ho jazyka na Univerzit\u011b Obrany<\/li>\n<li>Z\u00e1\u0159\u00ed 2019 \u2013 \u010cerven 2024: Lektor anglick\u00e9ho jazyka na Univerzit\u011b Palack\u00e9ho, \u00dastav ciz\u00edch jazyk\u016f<\/li>\n<\/div>\n\n\n<h5 class=\"collapseomatic highlight\" id=\"id69d574ec8a999\"  tabindex=\"0\" title=\"Odborn\u00e9 st\u00e1\u017ee\"    >Odborn\u00e9 st\u00e1\u017ee<\/h5><div id=\"target-id69d574ec8a999\" class=\"collapseomatic_content \">\n<ul>\n<li>2018: Valdosta State University &#8211; Lektor AJ (ESL)\n<li>2019: Xihua University &#8211; Lektor AJ (EFL)\n<li>2022: University of Helisnki &#8211; visiting researcher (formative assessment)\n<li>2023: University of Athens &#8211; Teaching mobility ERASMUS+  \u2013 Formative assessment in passive skills in language learning\n<\/ul>\n<\/div>\n\n\n<h5 class=\"collapseomatic highlight\" id=\"id69d574ec8a9d5\"  tabindex=\"0\" title=\"Projektov\u00e1 \u010dinnost\"    >Projektov\u00e1 \u010dinnost<\/h5><div id=\"target-id69d574ec8a9d5\" class=\"collapseomatic_content \">\n<ul>\n<li> Anal\u00fdza sou\u010dasn\u00e9 podoby formativn\u00edho hodnocen\u00ed v eduka\u010dn\u00ed realit\u011b \u010desk\u00fdch z\u00e1kladn\u00edch \u0161kol.\n<li> Anal\u00fdza v\u00fdukov\u00fdch situac\u00ed v matematick\u00e9m vzd\u011bl\u00e1v\u00e1n\u00ed\n<li> NPO \u2013 N\u00e1rodn\u00ed pl\u00e1n obnovy -U\u010ditel21\n<\/ul>\n<\/div>\n\n\n<h5 class=\"collapseomatic highlight\" id=\"id69d574ec8aa15\"  tabindex=\"0\" title=\"Publika\u010dn\u00ed \u010dinnost\"    >Publika\u010dn\u00ed \u010dinnost<\/h5><div id=\"target-id69d574ec8aa15\" class=\"collapseomatic_content \">\n\n\n\n<ul class=\"wp-block-list\">\n<li>SUCH\u00c1NEK, Ji\u0159\u00ed. Implementing Formative Assessment from the Perspective of English Learners Abroad: a review study.&nbsp;<i>Proceedings of IAC in Vienna 2020.<\/i>&nbsp;s. 29-40. ISBN 978-80-88203-20-9<\/li>\n\n\n\n<li>SUCH\u00c1NEK, Ji\u0159\u00ed a Jitka N\u00c1B\u011aLKOV\u00c1. Evaluation of The Level and Form of Formative Assessment in The Czech Republic \u2013 The Tool Creation. EDULEARN21 Proceedings [online]. 2021 ISSN edsair. Dostupn\u00e9 z: doi:10.21125\/edulearn.2021.1080<\/li>\n\n\n\n<li>SUCH\u00c1NEK, J. Implementace formativn\u00edho hodnocen\u00ed ve v\u00fduce pohledem u\u010ditel\u016f anglick\u00e9ho jazyka ze zahrani\u010d\u00ed: p\u0159ehledov\u00e1 studie.\u00a0<i>Eduk\u00e1cia ro\u010d.4, \u010d.1, 2021<\/i>. Univerzita Pavla Jozefa \u0160af\u00e1rika v\u00a0Ko\u0161iciach. ISSN: 1339-8725.<\/li>\n\n\n\n<li>SUCH\u00c1NEK, J, N\u00c1B\u011aLKOV\u00c1, J. Current State of Implementing Formative Assessment and its Obstacles in Primary and Lower-Secondary Schools in the Czech Republic. 2021. GETL2021. s. 38-47. ISSN 2584-4156 Dostupn\u00e9 z <a href=\"https:\/\/getlconference.com\/wp-content\/uploads\/2021\/09\/GETL_Conference_Proceedings_2021.pdf\">https:\/\/getlconference.com\/wp-content\/uploads\/2021\/09\/GETL_Conference_Proceedings_2021.pdf<\/a><\/li>\n\n\n\n<li>SUCH\u00c1NEK, Ji\u0159\u00ed. Feedback of Undergraduate Students of Educational Faculty on the Assessment of Foreign Language Teaching at their High schools with Regard to Formative Assessment [online]. 2021. ISSN edsair. Dostupn\u00e9 z: doi:10.13140\/rg.2.2.22399.12963<\/li>\n\n\n\n<li>PIL\u00c1TOV\u00c1, L., SUCH\u00c1NEK, J. The Educational Reality of the Beginning Teacher of Upper Secondary Education in the Period of COVID-19 Pandemic. GETL2021. s. 17-26. ISSN 2584-4156 Dostupn\u00e9 z <a href=\"https:\/\/getlconference.com\/wp-content\/uploads\/2021\/09\/GETL_Conference_Proceedings_2021.pdf\">https:\/\/getlconference.com\/wp-content\/uploads\/2021\/09\/GETL_Conference_Proceedings_2021.pdf<\/a><\/li>\n\n\n\n<li>PIL\u00c1TOV\u00c1, L\u00fddia a Ji\u0159\u00ed SUCH\u00c1NEK. The Educational Reality Of The Beginning Teacher During The Covid-19 Pandemic.\u00a0EDULEARN21 Proceedings\u00a0[online]. 2021. ISSN edsair. Dostupn\u00e9 z: doi:10.21125\/edulearn.2021.1737<\/li>\n\n\n\n<li>Such\u00e1nek, J., &amp; Laufkov\u00e1, V. (2024). Pozorovac\u00ed a diagnostick\u00fd n\u00e1stroj pro zji\u0161\u0165ov\u00e1n\u00ed \u00farovn\u011b a podoby formativn\u00edho hodnocen\u00ed v \u010desk\u00fdch \u0161kol\u00e1ch.\u00a0<i>Eduk\u00e1cia<\/i>, 7(1), 85\u201399. ISSN 1339-8725.<\/li>\n\n\n\n<li>\u00a0SUCH\u00c1NEK, Ji\u0159\u00ed (rec.). Embedding Formative Assessment: Practical Techniques for K-12 Classrooms. E-Pedagogium [online]. 2021, 21(4), 72-75 ISSN 12137758.<\/li>\n\n\n\n<li>\u00a0M. \u0160KULT\u00c9TY, R. DOFKOV\u00c1, J. SUCH\u00c1NEK (2021) Analysis of Educational Situations in Mathematics Education, ICERI2021 Proceedings, pp. 3925-3930.<\/li>\n\n\n\n<li>\u00a0J. SUCH\u00c1NEK, J. N\u00c1B\u011aLKOV\u00c1, M. \u0160KULT\u00c9TY, T. L\u00cdPOV\u00c1, L. PIL\u00c1TOV\u00c1 (2021) Analysis of The Level and Form Of Formative Assessment in Online Classes of The Primary and Lower Secondary School in The Czech Republic. ICERI2021 Proceedings, pp. 6211-6218.<\/li>\n\n\n\n<li>\u00a0A. OPLETALOV\u00c1, J. SUCH\u00c1NEK, T. L\u00cdPOV\u00c1 (2021) Evaluation Of The Educational Programme &#8222;Competencies For Leading A Successful School&#8220;, ICERI2021 Proceedings, pp. 5952-5961.<\/li>\n\n\n\n<li>SUCH\u00c1NEK, Ji\u0159\u00ed, LAUFKOV\u00c1 Veronika. Observational and Diagnostic Tool for Determining the Level and Form of Formative Assessment in Czech Schools (2024).\u00a0<i>Proceedings of IAC 2024, Prague.<\/i>\u00a0s. 151-162. ISBN 978-80-88203-36-0<\/li>\n<\/ul>\n\n\n<\/div>\n\n\n\n<p><\/p>\n","protected":false},"excerpt":{"rendered":"<p>Email: jiri.suchanek454@student.cuni.cz Adresa: Mysl\u00edkova 7, \u010d. M204 Telefon: 221 900 527 Konzultace: &#8211;<\/p>\n","protected":false},"author":965,"featured_media":0,"parent":0,"menu_order":0,"comment_status":"closed","ping_status":"closed","template":"","meta":{"_monsterinsights_skip_tracking":false,"_monsterinsights_sitenote_active":false,"_monsterinsights_sitenote_note":"","_monsterinsights_sitenote_category":0,"footnotes":""},"class_list":["post-6898","page","type-page","status-publish","hentry","post-seq-1","post-parity-odd","meta-position-corners","fix"],"_links":{"self":[{"href":"https:\/\/pages.pedf.cuni.cz\/uvrv\/wp-json\/wp\/v2\/pages\/6898","targetHints":{"allow":["GET"]}}],"collection":[{"href":"https:\/\/pages.pedf.cuni.cz\/uvrv\/wp-json\/wp\/v2\/pages"}],"about":[{"href":"https:\/\/pages.pedf.cuni.cz\/uvrv\/wp-json\/wp\/v2\/types\/page"}],"author":[{"embeddable":true,"href":"https:\/\/pages.pedf.cuni.cz\/uvrv\/wp-json\/wp\/v2\/users\/965"}],"replies":[{"embeddable":true,"href":"https:\/\/pages.pedf.cuni.cz\/uvrv\/wp-json\/wp\/v2\/comments?post=6898"}],"version-history":[{"count":17,"href":"https:\/\/pages.pedf.cuni.cz\/uvrv\/wp-json\/wp\/v2\/pages\/6898\/revisions"}],"predecessor-version":[{"id":6925,"href":"https:\/\/pages.pedf.cuni.cz\/uvrv\/wp-json\/wp\/v2\/pages\/6898\/revisions\/6925"}],"wp:attachment":[{"href":"https:\/\/pages.pedf.cuni.cz\/uvrv\/wp-json\/wp\/v2\/media?parent=6898"}],"curies":[{"name":"wp","href":"https:\/\/api.w.org\/{rel}","templated":true}]}}