{"id":6960,"date":"2024-11-25T14:29:38","date_gmt":"2024-11-25T13:29:38","guid":{"rendered":"https:\/\/pages.pedf.cuni.cz\/uvrv\/?page_id=6960"},"modified":"2024-11-25T14:29:39","modified_gmt":"2024-11-25T13:29:39","slug":"expanze-a-diverzita-stinoveho-vzdelavani-2024","status":"publish","type":"page","link":"https:\/\/pages.pedf.cuni.cz\/uvrv\/publikace\/expanze-a-diverzita-stinoveho-vzdelavani-2024\/","title":{"rendered":"Expanze a diverzita st\u00ednov\u00e9ho vzd\u011bl\u00e1v\u00e1n\u00ed\u00a0(2024)"},"content":{"rendered":"<a href=\"https:\/\/pages.pedf.cuni.cz\/uvrv\/files\/2024\/11\/Expanze_a_diverzita_stinoveho_vzdelavani_Stastny_Vit.png\"><img loading=\"lazy\" decoding=\"async\" class=\"size-medium wp-image-6932 alignleft\" src=\"https:\/\/pages.pedf.cuni.cz\/uvrv\/files\/2024\/11\/Expanze_a_diverzita_stinoveho_vzdelavani_Stastny_Vit-211x300.png\" alt=\"\" width=\"211\" height=\"300\" srcset=\"https:\/\/pages.pedf.cuni.cz\/uvrv\/files\/2024\/11\/Expanze_a_diverzita_stinoveho_vzdelavani_Stastny_Vit-211x300.png 211w, https:\/\/pages.pedf.cuni.cz\/uvrv\/files\/2024\/11\/Expanze_a_diverzita_stinoveho_vzdelavani_Stastny_Vit.png 683w\" sizes=\"auto, (max-width: 211px) 100vw, 211px\" \/><\/a><a href=\"https:\/\/www.researchgate.net\/publication\/385552355_Expanze_a_diverzita_stinoveho_vzdelavani_Globalni_pohledy_lokalni_kontexty\"><em>Expanze a diverzita st\u00ednov\u00e9ho vzd\u011bl\u00e1v\u00e1n\u00ed: Glob\u00e1ln\u00ed pohledy, lok\u00e1ln\u00ed kontexty<\/em><\/a> (2024), jej\u00edm\u017e autorem je <a href=\"https:\/\/pages.pedf.cuni.cz\/uvrv\/vitstastny\/\">doc. PhDr. V\u00edt \u0160\u0165astn\u00fd, Ph.D.<\/a>\n\n \n\nPublikace je ur\u010dena p\u0159edev\u0161\u00edm dom\u00e1c\u00edmu odborn\u00e9mu publiku a jej\u00ed ambic\u00ed je podpo\u0159it z\u00e1jem v\u00fdzkumn\u00edk\u016f o toto v\u00fdznamn\u00e9 t\u00e9ma sou\u010dasn\u00e9 komparativn\u00ed pedagogiky.\n\n \n\nV\u00edce informac\u00ed o knize (v\u010detn\u011b mo\u017enosti sta\u017een\u00ed pln\u00e9ho textu) naleznete\u00a0<a href=\"https:\/\/vydavatelstvi.pedf.cuni.cz\/index.php\/2024\/10\/31\/expanze-a-diverzita-stinoveho-vzdelavani\/\">zde<\/a>.\n\n \n\nDOI: <a class=\"nova-legacy-e-link nova-legacy-e-link--color-inherit nova-legacy-e-link--theme-decorated\" href=\"http:\/\/dx.doi.org\/10.14712\/9788076034396\" target=\"_blank\" rel=\"noopener\">10.14712\/9788076034396<\/a>\n\n","protected":false},"excerpt":{"rendered":"<p>Expanze a diverzita st\u00ednov\u00e9ho vzd\u011bl\u00e1v\u00e1n\u00ed: Glob\u00e1ln\u00ed pohledy, lok\u00e1ln\u00ed kontexty (2024), jej\u00edm\u017e autorem je doc. PhDr. V\u00edt \u0160\u0165astn\u00fd, Ph.D. Publikace je ur\u010dena p\u0159edev\u0161\u00edm dom\u00e1c\u00edmu odborn\u00e9mu publiku a jej\u00ed ambic\u00ed je podpo\u0159it z\u00e1jem v\u00fdzkumn\u00edk\u016f o toto v\u00fdznamn\u00e9 t\u00e9ma sou\u010dasn\u00e9 komparativn\u00ed pedagogiky. V\u00edce informac\u00ed o knize (v\u010detn\u011b mo\u017enosti sta\u017een\u00ed pln\u00e9ho textu) naleznete\u00a0zde. DOI: 10.14712\/9788076034396<\/p>\n","protected":false},"author":965,"featured_media":0,"parent":414,"menu_order":0,"comment_status":"closed","ping_status":"closed","template":"","meta":{"_monsterinsights_skip_tracking":false,"_monsterinsights_sitenote_active":false,"_monsterinsights_sitenote_note":"","_monsterinsights_sitenote_category":0,"footnotes":""},"class_list":["post-6960","page","type-page","status-publish","hentry","post-seq-1","post-parity-odd","meta-position-corners","fix"],"_links":{"self":[{"href":"https:\/\/pages.pedf.cuni.cz\/uvrv\/wp-json\/wp\/v2\/pages\/6960","targetHints":{"allow":["GET"]}}],"collection":[{"href":"https:\/\/pages.pedf.cuni.cz\/uvrv\/wp-json\/wp\/v2\/pages"}],"about":[{"href":"https:\/\/pages.pedf.cuni.cz\/uvrv\/wp-json\/wp\/v2\/types\/page"}],"author":[{"embeddable":true,"href":"https:\/\/pages.pedf.cuni.cz\/uvrv\/wp-json\/wp\/v2\/users\/965"}],"replies":[{"embeddable":true,"href":"https:\/\/pages.pedf.cuni.cz\/uvrv\/wp-json\/wp\/v2\/comments?post=6960"}],"version-history":[{"count":1,"href":"https:\/\/pages.pedf.cuni.cz\/uvrv\/wp-json\/wp\/v2\/pages\/6960\/revisions"}],"predecessor-version":[{"id":6961,"href":"https:\/\/pages.pedf.cuni.cz\/uvrv\/wp-json\/wp\/v2\/pages\/6960\/revisions\/6961"}],"up":[{"embeddable":true,"href":"https:\/\/pages.pedf.cuni.cz\/uvrv\/wp-json\/wp\/v2\/pages\/414"}],"wp:attachment":[{"href":"https:\/\/pages.pedf.cuni.cz\/uvrv\/wp-json\/wp\/v2\/media?parent=6960"}],"curies":[{"name":"wp","href":"https:\/\/api.w.org\/{rel}","templated":true}]}}