{"id":808,"date":"2014-10-23T15:05:26","date_gmt":"2014-10-23T13:05:26","guid":{"rendered":"http:\/\/userweb.pedf.cuni.cz\/wp\/uvrv\/?page_id=808"},"modified":"2022-09-21T19:42:48","modified_gmt":"2022-09-21T17:42:48","slug":"ph-d-studium-na-uvrv","status":"publish","type":"page","link":"https:\/\/pages.pedf.cuni.cz\/uvrv\/ph-d-studium-na-uvrv\/","title":{"rendered":"Ph.D. studium"},"content":{"rendered":"<p style=\"text-align: justify\"><!--:cz-->Pracovn\u00edci \u00dastavu v\u00fdzkumu a rozvoje vzd\u011bl\u00e1v\u00e1n\u00ed se v\u00fdraznou m\u011brou pod\u00edl\u00ed na v\u00fduce kurz\u016f v doktorsk\u00e9m studiu a veden\u00ed diserta\u010dn\u00edch prac\u00ed. Bli\u017e\u0161\u00ed informace naleznete v p\u0159\u00edslu\u0161n\u00fdch z\u00e1lo\u017ek\u00e1ch:<\/p>\n<p><a title=\"Doktorsk\u00e9 studium\" href=\"https:\/\/pages.pedf.cuni.cz\/uvrv\/ph-d-studium-na-uvrv\/doktorske-studium\/\">V\u00fduka v doktorsk\u00e9m studiu<\/a><\/p>\n<p><a title=\"T\u00e9mata diserta\u010dn\u00edch prac\u00ed\" href=\"https:\/\/pages.pedf.cuni.cz\/uvrv\/ph-d-studium-na-uvrv\/temata-disertace\/\">Nab\u00edzen\u00e1 t\u00e9mata diserta\u010dn\u00edch prac\u00ed<\/a><!--:--><\/p>\n","protected":false},"excerpt":{"rendered":"<p>Pracovn\u00edci \u00dastavu v\u00fdzkumu a rozvoje vzd\u011bl\u00e1v\u00e1n\u00ed se v\u00fdraznou m\u011brou pod\u00edl\u00ed na v\u00fduce kurz\u016f v doktorsk\u00e9m studiu a veden\u00ed diserta\u010dn\u00edch prac\u00ed. Bli\u017e\u0161\u00ed informace naleznete v p\u0159\u00edslu\u0161n\u00fdch z\u00e1lo\u017ek\u00e1ch: V\u00fduka v doktorsk\u00e9m studiu Nab\u00edzen\u00e1 t\u00e9mata diserta\u010dn\u00edch prac\u00ed<\/p>\n","protected":false},"author":387,"featured_media":0,"parent":0,"menu_order":0,"comment_status":"closed","ping_status":"closed","template":"","meta":{"_monsterinsights_skip_tracking":false,"_monsterinsights_sitenote_active":false,"_monsterinsights_sitenote_note":"","_monsterinsights_sitenote_category":0,"footnotes":""},"class_list":["post-808","page","type-page","status-publish","hentry","post-seq-1","post-parity-odd","meta-position-corners","fix"],"_links":{"self":[{"href":"https:\/\/pages.pedf.cuni.cz\/uvrv\/wp-json\/wp\/v2\/pages\/808","targetHints":{"allow":["GET"]}}],"collection":[{"href":"https:\/\/pages.pedf.cuni.cz\/uvrv\/wp-json\/wp\/v2\/pages"}],"about":[{"href":"https:\/\/pages.pedf.cuni.cz\/uvrv\/wp-json\/wp\/v2\/types\/page"}],"author":[{"embeddable":true,"href":"https:\/\/pages.pedf.cuni.cz\/uvrv\/wp-json\/wp\/v2\/users\/387"}],"replies":[{"embeddable":true,"href":"https:\/\/pages.pedf.cuni.cz\/uvrv\/wp-json\/wp\/v2\/comments?post=808"}],"version-history":[{"count":1,"href":"https:\/\/pages.pedf.cuni.cz\/uvrv\/wp-json\/wp\/v2\/pages\/808\/revisions"}],"predecessor-version":[{"id":6203,"href":"https:\/\/pages.pedf.cuni.cz\/uvrv\/wp-json\/wp\/v2\/pages\/808\/revisions\/6203"}],"wp:attachment":[{"href":"https:\/\/pages.pedf.cuni.cz\/uvrv\/wp-json\/wp\/v2\/media?parent=808"}],"curies":[{"name":"wp","href":"https:\/\/api.w.org\/{rel}","templated":true}]}}