{"id":869,"date":"2014-10-24T20:49:34","date_gmt":"2014-10-24T18:49:34","guid":{"rendered":"http:\/\/userweb.pedf.cuni.cz\/wp\/uvrv\/?page_id=869"},"modified":"2017-09-25T11:24:39","modified_gmt":"2017-09-25T09:24:39","slug":"pregradualni-studium","status":"publish","type":"page","link":"https:\/\/pages.pedf.cuni.cz\/uvrv\/pregradualni-studium\/","title":{"rendered":"Pregradu\u00e1ln\u00ed studium"},"content":{"rendered":"<p><!--:cz-->Informace t\u00fdkaj\u00edc\u00ed se pregradu\u00e1ln\u00edho studia naleznete v p\u0159\u00edslu\u0161n\u00fdch z\u00e1lo\u017ek\u00e1ch:<\/p>\n<p><a href=\"https:\/\/pages.pedf.cuni.cz\/uvrv\/pregradualni-studium\/specializace-skolni-pedagogika\/\"><strong>Specializace \u0161koln\u00ed pedagogika<\/strong><\/a><\/p>\n<p><a href=\"https:\/\/pages.pedf.cuni.cz\/uvrv\/pregradualni-studium\/vyukova-cinnost\/\"><strong>V\u00fdukov\u00e1 \u010dinnost<\/strong><\/a><\/p>\n<p><a href=\"https:\/\/pages.pedf.cuni.cz\/uvrv\/pregradualni-studium\/temata-bc-mgr\/\"><strong>Nab\u00eddka t\u00e9mata bakal\u00e1\u0159sk\u00fdch a magistersk\u00fdch prac\u00ed<\/strong><\/a><!--:--><\/p>\n","protected":false},"excerpt":{"rendered":"<p>Informace t\u00fdkaj\u00edc\u00ed se pregradu\u00e1ln\u00edho studia naleznete v p\u0159\u00edslu\u0161n\u00fdch z\u00e1lo\u017ek\u00e1ch: Specializace \u0161koln\u00ed pedagogika V\u00fdukov\u00e1 \u010dinnost Nab\u00eddka t\u00e9mata bakal\u00e1\u0159sk\u00fdch a magistersk\u00fdch prac\u00ed<\/p>\n","protected":false},"author":387,"featured_media":0,"parent":0,"menu_order":0,"comment_status":"closed","ping_status":"closed","template":"","meta":{"_monsterinsights_skip_tracking":false,"_monsterinsights_sitenote_active":false,"_monsterinsights_sitenote_note":"","_monsterinsights_sitenote_category":0,"footnotes":""},"class_list":["post-869","page","type-page","status-publish","hentry","post-seq-1","post-parity-odd","meta-position-corners","fix"],"_links":{"self":[{"href":"https:\/\/pages.pedf.cuni.cz\/uvrv\/wp-json\/wp\/v2\/pages\/869","targetHints":{"allow":["GET"]}}],"collection":[{"href":"https:\/\/pages.pedf.cuni.cz\/uvrv\/wp-json\/wp\/v2\/pages"}],"about":[{"href":"https:\/\/pages.pedf.cuni.cz\/uvrv\/wp-json\/wp\/v2\/types\/page"}],"author":[{"embeddable":true,"href":"https:\/\/pages.pedf.cuni.cz\/uvrv\/wp-json\/wp\/v2\/users\/387"}],"replies":[{"embeddable":true,"href":"https:\/\/pages.pedf.cuni.cz\/uvrv\/wp-json\/wp\/v2\/comments?post=869"}],"version-history":[{"count":2,"href":"https:\/\/pages.pedf.cuni.cz\/uvrv\/wp-json\/wp\/v2\/pages\/869\/revisions"}],"predecessor-version":[{"id":3146,"href":"https:\/\/pages.pedf.cuni.cz\/uvrv\/wp-json\/wp\/v2\/pages\/869\/revisions\/3146"}],"wp:attachment":[{"href":"https:\/\/pages.pedf.cuni.cz\/uvrv\/wp-json\/wp\/v2\/media?parent=869"}],"curies":[{"name":"wp","href":"https:\/\/api.w.org\/{rel}","templated":true}]}}