{"id":874,"date":"2014-10-24T21:02:39","date_gmt":"2014-10-24T19:02:39","guid":{"rendered":"http:\/\/userweb.pedf.cuni.cz\/wp\/uvrv\/?page_id=874"},"modified":"2019-02-14T14:01:04","modified_gmt":"2019-02-14T13:01:04","slug":"vyukova-cinnost","status":"publish","type":"page","link":"https:\/\/pages.pedf.cuni.cz\/uvrv\/pregradualni-studium\/vyukova-cinnost\/","title":{"rendered":"V\u00fdukov\u00e1 \u010dinnost"},"content":{"rendered":"<p><!--:cz--><span style=\"font-size: 14pt\">a) \u00dastav v\u00fdzkumu a rozvoje vzd\u011bl\u00e1v\u00e1n\u00ed <strong>se pod\u00edl\u00ed na v\u00fdukov\u00e9 \u010dinnosti jin\u00fdch kateder:<\/strong><\/span><\/p>\n<p><span style=\"font-size: 12pt\"><strong>Centrum \u0161kolsk\u00e9ho managementu<\/strong><\/span><\/p>\n<p><span style=\"font-size: 12pt\"><a href=\"https:\/\/is.cuni.cz\/studium\/predmety\/index.php?id=c8a4d8e7c46affc0fe6b852581910c43&amp;tid=1&amp;do=predmet&amp;kod=OK0732K40\" target=\"_blank\" rel=\"noopener\">\u00davod do \u0159\u00edzen\u00ed pedagogick\u00e9ho procesu<\/a> (prof. PhDr. Eli\u0161ka Walterov\u00e1, CSc.)<\/span><\/p>\n<p><span style=\"font-size: 12pt\"><a href=\"https:\/\/is.cuni.cz\/studium\/predmety\/index.php?id=3bfec120f30819c5aa7a7fb72b06eb56&amp;tid=&amp;do=predmet&amp;kod=OKNMV31M07\" target=\"_blank\" rel=\"noopener\">Srovn\u00e1vac\u00ed pedagogika <\/a>(prof. PhDr. Eli\u0161ka Walterov\u00e1, CSc.)<\/span><\/p>\n<p><span style=\"font-size: 12pt\"><strong>Katedra pedagogiky<\/strong><\/span><\/p>\n<p><span style=\"font-size: 12pt\"><a href=\"https:\/\/is.cuni.cz\/studium\/predmety\/index.php?id=f5d5bbb27cfd9ecfdcd94952c1d7870b&amp;tid=&amp;do=predmet&amp;kod=ONPP1424&amp;skr=2013&amp;fak=11410\" target=\"_blank\" rel=\"noopener\">Pedagogicko-psychologick\u00e1 praxe s pedagogickou a psychologickou reflex\u00ed<\/a> (vyu\u010duj\u00edc\u00ed PhDr. Karel Star\u00fd, Ph.D., doc. RNDr. Jana Strakov\u00e1, Ph.D., PhDr. V\u00edt \u0160\u0165astn\u00fd, Ph.D.)<\/span><\/p>\n<p><span style=\"font-size: 12pt\"><strong>Katedra psychologie<\/strong><\/span><\/p>\n<p><span style=\"font-size: 12pt\"><a href=\"https:\/\/is.cuni.cz\/studium\/rozvrhng\/roz_predmet_gl.php?id=c8a4d8e7c46affc0fe6b852581910c43&amp;tid=1&amp;gl=14aOBPS13512p1&amp;fak=11410&amp;skr=2014&amp;sem=1\" target=\"_blank\" rel=\"noopener\">Kvantitativn\u00ed metodologie II <\/a>(PhDr. Martin Chv\u00e1l, Ph.D.; PhDr. David Greger, Ph.D.)<\/span><\/p>\n<p><span style=\"font-size: 12pt\"><strong>Katedra \u010desk\u00e9 literatury<\/strong><\/span><\/p>\n<p><span style=\"font-size: 12pt\"><a href=\"https:\/\/is.cuni.cz\/studium\/predmety\/index.php?id=c8a4d8e7c46affc0fe6b852581910c43&amp;tid=1&amp;do=predmet&amp;kod=O01304028&amp;skr=2014&amp;fak=11410\" target=\"_blank\" rel=\"noopener\">Teorie literatury <\/a>(vyu\u010duj\u00edc\u00ed PhDr. Veronika Laufkov\u00e1)<\/span><\/p>\n<p><span style=\"font-size: 12pt\"><a href=\"https:\/\/is.cuni.cz\/studium\/predmety\/index.php?id=c8a4d8e7c46affc0fe6b852581910c43&amp;tid=1&amp;do=predmet&amp;kod=OK0504117&amp;skr=2014&amp;fak=11410\" target=\"_blank\" rel=\"noopener\">Literatura pro d\u011bti a m\u00e9dia <\/a>(vyu\u010duj\u00edc\u00ed PhDr. Veronika Laufkov\u00e1)<\/span><\/p>\n<p><span style=\"font-size: 12pt\"><a href=\"https:\/\/is.cuni.cz\/studium\/rozvrhng\/roz_predmet_gl.php?id=c8a4d8e7c46affc0fe6b852581910c43&amp;tid=1&amp;gl=14aOK0504121x01&amp;fak=11410&amp;skr=2014&amp;sem=1\" target=\"_blank\" rel=\"noopener\">Vybran\u00e1 t\u00e9mata z\u00a0knihovnictv\u00ed <\/a>(vyu\u010duj\u00edc\u00ed PhDr. Veronika Laufkov\u00e1)<\/span><\/p>\n<p><span style=\"font-size: 14pt\">b) Pracovn\u00edci \u00dastavu v\u00fdzkumu a rozvoje vzd\u011bl\u00e1v\u00e1n\u00ed ka\u017edoro\u010dn\u011b vypisuj\u00ed <strong>nab\u00eddku voliteln\u00fdch kurz\u016f<\/strong> pro studenty v\u00a0prezen\u010dn\u00ed i kombinovan\u00e9 form\u011b studia:<\/span><\/p>\n<p><span style=\"font-size: 12pt\">Pro studenty v\u00a0<strong>prezen\u010dn\u00ed form\u011b studia<\/strong><\/span><\/p>\n<p><a href=\"https:\/\/pages.pedf.cuni.cz\/uvrv\/files\/2018\/09\/Uvod_do_metodologie_vyzkumu.pdf\">\u00davod do metodologie v\u00fdzkumu<\/a><\/p>\n<p><span style=\"font-size: 12pt\"><a href=\"https:\/\/is.cuni.cz\/studium\/predmety\/index.php?id=c8a4d8e7c46affc0fe6b852581910c43&amp;tid=1&amp;do=predmet&amp;kod=OB2333003\" target=\"_blank\" rel=\"noopener\">Kurikulum a u\u010debnice <\/a>(vyu\u010duj\u00edc\u00ed RNDr. Dominik Dvo\u0159\u00e1k, Ph.D.)<\/span><\/p>\n<p><span style=\"font-size: 12pt\"><a href=\"https:\/\/is.cuni.cz\/studium\/predmety\/index.php?id=f5d5bbb27cfd9ecfdcd94952c1d7870b&amp;tid=&amp;do=predmet&amp;kod=OB2333004&amp;skr=2013&amp;fak=11410\" target=\"_blank\" rel=\"noopener\">Kvalitativn\u00ed metody v\u00a0pedagogick\u00e9m v\u00fdzkumu <\/a>(vyu\u010duj\u00edc\u00ed PhDr. Karel Star\u00fd, Ph.D.)<\/span><\/p>\n<p><span style=\"font-size: 12pt\"><a href=\"https:\/\/is.cuni.cz\/studium\/predmety\/index.php?id=f5d5bbb27cfd9ecfdcd94952c1d7870b&amp;tid=&amp;do=predmet&amp;kod=OBVP14001&amp;skr=2013&amp;fak=11410\" target=\"_blank\" rel=\"noopener\">Spravedlivost ve vzd\u011bl\u00e1v\u00e1n\u00ed <\/a>(vyu\u010duj\u00edc\u00ed PhDr. David Greger, Ph.D.)<\/span><\/p>\n<p><span style=\"font-size: 12pt\">Pro studenty v\u00a0<strong>kombinovan\u00e9 form\u011b studia<\/strong><\/span><\/p>\n<p><span style=\"font-size: 12pt\"><a href=\"https:\/\/is.cuni.cz\/studium\/predmety\/index.php?id=c8a4d8e7c46affc0fe6b852581910c43&amp;tid=1&amp;do=predmet&amp;kod=OK0233V03\" target=\"_blank\" rel=\"noopener\">Kurikulum a u\u010debnice<\/a> (vyu\u010duj\u00edc\u00ed RNDr. Dominik Dvo\u0159\u00e1k, Ph.D.)<\/span><\/p>\n<p><span style=\"font-size: 12pt\"><a href=\"https:\/\/is.cuni.cz\/studium\/predmety\/index.php?id=f5d5bbb27cfd9ecfdcd94952c1d7870b&amp;tid=&amp;do=predmet&amp;kod=OK02333V04&amp;skr=2013&amp;fak=11410\" target=\"_blank\" rel=\"noopener\">Kvalitativn\u00ed metody v\u00a0pedagogick\u00e9m v\u00fdzkumu<\/a> (vyu\u010duj\u00edc\u00ed PhDr. Karel Star\u00fd, Ph.D.)<\/span><\/p>\n<p><span style=\"font-size: 12pt\"><a href=\"https:\/\/is.cuni.cz\/studium\/predmety\/index.php?id=f5d5bbb27cfd9ecfdcd94952c1d7870b&amp;tid=&amp;do=predmet&amp;kod=OKVP14010&amp;skr=2013&amp;fak=11410\" target=\"_blank\" rel=\"noopener\">Spravedlivost ve vzd\u011bl\u00e1v\u00e1n\u00ed pro studenty <\/a>(vyu\u010duj\u00edc\u00ed PhDr. David Greger, Ph.D.)<\/span><\/p>\n<p><span style=\"font-size: 12pt\"><a href=\"https:\/\/is.cuni.cz\/studium\/predmety\/index.php?id=f5d5bbb27cfd9ecfdcd94952c1d7870b&amp;tid=&amp;do=predmet&amp;kod=OKVP1420&amp;skr=2013&amp;fak=11410\" target=\"_blank\" rel=\"noopener\">V\u011bda a technika pro d\u011bti <\/a>(vyu\u010duj\u00edc\u00ed RNDr. Dominik Dvo\u0159\u00e1k, Ph.D.)<\/span><\/p>\n<p><span style=\"font-size: 14pt\">c) Pracovn\u00edci \u00dastavu v\u00fdzkumu a rozvoje vzd\u011bl\u00e1v\u00e1n\u00ed vyu\u010duj\u00ed ve dvou kurzech v\u00a0r\u00e1mci programu <strong>ERASMUS<\/strong>:<\/span><\/p>\n<p><span style=\"font-size: 12pt\"><a href=\"https:\/\/is.cuni.cz\/studium\/predmety\/index.php?id=f5d5bbb27cfd9ecfdcd94952c1d7870b&amp;tid=&amp;do=predmet&amp;kod=OEBVP14001\" target=\"_blank\" rel=\"noopener\">Equity in Education <\/a>(vyu\u010duj\u00edc\u00ed PhDr. David Greger, Ph.D.)<\/span><\/p>\n<p><span style=\"font-size: 12pt\"><a href=\"https:\/\/is.cuni.cz\/studium\/predmety\/index.php?id=f5d5bbb27cfd9ecfdcd94952c1d7870b&amp;tid=&amp;do=predmet&amp;kod=OEBPP14001\" target=\"_blank\" rel=\"noopener\">Introduction to Pedagogy <\/a>(garant kurzu PhDr. David Greger, Ph.D.)<\/span><\/p>\n<p><span style=\"font-size: 12pt\"><a href=\"https:\/\/is.cuni.cz\/studium\/predmety\/index.php?id=fa34e4be07b3e071db3c845bc152ed9c&amp;tid=&amp;do=predmet&amp;kod=OEBQZ1701Z\">Quality in Education\u00a0<\/a>(prof. PhDr. Eli\u0161ka Walterov\u00e1, CSc.,\u00a0doc. RNDr. Jana Strakov\u00e1, Ph.D.,\u00a0<\/span>PhDr. V\u00edt \u0160\u0165astn\u00fd, Ph.D.)<span style=\"font-size: 12pt\">\u00a0<\/span><\/p>\n<p><a href=\"https:\/\/pages.pedf.cuni.cz\/uvrv\/files\/2019\/02\/SCE_Course_website_Hoidn.pdf\">Student centered education<\/a> (doc. Sabine Hoidn, Ph.D.)<\/p>\n<p><span style=\"font-size: 12pt\">Katedr\u00e1ln\u00edm koordin\u00e1torem pro studenty programu Erasmus+ je PhDr. V\u00edt \u0160\u0165astn\u00fd, Ph.D. (vit.stastny@pedf.cuni.cz), Mysl\u00edkova 7, 1. patro, kancel\u00e1\u0159 M106<\/span><!--:--><\/p>\n","protected":false},"excerpt":{"rendered":"<p>a) \u00dastav v\u00fdzkumu a rozvoje vzd\u011bl\u00e1v\u00e1n\u00ed se pod\u00edl\u00ed na v\u00fdukov\u00e9 \u010dinnosti jin\u00fdch kateder: Centrum \u0161kolsk\u00e9ho managementu \u00davod do \u0159\u00edzen\u00ed pedagogick\u00e9ho procesu (prof. PhDr. Eli\u0161ka Walterov\u00e1, CSc.) Srovn\u00e1vac\u00ed pedagogika (prof. PhDr. Eli\u0161ka Walterov\u00e1, CSc.) Katedra pedagogiky Pedagogicko-psychologick\u00e1 praxe s pedagogickou a psychologickou reflex\u00ed (vyu\u010duj\u00edc\u00ed PhDr. Karel Star\u00fd, Ph.D., doc. RNDr. Jana Strakov\u00e1, Ph.D., PhDr. V\u00edt \u0160\u0165astn\u00fd, <a href='https:\/\/pages.pedf.cuni.cz\/uvrv\/pregradualni-studium\/vyukova-cinnost\/' class='excerpt-more'>[&#8230;]<\/a><\/p>\n","protected":false},"author":387,"featured_media":0,"parent":869,"menu_order":0,"comment_status":"closed","ping_status":"closed","template":"","meta":{"_monsterinsights_skip_tracking":false,"_monsterinsights_sitenote_active":false,"_monsterinsights_sitenote_note":"","_monsterinsights_sitenote_category":0,"footnotes":""},"class_list":["post-874","page","type-page","status-publish","hentry","post-seq-1","post-parity-odd","meta-position-corners","fix"],"_links":{"self":[{"href":"https:\/\/pages.pedf.cuni.cz\/uvrv\/wp-json\/wp\/v2\/pages\/874","targetHints":{"allow":["GET"]}}],"collection":[{"href":"https:\/\/pages.pedf.cuni.cz\/uvrv\/wp-json\/wp\/v2\/pages"}],"about":[{"href":"https:\/\/pages.pedf.cuni.cz\/uvrv\/wp-json\/wp\/v2\/types\/page"}],"author":[{"embeddable":true,"href":"https:\/\/pages.pedf.cuni.cz\/uvrv\/wp-json\/wp\/v2\/users\/387"}],"replies":[{"embeddable":true,"href":"https:\/\/pages.pedf.cuni.cz\/uvrv\/wp-json\/wp\/v2\/comments?post=874"}],"version-history":[{"count":12,"href":"https:\/\/pages.pedf.cuni.cz\/uvrv\/wp-json\/wp\/v2\/pages\/874\/revisions"}],"predecessor-version":[{"id":5088,"href":"https:\/\/pages.pedf.cuni.cz\/uvrv\/wp-json\/wp\/v2\/pages\/874\/revisions\/5088"}],"up":[{"embeddable":true,"href":"https:\/\/pages.pedf.cuni.cz\/uvrv\/wp-json\/wp\/v2\/pages\/869"}],"wp:attachment":[{"href":"https:\/\/pages.pedf.cuni.cz\/uvrv\/wp-json\/wp\/v2\/media?parent=874"}],"curies":[{"name":"wp","href":"https:\/\/api.w.org\/{rel}","templated":true}]}}