{"id":13,"date":"2013-05-22T12:52:47","date_gmt":"2013-05-22T10:52:47","guid":{"rendered":"http:\/\/userweb.pedf.cuni.cz\/wp\/vp\/?page_id=13"},"modified":"2015-02-17T08:27:24","modified_gmt":"2015-02-17T07:27:24","slug":"kontakty","status":"publish","type":"page","link":"https:\/\/pages.pedf.cuni.cz\/vp\/kontakty\/","title":{"rendered":"Kontakty"},"content":{"rendered":"<p><b><span style=\"text-decoration: underline\">Hlavn\u00ed mana\u017eer<\/span><\/b><\/p> <p>Mgr. Tom\u00e1\u0161 \u0158epa<\/p> <p>Email: <span style=\"color: #000000\"><a href=\"mailto:repa.tomas@seznam.cz\">repa.tomas@seznam.cz<\/a><\/span><\/p> <p>&nbsp;<\/p> <p><b><span style=\"text-decoration: underline\">Finan\u010dn\u00ed mana\u017eer<\/span><\/b><\/p> <p>PhDr. Pavla Ko\u0161\u0165\u00e1lov\u00e1, PhD.<\/p> <p>Email:<i> <\/i><a href=\"mailto:pavla.kostalova@pedf.cuni.cz\">pavla.kostalova@pedf.cuni.cz<\/a><\/p> <p>&nbsp;<\/p> <p><b><span style=\"text-decoration: underline\">Odborn\u00fd garant kl\u00ed\u010dov\u00e9 aktivity Vzd\u011bl\u00e1vac\u00ed program pro u\u010ditele v\u00fdchovn\u00e9 poradce<\/span><\/b><\/p> <p>PhDr. Lidmila Valentov\u00e1, CSc.<\/p> <p>Email: lidmila.valentova@pedf.cuni.cz<\/p> <p>&nbsp;<\/p> <p><b><span style=\"text-decoration: underline\">Odborn\u00fd garant kl\u00ed\u010dov\u00e9 aktivity Vytvo\u0159en\u00ed distan\u010dn\u00edch modul\u016f a studijn\u00edch opor<\/span><\/b><\/p> <p>PhDr. Kl\u00e1ra \u0160pa\u010dkov\u00e1, PhD.<\/p> <p>Email: <a href=\"mailto:Hanavan@seznam.cz\">klara@palestra.cz<\/a><\/p> <p>&nbsp;<\/p> <p><b><span style=\"text-decoration: underline\">Odborn\u00fd garant kl\u00ed\u010dov\u00e9 aktivity Vyhodnocen\u00ed dopad\u016f vzd\u011bl\u00e1v\u00e1n\u00ed v\u00a0pedagogick\u00e9 praxi<\/span><\/b><\/p> <p>PhDr. Veronika Pavlas Martanov\u00e1, PhD.<\/p> <p>Email: <a href=\"mailto:veronika.pavlas.martanova@gmail.com\"><span style=\"text-decoration: underline\">veronika.pavlas.martanova@gmail.com<\/span><\/a><\/p> <p>&nbsp;<\/p> <p><b><span style=\"text-decoration: underline\">Metodik<\/span><\/b><\/p> <p>PhDr. Hana Valentov\u00e1<\/p> <p>Email: <a href=\"mailto:hana.valentova@pedf.cuni.cz\">hana.valentova@pedf.cuni.cz<\/a><\/p> <p>&nbsp;<\/p> ","protected":false},"excerpt":{"rendered":"<p>Hlavn\u00ed mana\u017eer Mgr. Tom\u00e1\u0161 \u0158epa Email: repa.tomas@seznam.cz &nbsp; Finan\u010dn\u00ed mana\u017eer PhDr. Pavla Ko\u0161\u0165\u00e1lov\u00e1, PhD. Email: pavla.kostalova@pedf.cuni.cz &nbsp; Odborn\u00fd garant kl\u00ed\u010dov\u00e9 aktivity Vzd\u011bl\u00e1vac\u00ed program pro u\u010ditele v\u00fdchovn\u00e9 poradce PhDr. Lidmila Valentov\u00e1, CSc. Email: lidmila.valentova@pedf.cuni.cz &nbsp; Odborn\u00fd garant kl\u00ed\u010dov\u00e9 aktivity Vytvo\u0159en\u00ed distan\u010dn\u00edch modul\u016f a studijn\u00edch opor PhDr. Kl\u00e1ra \u0160pa\u010dkov\u00e1, PhD. Email: klara@palestra.cz &nbsp; Odborn\u00fd garant kl\u00ed\u010dov\u00e9 aktivity [&hellip;]<\/p>\n","protected":false},"author":266,"featured_media":0,"parent":0,"menu_order":2,"comment_status":"closed","ping_status":"closed","template":"","meta":{"footnotes":""},"class_list":["post-13","page","type-page","status-publish","hentry"],"_links":{"self":[{"href":"https:\/\/pages.pedf.cuni.cz\/vp\/wp-json\/wp\/v2\/pages\/13","targetHints":{"allow":["GET"]}}],"collection":[{"href":"https:\/\/pages.pedf.cuni.cz\/vp\/wp-json\/wp\/v2\/pages"}],"about":[{"href":"https:\/\/pages.pedf.cuni.cz\/vp\/wp-json\/wp\/v2\/types\/page"}],"author":[{"embeddable":true,"href":"https:\/\/pages.pedf.cuni.cz\/vp\/wp-json\/wp\/v2\/users\/266"}],"replies":[{"embeddable":true,"href":"https:\/\/pages.pedf.cuni.cz\/vp\/wp-json\/wp\/v2\/comments?post=13"}],"version-history":[{"count":0,"href":"https:\/\/pages.pedf.cuni.cz\/vp\/wp-json\/wp\/v2\/pages\/13\/revisions"}],"wp:attachment":[{"href":"https:\/\/pages.pedf.cuni.cz\/vp\/wp-json\/wp\/v2\/media?parent=13"}],"curies":[{"name":"wp","href":"https:\/\/api.w.org\/{rel}","templated":true}]}}