{"id":14,"date":"2013-05-22T12:52:58","date_gmt":"2013-05-22T10:52:58","guid":{"rendered":"http:\/\/userweb.pedf.cuni.cz\/wp\/vp\/?page_id=14"},"modified":"2014-02-27T11:56:48","modified_gmt":"2014-02-27T10:56:48","slug":"lektorsky-tym","status":"publish","type":"page","link":"https:\/\/pages.pedf.cuni.cz\/vp\/lektorsky-tym\/","title":{"rendered":"Lektorsk\u00fd t\u00fdm"},"content":{"rendered":"<p><a href=\"phdr-lidmila-valentova-csc\"><strong>PhDr. Lidmila Valentov\u00e1, CSc.<\/strong><\/a><\/p> <p><a href=\"phdr-josef-duplinsky-csc\/\"><b>PhDr. Josef Duplinsk\u00fd, CSc.<\/b><\/a><\/p> <p><a href=\"phdr-zuzana-hadj-moussova\/\"><b>PhDr. Zuzana Hadj-Moussov\u00e1<\/b><\/a><\/p> <p><a href=\"doc-phdr-lenka-hribkova-csc\/ \"><b>Doc. PhDr. Lenka H\u0159\u00edbkov\u00e1, CSc. <\/b><\/a><\/p> <p><a href=\"mgr-eva-chalupova-phd\/\"><b>Mgr. Eva Chalupov\u00e1, Ph.D. <\/b><\/a><\/p> <p><a href=\"phdr-paeddr-anna-kucharska-phd\/\"><b>PhDr. PaedDr. Anna Kucharsk\u00e1, Ph.D.<\/b><\/a><\/p> <p><a href=\"phdr-veronika-pavlas-martanova\/\"><b>PhDr. Veronika Pavlas Martanov\u00e1, Ph.D.<\/b><\/a><\/p> <p><a href=\"doc-phdr-isabe\u2026-pavelkova-csc\/\"><b>Doc. PhDr. Isabella Pavelkov\u00e1, CSc.<\/b><\/a><\/p> <p><a href=\"phdr-jana-prochazkova\"><b>PhDr. Jana Proch\u00e1zkov\u00e1<\/b><\/a><\/p> <p><a href=\"phdr-irena-smetackova-phd\/\"><b>PhDr. Irena Smet\u00e1\u010dkov\u00e1, Ph.D.<\/b><\/a><\/p> <p><a href=\"mgr-klara-spackova-phd\/\"><b>Mgr. Kl\u00e1ra \u0160pa\u010dkov\u00e1, Ph.D.<\/b><\/a><\/p> <p><a href=\"mgr-veronika-vitoskova\/\"><b>Mgr. Veronika Vito\u0161kov\u00e1 <\/b><\/a><\/p> <p><b>PhDr. Mgr. Hana Valentov\u00e1<\/b><\/p> <p><strong>PhDr. Ida Viktorov\u00e1, Ph.D.<\/strong><\/p> <p><strong>PhDr. Dana Bittnerov\u00e1, CSc.<\/strong><\/p> <p><strong>PhDr. Pavla Presslerov\u00e1, Ph.D.<\/strong><\/p> <p>&nbsp;<\/p> ","protected":false},"excerpt":{"rendered":"<p>PhDr. Lidmila Valentov\u00e1, CSc. PhDr. Josef Duplinsk\u00fd, CSc. PhDr. Zuzana Hadj-Moussov\u00e1 Doc. PhDr. Lenka H\u0159\u00edbkov\u00e1, CSc. Mgr. Eva Chalupov\u00e1, Ph.D. PhDr. PaedDr. Anna Kucharsk\u00e1, Ph.D. PhDr. Veronika Pavlas Martanov\u00e1, Ph.D. Doc. PhDr. Isabella Pavelkov\u00e1, CSc. PhDr. Jana Proch\u00e1zkov\u00e1 PhDr. Irena Smet\u00e1\u010dkov\u00e1, Ph.D. Mgr. Kl\u00e1ra \u0160pa\u010dkov\u00e1, Ph.D. Mgr. Veronika Vito\u0161kov\u00e1 PhDr. Mgr. Hana Valentov\u00e1 PhDr. Ida [&hellip;]<\/p>\n","protected":false},"author":266,"featured_media":0,"parent":0,"menu_order":3,"comment_status":"closed","ping_status":"closed","template":"","meta":{"footnotes":""},"class_list":["post-14","page","type-page","status-publish","hentry"],"_links":{"self":[{"href":"https:\/\/pages.pedf.cuni.cz\/vp\/wp-json\/wp\/v2\/pages\/14","targetHints":{"allow":["GET"]}}],"collection":[{"href":"https:\/\/pages.pedf.cuni.cz\/vp\/wp-json\/wp\/v2\/pages"}],"about":[{"href":"https:\/\/pages.pedf.cuni.cz\/vp\/wp-json\/wp\/v2\/types\/page"}],"author":[{"embeddable":true,"href":"https:\/\/pages.pedf.cuni.cz\/vp\/wp-json\/wp\/v2\/users\/266"}],"replies":[{"embeddable":true,"href":"https:\/\/pages.pedf.cuni.cz\/vp\/wp-json\/wp\/v2\/comments?post=14"}],"version-history":[{"count":0,"href":"https:\/\/pages.pedf.cuni.cz\/vp\/wp-json\/wp\/v2\/pages\/14\/revisions"}],"wp:attachment":[{"href":"https:\/\/pages.pedf.cuni.cz\/vp\/wp-json\/wp\/v2\/media?parent=14"}],"curies":[{"name":"wp","href":"https:\/\/api.w.org\/{rel}","templated":true}]}}