{"id":15,"date":"2013-05-22T12:53:09","date_gmt":"2013-05-22T10:53:09","guid":{"rendered":"http:\/\/userweb.pedf.cuni.cz\/wp\/vp\/?page_id=15"},"modified":"2015-01-20T14:59:55","modified_gmt":"2015-01-20T13:59:55","slug":"vyukove-materialy","status":"publish","type":"page","link":"https:\/\/pages.pedf.cuni.cz\/vp\/vyukove-materialy\/","title":{"rendered":"V\u00fdukov\u00e9 materi\u00e1ly"},"content":{"rendered":"<ul class=\"list-pages-shortcode child-pages\"><li class=\"page_item page-item-582\"><a href=\"https:\/\/pages.pedf.cuni.cz\/vp\/vyukove-materialy\/zaverecna-prace\/\">Z\u00e1v\u011bre\u010dn\u00e1 pr\u00e1ce<\/a><\/li>\n<li class=\"page_item page-item-42\"><a href=\"https:\/\/pages.pedf.cuni.cz\/vp\/vyukove-materialy\/predmety\/\">P\u0159edm\u011bty &#8211; materi\u00e1ly pou\u017eit\u00e9 ve v\u00fduce<\/a><\/li>\n<li class=\"page_item page-item-44\"><a href=\"https:\/\/pages.pedf.cuni.cz\/vp\/vyukove-materialy\/studijni-opory\/\">Studijn\u00ed opory<\/a><\/li>\n<li class=\"page_item page-item-46 page_item_has_children\"><a href=\"https:\/\/pages.pedf.cuni.cz\/vp\/vyukove-materialy\/jine\/\">powerpointov\u00e9 prezentace<\/a><\/li>\n<\/ul> <p><a href=\"https:\/\/pages.pedf.cuni.cz\/vp\/files\/2013\/05\/Sbornik_dobre_praxe.pdf\">Sborn\u00edk dobr\u00e9 praxe<\/a><\/p> <p><a href=\"https:\/\/pages.pedf.cuni.cz\/vp\/files\/2013\/05\/Sbornik_dobre_praxe_Prilohy.pdf\">Sborn\u00edk dobr\u00e9 praxe &#8211; p\u0159\u00edlohov\u00e1 \u010d\u00e1st<\/a><\/p> ","protected":false},"excerpt":{"rendered":"<p>Sborn\u00edk dobr\u00e9 praxe Sborn\u00edk dobr\u00e9 praxe &#8211; p\u0159\u00edlohov\u00e1 \u010d\u00e1st<\/p>\n","protected":false},"author":266,"featured_media":0,"parent":0,"menu_order":4,"comment_status":"closed","ping_status":"closed","template":"","meta":{"footnotes":""},"class_list":["post-15","page","type-page","status-publish","hentry"],"_links":{"self":[{"href":"https:\/\/pages.pedf.cuni.cz\/vp\/wp-json\/wp\/v2\/pages\/15","targetHints":{"allow":["GET"]}}],"collection":[{"href":"https:\/\/pages.pedf.cuni.cz\/vp\/wp-json\/wp\/v2\/pages"}],"about":[{"href":"https:\/\/pages.pedf.cuni.cz\/vp\/wp-json\/wp\/v2\/types\/page"}],"author":[{"embeddable":true,"href":"https:\/\/pages.pedf.cuni.cz\/vp\/wp-json\/wp\/v2\/users\/266"}],"replies":[{"embeddable":true,"href":"https:\/\/pages.pedf.cuni.cz\/vp\/wp-json\/wp\/v2\/comments?post=15"}],"version-history":[{"count":0,"href":"https:\/\/pages.pedf.cuni.cz\/vp\/wp-json\/wp\/v2\/pages\/15\/revisions"}],"wp:attachment":[{"href":"https:\/\/pages.pedf.cuni.cz\/vp\/wp-json\/wp\/v2\/media?parent=15"}],"curies":[{"name":"wp","href":"https:\/\/api.w.org\/{rel}","templated":true}]}}