{"id":20,"date":"2013-05-22T12:54:00","date_gmt":"2013-05-22T10:54:00","guid":{"rendered":"http:\/\/userweb.pedf.cuni.cz\/wp\/vp\/?page_id=20"},"modified":"2014-06-29T14:01:44","modified_gmt":"2014-06-29T12:01:44","slug":"sylaby-predmetu","status":"publish","type":"page","link":"https:\/\/pages.pedf.cuni.cz\/vp\/sylaby-predmetu\/","title":{"rendered":"Sylaby p\u0159edm\u011bt\u016f"},"content":{"rendered":"<ul> <li><strong><a href=\"https:\/\/pages.pedf.cuni.cz\/vp\/files\/2013\/05\/Sylabus_kari\u00e9rov\u00e9_poradenstv\u00ed_Chalupov\u00e1.docx\">Kari\u00e9rov\u00e9 poradenstv\u00ed<\/a><\/strong><\/li> <li><a title=\"Veden\u00ed rozhovoru\" href=\"https:\/\/pages.pedf.cuni.cz\/vp\/sylaby-predmetu\/vedeni-rozhovoru\/\"><strong>Veden\u00ed rozhovoru<\/strong><\/a><\/li> <li><a title=\"Poradenstv\u00ed a \u0161koln\u00ed poradensk\u00e9 slu\u017eby\" href=\"https:\/\/pages.pedf.cuni.cz\/vp\/sylaby-predmetu\/poradenstvi-a-skolni-poradenske-sluzby\/\"><strong>Poradenstv\u00ed a \u0161koln\u00ed poradensk\u00e9 slu\u017eby<\/strong><\/a><\/li> <li><a title=\"Motivace \u017e\u00e1k\u016f a jej\u00ed probl\u00e9my\" href=\"https:\/\/pages.pedf.cuni.cz\/vp\/sylaby-predmetu\/motivace-ve-skole\/\"><strong>Motivace \u017e\u00e1k\u016f a jej\u00ed probl\u00e9my<\/strong><\/a><\/li> <li><a title=\"V\u00fdcvikov\u00fd program soci\u00e1ln\u00edch dovednost\u00ed\" href=\"https:\/\/pages.pedf.cuni.cz\/vp\/sylaby-predmetu\/vycvikovy-program-socialnich-dovednosti\/\"><strong>V\u00fdcvikov\u00fd program soci\u00e1ln\u00edch dovednost\u00ed<\/strong><\/a><\/li> <li><a title=\"Repetitorium v\u00fdvojov\u00e9 psychologie a variability v\u00fdvoje\" href=\"https:\/\/pages.pedf.cuni.cz\/vp\/sylaby-predmetu\/repetitorium-vyvojove-psychologie-a-variability-vyvoje\/\"><strong>Repetitorium v\u00fdvojov\u00e9 psychologie a variability v\u00fdvoje<\/strong><\/a><\/li> <li><a href=\"staz-ppp-manual\/\"><strong>St\u00e1\u017e PPP manu\u00e1l<\/strong><\/a><\/li> <li><a href=\"vzdelavani-zaku-se-zp\/\"><strong>Vzd\u011bl\u00e1v\u00e1n\u00ed \u017e\u00e1k\u016f s ZP<\/strong><\/a><\/li> <li><strong><a href=\"skolni-trida-diag-inter-prev\/\">\u0160koln\u00ed t\u0159\u00edda diag inter prev<\/a><\/strong><\/li> <li><strong><a href=\"\/spu\/\">SPU<\/a><\/strong><\/li> <li><strong><a href=\"identifikace-nadanych-deti\/\">Identifikace nadan\u00fdch d\u011bt\u00ed<\/a><\/strong><\/li> <\/ul> ","protected":false},"excerpt":{"rendered":"<p>Kari\u00e9rov\u00e9 poradenstv\u00ed Veden\u00ed rozhovoru Poradenstv\u00ed a \u0161koln\u00ed poradensk\u00e9 slu\u017eby Motivace \u017e\u00e1k\u016f a jej\u00ed probl\u00e9my V\u00fdcvikov\u00fd program soci\u00e1ln\u00edch dovednost\u00ed Repetitorium v\u00fdvojov\u00e9 psychologie a variability v\u00fdvoje St\u00e1\u017e PPP manu\u00e1l Vzd\u011bl\u00e1v\u00e1n\u00ed \u017e\u00e1k\u016f s ZP \u0160koln\u00ed t\u0159\u00edda diag inter prev SPU Identifikace nadan\u00fdch d\u011bt\u00ed<\/p>\n","protected":false},"author":266,"featured_media":0,"parent":0,"menu_order":8,"comment_status":"closed","ping_status":"closed","template":"","meta":{"footnotes":""},"class_list":["post-20","page","type-page","status-publish","hentry"],"_links":{"self":[{"href":"https:\/\/pages.pedf.cuni.cz\/vp\/wp-json\/wp\/v2\/pages\/20","targetHints":{"allow":["GET"]}}],"collection":[{"href":"https:\/\/pages.pedf.cuni.cz\/vp\/wp-json\/wp\/v2\/pages"}],"about":[{"href":"https:\/\/pages.pedf.cuni.cz\/vp\/wp-json\/wp\/v2\/types\/page"}],"author":[{"embeddable":true,"href":"https:\/\/pages.pedf.cuni.cz\/vp\/wp-json\/wp\/v2\/users\/266"}],"replies":[{"embeddable":true,"href":"https:\/\/pages.pedf.cuni.cz\/vp\/wp-json\/wp\/v2\/comments?post=20"}],"version-history":[{"count":0,"href":"https:\/\/pages.pedf.cuni.cz\/vp\/wp-json\/wp\/v2\/pages\/20\/revisions"}],"wp:attachment":[{"href":"https:\/\/pages.pedf.cuni.cz\/vp\/wp-json\/wp\/v2\/media?parent=20"}],"curies":[{"name":"wp","href":"https:\/\/api.w.org\/{rel}","templated":true}]}}