{"id":42,"date":"2013-05-22T12:58:56","date_gmt":"2013-05-22T10:58:56","guid":{"rendered":"http:\/\/userweb.pedf.cuni.cz\/wp\/vp\/?page_id=42"},"modified":"2014-04-08T01:00:06","modified_gmt":"2014-04-07T23:00:06","slug":"predmety","status":"publish","type":"page","link":"https:\/\/pages.pedf.cuni.cz\/vp\/vyukove-materialy\/predmety\/","title":{"rendered":"P\u0159edm\u011bty &#8211; materi\u00e1ly pou\u017eit\u00e9 ve v\u00fduce"},"content":{"rendered":"<p><a href=\"https:\/\/pages.pedf.cuni.cz\/vp\/files\/2013\/05\/Etick\u00fd-kodex-VP.docx\">Etick\u00fd kodex VP<\/a><\/p> <p><a href=\"https:\/\/pages.pedf.cuni.cz\/vp\/files\/2013\/05\/Odborn\u00e9-zpr\u00e1vy-z-PPP.docx\">Odborn\u00e9 zpr\u00e1vy z PPP<\/a><\/p> ","protected":false},"excerpt":{"rendered":"<p>Etick\u00fd kodex VP Odborn\u00e9 zpr\u00e1vy z PPP<\/p>\n","protected":false},"author":266,"featured_media":0,"parent":15,"menu_order":1,"comment_status":"closed","ping_status":"closed","template":"","meta":{"footnotes":""},"class_list":["post-42","page","type-page","status-publish","hentry"],"_links":{"self":[{"href":"https:\/\/pages.pedf.cuni.cz\/vp\/wp-json\/wp\/v2\/pages\/42","targetHints":{"allow":["GET"]}}],"collection":[{"href":"https:\/\/pages.pedf.cuni.cz\/vp\/wp-json\/wp\/v2\/pages"}],"about":[{"href":"https:\/\/pages.pedf.cuni.cz\/vp\/wp-json\/wp\/v2\/types\/page"}],"author":[{"embeddable":true,"href":"https:\/\/pages.pedf.cuni.cz\/vp\/wp-json\/wp\/v2\/users\/266"}],"replies":[{"embeddable":true,"href":"https:\/\/pages.pedf.cuni.cz\/vp\/wp-json\/wp\/v2\/comments?post=42"}],"version-history":[{"count":0,"href":"https:\/\/pages.pedf.cuni.cz\/vp\/wp-json\/wp\/v2\/pages\/42\/revisions"}],"up":[{"embeddable":true,"href":"https:\/\/pages.pedf.cuni.cz\/vp\/wp-json\/wp\/v2\/pages\/15"}],"wp:attachment":[{"href":"https:\/\/pages.pedf.cuni.cz\/vp\/wp-json\/wp\/v2\/media?parent=42"}],"curies":[{"name":"wp","href":"https:\/\/api.w.org\/{rel}","templated":true}]}}