{"id":582,"date":"2014-06-29T13:20:58","date_gmt":"2014-06-29T11:20:58","guid":{"rendered":"http:\/\/userweb.pedf.cuni.cz\/wp\/vp\/?page_id=582"},"modified":"2014-08-03T18:08:51","modified_gmt":"2014-08-03T16:08:51","slug":"zaverecna-prace","status":"publish","type":"page","link":"https:\/\/pages.pedf.cuni.cz\/vp\/vyukove-materialy\/zaverecna-prace\/","title":{"rendered":"Z\u00e1v\u011bre\u010dn\u00e1 pr\u00e1ce"},"content":{"rendered":"<p>Zde naleznete soubory (stejn\u00e9 jsou um\u00edst\u011bny v Moodle), kter\u00e9 se t\u00fdkaj\u00ed struktury, obsahu a form\u00e1ln\u00edch n\u00e1le\u017eitost\u00ed ZP.<\/p> <p><a href=\"https:\/\/pages.pedf.cuni.cz\/vp\/files\/2014\/06\/ZP-p\u0159\u00edpadov\u00e1-studie-n\u00e1le\u017eitosti-fin-.docx\">ZP -p\u0159\u00edpadov\u00e1 studie &#8211; n\u00e1le\u017eitosti fin<\/a><\/p> <p><a href=\"https:\/\/pages.pedf.cuni.cz\/vp\/files\/2014\/06\/rozpis-student\u016f-a-tutor\u016f-z\u00e1v\u011bre\u010dn\u00fdch-prac\u00ed.xlsx\">ZP -rozpis student\u016f a tutor\u016f<\/a><\/p> ","protected":false},"excerpt":{"rendered":"<p>Zde naleznete soubory (stejn\u00e9 jsou um\u00edst\u011bny v Moodle), kter\u00e9 se t\u00fdkaj\u00ed struktury, obsahu a form\u00e1ln\u00edch n\u00e1le\u017eitost\u00ed ZP. ZP -p\u0159\u00edpadov\u00e1 studie &#8211; n\u00e1le\u017eitosti fin ZP -rozpis student\u016f a tutor\u016f<\/p>\n","protected":false},"author":294,"featured_media":0,"parent":15,"menu_order":0,"comment_status":"closed","ping_status":"open","template":"","meta":{"footnotes":""},"class_list":["post-582","page","type-page","status-publish","hentry"],"_links":{"self":[{"href":"https:\/\/pages.pedf.cuni.cz\/vp\/wp-json\/wp\/v2\/pages\/582","targetHints":{"allow":["GET"]}}],"collection":[{"href":"https:\/\/pages.pedf.cuni.cz\/vp\/wp-json\/wp\/v2\/pages"}],"about":[{"href":"https:\/\/pages.pedf.cuni.cz\/vp\/wp-json\/wp\/v2\/types\/page"}],"author":[{"embeddable":true,"href":"https:\/\/pages.pedf.cuni.cz\/vp\/wp-json\/wp\/v2\/users\/294"}],"replies":[{"embeddable":true,"href":"https:\/\/pages.pedf.cuni.cz\/vp\/wp-json\/wp\/v2\/comments?post=582"}],"version-history":[{"count":0,"href":"https:\/\/pages.pedf.cuni.cz\/vp\/wp-json\/wp\/v2\/pages\/582\/revisions"}],"up":[{"embeddable":true,"href":"https:\/\/pages.pedf.cuni.cz\/vp\/wp-json\/wp\/v2\/pages\/15"}],"wp:attachment":[{"href":"https:\/\/pages.pedf.cuni.cz\/vp\/wp-json\/wp\/v2\/media?parent=582"}],"curies":[{"name":"wp","href":"https:\/\/api.w.org\/{rel}","templated":true}]}}