{"id":247,"date":"2019-04-05T17:55:32","date_gmt":"2019-04-05T15:55:32","guid":{"rendered":"http:\/\/pages.pedf.cuni.cz\/vytvarnavychova\/?page_id=247"},"modified":"2019-04-08T14:53:15","modified_gmt":"2019-04-08T12:53:15","slug":"edukacni-materialy","status":"publish","type":"page","link":"https:\/\/pages.pedf.cuni.cz\/vytvarnavychova\/edukacni-materialy\/","title":{"rendered":"Eduka\u010dn\u00ed materi\u00e1ly"},"content":{"rendered":"<div class=\"t pg-1m0 pg-1x2 pg-1h3 pg-1y2 pg-1ff2 pg-1fs0 pg-1fc0 pg-1sc0 pg-1ls0 pg-1ws0\"><a href=\"https:\/\/pages.pedf.cuni.cz\/vytvarnavychova\/files\/2019\/04\/Metodika_2_Z\u0160.pdf\">Metodika realizace vzd\u011bl\u00e1vac\u00edho galerijn\u00edho\/muzejn\u00edho programu (pro z\u00e1kladn\u00ed vzd\u011bl\u00e1v\u00e1n\u00ed) certifikovan\u00e1 MK \u010cR<\/a><\/div>\n<div><\/div>\n<div><\/div>\n<div><\/div>\n<div><\/div>\n<div><\/div>\n<div>\n<div class=\"t pg-1m0 pg-1x2 pg-1h3 pg-1y2 pg-1ff2 pg-1fs0 pg-1fc0 pg-1sc0 pg-1ls0 pg-1ws0\"><a href=\"https:\/\/pages.pedf.cuni.cz\/vytvarnavychova\/files\/2019\/04\/Metodika_1_M\u0160.pdf\">Metodika realizace vzd\u011bl\u00e1vac\u00edho galerijn\u00edho\/muzejn\u00edho programu (pro p\u0159ed\u0161koln\u00ed vzd\u011bl\u00e1v\u00e1n\u00ed) certifikovan\u00e1 MK \u010cR<\/a><\/div>\n<\/div>\n<div><\/div>\n<div><\/div>\n<div><\/div>\n<div><\/div>\n<div><\/div>\n<div><a href=\"https:\/\/pages.pedf.cuni.cz\/vytvarnavychova\/files\/2019\/04\/Metodika_3_Gymn.pdf\">Metodika realizace vzd\u011bl\u00e1vac\u00edho galerijn\u00edho\/muzejn\u00edho programu (gymn\u00e1zia) certifikovan\u00e1 MK \u010cR<\/a><\/div>\n<div><\/div>\n<div><\/div>\n<div><\/div>\n<div><\/div>\n<div><\/div>\n<div><a href=\"https:\/\/pages.pedf.cuni.cz\/vytvarnavychova\/files\/2019\/04\/osvedceni-certifikace_metodik_GAMUEDU_2014.pdf\">Certifik\u00e1t metodik (mate\u0159sk\u00e9, z\u00e1kladn\u00ed, st\u0159edn\u00ed \u0161koly) od MK \u010cR<\/a><\/div>\n","protected":false},"excerpt":{"rendered":"<p>Metodika realizace vzd\u011bl\u00e1vac\u00edho galerijn\u00edho\/muzejn\u00edho programu (pro z\u00e1kladn\u00ed vzd\u011bl\u00e1v\u00e1n\u00ed) certifikovan\u00e1 MK \u010cR Metodika realizace vzd\u011bl\u00e1vac\u00edho galerijn\u00edho\/muzejn\u00edho programu (pro p\u0159ed\u0161koln\u00ed vzd\u011bl\u00e1v\u00e1n\u00ed) certifikovan\u00e1 MK \u010cR Metodika realizace vzd\u011bl\u00e1vac\u00edho galerijn\u00edho\/muzejn\u00edho programu (gymn\u00e1zia) certifikovan\u00e1 MK \u010cR Certifik\u00e1t metodik (mate\u0159sk\u00e9, z\u00e1kladn\u00ed, st\u0159edn\u00ed \u0161koly) od MK \u010cR<\/p>\n","protected":false},"author":438,"featured_media":0,"parent":0,"menu_order":0,"comment_status":"closed","ping_status":"closed","template":"page-disable-sidebar.php","meta":{"footnotes":""},"class_list":["post-247","page","type-page","status-publish","hentry"],"_links":{"self":[{"href":"https:\/\/pages.pedf.cuni.cz\/vytvarnavychova\/wp-json\/wp\/v2\/pages\/247","targetHints":{"allow":["GET"]}}],"collection":[{"href":"https:\/\/pages.pedf.cuni.cz\/vytvarnavychova\/wp-json\/wp\/v2\/pages"}],"about":[{"href":"https:\/\/pages.pedf.cuni.cz\/vytvarnavychova\/wp-json\/wp\/v2\/types\/page"}],"author":[{"embeddable":true,"href":"https:\/\/pages.pedf.cuni.cz\/vytvarnavychova\/wp-json\/wp\/v2\/users\/438"}],"replies":[{"embeddable":true,"href":"https:\/\/pages.pedf.cuni.cz\/vytvarnavychova\/wp-json\/wp\/v2\/comments?post=247"}],"version-history":[{"count":10,"href":"https:\/\/pages.pedf.cuni.cz\/vytvarnavychova\/wp-json\/wp\/v2\/pages\/247\/revisions"}],"predecessor-version":[{"id":265,"href":"https:\/\/pages.pedf.cuni.cz\/vytvarnavychova\/wp-json\/wp\/v2\/pages\/247\/revisions\/265"}],"wp:attachment":[{"href":"https:\/\/pages.pedf.cuni.cz\/vytvarnavychova\/wp-json\/wp\/v2\/media?parent=247"}],"curies":[{"name":"wp","href":"https:\/\/api.w.org\/{rel}","templated":true}]}}