{"id":2,"date":"2025-03-15T17:35:19","date_gmt":"2025-03-15T17:35:19","guid":{"rendered":"https:\/\/pages.pedf.cuni.cz\/zapisdostudia\/?page_id=2"},"modified":"2025-06-27T12:29:37","modified_gmt":"2025-06-27T12:29:37","slug":"sample-page","status":"publish","type":"page","link":"https:\/\/pages.pedf.cuni.cz\/zapisdostudia\/","title":{"rendered":"Postup p\u0159i z\u00e1pisu do studia na PedF"},"content":{"rendered":"\n<p>T\u0159i kroky k tomu, jak se st\u00e1t studentem Pedagogick\u00e9 fakulty Univerzity Karlovy<\/p>\n\n\n\n<p>Term\u00edny z\u00e1pisu <a href=\"https:\/\/pedf.cuni.cz\/PEDF-223.html\" target=\"_blank\" rel=\"noreferrer noopener\">naleznete zde<\/a>.<\/p>\n\n\n\n<div class=\"wp-block-buttons is-layout-flex wp-block-buttons-is-layout-flex\">\n<div class=\"wp-block-button\"><a class=\"wp-block-button__link has-medium-pink-background-color has-background wp-element-button\" href=\"https:\/\/pages.pedf.cuni.cz\/zapisdostudia\/jsem-prijat\/\">jsem p\u0159ijat ?<\/a><\/div>\n<\/div>\n\n\n\n<p><\/p>\n\n\n\n<div class=\"wp-block-buttons is-layout-flex wp-block-buttons-is-layout-flex\">\n<div class=\"wp-block-button\"><a class=\"wp-block-button__link has-dark-brown-color has-yellow-background-color has-text-color has-background has-link-color wp-element-button\" href=\"https:\/\/pages.pedf.cuni.cz\/zapisdostudia\/doklad-vzdelani\/\">doklad vzd\u011bl\u00e1n\u00ed<\/a><\/div>\n<\/div>\n\n\n\n<p><\/p>\n\n\n\n<div class=\"wp-block-buttons is-layout-flex wp-block-buttons-is-layout-flex\">\n<div class=\"wp-block-button\"><a class=\"wp-block-button__link has-bright-blue-background-color has-background wp-element-button\" href=\"https:\/\/pages.pedf.cuni.cz\/zapisdostudia\/zapis\/\">z\u00e1pis do studia<\/a><\/div>\n<\/div>\n\n\n\n<p><\/p>\n\n\n\n<p>Jak z\u00edsk\u00e1m <a href=\"https:\/\/pages.pedf.cuni.cz\/zapisdostudia\/vstup-do-sis\/\" data-type=\"link\" data-id=\"https:\/\/pages.pedf.cuni.cz\/zapisdostudia\/vstup-do-sis\/\">p\u0159\u00edstup do SIS<\/a> pod rol\u00ed student?<\/p>\n\n\n\n<p><strong>Podm\u00ednky k tomu, abych se mohl zapsat a nastoupit ke studiu na PedF<\/strong>:<br><strong>A)<\/strong> B\u00fdt p\u0159ijat ke studiu<br><strong>B)<\/strong> Dolo\u017eit vzd\u011bl\u00e1n\u00ed (st\u0159edo\u0161kolsk\u00e9 nebo vysoko\u0161kolsk\u00e9 &#8211; dle druhu studia)*<br><strong>C)<\/strong> Podat \u017e\u00e1dost o distan\u010dn\u00ed z\u00e1pis<br><strong>D)<\/strong> Odevzdat Z\u00e1pisov\u00fd list<\/p>\n\n\n\n<p>V\u0161e v r\u00e1mci Va\u0161\u00ed elektronick\u00e9 p\u0159ihl\u00e1\u0161ky.<\/p>\n\n\n\n<p>* U V\u0160 vzd\u011bl\u00e1n\u00ed diplom nebo potvrzen\u00ed o absolvov\u00e1n\u00ed<\/p>\n","protected":false},"excerpt":{"rendered":"<p>T\u0159i kroky k tomu, jak se st\u00e1t studentem Pedagogick\u00e9 fakulty Univerzity Karlovy Term\u00edny z\u00e1pisu naleznete zde. Jak z\u00edsk\u00e1m p\u0159\u00edstup do SIS pod rol\u00ed student? Podm\u00ednky k tomu, abych se mohl zapsat a nastoupit ke studiu na PedF:A) B\u00fdt p\u0159ijat ke studiuB) Dolo\u017eit vzd\u011bl\u00e1n\u00ed (st\u0159edo\u0161kolsk\u00e9 nebo vysoko\u0161kolsk\u00e9 &#8211; dle druhu studia)*C) Podat \u017e\u00e1dost o distan\u010dn\u00ed z\u00e1pisD) &hellip; <a href=\"https:\/\/pages.pedf.cuni.cz\/zapisdostudia\/\" class=\"more-link\">Pokra\u010dov\u00e1n\u00ed textu <span class=\"screen-reader-text\">Postup p\u0159i z\u00e1pisu do studia na PedF<\/span><\/a><\/p>\n","protected":false},"author":920,"featured_media":0,"parent":0,"menu_order":0,"comment_status":"closed","ping_status":"open","template":"","meta":{"footnotes":""},"class_list":["post-2","page","type-page","status-publish","hentry"],"_links":{"self":[{"href":"https:\/\/pages.pedf.cuni.cz\/zapisdostudia\/wp-json\/wp\/v2\/pages\/2","targetHints":{"allow":["GET"]}}],"collection":[{"href":"https:\/\/pages.pedf.cuni.cz\/zapisdostudia\/wp-json\/wp\/v2\/pages"}],"about":[{"href":"https:\/\/pages.pedf.cuni.cz\/zapisdostudia\/wp-json\/wp\/v2\/types\/page"}],"author":[{"embeddable":true,"href":"https:\/\/pages.pedf.cuni.cz\/zapisdostudia\/wp-json\/wp\/v2\/users\/920"}],"replies":[{"embeddable":true,"href":"https:\/\/pages.pedf.cuni.cz\/zapisdostudia\/wp-json\/wp\/v2\/comments?post=2"}],"version-history":[{"count":12,"href":"https:\/\/pages.pedf.cuni.cz\/zapisdostudia\/wp-json\/wp\/v2\/pages\/2\/revisions"}],"predecessor-version":[{"id":226,"href":"https:\/\/pages.pedf.cuni.cz\/zapisdostudia\/wp-json\/wp\/v2\/pages\/2\/revisions\/226"}],"wp:attachment":[{"href":"https:\/\/pages.pedf.cuni.cz\/zapisdostudia\/wp-json\/wp\/v2\/media?parent=2"}],"curies":[{"name":"wp","href":"https:\/\/api.w.org\/{rel}","templated":true}]}}